{"id":41306,"date":"2023-01-24T01:14:53","date_gmt":"2023-01-24T01:14:53","guid":{"rendered":"https:\/\/www.sisinternational.com\/?page_id=41306"},"modified":"2026-01-25T17:19:12","modified_gmt":"2026-01-25T22:19:12","slug":"investigacion-de-mercado-de-turismo-medico","status":"publish","type":"page","link":"https:\/\/www.sisinternational.com\/es\/pericia\/investigacion-de-mercado-de-turismo-medico\/","title":{"rendered":"Investigaci\u00f3n de Mercado de Turismo M\u00e9dico"},"content":{"rendered":"<h1 class=\"wp-block-heading\">Investigaci\u00f3n de Mercado de Turismo M\u00e9dico<\/h1>\n\n\n\n<figure class=\"gb-block-image gb-block-image-402f75fb\"><img loading=\"lazy\" decoding=\"async\" width=\"1456\" height=\"816\" class=\"gb-image gb-image-402f75fb\" src=\"https:\/\/www.sisinternational.com\/wp-content\/uploads\/2025\/08\/Medical-dewvice-4.jpg\" alt=\"Investigaci\u00f3n y estrategia de mercado internacional de SIS\" title=\"Medical dewvice (4)\" srcset=\"https:\/\/www.sisinternational.com\/wp-content\/uploads\/2025\/08\/Medical-dewvice-4.jpg 1456w, https:\/\/www.sisinternational.com\/wp-content\/uploads\/2025\/08\/Medical-dewvice-4-300x168.jpg 300w, https:\/\/www.sisinternational.com\/wp-content\/uploads\/2025\/08\/Medical-dewvice-4-1024x574.jpg 1024w, https:\/\/www.sisinternational.com\/wp-content\/uploads\/2025\/08\/Medical-dewvice-4-768x430.jpg 768w, https:\/\/www.sisinternational.com\/wp-content\/uploads\/2025\/08\/Medical-dewvice-4-18x10.jpg 18w\" sizes=\"auto, (max-width: 1456px) 100vw, 1456px\"><\/figure>\n\n\n\n<p><\/p>\n\n\n\n<p>El turismo m\u00e9dico es una industria en crecimiento en todo el mundo debido al aumento de los costos de los tratamientos de salud en los pa\u00edses de origen, la globalizaci\u00f3n de la industria de la salud y el creciente acceso a trabajadores m\u00e9dicos calificados en todo el mundo. Los pa\u00edses de los mercados emergentes est\u00e1n dando prioridad a esta industria para atraer turistas m\u00e9dicos e impulsar las exportaciones de industrias de servicios avanzados, como los sectores sanitario, biotecnol\u00f3gico y farmac\u00e9utico.<\/p>\n\n\n\n<p>Turismo M\u00e9dico se define como el proceso de viajar fuera del pa\u00eds de residencia para recibir atenci\u00f3n m\u00e9dica. Aunque muchos identifican al turismo m\u00e9dico como personas que viajan desde pa\u00edses ricos a pa\u00edses en desarrollo para recibir atenci\u00f3n m\u00e9dica m\u00e1s barata, el proceso tambi\u00e9n se aplica a la situaci\u00f3n opuesta en la que personas de pa\u00edses menos desarrollados viajan a econom\u00edas ricas para realizar operaciones que no se realizan f\u00e1cilmente en sus pa\u00edses de origen. .<\/p>\n\n\n\n<p>SIS analiza todas las oportunidades potenciales que trae esta forma de trabajar y c\u00f3mo los clientes y proveedores potenciales pueden prosperar y mejorar los tratamientos.<\/p>\n\n\n\n<h2 class=\"wp-block-heading\">Acerca del mercado del turismo m\u00e9dico<\/h2>\n\n\n\n<p>El Turismo M\u00e9dico est\u00e1 presente en casi todos los pa\u00edses del mundo. Por ejemplo, los residentes estadounidenses viajan a M\u00e9xico, Canad\u00e1 o los pa\u00edses de Am\u00e9rica Central y del Sur para obtener atenci\u00f3n m\u00e9dica m\u00e1s barata, mientras que los europeos viajan fuera de la UE o entre pa\u00edses donde los precios son m\u00e1s bajos.<\/p>\n\n\n\n<p>Algunos de los destinos m\u00e1s populares son Cuba, Grecia, Tailandia, Corea y Serbia porque sus m\u00e9dicos y especialistas se encuentran entre los mejores del mundo.<\/p>\n\n\n\n<p>Las razones m\u00e1s comunes por las que las personas viajan a otro pa\u00eds para recibir atenci\u00f3n m\u00e9dica son:<\/p>\n\n\n\n<ol class=\"wp-block-list\">\n<li>Precio (muchas personas viajan a otros pa\u00edses porque no pueden pagar un seguro m\u00e9dico por su cuenta o porque los costos del procedimiento est\u00e1n muy por encima de su presupuesto, por lo que podemos concluir que este es el principal motivo del turismo m\u00e9dico)<\/li>\n\n\n\n<li>La legalidad del servicio (algunos servicios de salud como el aborto o la eutanasia est\u00e1n prohibidos por ley en algunos pa\u00edses, pero no en todos)<br>Diferencias culturales (muchos inmigrantes quieren ser tratados en su pa\u00eds de origen debido a sus creencias religiosas)<\/li>\n\n\n\n<li>Acceso a procedimientos experimentales.<\/li>\n\n\n\n<li>Acceso a una atenci\u00f3n de mayor calidad<\/li>\n<\/ol>\n\n\n\n<p>Entre los procedimientos que las personas deciden ir a otro pa\u00eds se encuentran (pero no se limitan a): tratamientos de fertilidad (por ejemplo, gestaci\u00f3n subrogada, FIV y tecnolog\u00edas de reproducci\u00f3n asistida), trasplantes de \u00f3rganos, cirug\u00eda pl\u00e1stica, atenci\u00f3n dental y tratamientos experimentales contra el c\u00e1ncer.<\/p>\n\n\n\n<p><a class=\"wpil_keyword_link\" href=\"https:\/\/www.sisinternational.com\/es\/soluciones\/soluciones-de-investigacion-cualitativa-cuantitativa\/investigacion-de-mercado-del-recorrido-del-cliente\/\"   title=\"Investigaci\u00f3n de mercado del recorrido del cliente\" data-wpil-keyword-link=\"linked\"  data-wpil-monitor-id=\"403\">Investigaci\u00f3n de mercado del recorrido del cliente<\/a> can uncover numerous sources of competitive advantage in the Medical Tourism sector. Customers face numerous benefits and risks in medical tourism and the stakes can be high. Before patients decide to have their procedure done in a foreign country, they often conduct comprehensive in-person and online research to pick the right facility, treatment and medical provider for his or her needs. As these decisions can be outside their domestic medical establishments, the online research that patients conduct is important in their decision making. Furthermore, people who opt for medical tourism often exhaust all available medical treatment options in their home country so they can be a vulnerable group requiring information about benefits and risks. <a href=\"https:\/\/www.sisinternational.com\/es\/pericia\/industrias\/investigacion-de-mercado-de-dispositivos-medicos\/\" title=\"Investigaci\u00f3n de mercado de dispositivos m\u00e9dicos\"  data-wpil-monitor-id=\"3163\">Market Research provides the insight for Medical<\/a> Tourism providers to better serve potential patients.<\/p>\n\n\n\n<p>Las complicaciones m\u00e1s comunes del turismo m\u00e9dico incluyen:<\/p>\n\n\n\n<ol class=\"wp-block-list\">\n<li>Enfermedades y riesgo de infecciones: desde complicaciones de procedimientos (heridas o infecciones derivadas de donantes) hasta enfermedades infecciosas si una persona viaja a pa\u00edses lejanos.<\/li>\n\n\n\n<li>Resistencia a los antibi\u00f3ticos: este es un riesgo relativamente raro, pero todo turista m\u00e9dico debe ser consciente de ello.<\/li>\n\n\n\n<li>Problemas con la comunicaci\u00f3n: solo los centros registrados pueden proporcionar al personal conocimientos avanzados del idioma ingl\u00e9s o del idioma nativo del paciente, lo cual es esencial para una atenci\u00f3n adecuada.<\/li>\n\n\n\n<li>Viajes a\u00e9reos: si los pacientes vuelan inmediatamente despu\u00e9s de la cirug\u00eda, corren un alto riesgo de sufrir co\u00e1gulos sangu\u00edneos u otros riesgos de viaje, por lo que es aconsejable esperar al menos entre 10 y 14 d\u00edas antes de regresar a casa.<\/li>\n<\/ol>\n\n\n\n<h2 class=\"wp-block-heading\">Comprender la industria del turismo m\u00e9dico<\/h2>\n\n\n\n<p>Medical tourism is a multi-billion-dollar industry that is spread worldwide and experts believe it will continue to grow at a rapid pace. Medical <a class=\"wpil_keyword_link\" href=\"https:\/\/www.sisinternational.com\/es\/investigacion-de-mercado-turistico-de-viajes\/\"   title=\"Investigaci\u00f3n de Mercado Tur\u00edstico\" data-wpil-keyword-link=\"linked\"  data-wpil-monitor-id=\"726\">tourism market research<\/a> can illuminate customer segments, treatment opportunities, customer journey challenges and other sources of advantage.<\/p>\n\n\n\n<p>Numerous stakeholders operate in the <a href=\"https:\/\/www.sisinternational.com\/es\/soluciones\/consultoria-de-hosteleria-y-turismo-en-viajes\/marketing-de-turismo-medico\/\" title=\"Marketing de Turismo M\u00e9dico\"  data-wpil-monitor-id=\"3924\">Medical Tourism market<\/a> and can influence decision making:<\/p>\n\n\n\n<ul class=\"wp-block-list\">\n<li>Pacientes<\/li>\n\n\n\n<li>Pacientes indirectos (por ejemplo, c\u00f3nyuges e hijos, m\u00e9dicos remitentes)<\/li>\n\n\n\n<li>medicos<\/li>\n\n\n\n<li>Facilitadores de Turismo M\u00e9dico y agencias de coordinaci\u00f3n log\u00edstica.<\/li>\n\n\n\n<li>Compa\u00f1\u00edas farmac\u00e9uticas<\/li>\n\n\n\n<li>Empresas de Biotecnolog\u00eda<\/li>\n\n\n\n<li>Cl\u00ednicas de Turismo M\u00e9dico<\/li>\n\n\n\n<li>Gobiernos que apoyan el turismo m\u00e9dico<\/li>\n\n\n\n<li>Asociaciones de Turismo M\u00e9dico<\/li>\n<\/ul>\n\n\n\n<p>Las agencias de turismo m\u00e9dico funcionan de manera muy similar a las agencias de viajes en el sentido de que reservan viajes con los pasaportes de los pacientes y les organizan la atenci\u00f3n m\u00e9dica.<\/p>\n\n\n\n<p>La principal diferencia entre estas agencias y las agencias de viajes cl\u00e1sicas es que sirven como mediadoras entre los turistas m\u00e9dicos y los centros sanitarios. Sus folletos, en lugar de ofertas de vacaciones, muestran las ofertas de los proveedores de atenci\u00f3n m\u00e9dica en relaci\u00f3n con los servicios de salud que ofrecen.<\/p>\n\n\n\n<p>La investigaci\u00f3n de mercado puede revelar informaci\u00f3n sobre las formas en que la industria del turismo m\u00e9dico puede hacer que el proceso sea m\u00e1s amigable para los pacientes e informar a las partes interesadas sobre los riesgos:<\/p>\n\n\n\n<ul class=\"wp-block-list\">\n<li>Consulta previa al viaje, que incluye examen del historial m\u00e9dico y recomendaci\u00f3n de centros de salud de todo el mundo especializados en el tratamiento de afecciones espec\u00edficas.<\/li>\n\n\n\n<li>Obtenci\u00f3n de un seguro de viaje para el pa\u00eds en el que se realizar\u00e1 el tr\u00e1mite solicitado.<\/li>\n\n\n\n<li>Organizaci\u00f3n de todo el viaje con alojamiento y visitas pre y postoperatorias.<\/li>\n\n\n\n<li>Traducir todos los registros m\u00e9dicos y archivos de apoyo necesarios y proporcionar una persona que hable el idioma local para ayudar a los turistas m\u00e9dicos a obtener la atenci\u00f3n adecuada.<\/li>\n\n\n\n<li>Calcule el presupuesto total para todo el viaje y presente al cliente la soluci\u00f3n m\u00e1s rentable<\/li>\n\n\n\n<li>Organizar cuidados posteriores en el caso de cirug\u00edas m\u00e1s graves que incluyan trasplantes y procedimientos de alto riesgo.<\/li>\n<\/ul>\n\n\n\n<h2 class=\"wp-block-heading\">Investigaci\u00f3n de precios del turismo m\u00e9dico<\/h2>\n\n\n\n<p>Medical <a href=\"https:\/\/www.sisinternational.com\/es\/soluciones\/consultoria-de-hosteleria-y-turismo-en-viajes\/estudio-de-mercado-turistico-irlandes\/\" title=\"Investigaci\u00f3n del mercado tur\u00edstico irland\u00e9s\"  data-wpil-monitor-id=\"3921\">Investigaci\u00f3n de Mercado Tur\u00edstico<\/a> may uncover a high demand and low sensitivity to pricing given how Medical Tourism can provide life improving benefits. At the same time, Medical Tourism research could uncover insights into price sensitivity. The cost of living in some countries can be much lower and that can impact patient decision making and choices of Medical Tourism destinations.<\/p>\n\n\n\n<p>Los pacientes tambi\u00e9n pueden ser sensibles a los costos ocultos percibidos, como tarifas de viaje, estad\u00edas en hoteles\/hostales, costos de alquiler de autom\u00f3viles, gastos de alimentos y bebidas, tarifas de visitas tur\u00edsticas y otras tarifas. A veces, el turista m\u00e9dico viaja con uno o m\u00e1s amigos o familiares, por lo que tambi\u00e9n es necesario comprender los costos de su viaje y estad\u00eda.<\/p>\n\n\n\n<h2 class=\"wp-block-heading\">\u00bfPor qu\u00e9 est\u00e1 creciendo el turismo m\u00e9dico?<\/h2>\n\n\n\n<p>Muchas empresas est\u00e1n interesadas en el turismo m\u00e9dico como forma de atraer inversiones, desarrollar industrias sanitarias locales y reducir los costes para los pacientes. Muchos pa\u00edses promueven el turismo m\u00e9dico para lograr objetivos de crecimiento y desarrollo nacionales y para promover las exportaciones.<\/p>\n\n\n\n<p>Muchas instituciones deciden cada vez m\u00e1s acreditar centros sanitarios especializados en turismo m\u00e9dico.<\/p>\n\n\n\n<p>Pueden existir numerosas oportunidades tales como:<\/p>\n\n\n\n<ul class=\"wp-block-list\">\n<li>Mejorando tratamientos<\/li>\n\n\n\n<li>Creaci\u00f3n de redes internacionales de instalaciones m\u00e9dicas para el turismo de salud.<\/li>\n\n\n\n<li>Impulsar la innovaci\u00f3n y la Investigaci\u00f3n y el Desarrollo (I+D)<\/li>\n\n\n\n<li>Mejorar la experiencia del paciente y el recorrido del cliente<\/li>\n\n\n\n<li>Simplificando el proceso<\/li>\n\n\n\n<li>Abordar los desaf\u00edos regulatorios<\/li>\n\n\n\n<li>Acelerar el tiempo de comercializaci\u00f3n (TTM)<\/li>\n\n\n\n<li>Comprender las barreras al consumo<\/li>\n\n\n\n<li>Comprender las fuentes de demanda<\/li>\n\n\n\n<li>Comprender las reacciones a los anuncios y materiales informativos.<\/li>\n\n\n\n<li>Construyendo conciencia<\/li>\n<\/ul>\n\n\n\n<h2 class=\"wp-block-heading\">Acerca de la investigaci\u00f3n de mercado del turismo m\u00e9dico<\/h2>\n\n\n\n<p>SIS International Research has nearly 40 years experience in conducting <a class=\"wpil_keyword_link\" href=\"https:\/\/www.sisinternational.com\/es\/como-realizar-una-investigacion-de-mercado-sanitario\/\"   title=\"C\u00f3mo realizar una investigaci\u00f3n de mercado sanitario\" data-wpil-keyword-link=\"linked\"  data-wpil-monitor-id=\"402\">investigaci\u00f3n de mercado sanitario<\/a>. We conduct Qualitative, Quantitative and Strategy Research. Key methods include surveys, Focus Groups, online communities, product testing, opinion research and advertising research. Contact us for your next <a href=\"https:\/\/www.sisinternational.com\/es\/pericia\/industrias\/tecnologia-medica-investigacion-de-mercado-de-tecnologia-medica\/\" title=\"Investigaci\u00f3n de mercado de tecnolog\u00eda m\u00e9dica (Med Tech)\"  data-wpil-monitor-id=\"4168\">Investigaci\u00f3n de Mercado de Turismo M\u00e9dico<\/a> proyecto.<\/p>","protected":false},"excerpt":{"rendered":"<p>SIS tiene casi 40 a\u00f1os de experiencia en la realizaci\u00f3n de investigaciones de mercado de turismo m\u00e9dico. Realizamos Investigaci\u00f3n Cualitativa, Cuantitativa y Estrat\u00e9gica.<\/p>","protected":false},"author":1,"featured_media":63847,"parent":14514,"menu_order":158,"comment_status":"closed","ping_status":"closed","template":"","meta":{"footnotes":""},"class_list":["post-41306","page","type-page","status-publish","has-post-thumbnail"],"_links":{"self":[{"href":"https:\/\/www.sisinternational.com\/es\/wp-json\/wp\/v2\/pages\/41306","targetHints":{"allow":["GET"]}}],"collection":[{"href":"https:\/\/www.sisinternational.com\/es\/wp-json\/wp\/v2\/pages"}],"about":[{"href":"https:\/\/www.sisinternational.com\/es\/wp-json\/wp\/v2\/types\/page"}],"author":[{"embeddable":true,"href":"https:\/\/www.sisinternational.com\/es\/wp-json\/wp\/v2\/users\/1"}],"replies":[{"embeddable":true,"href":"https:\/\/www.sisinternational.com\/es\/wp-json\/wp\/v2\/comments?post=41306"}],"version-history":[{"count":9,"href":"https:\/\/www.sisinternational.com\/es\/wp-json\/wp\/v2\/pages\/41306\/revisions"}],"predecessor-version":[{"id":78274,"href":"https:\/\/www.sisinternational.com\/es\/wp-json\/wp\/v2\/pages\/41306\/revisions\/78274"}],"up":[{"embeddable":true,"href":"https:\/\/www.sisinternational.com\/es\/wp-json\/wp\/v2\/pages\/14514"}],"wp:featuredmedia":[{"embeddable":true,"href":"https:\/\/www.sisinternational.com\/es\/wp-json\/wp\/v2\/media\/63847"}],"wp:attachment":[{"href":"https:\/\/www.sisinternational.com\/es\/wp-json\/wp\/v2\/media?parent=41306"}],"curies":[{"name":"wp","href":"https:\/\/api.w.org\/{rel}","templated":true}]}}