{"id":41304,"date":"2023-01-24T01:02:12","date_gmt":"2023-01-24T01:02:12","guid":{"rendered":"https:\/\/www.sisinternational.com\/?page_id=41304"},"modified":"2026-03-12T13:29:58","modified_gmt":"2026-03-12T17:29:58","slug":"estudio-de-mercado-del-cacao","status":"publish","type":"page","link":"https:\/\/www.sisinternational.com\/es\/soluciones\/investigacion-de-mercado-de-la-industria-de-alimentos-y-bebidas\/estudio-de-mercado-del-cacao\/","title":{"rendered":"Investigaci\u00f3n de mercado del cacao"},"content":{"rendered":"<h1 class=\"wp-block-heading\">Investigaci\u00f3n de mercado del cacao<\/h1>\n\n\n\n<figure class=\"gb-block-image gb-block-image-d899fae7\"><img loading=\"lazy\" decoding=\"async\" width=\"1456\" height=\"816\" class=\"gb-image gb-image-d899fae7\" src=\"https:\/\/www.sisinternational.com\/wp-content\/uploads\/2025\/08\/Cocoa-5.jpg\" alt=\"Investigaci\u00f3n y estrategia de mercado internacional de SIS\" title=\"Cocoa (5)\" srcset=\"https:\/\/www.sisinternational.com\/wp-content\/uploads\/2025\/08\/Cocoa-5.jpg 1456w, https:\/\/www.sisinternational.com\/wp-content\/uploads\/2025\/08\/Cocoa-5-300x168.jpg 300w, https:\/\/www.sisinternational.com\/wp-content\/uploads\/2025\/08\/Cocoa-5-1024x574.jpg 1024w, https:\/\/www.sisinternational.com\/wp-content\/uploads\/2025\/08\/Cocoa-5-768x430.jpg 768w, https:\/\/www.sisinternational.com\/wp-content\/uploads\/2025\/08\/Cocoa-5-18x10.jpg 18w\" sizes=\"auto, (max-width: 1456px) 100vw, 1456px\"><\/figure>\n\n\n\n<p><\/p>\n\n\n\n<h2 class=\"wp-block-heading\">\u00bfQu\u00e9 es la investigaci\u00f3n de mercado del cacao?<\/h2>\n\n\n\n<p>La Investigaci\u00f3n de Mercado del Cacao se refiere al an\u00e1lisis de las perspectivas comerciales de los subproductos del cacao. Se centra espec\u00edficamente en la penetraci\u00f3n en el mercado del cacao en polvo y el chocolate, dos productos extremadamente populares que se obtienen a partir de los granos de cacao.<\/p>\n\n\n\n<p>Los conocimientos clave del mercado, los desaf\u00edos en el proceso de producci\u00f3n y las fluctuaciones de los precios en el mercado de valores son aspectos esenciales de la investigaci\u00f3n sobre el mercado del cacao. Adem\u00e1s, la investigaci\u00f3n del mercado del cacao incluye tanto la diferenciaci\u00f3n regional como cualitativa, as\u00ed como el costo de producci\u00f3n para las familias de productos.<\/p>\n\n\n\n<h2 class=\"wp-block-heading\">\u00bfPor qu\u00e9 es importante la investigaci\u00f3n del mercado del cacao?<\/h2>\n\n\n\n<p>Cocoa and chocolate are among the most popular and well-known products around the world. The production process nevertheless requires multi-layered management because there are different steps of action before the final <a href=\"https:\/\/www.sisinternational.com\/es\/soluciones\/prueba-de-sabor\/pruebas-de-productos-de-consumo-en-nueva-york\/\" title=\"Pruebas de productos de consumo en Nueva York\"  data-wpil-monitor-id=\"8104\">products reach the consumers<\/a>. All executives and investors should be well aware of both the sources of profit and risks of the cocoa industry. There are opportunities to grab together with risks to consider. Factors like weather, socioeconomic conditions, human rights and a balanced share of profits are significant. The global appeal of cocoa products opens up numerous possibilities for business expansion and presents lucrative investment opportunities. On the other hand, cocoa market research reveals all new information related to the risk assessment of cocoa production.<\/p>\n\n\n\n<p>El cacao se encuentra en determinadas regiones de \u00c1frica, Am\u00e9rica Latina y el sur de Asia porque necesita calor y humedad para crecer. El agua es vital para la existencia de los \u00e1rboles del cacao. La crisis clim\u00e1tica impone peligros que considerar y desaf\u00edos que superar. Adem\u00e1s, existen cuestiones ambientales, como la deforestaci\u00f3n y la p\u00e9rdida de biodiversidad, as\u00ed como preocupaciones humanitarias por las malas condiciones de vida de los productores de cacao que podr\u00edan causar publicidad negativa y afectar las ventas y las ganancias.<\/p>\n\n\n\n<h2 class=\"wp-block-heading\">T\u00edtulos de trabajo clave en la industria<\/h2>\n\n\n\n<figure class=\"gb-block-image gb-block-image-bbcac272\"><img loading=\"lazy\" decoding=\"async\" width=\"1456\" height=\"816\" class=\"gb-image gb-image-bbcac272\" src=\"https:\/\/www.sisinternational.com\/wp-content\/uploads\/2025\/08\/Cocoa-2.jpg\" alt=\"Investigaci\u00f3n y estrategia de mercado internacional de SIS\" title=\"Cocoa (2)\" srcset=\"https:\/\/www.sisinternational.com\/wp-content\/uploads\/2025\/08\/Cocoa-2.jpg 1456w, https:\/\/www.sisinternational.com\/wp-content\/uploads\/2025\/08\/Cocoa-2-300x168.jpg 300w, https:\/\/www.sisinternational.com\/wp-content\/uploads\/2025\/08\/Cocoa-2-1024x574.jpg 1024w, https:\/\/www.sisinternational.com\/wp-content\/uploads\/2025\/08\/Cocoa-2-768x430.jpg 768w, https:\/\/www.sisinternational.com\/wp-content\/uploads\/2025\/08\/Cocoa-2-18x10.jpg 18w\" sizes=\"auto, (max-width: 1456px) 100vw, 1456px\"><\/figure>\n\n\n\n<p><\/p>\n\n\n\n<p>There are several relevant jobs in the <a href=\"https:\/\/www.sisinternational.com\/es\/pericia\/industrias\/investigacion-de-mercados-industriales\/\" title=\"Investigaci\u00f3n y estrategia de mercados industriales\"  data-wpil-monitor-id=\"8099\">industry of cocoa market<\/a>:<\/p>\n\n\n\n<ul class=\"wp-block-list\">\n<li><a href=\"https:\/\/www.sisinternational.com\/es\/pericia\/industrias\/alimentos-bebidas-tecnologia-investigacion-de-mercado-tecnologia-de-alimentos\/\" title=\"Investigaci\u00f3n de mercado de tecnolog\u00eda de alimentos y bebidas | Tecnolog\u00eda alimenticia\"  data-wpil-monitor-id=\"8097\">Food technology research<\/a> scientists<\/li>\n\n\n\n<li><a href=\"https:\/\/www.sisinternational.com\/es\/pericia\/industrias\/investigacion-de-mercado-de-gestion-de-residuos\/\" title=\"Investigaci\u00f3n de mercado de gesti\u00f3n de residuos\"  data-wpil-monitor-id=\"8094\">Gerentes de Investigaci\u00f3n de Mercado<\/a><\/li>\n\n\n\n<li>Comerciantes<\/li>\n\n\n\n<li>Comerciantes de ingredientes de cacao y chocolate<\/li>\n\n\n\n<li>Gerentes de marketing<\/li>\n\n\n\n<li>productores<\/li>\n\n\n\n<li>Gesti\u00f3n de riesgos de materias primas blandas<\/li>\n\n\n\n<li>Servicios log\u00edsticos del cacao.<\/li>\n\n\n\n<li>Servicios de env\u00edo de cacao<\/li>\n\n\n\n<li>Servicios de transporte de cacao.<\/li>\n<\/ul>\n\n\n\n<h2 class=\"wp-block-heading\">Por qu\u00e9 las empresas necesitan una investigaci\u00f3n de mercado del cacao<\/h2>\n\n\n\n<p>The cocoa market is widespread. Whilst demand comes mainly from the rich western countries of northern Europe, the USA and Canada there are countries like Malaysia, Turkey and Indonesia that rank among the top importers of cocoa worldwide. On the other hand, the supply comes from countries like Ghana, Cote d&#8217;Ivoire, Indonesia and Ecuador. Such a spread of the supply and demand chain requires broad <a href=\"https:\/\/www.sisinternational.com\/es\/soluciones\/consultoria-estrategica\/investigacion-de-mercado-de-la-cadena-de-suministro\/\" title=\"Investigaci\u00f3n de mercado de la cadena de suministro\"  data-wpil-monitor-id=\"6570\">investigaci\u00f3n de mercado<\/a>. Not only because of the spatial, cultural and language barriers but also because all relevant information shall be crystal clear. Such information includes:<\/p>\n\n\n\n<ul class=\"wp-block-list\">\n<li>La definici\u00f3n de variedades de cacao.<\/li>\n\n\n\n<li>Las cantidades de producci\u00f3n anual.<\/li>\n\n\n\n<li>Los protocolos poscosecha y manejo del cacao.<\/li>\n\n\n\n<li>Los requisitos para certificaciones v\u00e1lidas y actualizadas.<\/li>\n<\/ul>\n\n\n\n<h2 class=\"wp-block-heading\">Factores claves del \u00e9xito<\/h2>\n\n\n\n<p>Llevar a cabo una extensa investigaci\u00f3n del mercado del cacao implica que todas las partes interesadas esperan un alto aumento en el retorno de la inversi\u00f3n. Hay varios factores principales de \u00e9xito:<\/p>\n\n\n\n<ul class=\"wp-block-list\">\n<li>Mantener est\u00e1ndares de alta calidad<\/li>\n\n\n\n<li>Desarrollar canales de distribuci\u00f3n eficaces<\/li>\n\n\n\n<li>Lograr econom\u00edas de escala<\/li>\n\n\n\n<li>Expandirse en los mercados extranjeros<\/li>\n\n\n\n<li>Aumento de la cuota de mercado<\/li>\n\n\n\n<li>Explotando los \u00faltimos avances tecnol\u00f3gicos<\/li>\n\n\n\n<li>Fijar un precio justo<\/li>\n\n\n\n<li><a href=\"https:\/\/www.sisinternational.com\/es\/b2b-customer-experience-the-ultimate-guide-to-building-loyalty-that-lasts\/\" title=\"B2B Customer Experience: The Ultimate Guide to Building Loyalty That Lasts\"  data-wpil-monitor-id=\"8095\">Fidelizar al cliente<\/a><\/li>\n<\/ul>\n\n\n\n<p>Accurate planning, realistic goal setting and broad knowledge of the cocoa <a href=\"https:\/\/www.sisinternational.com\/es\/soluciones\/soluciones-de-investigacion-cualitativa-cuantitativa\/investigacion-de-mercado-de-factores-humanos\/\" title=\"Investigaci\u00f3n de mercado de factores humanos\"  data-wpil-monitor-id=\"8103\">market industry are additional factors<\/a> that contribute significantly to success.<\/p>\n\n\n\n<h2 class=\"wp-block-heading\">Acerca de la investigaci\u00f3n de mercado del cacao<\/h2>\n\n\n\n<figure class=\"gb-block-image gb-block-image-453d57e3\"><img loading=\"lazy\" decoding=\"async\" width=\"1456\" height=\"816\" class=\"gb-image gb-image-453d57e3\" src=\"https:\/\/www.sisinternational.com\/wp-content\/uploads\/2025\/08\/Cocoa-3.jpg\" alt=\"Investigaci\u00f3n y estrategia de mercado internacional de SIS\" title=\"Cocoa (3)\" srcset=\"https:\/\/www.sisinternational.com\/wp-content\/uploads\/2025\/08\/Cocoa-3.jpg 1456w, https:\/\/www.sisinternational.com\/wp-content\/uploads\/2025\/08\/Cocoa-3-300x168.jpg 300w, https:\/\/www.sisinternational.com\/wp-content\/uploads\/2025\/08\/Cocoa-3-1024x574.jpg 1024w, https:\/\/www.sisinternational.com\/wp-content\/uploads\/2025\/08\/Cocoa-3-768x430.jpg 768w, https:\/\/www.sisinternational.com\/wp-content\/uploads\/2025\/08\/Cocoa-3-18x10.jpg 18w\" sizes=\"auto, (max-width: 1456px) 100vw, 1456px\"><\/figure>\n\n\n\n<p><\/p>\n\n\n\n<p>Cocoa is a commodity that is <a href=\"https:\/\/www.sisinternational.com\/es\/soluciones\/investigacion-de-consultoria-estrategica-fintech\/investigacion-de-mercado-de-comercio-algoritmico\/\" title=\"Investigaci\u00f3n de mercado de comercio algor\u00edtmico\"  data-wpil-monitor-id=\"8101\">traded on the following stock markets<\/a>:<\/p>\n\n\n\n<ul class=\"wp-block-list\">\n<li>La Bolsa Mercantil de Nueva York (NYMEX)<\/li>\n\n\n\n<li>El Intercontinental Exchange (ICE) en Londres<\/li>\n<\/ul>\n\n\n\n<p>Therefore, the prices and size of cocoa contracts are two critical factors for determining the stock indices and efficiency of the product. What distinguishes cocoa from other values that are traded in stock, is that it\u2019s an agricultural product. Thus there is a specific analysis to conduct for making accurate predictions. Its efficiency and perspective rely mostly on human labor and the unstable conditions of its production process. The factor of the climate crisis is becoming extensively critical as there is much insecurity about future weather conditions. Within such an insecure environment, market research is becoming a highly important tool for determining the optimal business <a href=\"https:\/\/www.sisinternational.com\/es\/el-papel-del-desarrollo-de-procesos-y-sistemas-en-el-exito-organizacional\/\" title=\"Investigaci\u00f3n de Mercado de Dise\u00f1o Organizacional\"  data-wpil-monitor-id=\"8093\">estrategia<\/a>. As the global market of cocoa is rapidly expanding, all involved parties shall prioritize the execution of meaningful, thorough and detailed market research.<\/p>","protected":false},"excerpt":{"rendered":"<p>Cacao Market Research analiza las perspectivas comerciales de los subproductos del cacao, centr\u00e1ndose espec\u00edficamente en su penetraci\u00f3n en el mercado.<\/p>","protected":false},"author":1,"featured_media":64061,"parent":22018,"menu_order":157,"comment_status":"closed","ping_status":"closed","template":"","meta":{"footnotes":""},"class_list":["post-41304","page","type-page","status-publish","has-post-thumbnail"],"_links":{"self":[{"href":"https:\/\/www.sisinternational.com\/es\/wp-json\/wp\/v2\/pages\/41304","targetHints":{"allow":["GET"]}}],"collection":[{"href":"https:\/\/www.sisinternational.com\/es\/wp-json\/wp\/v2\/pages"}],"about":[{"href":"https:\/\/www.sisinternational.com\/es\/wp-json\/wp\/v2\/types\/page"}],"author":[{"embeddable":true,"href":"https:\/\/www.sisinternational.com\/es\/wp-json\/wp\/v2\/users\/1"}],"replies":[{"embeddable":true,"href":"https:\/\/www.sisinternational.com\/es\/wp-json\/wp\/v2\/comments?post=41304"}],"version-history":[{"count":5,"href":"https:\/\/www.sisinternational.com\/es\/wp-json\/wp\/v2\/pages\/41304\/revisions"}],"predecessor-version":[{"id":81365,"href":"https:\/\/www.sisinternational.com\/es\/wp-json\/wp\/v2\/pages\/41304\/revisions\/81365"}],"up":[{"embeddable":true,"href":"https:\/\/www.sisinternational.com\/es\/wp-json\/wp\/v2\/pages\/22018"}],"wp:featuredmedia":[{"embeddable":true,"href":"https:\/\/www.sisinternational.com\/es\/wp-json\/wp\/v2\/media\/64061"}],"wp:attachment":[{"href":"https:\/\/www.sisinternational.com\/es\/wp-json\/wp\/v2\/media?parent=41304"}],"curies":[{"name":"wp","href":"https:\/\/api.w.org\/{rel}","templated":true}]}}