{"id":41288,"date":"2023-01-23T20:40:30","date_gmt":"2023-01-23T20:40:30","guid":{"rendered":"https:\/\/www.sisinternational.com\/?page_id=41288"},"modified":"2026-01-26T18:32:20","modified_gmt":"2026-01-26T23:32:20","slug":"estudio-de-mercado-del-aceite-de-palma","status":"publish","type":"page","link":"https:\/\/www.sisinternational.com\/es\/pericia\/estudio-de-mercado-del-aceite-de-palma\/","title":{"rendered":"Investigaci\u00f3n de mercado del aceite de palma"},"content":{"rendered":"<h1 class=\"wp-block-heading\">Investigaci\u00f3n de mercado del aceite de palma<\/h1>\n\n\n\n<figure class=\"gb-block-image gb-block-image-335f2eb4\"><img loading=\"lazy\" decoding=\"async\" width=\"1456\" height=\"816\" class=\"gb-image gb-image-335f2eb4\" src=\"https:\/\/www.sisinternational.com\/wp-content\/uploads\/2025\/08\/Palm-oiil-2.jpg\" alt=\"Investigaci\u00f3n y estrategia de mercado internacional de SIS\" title=\"Palm oiil (2)\" srcset=\"https:\/\/www.sisinternational.com\/wp-content\/uploads\/2025\/08\/Palm-oiil-2.jpg 1456w, https:\/\/www.sisinternational.com\/wp-content\/uploads\/2025\/08\/Palm-oiil-2-300x168.jpg 300w, https:\/\/www.sisinternational.com\/wp-content\/uploads\/2025\/08\/Palm-oiil-2-1024x574.jpg 1024w, https:\/\/www.sisinternational.com\/wp-content\/uploads\/2025\/08\/Palm-oiil-2-768x430.jpg 768w, https:\/\/www.sisinternational.com\/wp-content\/uploads\/2025\/08\/Palm-oiil-2-18x10.jpg 18w\" sizes=\"auto, (max-width: 1456px) 100vw, 1456px\"><\/figure>\n\n\n\n<p><\/p>\n\n\n\n<h2 class=\"wp-block-heading\">\u00bfQu\u00e9 es el aceite de palma?<\/h2>\n\n\n\n<p>El aceite de palma es uno de los aceites m\u00e1s producidos a nivel mundial. Se extrae de las pulpas de frutos de palmeras originarias de \u00c1frica occidental. Sin embargo, ahora tambi\u00e9n se cultiva en Asia y Am\u00e9rica Latina. Se le conoce popularmente como un aceite para cocinar de alta calidad y se utiliza ampliamente en la mayor\u00eda de los pa\u00edses en desarrollo. Muchos productos utilizan aceite de palma, incluidos art\u00edculos alimentarios y no alimentarios, equipos industriales, cosm\u00e9ticos y biocombustibles.<\/p>\n\n\n\n<h2 class=\"wp-block-heading\">\u00bfPor qu\u00e9 es importante?<\/h2>\n\n\n\n<p>El aceite de palma es muy valioso, vers\u00e1til y eficiente cuando se cultiva mediante pr\u00e1cticas correctas que reducen sus efectos nocivos para el medio ambiente.<\/p>\n\n\n\n<p>Una ventaja crucial que distingue al aceite de palma de otros aceites es que se produce en mayores cantidades en una superficie de tierra peque\u00f1a. Su cultivo y producci\u00f3n s\u00f3lo requieren un m\u00ednimo de energ\u00eda, fertilizantes y pesticidas. Estos factores disminuyen cada vez m\u00e1s sus costos de producci\u00f3n y su impacto en el medio ambiente.<\/p>\n\n\n\n<p>Como resultado, permite a los agricultores obtener ingresos estables y decentes, genera m\u00e1s ganancias y crea m\u00e1s empleos en la industria.<\/p>\n\n\n\n<p>El aceite de palma tambi\u00e9n tiene propiedades \u00fanicas, por lo que es uno de los aceites de cocina m\u00e1s utilizados en varios pa\u00edses como India, China e Indonesia. Tiene una alta resistencia al calor, lo que lo hace perfecto para fre\u00edr y mantener las pastas para untar en su estado semis\u00f3lido habitual a temperatura ambiente. Se convirti\u00f3 en un aditivo popular en productos alimenticios que mantiene el mismo color, olor y sabor de los alimentos, tiene una larga vida \u00fatil y un precio muy asequible.<\/p>\n\n\n\n<p>El aceite de palma podr\u00eda tener efectos beneficiosos para la salud de muchos consumidores. Algunos de sus tipos pueden tener un alto contenido de antioxidantes, lo que puede ayudar a tratar ciertas condiciones de salud.<\/p>\n\n\n\n<p>Muchas empresas alimentarias tambi\u00e9n utilizan aceite de palma como alternativa a la grasa animal en sus productos alimenticios para satisfacer las necesidades de sus clientes vegetarianos.<\/p>\n\n\n\n<p>Adem\u00e1s de sus usos en productos alimenticios, el aceite de palma tambi\u00e9n ha sido un ingrediente popular en diversos bienes de consumo y usos industriales. Estos incluyen cosm\u00e9ticos, productos para el cuidado del cabello, jabones y detergentes, lubricantes y fluidos para trabajar metales. La producci\u00f3n de aceite de palma tambi\u00e9n proporciona materia prima para la producci\u00f3n de biodiesel.<\/p>\n\n\n\n<h2 class=\"wp-block-heading\">T\u00edtulos de trabajo clave<\/h2>\n\n\n\n<figure class=\"gb-block-image gb-block-image-6cda48af\"><img loading=\"lazy\" decoding=\"async\" width=\"1456\" height=\"816\" class=\"gb-image gb-image-6cda48af\" src=\"https:\/\/www.sisinternational.com\/wp-content\/uploads\/2025\/08\/Palm-oiil-1.jpg\" alt=\"Investigaci\u00f3n y estrategia de mercado internacional de SIS\" title=\"Palm oiil (1)\" srcset=\"https:\/\/www.sisinternational.com\/wp-content\/uploads\/2025\/08\/Palm-oiil-1.jpg 1456w, https:\/\/www.sisinternational.com\/wp-content\/uploads\/2025\/08\/Palm-oiil-1-300x168.jpg 300w, https:\/\/www.sisinternational.com\/wp-content\/uploads\/2025\/08\/Palm-oiil-1-1024x574.jpg 1024w, https:\/\/www.sisinternational.com\/wp-content\/uploads\/2025\/08\/Palm-oiil-1-768x430.jpg 768w, https:\/\/www.sisinternational.com\/wp-content\/uploads\/2025\/08\/Palm-oiil-1-18x10.jpg 18w\" sizes=\"auto, (max-width: 1456px) 100vw, 1456px\"><\/figure>\n\n\n\n<p><\/p>\n\n\n\n<p>La industria del aceite de palma necesita diversas habilidades y talentos, especialmente aquellos especializados en agricultura y ganader\u00eda. Sin embargo, una experiencia acreditada en ciencia, tecnolog\u00eda y administraci\u00f3n de empresas tambi\u00e9n puede tener una trayectoria profesional prometedora en esta industria. Con la creciente influencia de la tecnolog\u00eda en el cultivo de cultivos y la creciente demanda para su producci\u00f3n, se agregar\u00e1n m\u00e1s empleos a la lista.<\/p>\n\n\n\n<p>Algunos de los t\u00edtulos de trabajo comunes incluyen los siguientes:<\/p>\n\n\n\n<ul class=\"wp-block-list\">\n<li>operador agr\u00edcola<\/li>\n\n\n\n<li>Agr\u00f3nomo<\/li>\n\n\n\n<li>Cient\u00edfico de la planta<\/li>\n\n\n\n<li>Especialista en suelos<\/li>\n\n\n\n<li>especialista en productos<\/li>\n\n\n\n<li>especialista ambiental<\/li>\n\n\n\n<li>Gerente de Recursos Humanos<\/li>\n\n\n\n<li>Gerente General de Plantaci\u00f3n<\/li>\n\n\n\n<li>Oficial de Producci\u00f3n de Aceite de Palma<\/li>\n\n\n\n<li>Ingeniero de f\u00e1brica<\/li>\n<\/ul>\n\n\n\n<h2 class=\"wp-block-heading\">\u00bfPor qu\u00e9 las empresas necesitan investigaciones de mercado sobre el aceite de palma?<\/h2>\n\n\n\n<p>There is an increasing demand for palm <a href=\"https:\/\/www.sisinternational.com\/es\/pericia\/industrias\/investigacion-de-mercado-de-petroleo-y-gas\/\" title=\"Investigaci\u00f3n de mercado de petr\u00f3leo y gas\"  data-wpil-monitor-id=\"3090\">oil in the global market<\/a> because of its versatility and efficiency. However, there&#8217;s an ongoing issue regarding its sustainability and how it has become one of the world&#8217;s significant drivers of deforestation, contributing to climate change.<\/p>\n\n\n\n<p>With the ongoing environmental issue of the palm oil industry, market <a href=\"https:\/\/www.sisinternational.com\/es\/pericia\/industrias\/estudio-de-mercado-de-aceites-vegetales\/\" title=\"Investigaci\u00f3n de mercado de aceites vegetales\"  data-wpil-monitor-id=\"3228\">investigaci\u00f3n<\/a> can understand companies&#8217; and consumers&#8217; insights about their preferences related to palm oil uses and production. It will also evaluate the current sustainability initiatives in the industry to determine if it meets consumer, government, and environmental regulations.<\/p>\n\n\n\n<p>En general, la investigaci\u00f3n de mercado ayuda a las empresas a elaborar planes estrat\u00e9gicos con respecto al cultivo, la producci\u00f3n, el abastecimiento, los precios y la distribuci\u00f3n.<\/p>\n\n\n\n<h2 class=\"wp-block-heading\">Factores claves del \u00e9xito<\/h2>\n\n\n\n<figure class=\"gb-block-image gb-block-image-2b46a07f\"><img loading=\"lazy\" decoding=\"async\" width=\"1456\" height=\"816\" class=\"gb-image gb-image-2b46a07f\" src=\"https:\/\/www.sisinternational.com\/wp-content\/uploads\/2025\/08\/Palm-oiil-5.jpg\" alt=\"Investigaci\u00f3n y estrategia de mercado internacional de SIS\" title=\"Palm oiil (5)\" srcset=\"https:\/\/www.sisinternational.com\/wp-content\/uploads\/2025\/08\/Palm-oiil-5.jpg 1456w, https:\/\/www.sisinternational.com\/wp-content\/uploads\/2025\/08\/Palm-oiil-5-300x168.jpg 300w, https:\/\/www.sisinternational.com\/wp-content\/uploads\/2025\/08\/Palm-oiil-5-1024x574.jpg 1024w, https:\/\/www.sisinternational.com\/wp-content\/uploads\/2025\/08\/Palm-oiil-5-768x430.jpg 768w, https:\/\/www.sisinternational.com\/wp-content\/uploads\/2025\/08\/Palm-oiil-5-18x10.jpg 18w\" sizes=\"auto, (max-width: 1456px) 100vw, 1456px\"><\/figure>\n\n\n\n<p><\/p>\n\n\n\n<p>Research uncovers insight about the trends in the market, what consumers need, recent trade regulations, and potential risks and growth of the <a href=\"https:\/\/www.sisinternational.com\/es\/venezuela-oil-mining-industry-potential-strategic-forecast-2026-2036\/\" title=\"Venezuela Oil &amp; Mining Industry Potential: Strategic Forecast 2026-2036\"  data-wpil-monitor-id=\"6918\">palm oil<\/a> industry. Creating strategic plans based on these drivers will allow businesses to stay competitive and thrive.<\/p>\n\n\n\n<p>Comprender los problemas actuales a trav\u00e9s de una investigaci\u00f3n en profundidad es esencial, lo que ayudar\u00e1 a desarrollar nuevas ideas para crear soluciones. La industria del aceite de palma enfrenta un problema importante en materia de sostenibilidad, cambio clim\u00e1tico y otras preocupaciones ambientales.<\/p>\n\n\n\n<p>Por lo tanto, las empresas deber\u00edan centrarse en encontrar una producci\u00f3n de aceite de palma mucho m\u00e1s \u00e9tica, sostenible y respetuosa con el medio ambiente.<\/p>\n\n\n\n<h2 class=\"wp-block-heading\">Acerca de la investigaci\u00f3n de mercado del aceite de palma<\/h2>\n\n\n\n<p>Incluso con las preocupaciones ambientales sobre su sostenibilidad, la demanda de uso de aceite de palma sigue creciendo constantemente. La investigaci\u00f3n es vital para comprender este problema actual y evaluar posibles soluciones y resultados para ayudar a las empresas a mantenerse firmes en la industria.<\/p>\n\n\n\n<p>Existen diferentes tipos de investigaci\u00f3n para lograr esto, que involucrar\u00e1n encuestas, entrevistas, experimentos y grupos focales. Los investigadores recopilar\u00e1n estos datos de forma cuantitativa, cualitativa o estrat\u00e9gica.<\/p>","protected":false},"excerpt":{"rendered":"<p>La investigaci\u00f3n de mercado de aceite de palma implica encuestas, entrevistas, experimentos y grupos focales. Los investigadores recopilan datos de forma cuantitativa, cualitativa...<\/p>","protected":false},"author":1,"featured_media":64224,"parent":14514,"menu_order":156,"comment_status":"closed","ping_status":"closed","template":"","meta":{"footnotes":""},"class_list":["post-41288","page","type-page","status-publish","has-post-thumbnail"],"_links":{"self":[{"href":"https:\/\/www.sisinternational.com\/es\/wp-json\/wp\/v2\/pages\/41288","targetHints":{"allow":["GET"]}}],"collection":[{"href":"https:\/\/www.sisinternational.com\/es\/wp-json\/wp\/v2\/pages"}],"about":[{"href":"https:\/\/www.sisinternational.com\/es\/wp-json\/wp\/v2\/types\/page"}],"author":[{"embeddable":true,"href":"https:\/\/www.sisinternational.com\/es\/wp-json\/wp\/v2\/users\/1"}],"replies":[{"embeddable":true,"href":"https:\/\/www.sisinternational.com\/es\/wp-json\/wp\/v2\/comments?post=41288"}],"version-history":[{"count":6,"href":"https:\/\/www.sisinternational.com\/es\/wp-json\/wp\/v2\/pages\/41288\/revisions"}],"predecessor-version":[{"id":80489,"href":"https:\/\/www.sisinternational.com\/es\/wp-json\/wp\/v2\/pages\/41288\/revisions\/80489"}],"up":[{"embeddable":true,"href":"https:\/\/www.sisinternational.com\/es\/wp-json\/wp\/v2\/pages\/14514"}],"wp:featuredmedia":[{"embeddable":true,"href":"https:\/\/www.sisinternational.com\/es\/wp-json\/wp\/v2\/media\/64224"}],"wp:attachment":[{"href":"https:\/\/www.sisinternational.com\/es\/wp-json\/wp\/v2\/media?parent=41288"}],"curies":[{"name":"wp","href":"https:\/\/api.w.org\/{rel}","templated":true}]}}