{"id":41286,"date":"2023-01-23T20:36:46","date_gmt":"2023-01-23T20:36:46","guid":{"rendered":"https:\/\/www.sisinternational.com\/?page_id=41286"},"modified":"2025-10-19T00:32:52","modified_gmt":"2025-10-19T04:32:52","slug":"investigacion-de-mercado-de-pesticidas","status":"publish","type":"page","link":"https:\/\/www.sisinternational.com\/es\/pericia\/investigacion-de-mercado-de-pesticidas\/","title":{"rendered":"Investigaci\u00f3n de mercado de pesticidas"},"content":{"rendered":"<h1 class=\"wp-block-heading\">Investigaci\u00f3n de mercado de pesticidas<\/h1>\n\n\n\n<figure class=\"gb-block-image gb-block-image-99b2d828\"><img loading=\"lazy\" decoding=\"async\" width=\"1456\" height=\"816\" class=\"gb-image gb-image-99b2d828\" src=\"https:\/\/www.sisinternational.com\/wp-content\/uploads\/2025\/08\/Pesticide-3.jpg\" alt=\"Investigaci\u00f3n y estrategia de mercado internacional de SIS\" title=\"Pesticide (3)\" srcset=\"https:\/\/www.sisinternational.com\/wp-content\/uploads\/2025\/08\/Pesticide-3.jpg 1456w, https:\/\/www.sisinternational.com\/wp-content\/uploads\/2025\/08\/Pesticide-3-300x168.jpg 300w, https:\/\/www.sisinternational.com\/wp-content\/uploads\/2025\/08\/Pesticide-3-1024x574.jpg 1024w, https:\/\/www.sisinternational.com\/wp-content\/uploads\/2025\/08\/Pesticide-3-768x430.jpg 768w, https:\/\/www.sisinternational.com\/wp-content\/uploads\/2025\/08\/Pesticide-3-18x10.jpg 18w\" sizes=\"auto, (max-width: 1456px) 100vw, 1456px\"><\/figure>\n\n\n\n<p><\/p>\n\n\n\n<h2 class=\"wp-block-heading\">\u00bfQu\u00e9 es la investigaci\u00f3n de mercado de pesticidas?<\/h2>\n\n\n\n<p>La investigaci\u00f3n de mercado de pesticidas se centra en recopilar informaci\u00f3n sobre diversos pesticidas y c\u00f3mo pueden afectar la econom\u00eda y las diversas industrias relacionadas con ellos. El \u00fanico prop\u00f3sito de los pesticidas es prevenir plagas que son organismos vivos no deseados. Las plagas se consideran da\u00f1inas para las plantas, los animales, los humanos e incluso las estructuras. Para comprender el valor de la investigaci\u00f3n de mercado de pesticidas, es esencial comprender qu\u00e9 son los pesticidas.<\/p>\n\n\n\n<h2 class=\"wp-block-heading\">\u00bfQu\u00e9 son los pesticidas?<\/h2>\n\n\n\n<p>Los pesticidas son sustancias o una mezcla de sustancias que se utilizan para prevenir, controlar o incluso erradicar plagas. Hay tres clases de pesticidas m\u00e1s comunes. Estos son herbicidas, fungicidas e insecticidas. Los pesticidas tambi\u00e9n vienen en diversas formas. Pueden ser l\u00edquidos, en formulaci\u00f3n s\u00f3lida o en forma gaseosa, como los fumigantes.<\/p>\n\n\n\n<p>Como los pesticidas previenen, controlan o erradican las plagas, la mayor\u00eda de las veces se agrupan en familias seg\u00fan su forma de actuar.<\/p>\n\n\n\n<p>A continuaci\u00f3n se muestran los grupos m\u00e1s comunes:<\/p>\n\n\n\n<p>Organofosforados: Com\u00fanmente elaborados a partir de \u00e1cido fosf\u00f3rico, act\u00faan causando da\u00f1o al sistema nervioso de las plagas. La mayor\u00eda de los insecticidas forman parte de este grupo y muchos de ellos son muy t\u00f3xicos.<\/p>\n\n\n\n<p>Organoclorados: a veces llamados hidrocarburos clorados, estos pesticidas interrumpen la transmisi\u00f3n de impulsos nerviosos de las plagas. Se utiliza mejor para insectos y \u00e1caros, pero permanecen en el medio ambiente durante mucho tiempo.<\/p>\n\n\n\n<p>Carbamatos y tiocarbamatos: funcionan de manera similar en el sistema nervioso de las plagas y est\u00e1n elaborados a partir de \u00e1cido carb\u00e1mico. Estos incluyen insecticidas, herbicidas y fungicidas y permanecen menos tiempo en el medio ambiente.<\/p>\n\n\n\n<p>Piretroides (sint\u00e9ticos): son pesticidas artificiales que alteran el sistema nervioso al estimular las c\u00e9lulas nerviosas para causar par\u00e1lisis y no se degradan r\u00e1pidamente.<\/p>\n\n\n\n<h2 class=\"wp-block-heading\">Beneficios de la investigaci\u00f3n de mercado de pesticidas<\/h2>\n\n\n\n<figure class=\"gb-block-image gb-block-image-dd58b589\"><img loading=\"lazy\" decoding=\"async\" width=\"1456\" height=\"816\" class=\"gb-image gb-image-dd58b589\" src=\"https:\/\/www.sisinternational.com\/wp-content\/uploads\/2025\/08\/Pesticide-6.jpg\" alt=\"Investigaci\u00f3n y estrategia de mercado internacional de SIS\" title=\"Pesticide (6)\" srcset=\"https:\/\/www.sisinternational.com\/wp-content\/uploads\/2025\/08\/Pesticide-6.jpg 1456w, https:\/\/www.sisinternational.com\/wp-content\/uploads\/2025\/08\/Pesticide-6-300x168.jpg 300w, https:\/\/www.sisinternational.com\/wp-content\/uploads\/2025\/08\/Pesticide-6-1024x574.jpg 1024w, https:\/\/www.sisinternational.com\/wp-content\/uploads\/2025\/08\/Pesticide-6-768x430.jpg 768w, https:\/\/www.sisinternational.com\/wp-content\/uploads\/2025\/08\/Pesticide-6-18x10.jpg 18w\" sizes=\"auto, (max-width: 1456px) 100vw, 1456px\"><\/figure>\n\n\n\n<p><\/p>\n\n\n\n<p><a href=\"https:\/\/www.sisinternational.com\/es\/estudios-de-caso\/\" title=\"Casos pr\u00e1cticos\"  data-wpil-monitor-id=\"8484\">Estudios de mercado<\/a> provides insights into a specific industry that are useful for businesses and economic studies. With the role pesticides play in controlling or preventing pests, gathering data and strategies in the pesticide industry can be beneficial for the following reasons:<\/p>\n\n\n\n<ul class=\"wp-block-list\">\n<li>Impacto de los pesticidas en la agricultura. El objetivo es obtener m\u00e1s conocimientos sobre c\u00f3mo los pesticidas pueden ayudar a los agricultores a producir alimentos seguros.<\/li>\n\n\n\n<li>Role of pesticides in <a href=\"https:\/\/www.sisinternational.com\/es\/soluciones\/prueba-de-sabor\/food-product-tests-in-ny\/\" title=\"Food Product Tests In NY\"  data-wpil-monitor-id=\"8489\">food crop production<\/a>. This will provide useful data for pesticide market research on the quantity and quality of crops.<\/li>\n\n\n\n<li>Impacto de diversos tipos de pesticidas en la salud humana y animal. La mayor\u00eda de los pesticidas est\u00e1n dise\u00f1ados para destruir plagas atacando el sistema nervioso. Esto, a su vez, tambi\u00e9n puede afectar a otros organismos vivos y causar problemas de salud debido a la toxicidad.<\/li>\n\n\n\n<li>Influencia en el medio ambiente. La utilizaci\u00f3n prolongada o inadecuada de pesticidas puede contaminar el entorno, especialmente el suelo y el agua.<\/li>\n\n\n\n<li>Continued <a href=\"https:\/\/www.sisinternational.com\/es\/pericia\/industrias\/toma-de-decisiones-empresariales-investigacion-de-mercado\/\" title=\"Investigaci\u00f3n de mercado para tomadores de decisiones empresariales\"  data-wpil-monitor-id=\"8493\">research can help businesses<\/a>, industries, and countries to make sound decisions regarding their uses and long-term benefits or consequences.<\/li>\n\n\n\n<li>Market research provides insights into the data and <a href=\"https:\/\/www.sisinternational.com\/es\/el-papel-del-desarrollo-de-procesos-y-sistemas-en-el-exito-organizacional\/\" title=\"Investigaci\u00f3n de Mercado de Dise\u00f1o Organizacional\"  data-wpil-monitor-id=\"8485\">strategies<\/a> in the pesticide industry to build competitive knowledge for businesses and companies.<\/li>\n<\/ul>\n\n\n\n<h2 class=\"wp-block-heading\">T\u00edtulos de trabajo clave en la industria:<\/h2>\n\n\n\n<p>The pesticide <a href=\"https:\/\/www.sisinternational.com\/es\/pericia\/curriculums-de-experiencia\/estudio-de-mercado-de-productos-de-cuidado-personal\/\" title=\"Investigaci\u00f3n de mercado de productos de cuidado personal\"  data-wpil-monitor-id=\"8488\">market and production<\/a>, including research, involve a lot of roles and specialties. Moreover, the production of pesticides and distribution require specific knowledge and training.<\/p>\n\n\n\n<p>Se enumeran algunos de los t\u00edtulos de trabajo importantes en la industria del mercado de pesticidas:<\/p>\n\n\n\n<ul class=\"wp-block-list\">\n<li>Ingenieros qu\u00edmicos<\/li>\n\n\n\n<li>Qu\u00edmico<\/li>\n\n\n\n<li>Gerente de cultivos<\/li>\n\n\n\n<li>Consultor de Mercado<\/li>\n\n\n\n<li>Especialista en control de plagas<\/li>\n\n\n\n<li>Supervisor de control de plagas<\/li>\n\n\n\n<li>T\u00e9cnico en control de plagas<\/li>\n\n\n\n<li>Formulador de pesticidas<\/li>\n\n\n\n<li>Manipuladores de pesticidas<\/li>\n\n\n\n<li>Oficial de producci\u00f3n<\/li>\n\n\n\n<li>Gerente de Control de Calidad<\/li>\n\n\n\n<li>Investigador cient\u00edfico<\/li>\n<\/ul>\n\n\n\n<h2 class=\"wp-block-heading\">Empresas que necesitan investigaci\u00f3n de mercado de pesticidas<\/h2>\n\n\n\n<p>Los datos y estrategias importantes de la industria de los pesticidas recopilados a partir de la investigaci\u00f3n de mercado de pesticidas pueden ayudar a muchas empresas. Los negocios incluyen, entre otros, las siguientes industrias:<\/p>\n\n\n\n<ul class=\"wp-block-list\">\n<li>Industria de fabricaci\u00f3n de pesticidas<\/li>\n\n\n\n<li>Agricultura y Ganader\u00eda<\/li>\n\n\n\n<li>Producci\u00f3n y suministro de alimentos<\/li>\n\n\n\n<li>Empresas de agroqu\u00edmicos<\/li>\n\n\n\n<li>Negocio de industria verde<\/li>\n\n\n\n<li>Industria de construccion<\/li>\n\n\n\n<li>Industria qu\u00edmica<\/li>\n<\/ul>\n\n\n\n<h2 class=\"wp-block-heading\">C\u00f3mo se realiza la investigaci\u00f3n de mercado de pesticidas:<\/h2>\n\n\n\n<figure class=\"gb-block-image gb-block-image-610be5a5\"><img loading=\"lazy\" decoding=\"async\" width=\"1456\" height=\"816\" class=\"gb-image gb-image-610be5a5\" src=\"https:\/\/www.sisinternational.com\/wp-content\/uploads\/2025\/08\/Pesticide-4.jpg\" alt=\"Investigaci\u00f3n y estrategia de mercado internacional de SIS\" title=\"Pesticide (4)\" srcset=\"https:\/\/www.sisinternational.com\/wp-content\/uploads\/2025\/08\/Pesticide-4.jpg 1456w, https:\/\/www.sisinternational.com\/wp-content\/uploads\/2025\/08\/Pesticide-4-300x168.jpg 300w, https:\/\/www.sisinternational.com\/wp-content\/uploads\/2025\/08\/Pesticide-4-1024x574.jpg 1024w, https:\/\/www.sisinternational.com\/wp-content\/uploads\/2025\/08\/Pesticide-4-768x430.jpg 768w, https:\/\/www.sisinternational.com\/wp-content\/uploads\/2025\/08\/Pesticide-4-18x10.jpg 18w\" sizes=\"auto, (max-width: 1456px) 100vw, 1456px\"><\/figure>\n\n\n\n<p><\/p>\n\n\n\n<p>As with most <a href=\"https:\/\/www.sisinternational.com\/es\/pericia\/industrias\/investigacion-de-mercados-industriales\/\" title=\"Investigaci\u00f3n y estrategia de mercados industriales\"  data-wpil-monitor-id=\"8487\">investigaci\u00f3n de mercado<\/a> that was done in similar industries, gathering data and analyzing the information is crucial. Major steps are taken that <a href=\"https:\/\/www.sisinternational.com\/es\/publicaciones\/investigacion-de-mercado-empresarial-escalable-7-formas-de-construir-un-negocio-escalable\/\" title=\"Investigaci\u00f3n de mercado empresarial escalable: 7 formas de construir un negocio escalable\"  data-wpil-monitor-id=\"8486\">way the market research<\/a> provides insights that are both credible and valid.<\/p>\n\n\n\n<ul class=\"wp-block-list\">\n<li>Recopilaci\u00f3n de datos por tipo de producto<\/li>\n\n\n\n<li>Recopilaci\u00f3n de resultados basados en el proceso de solicitud.<\/li>\n\n\n\n<li>An\u00e1lisis de resultados por uso final<\/li>\n\n\n\n<li>Comparaci\u00f3n de resultados por ubicaci\u00f3n<\/li>\n\n\n\n<li>An\u00e1lisis de factores clave en la industria de pesticidas.<\/li>\n<\/ul>\n\n\n\n<p>Tambi\u00e9n se consideran factores importantes adicionales, como el impacto ambiental y de salud a largo plazo, as\u00ed como las tendencias crecientes basadas en estos factores.<\/p>\n\n\n\n<h2 class=\"wp-block-heading\">Acerca de la investigaci\u00f3n de mercado de pesticidas<\/h2>\n\n\n\n<p>Pesticides play a big role both for both humans and the environment. The Pesticide Market Research gathers information and data that are reliable. It is a useful tool for anyone who aims to have informed decisions when it comes to its production, application, <a href=\"https:\/\/www.sisinternational.com\/es\/mejorar-la-penetracion-en-el-mercado-a-traves-de-un-plan-de-marketing-integral\/\" title=\"Mejorar la penetraci\u00f3n del mercado a trav\u00e9s de un plan de marketing integral\"  data-wpil-monitor-id=\"8491\">marketing and strategic planning<\/a>.<\/p>","protected":false},"excerpt":{"rendered":"<p>La investigaci\u00f3n de mercado de pesticidas es una herramienta \u00fatil para la toma de decisiones informadas, la producci\u00f3n, la aplicaci\u00f3n, el marketing y la planificaci\u00f3n estrat\u00e9gica.<\/p>","protected":false},"author":1,"featured_media":64309,"parent":14514,"menu_order":155,"comment_status":"closed","ping_status":"closed","template":"","meta":{"footnotes":""},"class_list":["post-41286","page","type-page","status-publish","has-post-thumbnail"],"_links":{"self":[{"href":"https:\/\/www.sisinternational.com\/es\/wp-json\/wp\/v2\/pages\/41286","targetHints":{"allow":["GET"]}}],"collection":[{"href":"https:\/\/www.sisinternational.com\/es\/wp-json\/wp\/v2\/pages"}],"about":[{"href":"https:\/\/www.sisinternational.com\/es\/wp-json\/wp\/v2\/types\/page"}],"author":[{"embeddable":true,"href":"https:\/\/www.sisinternational.com\/es\/wp-json\/wp\/v2\/users\/1"}],"replies":[{"embeddable":true,"href":"https:\/\/www.sisinternational.com\/es\/wp-json\/wp\/v2\/comments?post=41286"}],"version-history":[{"count":4,"href":"https:\/\/www.sisinternational.com\/es\/wp-json\/wp\/v2\/pages\/41286\/revisions"}],"predecessor-version":[{"id":81425,"href":"https:\/\/www.sisinternational.com\/es\/wp-json\/wp\/v2\/pages\/41286\/revisions\/81425"}],"up":[{"embeddable":true,"href":"https:\/\/www.sisinternational.com\/es\/wp-json\/wp\/v2\/pages\/14514"}],"wp:featuredmedia":[{"embeddable":true,"href":"https:\/\/www.sisinternational.com\/es\/wp-json\/wp\/v2\/media\/64309"}],"wp:attachment":[{"href":"https:\/\/www.sisinternational.com\/es\/wp-json\/wp\/v2\/media?parent=41286"}],"curies":[{"name":"wp","href":"https:\/\/api.w.org\/{rel}","templated":true}]}}