{"id":41277,"date":"2023-01-23T16:12:02","date_gmt":"2023-01-23T16:12:02","guid":{"rendered":"https:\/\/www.sisinternational.com\/?page_id=41277"},"modified":"2026-01-25T19:25:31","modified_gmt":"2026-01-26T00:25:31","slug":"estudio-de-mercado-de-la-industria-del-caucho","status":"publish","type":"page","link":"https:\/\/www.sisinternational.com\/es\/pericia\/estudio-de-mercado-de-la-industria-del-caucho\/","title":{"rendered":"Investigaci\u00f3n de mercado de la industria del caucho"},"content":{"rendered":"<h1 class=\"wp-block-heading\">Investigaci\u00f3n de mercado de la industria del caucho<\/h1>\n\n\n\n<figure class=\"gb-block-image gb-block-image-1ac76d98\"><img loading=\"lazy\" decoding=\"async\" width=\"1456\" height=\"816\" class=\"gb-image gb-image-1ac76d98\" src=\"https:\/\/www.sisinternational.com\/wp-content\/uploads\/2025\/10\/Rubber-1.jpg\" alt=\"Investigaci\u00f3n y estrategia de mercado internacional de SIS\" title=\"Rubber (1)\" srcset=\"https:\/\/www.sisinternational.com\/wp-content\/uploads\/2025\/10\/Rubber-1.jpg 1456w, https:\/\/www.sisinternational.com\/wp-content\/uploads\/2025\/10\/Rubber-1-300x168.jpg 300w, https:\/\/www.sisinternational.com\/wp-content\/uploads\/2025\/10\/Rubber-1-1024x574.jpg 1024w, https:\/\/www.sisinternational.com\/wp-content\/uploads\/2025\/10\/Rubber-1-768x430.jpg 768w, https:\/\/www.sisinternational.com\/wp-content\/uploads\/2025\/10\/Rubber-1-18x10.jpg 18w\" sizes=\"auto, (max-width: 1456px) 100vw, 1456px\"><\/figure>\n\n\n\n<p><\/p>\n\n\n\n<h2 class=\"wp-block-heading\">El caucho est\u00e1 presente en nuestra vida cotidiana<\/h2>\n\n\n\n<p>El caucho se encuentra en muchos de los productos m\u00e1s importantes que utilizamos a diario, como guantes quir\u00fargicos, gomas el\u00e1sticas y neum\u00e1ticos. El caucho es un material esencial y una de las materias primas m\u00e1s importantes de la sociedad moderna. La industria del caucho vale miles de millones de d\u00f3lares y presenta numerosas oportunidades de crecimiento y desarrollo de nuevos productos.<\/p>\n\n\n\n<p>Existen numerosos tipos de caucho, incluidos el caucho de neopreno, el caucho de butilo, el caucho de estireno-butadieno, el caucho de fluorosilicona, el caucho de silicona, el caucho de nitrilo y el caucho EPDM. Los factores clave de la calidad del producto incluyen la elasticidad, la contracci\u00f3n t\u00e9rmica y la durabilidad.<br>Much of the world\u2019s rubber production occurs in high growth emerging <a href=\"https:\/\/www.sisinternational.com\/es\/cobertura\/las-americas\/cobertura-de-estados-unidos\/investigacion-de-mercado-en-carolina-del-sur\/\" title=\"Investigaci\u00f3n de mercado en Carolina del Sur\"  data-wpil-monitor-id=\"5651\">markets in South<\/a> East Asia including in Thailand, Malaysia, Indonesia, Vietnam and India. Many of these countries consider the industry to be of national strategic importance and have councils and trade programs focused on boosting exports. Operating in these high growth economies presents numerous opportunities for growth and for boosting efficiency and developing Go-To-Market Strategy.<\/p>\n\n\n\n<p>SIS Market Research ayuda a las empresas a encontrar nuevas \u00e1reas de oportunidades de mercado en el sector del caucho. Brindamos estudios de mercado sobre las \u00faltimas tendencias en el uso y demanda del caucho. Ayudamos a nuestros clientes a construir estrategias para aumentar su rentabilidad y efectividad operativa.<\/p>\n\n\n\n<h2 class=\"wp-block-heading\">La importancia de la investigaci\u00f3n de mercado de la industria del caucho<\/h2>\n\n\n\n<figure class=\"gb-block-image gb-block-image-acd346e6\"><img loading=\"lazy\" decoding=\"async\" width=\"1456\" height=\"816\" class=\"gb-image gb-image-acd346e6\" src=\"https:\/\/www.sisinternational.com\/wp-content\/uploads\/2025\/10\/Rubber-4.jpg\" alt=\"Investigaci\u00f3n y estrategia de mercado internacional de SIS\" title=\"Rubber (4)\" srcset=\"https:\/\/www.sisinternational.com\/wp-content\/uploads\/2025\/10\/Rubber-4.jpg 1456w, https:\/\/www.sisinternational.com\/wp-content\/uploads\/2025\/10\/Rubber-4-300x168.jpg 300w, https:\/\/www.sisinternational.com\/wp-content\/uploads\/2025\/10\/Rubber-4-1024x574.jpg 1024w, https:\/\/www.sisinternational.com\/wp-content\/uploads\/2025\/10\/Rubber-4-768x430.jpg 768w, https:\/\/www.sisinternational.com\/wp-content\/uploads\/2025\/10\/Rubber-4-18x10.jpg 18w\" sizes=\"auto, (max-width: 1456px) 100vw, 1456px\"><\/figure>\n\n\n\n<p>SIS Market Research re\u00fane la investigaci\u00f3n de los clientes, el an\u00e1lisis de la competencia, los impulsores de la empresa y el panorama del mercado para proporcionar informaci\u00f3n para la toma de decisiones. Nos especializamos en brindar an\u00e1lisis sobre oportunidades, fuentes de rentabilidad, desaf\u00edos y formas de prosperar.<\/p>\n\n\n\n<p>Los productos clave en la industria del caucho incluyen:<\/p>\n\n\n\n<ul class=\"wp-block-list\">\n<li>Neum\u00e1ticos y c\u00e1maras de automoci\u00f3n<\/li>\n\n\n\n<li>Productos moldeados de caucho<\/li>\n\n\n\n<li>Aplicaciones de alfombras y pisos<\/li>\n\n\n\n<li>Mangueras y tuber\u00edas<\/li>\n\n\n\n<li>caucho vulcanizado para zapatos<\/li>\n\n\n\n<li>guantes para trabajadores industriales<\/li>\n\n\n\n<li>Equipo deportivo<\/li>\n\n\n\n<li>Aislamientos y materiales aislantes.<\/li>\n\n\n\n<li>Productos para la salud sexual<\/li>\n\n\n\n<li>colchones<\/li>\n\n\n\n<li>Zapatos y botas<\/li>\n\n\n\n<li>Botellas de agua<\/li>\n\n\n\n<li>Equipo de protecci\u00f3n para las fuerzas del orden, socorristas y bomberos.<\/li>\n\n\n\n<li>bolas y globos<\/li>\n<\/ul>\n\n\n\n<p>Los productores de caucho operan cada vez m\u00e1s en una econom\u00eda global altamente competitiva en la que los productores de todo el mundo emplean estrategias para rebajar los precios y con crecientes restricciones comerciales. La calidad y la entrega del producto siguen siendo \u00e1reas clave de preocupaci\u00f3n.<\/p>\n\n\n\n<h2 class=\"wp-block-heading\">Sostenibilidad en la industria del caucho<\/h2>\n\n\n\n<p>La creciente demanda mundial de caucho ha generado preocupaciones sobre la sostenibilidad de los recursos a largo plazo. El principal impulsor de la demanda de caucho es la industria automovil\u00edstica, que sigue creciendo y consume millones de neum\u00e1ticos cada d\u00eda. Para satisfacer este nivel de demanda, las empresas est\u00e1n aumentando su capacidad de producci\u00f3n. Esto significa que se necesitan nuevas plantaciones de caucho en todo el mundo.<\/p>\n\n\n\n<p>La expansi\u00f3n de las plantaciones de caucho puede tener implicaciones para el medio ambiente, lo que plantea la necesidad de realizar investigaciones sobre responsabilidad social, sostenibilidad, cadenas de suministro, necesidades de los clientes y opiniones de las partes interesadas.<\/p>\n\n\n\n<p>SIS Market <a href=\"https:\/\/www.sisinternational.com\/es\/pericia\/industrias\/investigacion-de-mercado-de-automatizacion-industrial\/\" title=\"Investigaci\u00f3n de mercado de automatizaci\u00f3n industrial\"  data-wpil-monitor-id=\"4818\">Investigaci\u00f3n<\/a> advises companies on best practices for maintaining sustainability and for serving investors and community and industry stakeholders. This benefits the manufacturing processes and the brand&#8217;s position in the market.<\/p>\n\n\n\n<h2 class=\"wp-block-heading\">Beneficios de la investigaci\u00f3n de mercado de la industria del caucho<\/h2>\n\n\n\n<figure class=\"gb-block-image gb-block-image-7794f7e1\"><img loading=\"lazy\" decoding=\"async\" width=\"1456\" height=\"816\" class=\"gb-image gb-image-7794f7e1\" src=\"https:\/\/www.sisinternational.com\/wp-content\/uploads\/2025\/10\/Rubber-3.jpg\" alt=\"Investigaci\u00f3n y estrategia de mercado internacional de SIS\" title=\"Rubber (3)\" srcset=\"https:\/\/www.sisinternational.com\/wp-content\/uploads\/2025\/10\/Rubber-3.jpg 1456w, https:\/\/www.sisinternational.com\/wp-content\/uploads\/2025\/10\/Rubber-3-300x168.jpg 300w, https:\/\/www.sisinternational.com\/wp-content\/uploads\/2025\/10\/Rubber-3-1024x574.jpg 1024w, https:\/\/www.sisinternational.com\/wp-content\/uploads\/2025\/10\/Rubber-3-768x430.jpg 768w, https:\/\/www.sisinternational.com\/wp-content\/uploads\/2025\/10\/Rubber-3-18x10.jpg 18w\" sizes=\"auto, (max-width: 1456px) 100vw, 1456px\"><\/figure>\n\n\n\n<ul class=\"wp-block-list\">\n<li>Fortalece el posicionamiento estrat\u00e9gico de una empresa del sector del caucho<\/li>\n\n\n\n<li>Minimiza el riesgo de inversi\u00f3n<\/li>\n\n\n\n<li>Identifica posibles amenazas y oportunidades.<\/li>\n\n\n\n<li>Descubre las fortalezas y debilidades de los competidores.<\/li>\n\n\n\n<li>Gu\u00eda la planificaci\u00f3n estrat\u00e9gica<\/li>\n\n\n\n<li>Identifica tendencias emergentes<\/li>\n\n\n\n<li>Proporciona a la empresa las herramientas para mantenerse por delante de la competencia.<\/li>\n\n\n\n<li>Ofrece pron\u00f3sticos, proyecciones, recomendaciones y predicciones.<\/li>\n\n\n\n<li>Ilumina las necesidades y demandas de los clientes.<\/li>\n\n\n\n<li>Analiza el panorama del mercado para descubrir amenazas importantes provenientes de la geopol\u00edtica y las regulaciones comerciales.<\/li>\n\n\n\n<li>Descubre puntos de referencia de los principales competidores<\/li>\n<\/ul>\n\n\n\n<h2 class=\"wp-block-heading\">C\u00f3mo descubrimos conocimientos<\/h2>\n\n\n\n<p>SIS cuenta con importantes bases de datos y acceso a los siguientes profesionales de la Industria del Caucho:<\/p>\n\n\n\n<ul class=\"wp-block-list\">\n<li>Qu\u00edmicos de procesos<\/li>\n\n\n\n<li>Mec\u00e1nica Industrial<\/li>\n\n\n\n<li>Tomadores de decisiones<\/li>\n\n\n\n<li>Ejecutivos de nivel C<\/li>\n\n\n\n<li>vicepresidente<\/li>\n\n\n\n<li>T\u00e9cnicos Automotrices<\/li>\n\n\n\n<li>Fabricantes de piezas<\/li>\n\n\n\n<li>Ingenieros Mec\u00e1nicos de Proyectos<\/li>\n\n\n\n<li>Ingenieros de pol\u00edmeros<\/li>\n\n\n\n<li>Gerentes de tienda<\/li>\n\n\n\n<li>Conductores de entrega<\/li>\n\n\n\n<li>Ingenieros Pl\u00e1sticos<\/li>\n\n\n\n<li>Gerentes de Servicio<\/li>\n\n\n\n<li>T\u00e9cnicos en neum\u00e1ticos<\/li>\n\n\n\n<li>Otros<\/li>\n<\/ul>\n\n\n\n<h2 class=\"wp-block-heading\">Acerca de la investigaci\u00f3n de mercado de la industria del caucho<\/h2>\n\n\n\n<figure class=\"gb-block-image gb-block-image-68309510\"><img loading=\"lazy\" decoding=\"async\" width=\"1456\" height=\"816\" class=\"gb-image gb-image-68309510\" src=\"https:\/\/www.sisinternational.com\/wp-content\/uploads\/2025\/10\/Rubber-2.jpg\" alt=\"Investigaci\u00f3n y estrategia de mercado internacional de SIS\" title=\"Rubber (2)\" srcset=\"https:\/\/www.sisinternational.com\/wp-content\/uploads\/2025\/10\/Rubber-2.jpg 1456w, https:\/\/www.sisinternational.com\/wp-content\/uploads\/2025\/10\/Rubber-2-300x168.jpg 300w, https:\/\/www.sisinternational.com\/wp-content\/uploads\/2025\/10\/Rubber-2-1024x574.jpg 1024w, https:\/\/www.sisinternational.com\/wp-content\/uploads\/2025\/10\/Rubber-2-768x430.jpg 768w, https:\/\/www.sisinternational.com\/wp-content\/uploads\/2025\/10\/Rubber-2-18x10.jpg 18w\" sizes=\"auto, (max-width: 1456px) 100vw, 1456px\"><\/figure>\n\n\n\n<p><\/p>\n\n\n\n<p>Goma <a href=\"https:\/\/www.sisinternational.com\/es\/investigacion-de-mercado-de-la-industria-educativa\/\" title=\"Investigaci\u00f3n de mercado de la industria educativa\"  data-wpil-monitor-id=\"1813\">Industry Market Research<\/a> helps maximize profit and minimize risk in business decision making. Market Research can give a company the competitive advantage they need over its competitors. Market Research speaks with customers, competitors, subject matter experts, investors and other key stakeholders to gain incisive data for decision making.<\/p>\n\n\n\n<p>Con m\u00e1s de 38 a\u00f1os de experiencia, SIS Market Research tiene una presencia incomparable en los mercados internacionales. Poseemos las tecnolog\u00edas, herramientas y estrategias para recopilar informaci\u00f3n y comprender las necesidades del cliente. Algunas de nuestras t\u00e9cnicas incluyen encuestas, encuestas cara a cara, entrevistas, grupos focales, etnograf\u00eda, an\u00e1lisis de la industria, an\u00e1lisis de la competencia, comunidades en l\u00ednea, encuestas telef\u00f3nicas, visitas al sitio e investigaci\u00f3n sobre la competencia, y m\u00e1s.<\/p>\n\n\n\n<p>En nuestra divisi\u00f3n de Consultor\u00eda e Investigaci\u00f3n Estrat\u00e9gica, brindamos an\u00e1lisis competitivo, consultor\u00eda de entrada al mercado, investigaci\u00f3n de mercado, evaluaci\u00f3n comparativa, voz del cliente, an\u00e1lisis conjunto, an\u00e1lisis factorial, an\u00e1lisis estad\u00edstico multivariado, evaluaciones de potencial de exportaci\u00f3n y an\u00e1lisis de oportunidades de mercado.<\/p>","protected":false},"excerpt":{"rendered":"<p>La investigaci\u00f3n de mercado de la industria del caucho ayuda a maximizar las ganancias y minimizar el riesgo en la toma de decisiones comerciales.<\/p>","protected":false},"author":1,"featured_media":72078,"parent":14514,"menu_order":154,"comment_status":"closed","ping_status":"closed","template":"","meta":{"footnotes":""},"class_list":["post-41277","page","type-page","status-publish","has-post-thumbnail"],"_links":{"self":[{"href":"https:\/\/www.sisinternational.com\/es\/wp-json\/wp\/v2\/pages\/41277","targetHints":{"allow":["GET"]}}],"collection":[{"href":"https:\/\/www.sisinternational.com\/es\/wp-json\/wp\/v2\/pages"}],"about":[{"href":"https:\/\/www.sisinternational.com\/es\/wp-json\/wp\/v2\/types\/page"}],"author":[{"embeddable":true,"href":"https:\/\/www.sisinternational.com\/es\/wp-json\/wp\/v2\/users\/1"}],"replies":[{"embeddable":true,"href":"https:\/\/www.sisinternational.com\/es\/wp-json\/wp\/v2\/comments?post=41277"}],"version-history":[{"count":6,"href":"https:\/\/www.sisinternational.com\/es\/wp-json\/wp\/v2\/pages\/41277\/revisions"}],"predecessor-version":[{"id":79352,"href":"https:\/\/www.sisinternational.com\/es\/wp-json\/wp\/v2\/pages\/41277\/revisions\/79352"}],"up":[{"embeddable":true,"href":"https:\/\/www.sisinternational.com\/es\/wp-json\/wp\/v2\/pages\/14514"}],"wp:featuredmedia":[{"embeddable":true,"href":"https:\/\/www.sisinternational.com\/es\/wp-json\/wp\/v2\/media\/72078"}],"wp:attachment":[{"href":"https:\/\/www.sisinternational.com\/es\/wp-json\/wp\/v2\/media?parent=41277"}],"curies":[{"name":"wp","href":"https:\/\/api.w.org\/{rel}","templated":true}]}}