{"id":41239,"date":"2023-01-16T05:49:46","date_gmt":"2023-01-16T05:49:46","guid":{"rendered":"https:\/\/www.sisinternational.com\/?page_id=41239"},"modified":"2026-01-24T21:27:21","modified_gmt":"2026-01-25T02:27:21","slug":"investigacion-de-mercado-de-van-westendorp","status":"publish","type":"page","link":"https:\/\/www.sisinternational.com\/es\/soluciones\/investigacion-de-consultoria-estrategica-fintech\/investigacion-de-mercado-de-van-westendorp\/","title":{"rendered":"Investigaci\u00f3n de mercado de Van Westendorp"},"content":{"rendered":"<h1 class=\"wp-block-heading\">Investigaci\u00f3n de mercado de Van Westendorp<\/h1>\n\n\n\n<figure class=\"gb-block-image gb-block-image-efa0901d\"><img loading=\"lazy\" decoding=\"async\" width=\"1456\" height=\"816\" class=\"gb-image gb-image-efa0901d\" src=\"https:\/\/www.sisinternational.com\/wp-content\/uploads\/2025\/08\/Creativity-2.jpg\" alt=\"Investigaci\u00f3n y estrategia de mercado internacional de SIS\" title=\"Creativity (2)\" srcset=\"https:\/\/www.sisinternational.com\/wp-content\/uploads\/2025\/08\/Creativity-2.jpg 1456w, https:\/\/www.sisinternational.com\/wp-content\/uploads\/2025\/08\/Creativity-2-300x168.jpg 300w, https:\/\/www.sisinternational.com\/wp-content\/uploads\/2025\/08\/Creativity-2-1024x574.jpg 1024w, https:\/\/www.sisinternational.com\/wp-content\/uploads\/2025\/08\/Creativity-2-768x430.jpg 768w, https:\/\/www.sisinternational.com\/wp-content\/uploads\/2025\/08\/Creativity-2-18x10.jpg 18w\" sizes=\"auto, (max-width: 1456px) 100vw, 1456px\"><\/figure>\n\n\n\n<p><\/p>\n\n\n\n<hr class=\"wp-block-separator has-alpha-channel-opacity\"\/>\n\n\n\n<h2 class=\"wp-block-heading\">La importancia de la investigaci\u00f3n de mercados de precios<\/h2>\n\n\n\n<p>It is common to face challenges if your product is too expensive or cheap. Products priced higher than expectations may not be consumed, while products priced lower than expectations will generate distrust about their quality. Therefore, correctly pricing is crucial for your brand. <a class=\"wpil_keyword_link\" href=\"https:\/\/www.sisinternational.com\/es\/soluciones\/investigacion-de-consultoria-estrategica-fintech\/investigacion-de-mercado-de-precios\/\"   title=\"Investigaci\u00f3n de mercado de precios\" data-wpil-keyword-link=\"linked\"  data-wpil-monitor-id=\"404\">Investigaci\u00f3n de mercado de precios<\/a> helps companies to become more profitable and efficient in satisfying their customers. Understanding how customers perceive value (benefits versus risk) is essential to business growth.<\/p>\n\n\n\n<p>Si bien algunos empresarios y gerentes de empresas tienden a fijar precios mediante prueba, error e intuici\u00f3n, existe un enfoque m\u00e1s cient\u00edfico que puede ayudar a maximizar las ganancias y la satisfacci\u00f3n del cliente. La investigaci\u00f3n de mercado de Van Westendrop es un m\u00e9todo s\u00f3lido para ayudar a optimizar los precios a trav\u00e9s de la precisi\u00f3n estad\u00edstica y tambi\u00e9n para ayudar a aumentar las ganancias.<\/p>\n\n\n\n<h2 class=\"wp-block-heading\">\u00bfQu\u00e9 es la investigaci\u00f3n de mercado de Van Westendorp?<\/h2>\n\n\n\n<p>El an\u00e1lisis de precios de Van Westendrop se compone de cuatro preguntas:<\/p>\n\n\n\n<ol class=\"wp-block-list\">\n<li>\u00bfA qu\u00e9 precio considerar\u00eda usted que el producto es demasiado caro como para plantearse no comprarlo?;<\/li>\n\n\n\n<li>\u00bfA qu\u00e9 precio considerar\u00eda que el producto tiene un precio demasiado bajo y por ello sentir\u00eda que la calidad del producto o servicio es mala?;<\/li>\n\n\n\n<li>\u00bfA qu\u00e9 precio considerar\u00eda que el producto se vuelve demasiado caro? No est\u00e1 descartado, pero habr\u00eda que pensar un poco en comprarlo.<\/li>\n\n\n\n<li>\u00bfA qu\u00e9 precio considerar\u00eda que el producto es una ganga, una excelente compra por su dinero?<\/li>\n<\/ol>\n\n\n\n<p>Responder a esas preguntas no es f\u00e1cil y puede requerir una investigaci\u00f3n de mercado de precios, como cuestionarios, an\u00e1lisis cuantitativos\/cualitativos, etc. Cuando se hace correctamente, el resultado de las respuestas generar\u00e1 un gr\u00e1fico que se puede utilizar para analizar los precios.<\/p>\n\n\n\n<h2 class=\"wp-block-heading\">C\u00f3mo utilizar la investigaci\u00f3n de mercado de Van Westendorp<\/h2>\n\n\n\n<figure class=\"gb-block-image gb-block-image-b5167f6f\"><img loading=\"lazy\" decoding=\"async\" width=\"1456\" height=\"816\" class=\"gb-image gb-image-b5167f6f\" src=\"https:\/\/www.sisinternational.com\/wp-content\/uploads\/2025\/08\/Computer-Assisted-Telephone-Interviewing-3.jpg\" alt=\"Investigaci\u00f3n y estrategia de mercado internacional de SIS\" title=\"Computer Assisted Telephone Interviewing (3)\" srcset=\"https:\/\/www.sisinternational.com\/wp-content\/uploads\/2025\/08\/Computer-Assisted-Telephone-Interviewing-3.jpg 1456w, https:\/\/www.sisinternational.com\/wp-content\/uploads\/2025\/08\/Computer-Assisted-Telephone-Interviewing-3-300x168.jpg 300w, https:\/\/www.sisinternational.com\/wp-content\/uploads\/2025\/08\/Computer-Assisted-Telephone-Interviewing-3-1024x574.jpg 1024w, https:\/\/www.sisinternational.com\/wp-content\/uploads\/2025\/08\/Computer-Assisted-Telephone-Interviewing-3-768x430.jpg 768w, https:\/\/www.sisinternational.com\/wp-content\/uploads\/2025\/08\/Computer-Assisted-Telephone-Interviewing-3-18x10.jpg 18w\" sizes=\"auto, (max-width: 1456px) 100vw, 1456px\"><\/figure>\n\n\n\n<p><\/p>\n\n\n\n<p>Es importante darse cuenta de que muchos factores pueden influir en las cuestiones de precios: demanda, escasez, valor, t\u00e9cnicas publicitarias, etc. Las preguntas clave sobre precios incluyen las siguientes:<\/p>\n\n\n\n<ol class=\"wp-block-list\">\n<li>\u00bfMi producto tiene un precio demasiado alto?<\/li>\n\n\n\n<li>\u00bfMi producto tiene un precio demasiado bajo?<\/li>\n\n\n\n<li>\u00bfSe considera el precio de mi producto lo suficientemente alto como para que la gente piense que es premium?<\/li>\n\n\n\n<li>\u00bfSe considera que el precio de mi producto es lo suficientemente bajo como para que la gente piense que deber\u00eda comprarlo inmediatamente?<\/li>\n<\/ol>\n\n\n\n<p>El punto convergente de la diferencia entre ser \u201cdemasiado caro\u201d y \u201clo suficientemente caro\u201d, o \u201cdemasiado barato\u201d y \u201cuna ganga\u201d, es d\u00f3nde desea estar con su producto.<\/p>\n\n\n\n<h2 class=\"wp-block-heading\">Generando valor<\/h2>\n\n\n\n<p>Los clientes son conscientes de que tienen m\u00faltiples oportunidades para comprar el producto o servicio deseado. Encontrar el punto \u00f3ptimo entre costo-beneficio, originalidad y valor es la respuesta a \u201cpor qu\u00e9 la gente elegir\u00eda MI producto en lugar de millones de otros\u201d; y para ello es necesario comprender el concepto de valor.<\/p>\n\n\n\n<p>Value can be defined as what the customer will get in exchange for their money (benefits minus risk). Value can also refer to what the company will get in exchange for its product.<\/p>\n\n\n\n<p>Market Research dives even deeper to understand value \u2014 benefits minus risk \u2014 by understanding in-depth and measuring precisely how customers quantify the value of benefits. Examples of benefits include emotional connections and functional benefits (e.g., do the features work as intended). Pricing research and customer value analysis can help answer questions such as: Is the product desirable? Do I need it? How do consumers interact with that product? And many more questions. Pricing Market Research can help better understand Willingness to Pay, product volume and customer segmentation.<\/p>\n\n\n\n<p>Other variables in pricing, such as seasonality, that Market Research can help address. For instance, if you are selling umbrellas, their value increases on a rainy day, and prices can be adjusted to boost profit. But by how much?<\/p>\n\n\n\n<h2 class=\"wp-block-heading\">Marca<\/h2>\n\n\n\n<p>Pricing communicates value and is essential for branding, new product launches, profitability, marketing strategy, Return on Investment (ROI), operational efficiency, customer acquisition, customer retention and consistent revenue generation.<\/p>\n\n\n\n<p>The relationship between pricing and product placement is also very important for your business. If your advertisements target a group of people with fine tastes, the pricing should be appropriate for those segments or personas.<\/p>\n\n\n\n<h2 class=\"wp-block-heading\">Un ejemplo de investigaci\u00f3n de mercado de Van Westendorp<\/h2>\n\n\n\n<figure class=\"gb-block-image gb-block-image-0526f099\"><img loading=\"lazy\" decoding=\"async\" width=\"1456\" height=\"816\" class=\"gb-image gb-image-0526f099\" src=\"https:\/\/www.sisinternational.com\/wp-content\/uploads\/2025\/09\/Quantitative-research-17.jpg\" alt=\"Investigaci\u00f3n y estrategia de mercado internacional de SIS\" title=\"Quantitative research (17)\" srcset=\"https:\/\/www.sisinternational.com\/wp-content\/uploads\/2025\/09\/Quantitative-research-17.jpg 1456w, https:\/\/www.sisinternational.com\/wp-content\/uploads\/2025\/09\/Quantitative-research-17-300x168.jpg 300w, https:\/\/www.sisinternational.com\/wp-content\/uploads\/2025\/09\/Quantitative-research-17-1024x574.jpg 1024w, https:\/\/www.sisinternational.com\/wp-content\/uploads\/2025\/09\/Quantitative-research-17-768x430.jpg 768w, https:\/\/www.sisinternational.com\/wp-content\/uploads\/2025\/09\/Quantitative-research-17-18x10.jpg 18w\" sizes=\"auto, (max-width: 1456px) 100vw, 1456px\"><\/figure>\n\n\n\n<p><\/p>\n\n\n\n<p>Let us say your company sells handmade organic fried potatoes, and you have identified your target segment and understand their needs. For example, your results may look like the following:<\/p>\n\n\n\n<ol class=\"wp-block-list\">\n<li>$12 por paquete es demasiado caro y la mayor\u00eda de la gente no lo comprar\u00eda;<\/li>\n\n\n\n<li>$2 por paquete es demasiado barato y la mayor\u00eda de la gente dudar\u00eda de que sean realmente hechos a mano y org\u00e1nicos;<\/li>\n\n\n\n<li>$9 por un paquete despertar\u00eda la curiosidad de la mayor\u00eda de la gente y lo comprar\u00edan, pero si las patatas no son las patatas m\u00e1s deliciosas que jam\u00e1s hayan probado, no volver\u00e1n a comprarlas y dejar\u00e1n comentarios negativos;<\/li>\n\n\n\n<li>$5 por paquete har\u00eda que la mayor\u00eda de la gente pensara que es honestamente barato y probablemente lo probar\u00edan.<\/li>\n<\/ol>\n\n\n\n<p>While intuitively, it might seem great to be at $5 or $9, you are actually wasting potential profit by selling at that price. Usually, the product price has to target the intersections and relationships between those points, where it is getting too cheap or too expensive.<\/p>\n\n\n\n<p>Now, it is also not correct to declare that $6.50 is the perfect price because we did not go deep enough to understand the product dynamics, brand considerations, or market landscape. Van Westendorp Market Research only gets you that far. Market Research helps provide nuance to the findings.<\/p>\n\n\n\n<h2 class=\"wp-block-heading\">Acerca de la investigaci\u00f3n de mercado de Van Westendorp<\/h2>\n\n\n\n<p><a href=\"https:\/\/www.sisinternational.com\/es\/soluciones\/soluciones-de-investigacion-cualitativa-cuantitativa\/van-westendorp-price-sensitivity-meter\/\" title=\"Van Westendorp Price Sensitivity Meter\"  data-wpil-monitor-id=\"1165\">Investigaci\u00f3n de mercado de Van Westendorp<\/a> is a useful tool for understanding product pricing and value. It provides helpful statistics and insight into branding, strategy, products, and marketing effectiveness. To generate a full view of a marketing strategy, it is important to add nuance from the market landscape, customer recommendations, and customer opinions in addition to the Van Westendorp measurements.<\/p>\n\n\n\n<p>Van Westerndorp helps companies maximize profits and provide customers with perceived value. The more research conducted, the better the results. Brand or product launches that disregard the science of pricing have a greater chance of failure\u2014and, understandably, of not maximizing profit.<\/p>\n\n\n\n<p>SIS International Research has conducted Van Westendorp <a href=\"https:\/\/www.sisinternational.com\/es\/pericia\/industrias\/investigacion-de-mercado-municipal\/\" title=\"Investigaci\u00f3n de Mercado Municipal\"  data-wpil-monitor-id=\"3472\">Mercado<\/a> Research and Quantitative Pricing Market Research for decades. Contact us for your next Van Westendorp Market Research project.<\/p>\n\n\n\n<h2 class=\"wp-block-heading\">Nuestra ubicaci\u00f3n de instalaciones en Nueva York<\/h2>\n\n\n\n<p>\n\n\n\n<iframe loading=\"lazy\" src=\"https:\/\/www.google.com\/maps\/embed?pb=!1m18!1m12!1m3!1d3022.976188376966!2d-73.99130312499956!3d40.740549471389315!2m3!1f0!2f0!3f0!3m2!1i1024!2i768!4f13.1!3m3!1m2!1s0x89c259a15798c731%3A0xd695d09bdd495f25!2s11%20E%2022nd%20St%20FL%202%2C%20New%20York%2C%20NY%2010010%2C%20USA!5e0!3m2!1sen!2spe!4v1726171763526!5m2!1sen!2spe\" width=\"600\" height=\"450\" allowfullscreen=\"allowfullscreen\" data-mce-fragment=\"1\"><\/iframe>\n\n\n\n<\/p>\n\n\n\n<h3 class=\"wp-block-heading\">11 E 22nd Street, piso 2, Nueva York, NY 10010 T: +1(212) 505-6805<\/h3>\n\n\n\n<hr class=\"wp-block-separator has-alpha-channel-opacity\"\/>\n\n\n\n<h2 class=\"wp-block-heading\"><span style=\"font-weight: 400;\">Acerca de SIS Internacional<\/span><\/h2>\n\n\n\n<p><a href=\"https:\/\/www.sisinternational.com\/es\/\"><span style=\"font-weight: 400;\">SIS Internacional<\/span><\/a><span style=\"font-weight: 400;\"> ofrece investigaci\u00f3n cuantitativa, cualitativa y estrat\u00e9gica. Proporcionamos datos, herramientas, estrategias, informes y conocimientos para la toma de decisiones. Tambi\u00e9n realizamos entrevistas, encuestas, grupos focales y otros m\u00e9todos y enfoques de investigaci\u00f3n de mercado.<\/span><a href=\"https:\/\/www.sisinternational.com\/es\/sobre-la-investigacion-internacional-de-sis\/contact-sis-international-market-research\/\"><span style=\"font-weight: 400;\"> P\u00f3ngase en contacto con nosotros<\/span><\/a><span style=\"font-weight: 400;\"> para su pr\u00f3ximo proyecto de Investigaci\u00f3n de Mercado.<\/span><\/p>","protected":false},"excerpt":{"rendered":"<p>Van Westendorp Market Research es un m\u00e9todo para medir la sensibilidad al precio. Cont\u00e1ctenos para su pr\u00f3ximo proyecto de investigaci\u00f3n de mercado de Van Westendorp.<\/p>","protected":false},"author":1,"featured_media":62642,"parent":27462,"menu_order":42,"comment_status":"closed","ping_status":"closed","template":"","meta":{"footnotes":""},"class_list":["post-41239","page","type-page","status-publish","has-post-thumbnail"],"_links":{"self":[{"href":"https:\/\/www.sisinternational.com\/es\/wp-json\/wp\/v2\/pages\/41239","targetHints":{"allow":["GET"]}}],"collection":[{"href":"https:\/\/www.sisinternational.com\/es\/wp-json\/wp\/v2\/pages"}],"about":[{"href":"https:\/\/www.sisinternational.com\/es\/wp-json\/wp\/v2\/types\/page"}],"author":[{"embeddable":true,"href":"https:\/\/www.sisinternational.com\/es\/wp-json\/wp\/v2\/users\/1"}],"replies":[{"embeddable":true,"href":"https:\/\/www.sisinternational.com\/es\/wp-json\/wp\/v2\/comments?post=41239"}],"version-history":[{"count":7,"href":"https:\/\/www.sisinternational.com\/es\/wp-json\/wp\/v2\/pages\/41239\/revisions"}],"predecessor-version":[{"id":77682,"href":"https:\/\/www.sisinternational.com\/es\/wp-json\/wp\/v2\/pages\/41239\/revisions\/77682"}],"up":[{"embeddable":true,"href":"https:\/\/www.sisinternational.com\/es\/wp-json\/wp\/v2\/pages\/27462"}],"wp:featuredmedia":[{"embeddable":true,"href":"https:\/\/www.sisinternational.com\/es\/wp-json\/wp\/v2\/media\/62642"}],"wp:attachment":[{"href":"https:\/\/www.sisinternational.com\/es\/wp-json\/wp\/v2\/media?parent=41239"}],"curies":[{"name":"wp","href":"https:\/\/api.w.org\/{rel}","templated":true}]}}