{"id":41223,"date":"2023-01-16T04:07:39","date_gmt":"2023-01-16T04:07:39","guid":{"rendered":"https:\/\/www.sisinternational.com\/?page_id=41223"},"modified":"2026-01-27T15:20:07","modified_gmt":"2026-01-27T20:20:07","slug":"analisis-de-conglomerados-investigacion-de-mercado","status":"publish","type":"page","link":"https:\/\/www.sisinternational.com\/es\/soluciones\/soluciones-de-investigacion-cualitativa-cuantitativa\/analisis-de-conglomerados-investigacion-de-mercado\/","title":{"rendered":"An\u00e1lisis de conglomerados Investigaci\u00f3n de mercado"},"content":{"rendered":"<h1 class=\"wp-block-heading\">\u00bfQu\u00e9 es el an\u00e1lisis de conglomerados?<\/h1>\n\n\n\n<figure class=\"gb-block-image gb-block-image-9bf2cb72\"><img loading=\"lazy\" decoding=\"async\" width=\"1456\" height=\"816\" class=\"gb-image gb-image-9bf2cb72\" src=\"https:\/\/www.sisinternational.com\/wp-content\/uploads\/2025\/10\/Pricing-Analytics-1.jpg\" srcset=\"https:\/\/www.sisinternational.com\/wp-content\/uploads\/2025\/10\/Pricing-Analytics-1.jpg 1456w, https:\/\/www.sisinternational.com\/wp-content\/uploads\/2025\/10\/Pricing-Analytics-1-300x168.jpg 300w, https:\/\/www.sisinternational.com\/wp-content\/uploads\/2025\/10\/Pricing-Analytics-1-1024x574.jpg 1024w, https:\/\/www.sisinternational.com\/wp-content\/uploads\/2025\/10\/Pricing-Analytics-1-768x430.jpg 768w, https:\/\/www.sisinternational.com\/wp-content\/uploads\/2025\/10\/Pricing-Analytics-1-18x10.jpg 18w\" sizes=\"auto, (max-width: 1456px) 100vw, 1456px\" alt=\"Investigaci\u00f3n y estrategia de mercado internacional de SIS\"><\/figure>\n\n\n\n<p><\/p>\n\n\n\n<p>El an\u00e1lisis de conglomerados es una t\u00e9cnica que explora los grupos naturales dentro de un conjunto de datos. Por ejemplo, un caso de uso simple es agrupar puntos de venta seg\u00fan sus ventas. Supongamos que una tienda de plantas tiene ocho puntos de venta en la ciudad. La siguiente tabla muestra las ventas de plantas de rosas y orqu\u00eddeas por d\u00eda.<\/p>\n\n\n\n<p>Este ejemplo tiene puntos de datos limitados. Por lo tanto, fue f\u00e1cil trazar los dos grupos de tiendas de plantas en el gr\u00e1fico y ver las im\u00e1genes. Cuando se trata de miles de puntos de datos, necesitar\u00e1 utilizar algoritmos de an\u00e1lisis de conglomerados. Segregar\u00e1n a\u00fan m\u00e1s los puntos de datos en diferentes grupos.<\/p>\n\n\n\n<h2 class=\"wp-block-heading\">\u00bfPor qu\u00e9 es importante el an\u00e1lisis de conglomerados?<\/h2>\n\n\n\n<p>Con la agrupaci\u00f3n, los investigadores pueden identificar y definir patrones entre elementos de datos. Adem\u00e1s, revelar estos patrones entre puntos de datos ayuda a distinguir y delinear estructuras. Es posible que estas estructuras no hayan sido evidentes antes. Sin embargo, son notables para los datos una vez descubiertos. La toma de decisiones informadas se vuelve mucho m\u00e1s f\u00e1cil una vez que surge una estructura definida.<\/p>\n\n\n\n<h2 class=\"wp-block-heading\">T\u00edtulo del puesto clave: cient\u00edfico de datos<\/h2>\n\n\n\n<p>Los cient\u00edficos de datos deben saber estad\u00edsticas, matem\u00e1ticas, an\u00e1lisis empresarial, modelado y tecnolog\u00eda. Adem\u00e1s, deben transformar grandes vol\u00famenes de datos complejos en soluciones anal\u00edticas avanzadas. Estos cient\u00edficos desarrollan, mantienen y recopilan conjuntos de datos estructurados y no estructurados. Utilizan estos conjuntos para analizar, informar y crear proyecciones, modelos, informes y visualizaciones. Estos respaldan las t\u00e1cticas y estrategias comerciales de la empresa.<\/p>\n\n\n\n<h2 class=\"wp-block-heading\">Por qu\u00e9 las empresas necesitan un an\u00e1lisis de conglomerados<\/h2>\n\n\n\n<p>El an\u00e1lisis de conglomerados ayuda a las empresas a determinar la respuesta de los clientes a sus productos y servicios. Organiza a los clientes con los mismos atributos en un grupo. Por tanto, permite a las empresas organizar sus servicios. Tambi\u00e9n pueden ofrecer productos espec\u00edficos a diferentes grupos. Es \u00fatil para las empresas comprender el comportamiento del consumidor. Aprenden cosas como los gustos de los clientes. Tambi\u00e9n pueden ver su respuesta a productos y servicios y patrones de compra.<\/p>\n\n\n\n<h2 class=\"wp-block-heading\">Factores claves del \u00e9xito<\/h2>\n\n\n\n<p>Un m\u00e9todo adecuado producir\u00e1 racimos de alta calidad. Por lo tanto, sus hallazgos deber\u00edan ser similares para un solo grupo. Lo contrario deber\u00eda ocurrir cuando hay m\u00e1s de un cluster. La calidad de los conjuntos depende del m\u00e9todo y de c\u00f3mo lo ejecutes. Su enfoque tambi\u00e9n deber\u00eda descubrir algunos o todos los patrones ocultos que puedan existir dentro de los datos. La medida m\u00e1s com\u00fan para los conglomerados es la distancia euclidiana. Muestra qu\u00e9 tan lejos est\u00e1 el centro de un grupo del centro de otro conjunto.<\/p>\n\n\n\n<h2 class=\"wp-block-heading\">Acerca de la investigaci\u00f3n de mercado del an\u00e1lisis de conglomerados<\/h2>\n\n\n\n<p>La investigaci\u00f3n de mercado cualitativa a\u00f1ade profundidad. Pero puede producir grandes cantidades de datos complejos incluso con muestras peque\u00f1as. Puede aplicar el an\u00e1lisis de conglomerados a datos cualitativos codificados para aclarar los hallazgos. Le ayudar\u00e1 en sus esfuerzos por revelar cosas como los motivos de las acciones de los participantes. Tambi\u00e9n le mostrar\u00e1 las razones detr\u00e1s de los hallazgos que, en la portada, no tienen sentido. Los estudios realizados con diferentes muestras suelen producir toneladas de datos cualitativos. Pero es posible que necesiten m\u00e1s tama\u00f1os de muestra para una investigaci\u00f3n de mercado cuantitativa avanzada.<\/p>\n\n\n\n<p>UX Market Research is also crucial. You can gain insights with User Interviews, <a href=\"https:\/\/www.sisinternational.com\/es\/soluciones\/soluciones-de-investigacion-cualitativa-cuantitativa\/k-means-cluster-analysis-in-market-research\/\" title=\"K-Means Cluster Analysis in Market Research\"  data-wpil-monitor-id=\"1604\">Investigaci\u00f3n de entrada al mercado<\/a>, Analytics, and Surveys. Combining these tactics should provide a solid overview of your user base.<\/p>\n\n\n\n<p>Cluster Analysis is also great for <a href=\"https:\/\/www.sisinternational.com\/es\/soluciones\/soluciones-de-investigacion-cualitativa-cuantitativa\/mastering-conjoint-analysis-research-strategies-for-market-success\/\" title=\"Conjoint Analysis Research\"  data-wpil-monitor-id=\"1024\">Investigaci\u00f3n de oportunidades de mercado<\/a>. You can find <a href=\"https:\/\/www.sisinternational.com\/es\/como-realizar-un-analisis-competitivo\/\" title=\"An\u00e1lisis competitivo en marketing\"  data-wpil-monitor-id=\"7273\">competitive sets in your market<\/a> by clustering products and brands. Brands within a cluster compete more with one another than brands in another group. As a company, you can examine your current offerings and compare them to those of rival firms. That way, they can see what\u2019s possible with new product opportunities.<\/p>\n\n\n\n<p>El an\u00e1lisis de conglomerados es funcional. Muchos investigadores de mercado lo utilizan para el posicionamiento y la segmentaci\u00f3n del mercado. Tambi\u00e9n lo utilizan para encontrar mercados de prueba para nuevos productos. Existen varios programas de software para ayudar con la parte de an\u00e1lisis. Pero es mejor asociarse con un investigador de mercado capacitado que pueda dise\u00f1ar el estudio para recopilar los datos relevantes. De esa manera, puede estar seguro de que sus datos provienen de tama\u00f1os de muestra adecuados y representativos.<\/p>\n\n\n\n<p><\/p>","protected":false},"excerpt":{"rendered":"<p>An\u00e1lisis de conglomerados La investigaci\u00f3n de mercado es funcional y se utiliza para el posicionamiento y segmentaci\u00f3n del mercado y para encontrar mercados de prueba para nuevos productos. <\/p>","protected":false},"author":1,"featured_media":71795,"parent":14660,"menu_order":35,"comment_status":"closed","ping_status":"closed","template":"","meta":{"footnotes":""},"class_list":["post-41223","page","type-page","status-publish","has-post-thumbnail"],"_links":{"self":[{"href":"https:\/\/www.sisinternational.com\/es\/wp-json\/wp\/v2\/pages\/41223","targetHints":{"allow":["GET"]}}],"collection":[{"href":"https:\/\/www.sisinternational.com\/es\/wp-json\/wp\/v2\/pages"}],"about":[{"href":"https:\/\/www.sisinternational.com\/es\/wp-json\/wp\/v2\/types\/page"}],"author":[{"embeddable":true,"href":"https:\/\/www.sisinternational.com\/es\/wp-json\/wp\/v2\/users\/1"}],"replies":[{"embeddable":true,"href":"https:\/\/www.sisinternational.com\/es\/wp-json\/wp\/v2\/comments?post=41223"}],"version-history":[{"count":6,"href":"https:\/\/www.sisinternational.com\/es\/wp-json\/wp\/v2\/pages\/41223\/revisions"}],"predecessor-version":[{"id":80920,"href":"https:\/\/www.sisinternational.com\/es\/wp-json\/wp\/v2\/pages\/41223\/revisions\/80920"}],"up":[{"embeddable":true,"href":"https:\/\/www.sisinternational.com\/es\/wp-json\/wp\/v2\/pages\/14660"}],"wp:featuredmedia":[{"embeddable":true,"href":"https:\/\/www.sisinternational.com\/es\/wp-json\/wp\/v2\/media\/71795"}],"wp:attachment":[{"href":"https:\/\/www.sisinternational.com\/es\/wp-json\/wp\/v2\/media?parent=41223"}],"curies":[{"name":"wp","href":"https:\/\/api.w.org\/{rel}","templated":true}]}}