{"id":41221,"date":"2023-01-16T03:48:50","date_gmt":"2023-01-16T03:48:50","guid":{"rendered":"https:\/\/www.sisinternational.com\/?page_id=41221"},"modified":"2026-01-26T14:24:01","modified_gmt":"2026-01-26T19:24:01","slug":"investigacion-de-mercado-de-modelos-de-eleccion","status":"publish","type":"page","link":"https:\/\/www.sisinternational.com\/es\/soluciones\/soluciones-de-investigacion-cualitativa-cuantitativa\/investigacion-de-mercado-de-modelos-de-eleccion\/","title":{"rendered":"Investigaci\u00f3n de mercado de modelos de elecci\u00f3n"},"content":{"rendered":"<h1 class=\"wp-block-heading\">Investigaci\u00f3n de mercado de modelos de elecci\u00f3n<\/h1>\n\n\n<div class=\"wp-block-image\">\n<figure class=\"aligncenter size-large\"><img loading=\"lazy\" decoding=\"async\" width=\"1024\" height=\"574\" src=\"https:\/\/www.sisinternational.com\/wp-content\/uploads\/2025\/10\/analysis-analytics-research-11-1024x574.jpg\" alt=\"Investigaci\u00f3n y estrategia de mercado internacional de SIS\" class=\"wp-image-71909\" srcset=\"https:\/\/www.sisinternational.com\/wp-content\/uploads\/2025\/10\/analysis-analytics-research-11-1024x574.jpg 1024w, https:\/\/www.sisinternational.com\/wp-content\/uploads\/2025\/10\/analysis-analytics-research-11-300x168.jpg 300w, https:\/\/www.sisinternational.com\/wp-content\/uploads\/2025\/10\/analysis-analytics-research-11-768x430.jpg 768w, https:\/\/www.sisinternational.com\/wp-content\/uploads\/2025\/10\/analysis-analytics-research-11-18x10.jpg 18w, https:\/\/www.sisinternational.com\/wp-content\/uploads\/2025\/10\/analysis-analytics-research-11.jpg 1456w\" sizes=\"auto, (max-width: 1024px) 100vw, 1024px\" \/><\/figure>\n<\/div>\n\n\n<p><\/p>\n\n\n\n<p>La investigaci\u00f3n de mercado cuantitativa es un m\u00e9todo de investigaci\u00f3n abierto basado en preguntas. Se basa en entrevistas en profundidad, grupos focales y otras t\u00e9cnicas de vanguardia. \u00bfCu\u00e1l es la diferencia entre investigaci\u00f3n cuantitativa y cualitativa?<\/p>\n\n\n\n<p>La investigaci\u00f3n de mercados cuantitativa plantea preguntas con un valor num\u00e9rico. Por ejemplo, \u201cEn una escala del 1 al 5, \u00bfc\u00f3mo fue tu experiencia de servicio al cliente? Otra pregunta podr\u00eda ser: &quot;\u00bfCu\u00e1l es su salario anual?&quot;<\/p>\n\n\n\n<p>La investigaci\u00f3n cualitativa plantea preguntas que no se pueden reducir a un n\u00famero. Por ejemplo, &quot;\u00bfCu\u00e1l es tu puesto de trabajo?&quot; o &quot;\u00bfQu\u00e9 es lo que m\u00e1s te gust\u00f3 de nuestro servicio hoy?&quot;<\/p>\n\n\n\n<p>El investigador que busca resultados cient\u00edficos se apoyar\u00e1 en la Investigaci\u00f3n Cuantitativa. Tiende a ser m\u00e1s imparcial. Lo eligen porque es:<\/p>\n\n\n\n<ul class=\"wp-block-list\">\n<li>M\u00e1s f\u00e1cil de controlar los datos.<\/li>\n\n\n\n<li>Imparcial y cient\u00edfico<\/li>\n\n\n\n<li>Adecuado para una audiencia m\u00e1s amplia<\/li>\n\n\n\n<li>M\u00e1s ampliamente aceptado<\/li>\n\n\n\n<li>M\u00e1s centrado porque los investigadores suelen utilizarlo para probar una teor\u00eda.<\/li>\n<\/ul>\n\n\n\n<h2 class=\"wp-block-heading\">\u00bfQu\u00e9 es la investigaci\u00f3n de mercado de modelos de elecci\u00f3n?<\/h2>\n\n\n\n<p><a href=\"https:\/\/www.sisinternational.com\/es\/soluciones\/soluciones-de-investigacion-cualitativa-cuantitativa\/enhancing-product-appeal-through-consumer-choice-modeling\/\" title=\"Consumer Choice Modeling\"  data-wpil-monitor-id=\"1190\">Choice Modeling is a Quantitative Research<\/a> technique used to measure what consumers like. It\u2019s different from standard Surveys and Market Research methods. Moreover, these methods only capture a rough picture of consumer intentions, often not supported by science. Choice Modeling uses a controlled trial run, which finds and measures the factors that lead to a decision. It does so even outside the conscious awareness of the respondents.<\/p>\n\n\n\n<h2 class=\"wp-block-heading\">\u00bfPor qu\u00e9 es importante el modelo de elecci\u00f3n?<\/h2>\n\n\n\n<p>Choice Modeling allows firms to gauge consumer demand. It tells them why they make the choices they do. You can apply Choice Modeling in many ways. You can use it to measure the demand for an existing product or <a href=\"https:\/\/www.sisinternational.com\/es\/industry-forecast\/financial-services-forecast\/\" title=\"Financial Services Forecast\"  data-wpil-monitor-id=\"3826\">service or to forecast<\/a> the need for new ones. It allows you to explore vast numbers of possible configurations to the order of many, many trillions. <a href=\"https:\/\/www.sisinternational.com\/es\/soluciones\/soluciones-de-investigacion-cualitativa-cuantitativa\/discrete-choice-in-market-research\/\" title=\"Discrete Choice in Market Research\"  data-wpil-monitor-id=\"899\">Modelado de elecci\u00f3n<\/a> would not work with standard research methods.<\/p>\n\n\n\n<h2 class=\"wp-block-heading\">\u00bfPor qu\u00e9 las empresas necesitan modelos de elecci\u00f3n?<\/h2>\n\n\n\n<p>Choice Modeling le indica qu\u00e9 es importante para sus compradores y compradores potenciales. Sigue sus acciones al tomar decisiones de compra. Comience a utilizar Choice Modeling hoy para probar las caracter\u00edsticas del producto en busca de valor impl\u00edcito. \u00daselo para comprobar el \u00e9xito de las campa\u00f1as de marketing, establecer estrategias de precios y m\u00e1s. SIS International tiene una variedad de servicios disponibles, que incluyen investigaci\u00f3n de mercado de UX y planificaci\u00f3n de estrategias de comercializaci\u00f3n.<\/p>\n\n\n\n<h2 class=\"wp-block-heading\">Acerca de la investigaci\u00f3n de mercado de modelos de elecci\u00f3n<\/h2>\n\n\n\n<p>Los m\u00e9todos est\u00e1ndar pueden ahorrarle mucho tiempo y energ\u00eda. Sin embargo, es posible que los datos no sean tan espec\u00edficos de su audiencia como le gustar\u00eda. Utilice Choice Modeling para responder preguntas sobre tendencias de la industria, ingresos de los hogares y datos demogr\u00e1ficos.<\/p>\n\n\n\n<p>Puede realizar una investigaci\u00f3n de mercado cualitativa de varias formas. Por ejemplo, puede utilizar grupos focales, encuestas y entrevistas en profundidad. Los investigadores hacen un uso extensivo de las entrevistas en la investigaci\u00f3n de mercados. Son una de las formas de recopilaci\u00f3n de datos m\u00e1s utilizadas en la investigaci\u00f3n de mercados cuantitativa.<\/p>\n\n\n\n<p>Las encuestas online son otra t\u00e9cnica com\u00fan de investigaci\u00f3n de mercado. Son vitales para recopilar comentarios de la audiencia. Funcionan bien para grandes audiencias. Pero Choice Modeling le brinda el meollo de la cuesti\u00f3n. Los investigadores lo han utilizado para observar los efectos de cambios sutiles en el dise\u00f1o y la redacci\u00f3n. Incluso lo han utilizado para medir el valor directo en d\u00f3lares de las marcas.<\/p>\n\n\n\n<h2 class=\"wp-block-heading\">Contratar un investigador para su negocio<\/h2>\n\n\n\n<p>Preguntar usted mismo a los clientes puede darle una idea matizada de su mercado objetivo. Sin embargo, la investigaci\u00f3n directa puede resultar costosa y consumir mucho tiempo. Pero cada t\u00e1ctica tiene ventajas e inconvenientes. Los investigadores expertos saben c\u00f3mo manejar cada m\u00e9todo para obtener los mejores resultados.<\/p>\n\n\n\n<p>The right mix will address the unique needs of your firm. It will consider the timeframe, desired impact, scope, and budget. There\u2019s no one-size-fits-all answer. Resist the urge to base your approach only on what your <a href=\"https:\/\/www.sisinternational.com\/es\/soluciones\/soluciones-de-branding-e-investigacion-de-clientes\/narracion-de-historias-investigacion-de-mercado\/\" title=\"Investigaci\u00f3n de mercado de narraci\u00f3n de historias\"  data-wpil-monitor-id=\"5953\">market researcher tells<\/a> you. Instead, work along with them to figure out what your business requires. It will also help you figure out what the market research process demands.<\/p>\n\n\n\n<p><\/p>","protected":false},"excerpt":{"rendered":"<p> Investigaci\u00f3n de mercado de modelos de elecci\u00f3n; una t\u00e9cnica de investigaci\u00f3n cuantitativa utilizada para medir lo que les gusta a los consumidores, diferente de las encuestas est\u00e1ndar.<\/p>","protected":false},"author":1,"featured_media":71909,"parent":14660,"menu_order":34,"comment_status":"closed","ping_status":"closed","template":"","meta":{"footnotes":""},"class_list":["post-41221","page","type-page","status-publish","has-post-thumbnail"],"_links":{"self":[{"href":"https:\/\/www.sisinternational.com\/es\/wp-json\/wp\/v2\/pages\/41221","targetHints":{"allow":["GET"]}}],"collection":[{"href":"https:\/\/www.sisinternational.com\/es\/wp-json\/wp\/v2\/pages"}],"about":[{"href":"https:\/\/www.sisinternational.com\/es\/wp-json\/wp\/v2\/types\/page"}],"author":[{"embeddable":true,"href":"https:\/\/www.sisinternational.com\/es\/wp-json\/wp\/v2\/users\/1"}],"replies":[{"embeddable":true,"href":"https:\/\/www.sisinternational.com\/es\/wp-json\/wp\/v2\/comments?post=41221"}],"version-history":[{"count":7,"href":"https:\/\/www.sisinternational.com\/es\/wp-json\/wp\/v2\/pages\/41221\/revisions"}],"predecessor-version":[{"id":79625,"href":"https:\/\/www.sisinternational.com\/es\/wp-json\/wp\/v2\/pages\/41221\/revisions\/79625"}],"up":[{"embeddable":true,"href":"https:\/\/www.sisinternational.com\/es\/wp-json\/wp\/v2\/pages\/14660"}],"wp:featuredmedia":[{"embeddable":true,"href":"https:\/\/www.sisinternational.com\/es\/wp-json\/wp\/v2\/media\/71909"}],"wp:attachment":[{"href":"https:\/\/www.sisinternational.com\/es\/wp-json\/wp\/v2\/media?parent=41221"}],"curies":[{"name":"wp","href":"https:\/\/api.w.org\/{rel}","templated":true}]}}