{"id":41214,"date":"2023-01-16T02:36:28","date_gmt":"2023-01-16T02:36:28","guid":{"rendered":"https:\/\/www.sisinternational.com\/?page_id=41214"},"modified":"2026-03-12T21:55:14","modified_gmt":"2026-03-13T01:55:14","slug":"investigacion-de-mercado-de-diferenciacion-de-marca","status":"publish","type":"page","link":"https:\/\/www.sisinternational.com\/es\/soluciones\/soluciones-de-branding-e-investigacion-de-clientes\/investigacion-de-mercado-de-diferenciacion-de-marca\/","title":{"rendered":"Investigaci\u00f3n de Mercado de Diferenciaci\u00f3n de Marca"},"content":{"rendered":"<h1 class=\"wp-block-heading\">Investigaci\u00f3n de Mercado de Diferenciaci\u00f3n de Marca<\/h1>\n\n\n\n<figure class=\"gb-block-image gb-block-image-7148e7a1\"><img loading=\"lazy\" decoding=\"async\" width=\"1456\" height=\"816\" class=\"gb-image gb-image-7148e7a1\" src=\"https:\/\/www.sisinternational.com\/wp-content\/uploads\/2025\/08\/Strategy-consulting-10.jpg\" alt=\"Investigaci\u00f3n y estrategia de mercado internacional de SIS\" title=\"Strategy consulting (10)\" srcset=\"https:\/\/www.sisinternational.com\/wp-content\/uploads\/2025\/08\/Strategy-consulting-10.jpg 1456w, https:\/\/www.sisinternational.com\/wp-content\/uploads\/2025\/08\/Strategy-consulting-10-300x168.jpg 300w, https:\/\/www.sisinternational.com\/wp-content\/uploads\/2025\/08\/Strategy-consulting-10-1024x574.jpg 1024w, https:\/\/www.sisinternational.com\/wp-content\/uploads\/2025\/08\/Strategy-consulting-10-768x430.jpg 768w, https:\/\/www.sisinternational.com\/wp-content\/uploads\/2025\/08\/Strategy-consulting-10-18x10.jpg 18w\" sizes=\"auto, (max-width: 1456px) 100vw, 1456px\"><\/figure>\n\n\n\n<hr class=\"wp-block-separator has-alpha-channel-opacity is-style-dots\"\/>\n\n\n\n<h2 class=\"wp-block-heading\">\u00bfQu\u00e9 es la diferenciaci\u00f3n de marca?<\/h2>\n\n\n\n<p>La diferenciaci\u00f3n de marca es la forma en que distingues tu marca de tus rivales. Lo hace creando conciencia sobre los mejores aspectos de su marca, mostrando c\u00f3mo ser\u00e1n \u00fatiles para el consumidor. Puede relacionarse con las caracter\u00edsticas f\u00edsicas de su producto o servicio. O pueden ser las emociones que evoca en sus consumidores, aspectos de su empaque o su precio. Tambi\u00e9n puede relacionarse con la historia de su marca y c\u00f3mo se sienten sus clientes al usarla.<\/p>\n\n\n\n<h2 class=\"wp-block-heading\">\u00bfPor qu\u00e9 es importante la diferenciaci\u00f3n de marca?<\/h2>\n\n\n\n<p><a title=\"Publicidad de choque y marketing de choque\" href=\"https:\/\/www.sisinternational.com\/es\/publicidad-de-choque-y-marketing-de-choque\/\" data-wpil-monitor-id=\"1975\">Diferenciaci\u00f3n de marca<\/a> is a vital aspect of any marketing strategy. It allows firms to reveal profit-making features. These are the features that help them put in place a unique selling proposition. Thus, they see the attributes that make them stand out. If you offer your customers something special, it will help you build an army of loyal clients. Also, these people will love your brand for the great UX you provide.<\/p>\n\n\n\n<h2 class=\"wp-block-heading\">T\u00edtulo de trabajo clave: estratega de marca<\/h2>\n\n\n\n<p>Los Brand Strategists asesoran a las empresas que buscan expandir sus marcas. Recopilan comentarios de las ventas. Tambi\u00e9n analizan las acciones de los consumidores para definir la posici\u00f3n de la empresa. Otra cosa que hacen es dise\u00f1ar una estrategia de diferenciaci\u00f3n de marca. Tambi\u00e9n ayudan a guiar el an\u00e1lisis de la investigaci\u00f3n de mercado. Establecen el tono de una empresa para que todo coincida con los planes de campa\u00f1a.<\/p>\n\n\n\n<h2 class=\"wp-block-heading\">Por qu\u00e9 las empresas necesitan diferenciaci\u00f3n de marca<\/h2>\n\n\n\n<p>High-growth firms are almost three times more likely to have something that sets them apart. <a title=\"Marketing y publicidad en la era digital\" href=\"https:\/\/www.sisinternational.com\/es\/mercado-de-publicidad-digital\/\" data-wpil-monitor-id=\"7407\">Diferenciaci\u00f3n de marca<\/a> allows firms to target their marketing efforts further. They can direct these efforts to their most relevant markets. Furthermore, it sets firms apart from their rivals. If you don\u2019t have something that sets you apart, the only option is to compete on price \u2013 and that\u2019s a race to the bottom.<\/p>\n\n\n\n<h2 class=\"wp-block-heading\">Factores claves del \u00e9xito<\/h2>\n\n\n\n<p>Aqu\u00ed hay cinco estrategias a considerar para impulsar la diferenciaci\u00f3n de marca:<\/p>\n\n\n\n<ol class=\"wp-block-list\">\n<li>Respuesta emocional. Las marcas deben desarrollar una conexi\u00f3n con sus clientes. Estas marcas suelen estar mejor posicionadas que aquellas que ofrecen una excelente relaci\u00f3n calidad-precio.<\/li>\n\n\n\n<li>Cambiando las cosas. Esta estrategia resuelve una necesidad insatisfecha de una manera \u00fanica y novedosa.<\/li>\n\n\n\n<li>C\u00f3mo presentas tu marca. Los consumidores recuerdan las marcas que utilizan un personaje o mascota. Por ejemplo, todo el mundo conoce el lagarto de Geico.<\/li>\n\n\n\n<li>Experiencia \u00fanica. Las empresas pueden manifestar esta experiencia de varias maneras. Pueden resaltar la presencia f\u00edsica minorista de la marca y la atm\u00f3sfera novedosa que crean. O pueden destacar el excelente servicio al cliente o la facilidad de uso de su sitio web. Incluso puede ser c\u00f3mo se siente la gente cuando usa su producto (por ejemplo, la campa\u00f1a &quot;Can&#039;t Beat the Feeling&quot; de Coca-Cola).<\/li>\n\n\n\n<li>Precios. Una empresa puede esforzarse por ser l\u00edder en precios bajos. O, en el otro extremo del espectro, puede posicionarse como una marca premium a un precio elevado.<\/li>\n<\/ol>\n\n\n\n<h2 class=\"wp-block-heading\">Acerca de la investigaci\u00f3n de mercado de diferenciaci\u00f3n de marca<\/h2>\n\n\n\n<p><a title=\"Investigaci\u00f3n de mercado para marcas antiguas\" href=\"https:\/\/www.sisinternational.com\/es\/pericia\/industrias\/investigacion-de-mercado-para-marcas-antiguas\/\" data-wpil-monitor-id=\"3721\">Investigaci\u00f3n de Mercado de Diferenciaci\u00f3n de Marca<\/a> can involve using Focus Groups. In-depth Interviews with your customers to explore their decision-making process is another tool. The researchers may then need to back up this Qualitative Market Research. So they\u2019ll do Quantitative Market Research. They\u2019ll measure the clients\u2019 brand awareness and image compared to their rivals.<\/p>\n\n\n\n<p>La investigaci\u00f3n de mercado de UX tambi\u00e9n es fundamental. No se puede trabajar en una burbuja en el acelerado mercado actual impulsado por la tecnolog\u00eda. En cambio, ser\u00eda mejor si enfrentaras a tus rivales de frente. Necesitar\u00e1 desarrollar funciones m\u00e1s avanzadas y proporcionar una mejor experiencia de usuario que ellos.<\/p>\n\n\n\n<p>Otro aspecto crucial de la investigaci\u00f3n es el an\u00e1lisis competitivo. Esta herramienta le ayudar\u00e1 a descubrir las brechas entre otros productos y las necesidades de su base objetivo compartida.<\/p>\n\n\n\n<p>The best advantage <a title=\"Investigaci\u00f3n de mercado de marca\" href=\"https:\/\/www.sisinternational.com\/es\/pericia\/industrias\/investigacion-de-mercado-de-marca\/\" data-wpil-monitor-id=\"6744\">Investigaci\u00f3n de Mercado de Diferenciaci\u00f3n de Marca<\/a> offers is price perception. If your brand uses this service, it can desensitize its customers to higher prices. You\u2019re no longer fighting against competitors on price. Best of all, consumers feel justified in paying more for your product or service.<\/p>\n\n\n\n<p><\/p>","protected":false},"excerpt":{"rendered":"<p>La mejor ventaja que ofrece la investigaci\u00f3n de mercado de diferenciaci\u00f3n de marca es la percepci\u00f3n del precio. Las marcas pueden insensibilizar a sus clientes ante los precios m\u00e1s altos.<\/p>","protected":false},"author":1,"featured_media":62536,"parent":14650,"menu_order":18,"comment_status":"closed","ping_status":"closed","template":"","meta":{"footnotes":""},"class_list":["post-41214","page","type-page","status-publish","has-post-thumbnail"],"_links":{"self":[{"href":"https:\/\/www.sisinternational.com\/es\/wp-json\/wp\/v2\/pages\/41214","targetHints":{"allow":["GET"]}}],"collection":[{"href":"https:\/\/www.sisinternational.com\/es\/wp-json\/wp\/v2\/pages"}],"about":[{"href":"https:\/\/www.sisinternational.com\/es\/wp-json\/wp\/v2\/types\/page"}],"author":[{"embeddable":true,"href":"https:\/\/www.sisinternational.com\/es\/wp-json\/wp\/v2\/users\/1"}],"replies":[{"embeddable":true,"href":"https:\/\/www.sisinternational.com\/es\/wp-json\/wp\/v2\/comments?post=41214"}],"version-history":[{"count":6,"href":"https:\/\/www.sisinternational.com\/es\/wp-json\/wp\/v2\/pages\/41214\/revisions"}],"predecessor-version":[{"id":84496,"href":"https:\/\/www.sisinternational.com\/es\/wp-json\/wp\/v2\/pages\/41214\/revisions\/84496"}],"up":[{"embeddable":true,"href":"https:\/\/www.sisinternational.com\/es\/wp-json\/wp\/v2\/pages\/14650"}],"wp:featuredmedia":[{"embeddable":true,"href":"https:\/\/www.sisinternational.com\/es\/wp-json\/wp\/v2\/media\/62536"}],"wp:attachment":[{"href":"https:\/\/www.sisinternational.com\/es\/wp-json\/wp\/v2\/media?parent=41214"}],"curies":[{"name":"wp","href":"https:\/\/api.w.org\/{rel}","templated":true}]}}