{"id":41160,"date":"2022-12-23T03:56:05","date_gmt":"2022-12-23T03:56:05","guid":{"rendered":"https:\/\/www.sisinternational.com\/?page_id=41160"},"modified":"2025-10-01T22:30:29","modified_gmt":"2025-10-02T02:30:29","slug":"investigacion-de-mercado-trinidad-tabago","status":"publish","type":"page","link":"https:\/\/www.sisinternational.com\/es\/cobertura\/investigacion-de-mercado-en-el-caribe\/investigacion-de-mercado-trinidad-tabago\/","title":{"rendered":"Investigaci\u00f3n de Mercado en Trinidad y Tobago"},"content":{"rendered":"<h1 class=\"wp-block-heading\">Investigaci\u00f3n de Mercado en Trinidad y Tobago<\/h1>\n\n\n\n<figure class=\"gb-block-image gb-block-image-6bc5f28f\"><img loading=\"lazy\" decoding=\"async\" width=\"1456\" height=\"816\" class=\"gb-image gb-image-6bc5f28f\" src=\"https:\/\/www.sisinternational.com\/wp-content\/uploads\/2025\/09\/Trinidad-and-Tobago-3.jpg\" alt=\"Investigaci\u00f3n y estrategia de mercado internacional de SIS\" title=\"Trinidad and Tobago (3)\" srcset=\"https:\/\/www.sisinternational.com\/wp-content\/uploads\/2025\/09\/Trinidad-and-Tobago-3.jpg 1456w, https:\/\/www.sisinternational.com\/wp-content\/uploads\/2025\/09\/Trinidad-and-Tobago-3-300x168.jpg 300w, https:\/\/www.sisinternational.com\/wp-content\/uploads\/2025\/09\/Trinidad-and-Tobago-3-1024x574.jpg 1024w, https:\/\/www.sisinternational.com\/wp-content\/uploads\/2025\/09\/Trinidad-and-Tobago-3-768x430.jpg 768w, https:\/\/www.sisinternational.com\/wp-content\/uploads\/2025\/09\/Trinidad-and-Tobago-3-18x10.jpg 18w\" sizes=\"auto, (max-width: 1456px) 100vw, 1456px\"><\/figure>\n\n\n\n<p><\/p>\n\n\n\n<p>Trinidad y Tobago es una naci\u00f3n insular caribe\u00f1a ubicada en el extremo sureste de la cadena. Las dos islas principales son Trinidad y Tobago, con varios islotes m\u00e1s peque\u00f1os dentro de sus fronteras marinas. Las islas se encuentran al sur de Granada y al noroeste de Guyana. Trinidad, con diferencia la mayor de las dos islas, tiene una superficie de aproximadamente 1.850 millas cuadradas. Est\u00e1 a s\u00f3lo siete millas de Venezuela en su punto m\u00e1s cercano.<\/p>\n\n\n\n<h2 class=\"wp-block-heading\">Industrias clave<\/h2>\n\n\n\n<p>The GDP per capita rate in Trinidad and Tobago is the highest in the region. Thus, experts have classed it as a high-income country. It\u2019s also the largest <a href=\"https:\/\/www.sisinternational.com\/es\/pericia\/industrias\/investigacion-de-mercado-de-petroleo-y-gas\/\" title=\"Investigaci\u00f3n de mercado de petr\u00f3leo y gas\"  data-wpil-monitor-id=\"8481\">oil and gas<\/a> producer in the region and one of the largest natural gas exporters in the world. Trinidad and Tobago is a leader in the region\u2019s finance scene, and tourism is growing but is not the primary sector. The main exports are <a href=\"https:\/\/www.sisinternational.com\/es\/pericia\/industrias\/estudio-de-mercado-de-gas-licuado-de-petroleo\/\" title=\"Investigaci\u00f3n de mercado de gas licuado de petr\u00f3leo\"  data-wpil-monitor-id=\"8479\">petroleum and its products and liquefied<\/a> natural gas. Trinidad and Tobago also exports cereal, soft drinks, juices, fish, cocoa, cosmetics, preserved fruits, and household cleaners.<\/p>\n\n\n\n<h2 class=\"wp-block-heading\">Barrios<\/h2>\n\n\n\n<h3 class=\"wp-block-heading\">Puerto de Espa\u00f1a<\/h3>\n\n\n\n<p>La capital es una concurrida ciudad portuaria en la parte norte de la isla de Trinidad. Encontrar\u00e1s de todo, desde restaurantes que cocinan todo tipo de platos hasta calados en los edificios de madera. Adem\u00e1s, aqu\u00ed encontrar\u00e1 casi todos los diversos aspectos de Trinidad.<\/p>\n\n\n\n<h3 class=\"wp-block-heading\">sanfernando<\/h3>\n\n\n\n<p>La segunda ciudad m\u00e1s grande del sur de la isla. La mayor\u00eda de la gente que vive en San Fernando es de ascendencia india y china, por lo que tiene una fuerte influencia asi\u00e1tica.<\/p>\n\n\n\n<h3 class=\"wp-block-heading\">Scarborough<\/h3>\n\n\n\n<p>The capital <a href=\"https:\/\/www.sisinternational.com\/es\/soluciones\/soluciones-de-investigacion-cualitativa-cuantitativa\/pruebas-en-ubicaciones-centrales-de-la-ciudad-de-nueva-york\/\" title=\"Pruebas en ubicaciones centrales de la ciudad de Nueva York: beneficios para las pruebas de productos\"  data-wpil-monitor-id=\"8482\">city of Tobago and the island\u2019s central<\/a> business hub. Located on the southern coast, Scarborough has revamped the city in recent times.<\/p>\n\n\n\n<h3 class=\"wp-block-heading\">Tendencias<\/h3>\n\n\n\n<p>Servicios como las finanzas y el turismo han ido creciendo en los \u00faltimos a\u00f1os. El gobierno ha estado tratando de diversificarse. Sin embargo, la corrupci\u00f3n y los delitos relacionados con las drogas son problemas graves y afectan el crecimiento del turismo y de las empresas privadas. Otro tema clave es la gran afluencia de inmigrantes venezolanos. A\u00fan as\u00ed, la econom\u00eda contin\u00faa mejorando a medida que el sector no energ\u00e9tico cobra impulso.<\/p>\n\n\n\n<h2 class=\"wp-block-heading\">Beneficios y Fortalezas en el Mercado<\/h2>\n\n\n\n<p>Trinidad y Tobago es un pa\u00eds l\u00edder en la Comunidad del Caribe (CARICOM) con enormes reservas de petr\u00f3leo y gas y un gran fondo soberano. Adem\u00e1s, tiene un entorno comercial abierto desde que elimin\u00f3 la mayor\u00eda de las barreras comerciales. La isla tiene un fuerte apetito por los productos importados porque muchos consideran que los productos estadounidenses son de alta calidad. Es un pa\u00eds estable y listo para hacer negocios.<\/p>\n\n\n\n<h2 class=\"wp-block-heading\">Base de consumidores<\/h2>\n\n\n\n<p>Alrededor de 1,4 millones de personas viven en Trinidad y Tobago. Hay una divisi\u00f3n equitativa entre hombres y mujeres. Alrededor del 53 por ciento de la poblaci\u00f3n vive en centros urbanos y el resto en zonas rurales. La tasa de penetraci\u00f3n de Internet es del 77 por ciento. Alrededor del 78 por ciento de las personas est\u00e1n en las redes sociales. La mayor\u00eda est\u00e1n en Facebook, pero Instagram, LinkedIn y Twitter tambi\u00e9n tienen un uso intensivo. El pa\u00eds tiene cerca de 2 millones de conexiones celulares.<\/p>\n\n\n\n<h2 class=\"wp-block-heading\">Razones para hacer crecer su negocio en el mercado de Trinidad y Tobago<\/h2>\n\n\n\n<p>Despite the troubles, Trinidad and Tobago remains a great place to do business. It has a range of trade agreements, which is a boon for the manufacturing sector. Most notable are their trade deals with CARICOM, Latin America, and Europe. Also, the country\u2019s success in the <a href=\"https:\/\/www.sisinternational.com\/es\/pericia\/industrias\/energia-consultoria-de-estrategia-de-energia-investigacion-de-mercado\/\" title=\"Consultor\u00eda de estrategia energ\u00e9tica y energ\u00e9tica Investigaci\u00f3n de mercado\"  data-wpil-monitor-id=\"8483\">energ\u00eda<\/a> sector has lowered the cost of power. This has enabled it to become a manufacturing powerhouse. The government supports foreign direct investment in almost all sectors. Lately, it has been placing a specific focus on the non-energy sector.<\/p>\n\n\n\n<h2 class=\"wp-block-heading\">Acerca de la investigaci\u00f3n de mercado en Trinidad y Tobago<\/h2>\n\n\n\n<p><a href=\"https:\/\/www.sisinternational.com\/es\/contacto-sis-investigacion-de-mercado-internacional\/\" title=\"Cont\u00e1ctenos\"  data-wpil-monitor-id=\"8471\">SIS International Research<\/a> Firm is a leader in Quantitative and Qualitative research. Both types of research have been the subject of many debates. But neither is better than the other \u2013 they have strengths and weaknesses. Our <a href=\"https:\/\/www.sisinternational.com\/es\/soluciones\/investigacion-de-consultoria-estrategica-fintech\/investigacion-de-mercado-de-servicios-financieros\/\" title=\"Investigaci\u00f3n de mercado de servicios financieros\"  data-wpil-monitor-id=\"8475\">market research services<\/a> will help you get to know your customers. Take the guesswork out of your <a href=\"https:\/\/www.sisinternational.com\/es\/soluciones\/investigacion-de-mercado-de-grupo-focal\/\" title=\"Investigaci\u00f3n de mercado con grupos focales\"  data-wpil-monitor-id=\"8477\">marketing process with reliable Focus Groups<\/a>. We also do your Interviews and Surveys to help you form a Go-To-Market Strategy.<\/p>\n\n\n\n<p><\/p>","protected":false},"excerpt":{"rendered":"<p>Trinidad y Tobago aporta enormes reservas de petr\u00f3leo y gas y un gran fondo soberano de riqueza. SIS International ofrece investigaciones de mercado en profundidad.<\/p>","protected":false},"author":1,"featured_media":66370,"parent":33287,"menu_order":22,"comment_status":"closed","ping_status":"closed","template":"","meta":{"footnotes":""},"class_list":["post-41160","page","type-page","status-publish","has-post-thumbnail"],"_links":{"self":[{"href":"https:\/\/www.sisinternational.com\/es\/wp-json\/wp\/v2\/pages\/41160","targetHints":{"allow":["GET"]}}],"collection":[{"href":"https:\/\/www.sisinternational.com\/es\/wp-json\/wp\/v2\/pages"}],"about":[{"href":"https:\/\/www.sisinternational.com\/es\/wp-json\/wp\/v2\/types\/page"}],"author":[{"embeddable":true,"href":"https:\/\/www.sisinternational.com\/es\/wp-json\/wp\/v2\/users\/1"}],"replies":[{"embeddable":true,"href":"https:\/\/www.sisinternational.com\/es\/wp-json\/wp\/v2\/comments?post=41160"}],"version-history":[{"count":3,"href":"https:\/\/www.sisinternational.com\/es\/wp-json\/wp\/v2\/pages\/41160\/revisions"}],"predecessor-version":[{"id":81422,"href":"https:\/\/www.sisinternational.com\/es\/wp-json\/wp\/v2\/pages\/41160\/revisions\/81422"}],"up":[{"embeddable":true,"href":"https:\/\/www.sisinternational.com\/es\/wp-json\/wp\/v2\/pages\/33287"}],"wp:featuredmedia":[{"embeddable":true,"href":"https:\/\/www.sisinternational.com\/es\/wp-json\/wp\/v2\/media\/66370"}],"wp:attachment":[{"href":"https:\/\/www.sisinternational.com\/es\/wp-json\/wp\/v2\/media?parent=41160"}],"curies":[{"name":"wp","href":"https:\/\/api.w.org\/{rel}","templated":true}]}}