{"id":41150,"date":"2022-12-23T02:38:15","date_gmt":"2022-12-23T02:38:15","guid":{"rendered":"https:\/\/www.sisinternational.com\/?page_id=41150"},"modified":"2026-01-24T21:28:53","modified_gmt":"2026-01-25T02:28:53","slug":"investigacion-de-mercado-en-las-islas-turcas-y-caicos","status":"publish","type":"page","link":"https:\/\/www.sisinternational.com\/es\/cobertura\/investigacion-de-mercado-en-el-caribe\/investigacion-de-mercado-en-las-islas-turcas-y-caicos\/","title":{"rendered":"Investigaci\u00f3n de Mercado en las Islas Turcas y Caicos"},"content":{"rendered":"<h1 class=\"wp-block-heading\">Investigaci\u00f3n de Mercado en las Islas Turcas y Caicos<\/h1>\n\n\n\n<figure class=\"gb-block-image gb-block-image-c589658e\"><img loading=\"lazy\" decoding=\"async\" width=\"1456\" height=\"816\" class=\"gb-image gb-image-c589658e\" src=\"https:\/\/www.sisinternational.com\/wp-content\/uploads\/2025\/09\/Turks-and-Caicos-Islands-2.jpg\" alt=\"Investigaci\u00f3n y estrategia de mercado internacional de SIS\" title=\"Turks and Caicos Islands (2)\" srcset=\"https:\/\/www.sisinternational.com\/wp-content\/uploads\/2025\/09\/Turks-and-Caicos-Islands-2.jpg 1456w, https:\/\/www.sisinternational.com\/wp-content\/uploads\/2025\/09\/Turks-and-Caicos-Islands-2-300x168.jpg 300w, https:\/\/www.sisinternational.com\/wp-content\/uploads\/2025\/09\/Turks-and-Caicos-Islands-2-1024x574.jpg 1024w, https:\/\/www.sisinternational.com\/wp-content\/uploads\/2025\/09\/Turks-and-Caicos-Islands-2-768x430.jpg 768w, https:\/\/www.sisinternational.com\/wp-content\/uploads\/2025\/09\/Turks-and-Caicos-Islands-2-18x10.jpg 18w\" sizes=\"auto, (max-width: 1456px) 100vw, 1456px\"><\/figure>\n\n\n\n<hr class=\"wp-block-separator has-alpha-channel-opacity is-style-dots\"\/>\n\n\n\n<p>Las Islas Turcas y Caicos est\u00e1n formadas por los turcos y su contraparte m\u00e1s grande, las Islas Caicos. Estos dos conjuntos de islas se encuentran en la zona tropical del Atl\u00e1ntico, al sureste de las Bahamas y al norte de Hait\u00ed. Llamadas abreviadamente TCI, las islas forman un territorio brit\u00e1nico de ultramar. Consisten en 100 islas, cayos y rocas con nombre. Grand Turk y Providenciales son dos islas habitadas m\u00e1s conocidas, las otras son Caicos del Norte, Caicos Medio, Caicos del Sur, Parrot Cay, Salt Cay, Ambergris Cay y Pine Cay.<\/p>\n\n\n\n<h2 class=\"wp-block-heading\">Industrias clave<\/h2>\n\n\n\n<p>Significant amounts of agricultural land exist in North and Middle Caicos. This land can support new farms producing higher yields. Another central area where people invest in Turks and Caicos is the <a href=\"https:\/\/www.sisinternational.com\/es\/pericia\/industrias\/investigacion-de-mercado-inmobiliario-comercial\/\" title=\"Investigaci\u00f3n de mercado inmobiliario comercial\"  data-wpil-monitor-id=\"8227\">real estate market<\/a>. This developing nation is nurturing an open economy for property investors. It offers everything from relocation homes to holiday properties. Tourism remains another significant source of income for the islands, with most visitors coming from the US via cruise ship.<\/p>\n\n\n\n<h2 class=\"wp-block-heading\">Barrios<\/h2>\n\n\n\n<h3 class=\"wp-block-heading\">ciudad de cockburn<\/h3>\n\n\n\n<p>La capital del pa\u00eds se extiende por la mayor parte de la isla Gran Turca. Cuenta con mucha arquitectura hist\u00f3rica de las Bermudas de los siglos XVIII y XIX, y estos majestuosos edificios se alinean al menos en dos de las calles de esta ciudad.<\/p>\n\n\n\n<h3 class=\"wp-block-heading\">Rueda y<\/h3>\n\n\n\n<p>Un pueblo en la isla de Providenciales. Tiene dos barrios residenciales y tambi\u00e9n es el sitio de una antigua cantera de arena.<\/p>\n\n\n\n<h3 class=\"wp-block-heading\">Barra de caracola<\/h3>\n\n\n\n<p>El m\u00e1s grande de los tres pueblos de la isla de Middle Caicos alberga una escuela primaria y algunas oficinas gubernamentales. El cercano Parque Nacional Conch Bar Caves tiene un enorme sistema de cuevas: uno de los m\u00e1s grandes del Caribe.<\/p>\n\n\n\n<h2 class=\"wp-block-heading\">Tendencias<\/h2>\n\n\n\n<p>Las islas tienen mucho potencial debido a sus abundantes oc\u00e9anos y tierras cultivables. Los expertos han se\u00f1alado otras \u00e1reas que pueden resultar atractivas como campos de inversi\u00f3n. Estas \u00e1reas incluyen el procesamiento de alimentos, las agroindustrias y la maricultura. La pr\u00f3spera industria del turismo ha creado una tremenda demanda de productos agr\u00edcolas y pescado locales, que actualmente supera la oferta; las Islas Caicos, en particular, ofrecen un clima ideal y un suelo f\u00e9rtil.<\/p>\n\n\n\n<h2 class=\"wp-block-heading\">Beneficios y Fortalezas en el Mercado<\/h2>\n\n\n\n<p>This region\u2019s high unemployment rate means you will get cheap labor. Your operating costs will be lower as a result. Another key point is that the Turks and Caicos <a href=\"https:\/\/www.sisinternational.com\/es\/pericia\/industrias\/administrador-de-beneficios-de-farmacia-pbm-investigacion-de-mercado\/\" title=\"Investigaci\u00f3n de mercado del administrador de beneficios de farmacia (PBM)\"  data-wpil-monitor-id=\"8230\">market has many benefits<\/a> and strengths. These include first-rate healthcare centers, full-service banking, and a well-developed telecommunications network. Each of these factors is important when considering investing in these islands.<\/p>\n\n\n\n<h2 class=\"wp-block-heading\">Base de consumidores<\/h2>\n\n\n\n<p>En las Islas Turcas y Caicos viven unas 40.000 personas, divididas en partes iguales entre hombres y mujeres. De hecho, el noventa y cuatro por ciento de estas personas vive en centros urbanos y el resto en zonas rurales. El noventa por ciento son usuarios de redes sociales, y la mayor\u00eda est\u00e1 en Facebook. Otras plataformas populares son Instagram, LinkedIn y Twitter.<\/p>\n\n\n\n<h2 class=\"wp-block-heading\">Razones para hacer crecer su negocio en el mercado de las Islas Turcas y Caicos<\/h2>\n\n\n\n<p>Las islas han mostrado un crecimiento sostenido y continuo durante las \u00faltimas d\u00e9cadas. Standard and Poor&#039;s ha dado el indicador perfecto de este crecimiento al afirmar la calificaci\u00f3n crediticia soberana del pa\u00eds en BBB+. Esta calificaci\u00f3n es para bonos a largo plazo denominados tanto en moneda nacional como extranjera. S&amp;P tambi\u00e9n ha mostrado confianza en el TCI. Creen que TCI seguir\u00e1 aplicando una gesti\u00f3n financiera prudente. Tambi\u00e9n opinan que el pa\u00eds limitar\u00e1 el endeudamiento. El gobierno gestiona bien su econom\u00eda, lo que aumenta la confianza de los inversores.<\/p>\n\n\n\n<h2 class=\"wp-block-heading\">Acerca de la investigaci\u00f3n de mercado en las Islas Turcas y Caicos<\/h2>\n\n\n\n<p>Are you planning to start a business in the Turks and Caicos Islands? It\u2019s vital to do <a href=\"https:\/\/www.sisinternational.com\/es\/soluciones\/soluciones-de-investigacion-cualitativa-cuantitativa\/reclutamiento-de-investigacion-cualitativa\/\" title=\"Reclutamiento de investigaci\u00f3n cualitativa\"  data-wpil-monitor-id=\"8229\">Investigaci\u00f3n cualitativa y cuantitativa<\/a>. This research will help you come up with a Go-To-Market <a href=\"https:\/\/www.sisinternational.com\/es\/el-papel-del-desarrollo-de-procesos-y-sistemas-en-el-exito-organizacional\/\" title=\"Investigaci\u00f3n de Mercado de Dise\u00f1o Organizacional\"  data-wpil-monitor-id=\"8226\">Estrategia<\/a>. That\u2019s where we at <a href=\"https:\/\/www.sisinternational.com\/es\/contacto-sis-investigacion-de-mercado-internacional\/\" title=\"Cont\u00e1ctenos\"  data-wpil-monitor-id=\"8225\">SIS International Research<\/a> come in. We can set up Focus Groups, Surveys, and Interviews as part of your <a href=\"https:\/\/www.sisinternational.com\/es\/pericia\/industrias\/estudio-de-mercado-diesel\/\" title=\"Investigaci\u00f3n de mercado di\u00e9sel\"  data-wpil-monitor-id=\"3489\">Investigaci\u00f3n de dimensionamiento del mercado<\/a>. We also offer UX <a href=\"https:\/\/www.sisinternational.com\/es\/soluciones\/soluciones-de-investigacion-cualitativa-cuantitativa\/analisis-de-chaid-investigacion-de-mercado\/\" title=\"An\u00e1lisis CHAID Investigaci\u00f3n de Mercado\"  data-wpil-monitor-id=\"8228\">Market Research and Competitive Analysis<\/a> to new companies in the TCI.<\/p>\n\n\n\n<p><\/p>","protected":false},"excerpt":{"rendered":"<p>Las islas Turcas y Caicos suministran procesamiento de alimentos, agroindustrias y maricultura. SIS International proporciona investigaciones de mercado vitales.<\/p>","protected":false},"author":1,"featured_media":66372,"parent":33287,"menu_order":21,"comment_status":"closed","ping_status":"closed","template":"","meta":{"footnotes":""},"class_list":["post-41150","page","type-page","status-publish","has-post-thumbnail"],"_links":{"self":[{"href":"https:\/\/www.sisinternational.com\/es\/wp-json\/wp\/v2\/pages\/41150","targetHints":{"allow":["GET"]}}],"collection":[{"href":"https:\/\/www.sisinternational.com\/es\/wp-json\/wp\/v2\/pages"}],"about":[{"href":"https:\/\/www.sisinternational.com\/es\/wp-json\/wp\/v2\/types\/page"}],"author":[{"embeddable":true,"href":"https:\/\/www.sisinternational.com\/es\/wp-json\/wp\/v2\/users\/1"}],"replies":[{"embeddable":true,"href":"https:\/\/www.sisinternational.com\/es\/wp-json\/wp\/v2\/comments?post=41150"}],"version-history":[{"count":4,"href":"https:\/\/www.sisinternational.com\/es\/wp-json\/wp\/v2\/pages\/41150\/revisions"}],"predecessor-version":[{"id":81383,"href":"https:\/\/www.sisinternational.com\/es\/wp-json\/wp\/v2\/pages\/41150\/revisions\/81383"}],"up":[{"embeddable":true,"href":"https:\/\/www.sisinternational.com\/es\/wp-json\/wp\/v2\/pages\/33287"}],"wp:featuredmedia":[{"embeddable":true,"href":"https:\/\/www.sisinternational.com\/es\/wp-json\/wp\/v2\/media\/66372"}],"wp:attachment":[{"href":"https:\/\/www.sisinternational.com\/es\/wp-json\/wp\/v2\/media?parent=41150"}],"curies":[{"name":"wp","href":"https:\/\/api.w.org\/{rel}","templated":true}]}}