{"id":41145,"date":"2022-12-23T02:01:37","date_gmt":"2022-12-23T02:01:37","guid":{"rendered":"https:\/\/www.sisinternational.com\/?page_id=41145"},"modified":"2026-01-25T16:43:06","modified_gmt":"2026-01-25T21:43:06","slug":"investigacion-de-mercado-en-san-vicente-y-las-granadinas","status":"publish","type":"page","link":"https:\/\/www.sisinternational.com\/es\/cobertura\/investigacion-de-mercado-en-el-caribe\/investigacion-de-mercado-en-san-vicente-y-las-granadinas\/","title":{"rendered":"Investigaci\u00f3n de Mercado en San Vicente y las Granadinas"},"content":{"rendered":"<h1 class=\"wp-block-heading\">Investigaci\u00f3n de Mercado en San Vicente y las Granadinas<\/h1>\n\n\n\n<figure class=\"gb-block-image gb-block-image-be932a82\"><img loading=\"lazy\" decoding=\"async\" width=\"1456\" height=\"816\" class=\"gb-image gb-image-be932a82\" src=\"https:\/\/www.sisinternational.com\/wp-content\/uploads\/2025\/09\/St.-Vincent-and-the-Grenadines-3.jpg\" alt=\"Investigaci\u00f3n y estrategia de mercado internacional de SIS\" title=\"St. Vincent and the Grenadines (3)\" srcset=\"https:\/\/www.sisinternational.com\/wp-content\/uploads\/2025\/09\/St.-Vincent-and-the-Grenadines-3.jpg 1456w, https:\/\/www.sisinternational.com\/wp-content\/uploads\/2025\/09\/St.-Vincent-and-the-Grenadines-3-300x168.jpg 300w, https:\/\/www.sisinternational.com\/wp-content\/uploads\/2025\/09\/St.-Vincent-and-the-Grenadines-3-1024x574.jpg 1024w, https:\/\/www.sisinternational.com\/wp-content\/uploads\/2025\/09\/St.-Vincent-and-the-Grenadines-3-768x430.jpg 768w, https:\/\/www.sisinternational.com\/wp-content\/uploads\/2025\/09\/St.-Vincent-and-the-Grenadines-3-18x10.jpg 18w\" sizes=\"auto, (max-width: 1456px) 100vw, 1456px\"><\/figure>\n\n\n\n<hr class=\"wp-block-separator has-alpha-channel-opacity is-style-dots\"\/>\n\n\n\n<p><\/p>\n\n\n\n<p>San Vicente y las Granadinas es una naci\u00f3n insular en el Caribe. Est\u00e1 al sur de Santa Luc\u00eda y Antigua, al oeste de Barbados y al norte de Granada. La isla principal de San Vicente ocupa la mayor parte de este pa\u00eds de 142 millas cuadradas. Tambi\u00e9n incluye los dos tercios del norte de las Granadinas, una cadena de 32 islas. En algunas de las islas vive gente. Estos incluyen Mustique, Bequia, Canouan, Union Island y Mayreau. Kingstown es la capital y el puerto principal.<\/p>\n\n\n\n<h2 class=\"wp-block-heading\">Industrias clave<\/h2>\n\n\n\n<p>La producci\u00f3n de banano es un sector vital en este pa\u00eds de bajos ingresos. Adem\u00e1s, San Vicente es el principal productor de arrurruz del mundo. Tambi\u00e9n es importante la industria de servicios, basada en el creciente sector tur\u00edstico del pa\u00eds. El turismo es vital para la econom\u00eda. El sector manufacturero es todav\u00eda peque\u00f1o. Tambi\u00e9n existe un sector financiero extraterritorial que presta servicios a empresas extranjeras.<\/p>\n\n\n\n<h2 class=\"wp-block-heading\">Barrios<\/h2>\n\n\n\n<h3 class=\"wp-block-heading\">Kingstown<\/h3>\n\n\n\n<p>El principal centro comercial, principal puerto y capital de San Vicente y las Granadinas. Los colonos franceses fundaron la ciudad en 1722. Pero San Vicente tuvo 196 a\u00f1os de dominio colonial brit\u00e1nico antes de comenzar a autogobernarse en 1979.<\/p>\n\n\n\n<h3 class=\"wp-block-heading\">Arnos Vale<\/h3>\n\n\n\n<p>La antigua finca es ahora un pueblo en Greathead Bay en el sur de San Vicente. Es la ubicaci\u00f3n del aeropuerto ET Joshua. ET Joshua qued\u00f3 en desuso tras la apertura del nuevo Aeropuerto Internacional de Argyle.<\/p>\n\n\n\n<h3 class=\"wp-block-heading\">ashton<\/h3>\n\n\n\n<p>A town on the south <a href=\"https:\/\/www.sisinternational.com\/es\/cobertura\/investigacion-de-mercado-africa\/investigacion-de-mercado-en-mauricio-africa\/\" title=\"Market Research in Mauritius \u2014 Island off Africa&#8217;s East Coast\"  data-wpil-monitor-id=\"9739\">coast of Union Island<\/a>, one of the Grenadines.<\/p>\n\n\n\n<h2 class=\"wp-block-heading\">Tendencias<\/h2>\n\n\n\n<p>The government is open to all investors, but niche markets are of prime concern. Niche products include global financial services, tourism, light manufacturing, Agri processing, scientific and medical research, renewable energy, IT, and the creative industries. In fact, most local companies would welcome joint ventures with foreign investors, which gives them access to more and better expertise and technology. It also leads to <a href=\"https:\/\/www.sisinternational.com\/es\/soluciones\/investigacion-de-consultoria-estrategica-fintech\/investigacion-de-mercado-de-mercados-de-capitales\/\" title=\"Investigaci\u00f3n de mercado de mercados de capitales\"  data-wpil-monitor-id=\"9735\">capital investments and markets<\/a>.<\/p>\n\n\n\n<h2 class=\"wp-block-heading\">Beneficios y Fortalezas en el Mercado<\/h2>\n\n\n\n<p>Foreign companies operating in St. Vincent and the Grenadines have many perks. For example, they are exempt from paying personal and corporate income taxes. They are also exempt from estate and withholding taxes, and they get a 25-year holiday from other taxes. Another benefit of investing in Saint Vincent is the Caribbean\/Canada Trade Agreement. Under this agreement, Canada provides duty-free access to its <a href=\"https:\/\/www.sisinternational.com\/es\/cobertura\/las-americas\/investigacion-de-mercado-en-el-caribe\/investigacion-de-mercado-san-bartolome\/\" title=\"Investigaci\u00f3n de mercado en San Bartolom\u00e9\"  data-wpil-monitor-id=\"3703\">market for most products made in St.<\/a> Vincent.<\/p>\n\n\n\n<h2 class=\"wp-block-heading\">Base de consumidores<\/h2>\n\n\n\n<p>Banana production and tourism employ most of the workforce in St. Vincent and the Grenadines. More than two-thirds of the labor force work in service industries. These <a href=\"https:\/\/www.sisinternational.com\/es\/soluciones\/investigacion-de-mercado-de-ia-y-consultoria-estrategica\/adopcion-de-ia-viajes-hospitalidad-turismo-industria-consultoria\/\" title=\"Adopci\u00f3n de IA en la consultor\u00eda de la industria de viajes, hoteler\u00eda y turismo\"  data-wpil-monitor-id=\"9737\">industries include tourism<\/a>, retail, IT, transport, and communications. About half of all Vincentians live in urban centers; the rest stay in rural areas. Two-thirds have an Internet connection. Facebook has the largest number of users, followed by Instagram, LinkedIn, and Twitter.<\/p>\n\n\n\n<h2 class=\"wp-block-heading\">Razones para hacer crecer su negocio en el mercado SVG<\/h2>\n\n\n\n<p>Investors enjoy a range of incentives when they put money into the Saint Vincent economy. The country has lifted the ban on foreigners <a href=\"https:\/\/www.sisinternational.com\/es\/servicios-de-publicidad-multicultural-para-un-holding-y-conglomerado-empresarial-emirati\/\" title=\"Servicios de publicidad multicultural para un holding y un conglomerado empresarial emirat\u00ed\"  data-wpil-monitor-id=\"9738\">holding trust company<\/a> licenses. New companies get import tax concessions on machinery. They also don\u2019t have to pay duties on raw materials, spare parts, and equipment. Another perk is that business owners have the freedom to repatriate funds.<\/p>\n\n\n\n<h2 class=\"wp-block-heading\">Acerca de la investigaci\u00f3n de mercado en San Vicente y las Granadinas<\/h2>\n\n\n\n<p>SIS International is one of the leading <a href=\"https:\/\/www.sisinternational.com\/es\/pericia\/industrias\/soluciones-de-investigacion-de-mercado-sanitario\/\" title=\"Empresa de estudios del mercado sanitario\"  data-wpil-monitor-id=\"9730\">Market Research firms<\/a> in the USA. We provide Qualitative and <a href=\"https:\/\/www.sisinternational.com\/es\/top-5-benefits-of-conducting-quantitative-market-research\/\" title=\"Top 5 Benefits of Conducting Quantitative Market Research\"  data-wpil-monitor-id=\"9728\">Investigaci\u00f3n de mercado cuantitativa<\/a> services. We can also help with your Go-to-Market Strategy, and we conduct UX Market Research. Do you need in-depth <a href=\"https:\/\/www.sisinternational.com\/es\/cobertura\/las-americas\/investigacion-de-mercado-en-el-caribe\/investigacion-de-mercado-san-cristobal-y-nieves\/\" title=\"Investigaci\u00f3n de mercado en San Crist\u00f3bal y Nieves\"  data-wpil-monitor-id=\"3280\">St. Vincent and the Grenadines market research<\/a>? We can arrange <a href=\"https:\/\/www.sisinternational.com\/es\/soluciones\/investigacion-de-mercado-de-grupo-focal\/como-realizar-un-grupo-focal\/\" title=\"C\u00f3mo realizar un grupo focal\"  data-wpil-monitor-id=\"9734\">Focus Groups and conduct<\/a> further studies using Surveys and Interviews. Please get in touch with us to request a quote if you\u2019d like us to <a href=\"https:\/\/www.sisinternational.com\/es\/how-to-conduct-effective-quantitative-market-research\/\" title=\"How to Conduct Effective Quantitative Market Research\"  data-wpil-monitor-id=\"9732\">conduct market research<\/a> for your company.<\/p>","protected":false},"excerpt":{"rendered":"<p>Los pl\u00e1tanos, la producci\u00f3n de arrurruz y el turismo son vitales en San Vicente y las Granadinas. SIS International ofrece investigaciones de mercado en profundidad. <\/p>","protected":false},"author":1,"featured_media":66365,"parent":33287,"menu_order":20,"comment_status":"closed","ping_status":"closed","template":"","meta":{"footnotes":""},"class_list":["post-41145","page","type-page","status-publish","has-post-thumbnail"],"_links":{"self":[{"href":"https:\/\/www.sisinternational.com\/es\/wp-json\/wp\/v2\/pages\/41145","targetHints":{"allow":["GET"]}}],"collection":[{"href":"https:\/\/www.sisinternational.com\/es\/wp-json\/wp\/v2\/pages"}],"about":[{"href":"https:\/\/www.sisinternational.com\/es\/wp-json\/wp\/v2\/types\/page"}],"author":[{"embeddable":true,"href":"https:\/\/www.sisinternational.com\/es\/wp-json\/wp\/v2\/users\/1"}],"replies":[{"embeddable":true,"href":"https:\/\/www.sisinternational.com\/es\/wp-json\/wp\/v2\/comments?post=41145"}],"version-history":[{"count":5,"href":"https:\/\/www.sisinternational.com\/es\/wp-json\/wp\/v2\/pages\/41145\/revisions"}],"predecessor-version":[{"id":81621,"href":"https:\/\/www.sisinternational.com\/es\/wp-json\/wp\/v2\/pages\/41145\/revisions\/81621"}],"up":[{"embeddable":true,"href":"https:\/\/www.sisinternational.com\/es\/wp-json\/wp\/v2\/pages\/33287"}],"wp:featuredmedia":[{"embeddable":true,"href":"https:\/\/www.sisinternational.com\/es\/wp-json\/wp\/v2\/media\/66365"}],"wp:attachment":[{"href":"https:\/\/www.sisinternational.com\/es\/wp-json\/wp\/v2\/media?parent=41145"}],"curies":[{"name":"wp","href":"https:\/\/api.w.org\/{rel}","templated":true}]}}