{"id":41141,"date":"2022-12-22T20:54:31","date_gmt":"2022-12-22T20:54:31","guid":{"rendered":"https:\/\/www.sisinternational.com\/?page_id=41141"},"modified":"2026-01-25T16:43:07","modified_gmt":"2026-01-25T21:43:07","slug":"investigacion-de-mercado-en-san-martin","status":"publish","type":"page","link":"https:\/\/www.sisinternational.com\/es\/cobertura\/investigacion-de-mercado-en-el-caribe\/investigacion-de-mercado-en-san-martin\/","title":{"rendered":"Investigaci\u00f3n de mercado en San Mart\u00edn"},"content":{"rendered":"<h1 class=\"wp-block-heading\">Investigaci\u00f3n de mercado en San Mart\u00edn<\/h1>\n\n\n\n<figure class=\"gb-block-image gb-block-image-b006da90\"><img loading=\"lazy\" decoding=\"async\" width=\"1456\" height=\"816\" class=\"gb-image gb-image-b006da90\" src=\"https:\/\/www.sisinternational.com\/wp-content\/uploads\/2025\/09\/Martinique-3.jpg\" alt=\"Investigaci\u00f3n y estrategia de mercado internacional de SIS\" title=\"Martinique (3)\" srcset=\"https:\/\/www.sisinternational.com\/wp-content\/uploads\/2025\/09\/Martinique-3.jpg 1456w, https:\/\/www.sisinternational.com\/wp-content\/uploads\/2025\/09\/Martinique-3-300x168.jpg 300w, https:\/\/www.sisinternational.com\/wp-content\/uploads\/2025\/09\/Martinique-3-1024x574.jpg 1024w, https:\/\/www.sisinternational.com\/wp-content\/uploads\/2025\/09\/Martinique-3-768x430.jpg 768w, https:\/\/www.sisinternational.com\/wp-content\/uploads\/2025\/09\/Martinique-3-18x10.jpg 18w\" sizes=\"auto, (max-width: 1456px) 100vw, 1456px\"><\/figure>\n\n\n\n<hr class=\"wp-block-separator has-alpha-channel-opacity is-style-dots\"\/>\n\n\n\n<p>San Mart\u00edn es una isla caribe\u00f1a ubicada a unas 190 millas al este de Puerto Rico con una superficie terrestre de al menos 34 millas cuadradas. Est\u00e1 dividido 60:40 entre Francia y los Pa\u00edses Bajos. La parte francesa est\u00e1 situada en el norte y es una colectividad de ultramar. La parte holandesa, conocida como Sint Maarten, se encuentra en la parte sur de la isla.<\/p>\n\n\n\n<p>What\u2019s the best part of staying on this island? Visitors taste two lively but distinct cultures for the price of one vacation. Another key point is that the island is proud of its dual heritage and customs. Another great thing about St. Martin is that people and goods have free movement between the two sides of the island. As a matter of fact, there\u2019s no physical border. The official currency of St. Martin is the Euro. Sint Maarten uses the Netherlands Antillean Guilder. Both sides accept the US Dollar for most transactions.<\/p>\n\n\n\n<h2 class=\"wp-block-heading\">Industrias clave<\/h2>\n\n\n\n<p>La ubicaci\u00f3n tropical de San Mart\u00edn atrae a muchos visitantes cada a\u00f1o. Su econom\u00eda gira en torno al turismo. Del mismo modo, esta industria emplea a la mayor\u00eda de su gente. Tambi\u00e9n abre muchos sectores, como hoteles, restaurantes, otros servicios alimentarios, cruceros, aerol\u00edneas, entretenimiento y transporte. La isla importa la mayor parte de sus alimentos ya que la agricultura es escasa. Las principales exportaciones son embarcaciones mar\u00edtimas, chatarra de aluminio, muebles y licores.<\/p>\n\n\n\n<h2 class=\"wp-block-heading\">Barrios<\/h2>\n\n\n\n<h3 class=\"wp-block-heading\">Marigot<\/h3>\n\n\n\n<p>Marigot es la capital de San Mart\u00edn. Tiene un ambiente muy europeo, con tiendas exclusivas y cenas a un ritmo relajado. La ciudad tiene un puerto deportivo y puedes tomar un ferry a St. Barth, Anguila y otras islas m\u00e1s arriba de la cadena.<\/p>\n\n\n\n<h3 class=\"wp-block-heading\">Cupecoy\/Tierras Bajas<\/h3>\n\n\n\n<p>Cupecoy est\u00e1 en la frontera holandesa en el lado noroeste. Es el hogar de un casino, un campo de golf y algunos buenos restaurantes. Tambi\u00e9n tiene muchas villas caras que dominan esta secci\u00f3n de la isla.<\/p>\n\n\n\n<h3 class=\"wp-block-heading\">Bah\u00eda de Oriente\/Pueblo de Oriente<\/h3>\n\n\n\n<p>En el lado este de la isla, Orient Bay tiene muchos alquileres vacacionales. Tambi\u00e9n cuenta con numerosos restaurantes y peque\u00f1os hoteles. Adem\u00e1s, es la ubicaci\u00f3n de una de las playas m\u00e1s populares de la isla.<\/p>\n\n\n\n<h2 class=\"wp-block-heading\">Tendencias<\/h2>\n\n\n\n<p>San Mart\u00edn disfruta del tipo de clima que favorece el turismo. As\u00ed, los grandes cruceros hacen escalas peri\u00f3dicas en la isla. Adem\u00e1s, la industria proporciona muchos puestos de trabajo a los residentes de St. Martin. A\u00fan as\u00ed, est\u00e1 por detr\u00e1s de Sint Maarten. El aeropuerto, los casinos y los muelles para grandes cruceros se encuentran en el lado holand\u00e9s. En el lado positivo, St. Martin es una delicia para los amantes de la gastronom\u00eda, conocido por tener la mejor cultura gastron\u00f3mica de la regi\u00f3n.<\/p>\n\n\n\n<h2 class=\"wp-block-heading\">Beneficios y Fortalezas en el Mercado<\/h2>\n\n\n\n<p>St. Martin\u2019s residents, by law, pay the same electricity rates as all other French citizens. Their utility rates start at&nbsp;$0.12 per kilowatt hour&nbsp;for home users. Sint Maarten, in comparison, charges around&nbsp;$0.35\/kWh. Another benefit of the <a href=\"https:\/\/www.sisinternational.com\/es\/cobertura\/las-americas\/investigacion-de-mercado-en-el-caribe\/investigacion-de-mercado-san-bartolome\/\" title=\"Investigaci\u00f3n de mercado en San Bartolom\u00e9\"  data-wpil-monitor-id=\"3708\">St. Martin market<\/a> is that companies can get an official ruling stating their tax system will not change. Moreover, dividends and capital gains are tax-exempt in St. Martin, and no withholding tax exists.<\/p>\n\n\n\n<h2 class=\"wp-block-heading\">Base de consumidores<\/h2>\n\n\n\n<p>El salario promedio por persona por a\u00f1o es $46,000 en San Mart\u00edn. Este tipo de datos es vital porque le permite vender m\u00e1s a sus clientes. Necesita conocer a sus clientes y ver c\u00f3mo est\u00e1n creciendo. \u00bfTienen nuevas metas o valores? \u00bfSe enfrentan a nuevos desaf\u00edos? \u00bfHan cambiado sus puntos d\u00e9biles? Debe comprender a su cliente. Si no lo hace, es posible que no pueda continuar con su campa\u00f1a de marketing actual. Hacerlo puede hacer que usted parezca sordo. Ah\u00ed es donde entra en juego la investigaci\u00f3n de mercado cualitativa, cuantitativa y estrat\u00e9gica.<\/p>\n\n\n\n<h2 class=\"wp-block-heading\">Acerca de la investigaci\u00f3n de mercado en San Mart\u00edn<\/h2>\n\n\n\n<p>SIS International offers extensive UX and <a href=\"https:\/\/www.sisinternational.com\/es\/cobertura\/las-americas\/investigacion-de-mercado-en-el-caribe\/investigacion-de-mercado-san-cristobal-y-nieves\/\" title=\"Investigaci\u00f3n de mercado en San Crist\u00f3bal y Nieves\"  data-wpil-monitor-id=\"3295\">Investigaci\u00f3n de oportunidades de mercado<\/a>. We keep you clued in on commercial industries and consumer products. We also provide insights into consumer lifestyles and trends in St. Martin. You may have an excellent idea for a service or product, but will people want it? You need to conduct some <a href=\"https:\/\/www.sisinternational.com\/es\/pericia\/industrias\/estudio-de-mercado-diesel\/\" title=\"Investigaci\u00f3n de mercado di\u00e9sel\"  data-wpil-monitor-id=\"3493\">Investigaci\u00f3n de entrada al mercado<\/a> to find out. Our research teams know the habits and attitudes of Caribbean consumers. We can help you with your Go-to-Market Strategy so you hit the ground running. Contact us today!<\/p>\n\n\n\n<p><\/p>","protected":false},"excerpt":{"rendered":"<p>La ubicaci\u00f3n tropical de San Mart\u00edn atrae a muchos visitantes. SIS proporciona informaci\u00f3n sobre investigaciones de mercado sobre los estilos de vida y las tendencias de los consumidores en St. Martin.<\/p>","protected":false},"author":1,"featured_media":66138,"parent":33287,"menu_order":19,"comment_status":"closed","ping_status":"closed","template":"","meta":{"footnotes":""},"class_list":["post-41141","page","type-page","status-publish","has-post-thumbnail"],"_links":{"self":[{"href":"https:\/\/www.sisinternational.com\/es\/wp-json\/wp\/v2\/pages\/41141","targetHints":{"allow":["GET"]}}],"collection":[{"href":"https:\/\/www.sisinternational.com\/es\/wp-json\/wp\/v2\/pages"}],"about":[{"href":"https:\/\/www.sisinternational.com\/es\/wp-json\/wp\/v2\/types\/page"}],"author":[{"embeddable":true,"href":"https:\/\/www.sisinternational.com\/es\/wp-json\/wp\/v2\/users\/1"}],"replies":[{"embeddable":true,"href":"https:\/\/www.sisinternational.com\/es\/wp-json\/wp\/v2\/comments?post=41141"}],"version-history":[{"count":6,"href":"https:\/\/www.sisinternational.com\/es\/wp-json\/wp\/v2\/pages\/41141\/revisions"}],"predecessor-version":[{"id":77910,"href":"https:\/\/www.sisinternational.com\/es\/wp-json\/wp\/v2\/pages\/41141\/revisions\/77910"}],"up":[{"embeddable":true,"href":"https:\/\/www.sisinternational.com\/es\/wp-json\/wp\/v2\/pages\/33287"}],"wp:featuredmedia":[{"embeddable":true,"href":"https:\/\/www.sisinternational.com\/es\/wp-json\/wp\/v2\/media\/66138"}],"wp:attachment":[{"href":"https:\/\/www.sisinternational.com\/es\/wp-json\/wp\/v2\/media?parent=41141"}],"curies":[{"name":"wp","href":"https:\/\/api.w.org\/{rel}","templated":true}]}}