{"id":41137,"date":"2022-12-22T20:32:20","date_gmt":"2022-12-22T20:32:20","guid":{"rendered":"https:\/\/www.sisinternational.com\/?page_id=41137"},"modified":"2025-10-01T22:23:12","modified_gmt":"2025-10-02T02:23:12","slug":"investigacion-de-mercado-en-sint-maarten","status":"publish","type":"page","link":"https:\/\/www.sisinternational.com\/es\/cobertura\/investigacion-de-mercado-en-el-caribe\/investigacion-de-mercado-en-sint-maarten\/","title":{"rendered":"Investigaci\u00f3n de mercado en Sint Maarten"},"content":{"rendered":"<h1 class=\"wp-block-heading\">Investigaci\u00f3n de mercado en Sint Maarten<\/h1>\n\n\n\n<figure class=\"gb-block-image gb-block-image-8e1e6f83\"><img loading=\"lazy\" decoding=\"async\" width=\"1456\" height=\"816\" class=\"gb-image gb-image-8e1e6f83\" src=\"https:\/\/www.sisinternational.com\/wp-content\/uploads\/2025\/09\/Sint-Maarten-1.jpg\" alt=\"Investigaci\u00f3n y estrategia de mercado internacional de SIS\" title=\"Sint Maarten (1)\" srcset=\"https:\/\/www.sisinternational.com\/wp-content\/uploads\/2025\/09\/Sint-Maarten-1.jpg 1456w, https:\/\/www.sisinternational.com\/wp-content\/uploads\/2025\/09\/Sint-Maarten-1-300x168.jpg 300w, https:\/\/www.sisinternational.com\/wp-content\/uploads\/2025\/09\/Sint-Maarten-1-1024x574.jpg 1024w, https:\/\/www.sisinternational.com\/wp-content\/uploads\/2025\/09\/Sint-Maarten-1-768x430.jpg 768w, https:\/\/www.sisinternational.com\/wp-content\/uploads\/2025\/09\/Sint-Maarten-1-18x10.jpg 18w\" sizes=\"auto, (max-width: 1456px) 100vw, 1456px\"><\/figure>\n\n\n\n<p><\/p>\n\n\n\n<hr class=\"wp-block-separator has-alpha-channel-opacity is-style-dots\"\/>\n\n\n\n<p>Sint Maarten es parte del Reino de los Pa\u00edses Bajos. Ocupa el tercio sur de la isla dividida de San Mart\u00edn; los dos tercios norte son franceses. La capital de Sint Maarten es Philipsburg y su jefe de estado es el rey (o reina) holand\u00e9s, representado por un gobernador. Su sistema de gobierno es muy parecido al del Reino Unido, con el primer ministro como jefe de gobierno. Sint Maarten es monta\u00f1osa, con pendientes que conducen a salinas, lagunas costeras y lenguas de arena.<\/p>\n\n\n\n<h2 class=\"wp-block-heading\">Barrios<\/h2>\n\n\n\n<h3 class=\"wp-block-heading\">Philipsburg<\/h3>\n\n\n\n<p>La capital holandesa tiene muchos monumentos. Tambi\u00e9n cuenta con un sinf\u00edn de opciones de compras, desde boutiques de ropa hasta joyer\u00edas.<\/p>\n\n\n\n<h3 class=\"wp-block-heading\">Bah\u00eda Simpson<\/h3>\n\n\n\n<p>Simpson Bay se encuentra a lo largo de la laguna de Sint Maarten. Es una de las ciudades m\u00e1s conocidas de Sint Maarten. Adem\u00e1s, esta zona se encuentra en el coraz\u00f3n de la escena tur\u00edstica de Sint Maarten, con innumerables discotecas, restaurantes, bares y puertos deportivos de clase mundial.<\/p>\n\n\n\n<h3 class=\"wp-block-heading\">Barrio holand\u00e9s<\/h3>\n\n\n\n<p>Este es uno de los distritos suburbanos m\u00e1s grandes de Sint Maarten. Una de las casas de plantaci\u00f3n m\u00e1s antiguas de la isla se encuentra en el Barrio Holand\u00e9s.<\/p>\n\n\n\n<h2 class=\"wp-block-heading\">Industrias clave<\/h2>\n\n\n\n<p>Sint Maarten tiene una econom\u00eda basada en el turismo. Los hoteles, restaurantes y otros sectores relacionados con el turismo representan casi la mitad del PIB. El trabajo independiente y el comercio electr\u00f3nico se est\u00e1n convirtiendo en una norma, por lo que St. Maarten tambi\u00e9n est\u00e1 avanzando en el sector empresarial de TI. El sector inmobiliario es otra industria clave, al igual que las comunicaciones, el transporte y el almacenamiento.<\/p>\n\n\n\n<h2 class=\"wp-block-heading\">Tendencias<\/h2>\n\n\n\n<p>La econom\u00eda de Sint Maarten se desplom\u00f3 despu\u00e9s del hurac\u00e1n Irma y luego Mar\u00eda en 2017. La pandemia golpe\u00f3 dos a\u00f1os despu\u00e9s y caus\u00f3 m\u00e1s estragos. A\u00fan as\u00ed, los expertos esperan que la econom\u00eda se recupere pronto. Los turistas han comenzado a regresar en grandes cantidades y el turismo de cruceros est\u00e1 aumentando. En el lado negativo, el mundo est\u00e1 luchando contra una inflaci\u00f3n severa y Sint Maarten no es una excepci\u00f3n. El pa\u00eds est\u00e1 a merced de las crisis de los precios del petr\u00f3leo. Tambi\u00e9n importa inflaci\u00f3n de Estados Unidos a trav\u00e9s del tipo de cambio fijo y el canal comercial.<\/p>\n\n\n\n<h2 class=\"wp-block-heading\">Beneficios y Fortalezas en el Mercado<\/h2>\n\n\n\n<p>Sint Maarten es un para\u00edso inmobiliario. Incluso los franceses compran m\u00e1s del lado holand\u00e9s. Adem\u00e1s, las leyes son m\u00e1s favorables y no hay impuesto a las ganancias de capital. Tampoco hay impuesto territorial. Es f\u00e1cil obtener permisos y restricciones de zonificaci\u00f3n. \u00bfCu\u00e1l es otra gran ventaja de Sint Maarten? Ofrece a los inversores un trato de alfombra roja. Es f\u00e1cil para los inversores calificar para el estatus de residente permanente despu\u00e9s de cinco a\u00f1os. Pero primero, deben invertir US$$500.000 o m\u00e1s. Pueden obtener la ciudadan\u00eda holandesa cinco a\u00f1os despu\u00e9s.<\/p>\n\n\n\n<h2 class=\"wp-block-heading\">Base de consumidores<\/h2>\n\n\n\n<p>La poblaci\u00f3n de Sint Maarten se divide equitativamente entre hombres y mujeres. La mayor\u00eda de la gente vive en centros urbanos. Dos tercios tienen acceso a Internet y el 80 por ciento son usuarios de redes sociales, principalmente Facebook, pero Instagram, LinkedIn y Twitter tambi\u00e9n son populares. Las conexiones m\u00f3viles superan el 100 por ciento y casi todo el mundo tiene acceso a la electricidad. Gran parte de la base de consumidores depende del dinero que env\u00edan los emigrantes.<\/p>\n\n\n\n<h2 class=\"wp-block-heading\">Razones para hacer crecer su negocio en el mercado de Sint Maarten<\/h2>\n\n\n\n<p>Sint Maarten tiene una econom\u00eda pr\u00f3spera y robusta. Tiene el ingreso per c\u00e1pita m\u00e1s alto del Caribe holand\u00e9s. Adem\u00e1s, la econom\u00eda est\u00e1 creciendo y es un buen momento para invertir. La isla apuesta por nuevas ideas y las apoya. Las empresas tambi\u00e9n pueden disfrutar del sistema de comunicaciones, finanzas y otros servicios de primer nivel del pa\u00eds. La mayor parte de tus ganancias ser\u00e1n en euros y d\u00f3lares estadounidenses, y las importaciones y exportaciones est\u00e1n libres de impuestos.<\/p>\n\n\n\n<h2 class=\"wp-block-heading\">Acerca de la investigaci\u00f3n de mercado en St. Maarten<\/h2>\n\n\n\n<p>You may have the best idea for a <a href=\"https:\/\/www.sisinternational.com\/es\/soluciones\/prueba-de-sabor\/servicios-de-prueba-de-productos-en-nueva-york\/\" title=\"Servicios de prueba de productos en Nueva York\"  data-wpil-monitor-id=\"8999\">product or service<\/a>, but will people want it? You need to <a href=\"https:\/\/www.sisinternational.com\/es\/how-to-conduct-effective-quantitative-market-research\/\" title=\"How to Conduct Effective Quantitative Market Research\"  data-wpil-monitor-id=\"8998\">conduct some market research<\/a> to find out. <a href=\"https:\/\/www.sisinternational.com\/es\/pascua-de-resurreccion-y-el-inevitable-conejito-de-chocolate\/\" title=\"Investigaci\u00f3n de mercado de Pascua\"  data-wpil-monitor-id=\"8996\">SIS International has offered market research<\/a> services for several years. We do Competitive Analysis, Go-to-Market Strategy, Qualitative and <a href=\"https:\/\/www.sisinternational.com\/es\/top-5-benefits-of-conducting-quantitative-market-research\/\" title=\"Top 5 Benefits of Conducting Quantitative Market Research\"  data-wpil-monitor-id=\"8997\">Investigaci\u00f3n de mercado cuantitativa<\/a>, consumer surveys, Focus Groups, and Interviews. We look at existing products and ones that are in development. Get your data on Sint Maarten and other locales today!<\/p>\n\n\n\n<p><\/p>","protected":false},"excerpt":{"rendered":"<p>Sint Maarten tiene una s\u00f3lida econom\u00eda basada en el turismo. SIS International ofrece servicios de investigaci\u00f3n de mercado desde hace varios a\u00f1os.<\/p>","protected":false},"author":1,"featured_media":66355,"parent":33287,"menu_order":18,"comment_status":"closed","ping_status":"closed","template":"","meta":{"footnotes":""},"class_list":["post-41137","page","type-page","status-publish","has-post-thumbnail"],"_links":{"self":[{"href":"https:\/\/www.sisinternational.com\/es\/wp-json\/wp\/v2\/pages\/41137","targetHints":{"allow":["GET"]}}],"collection":[{"href":"https:\/\/www.sisinternational.com\/es\/wp-json\/wp\/v2\/pages"}],"about":[{"href":"https:\/\/www.sisinternational.com\/es\/wp-json\/wp\/v2\/types\/page"}],"author":[{"embeddable":true,"href":"https:\/\/www.sisinternational.com\/es\/wp-json\/wp\/v2\/users\/1"}],"replies":[{"embeddable":true,"href":"https:\/\/www.sisinternational.com\/es\/wp-json\/wp\/v2\/comments?post=41137"}],"version-history":[{"count":3,"href":"https:\/\/www.sisinternational.com\/es\/wp-json\/wp\/v2\/pages\/41137\/revisions"}],"predecessor-version":[{"id":81507,"href":"https:\/\/www.sisinternational.com\/es\/wp-json\/wp\/v2\/pages\/41137\/revisions\/81507"}],"up":[{"embeddable":true,"href":"https:\/\/www.sisinternational.com\/es\/wp-json\/wp\/v2\/pages\/33287"}],"wp:featuredmedia":[{"embeddable":true,"href":"https:\/\/www.sisinternational.com\/es\/wp-json\/wp\/v2\/media\/66355"}],"wp:attachment":[{"href":"https:\/\/www.sisinternational.com\/es\/wp-json\/wp\/v2\/media?parent=41137"}],"curies":[{"name":"wp","href":"https:\/\/api.w.org\/{rel}","templated":true}]}}