{"id":41133,"date":"2022-12-22T19:38:52","date_gmt":"2022-12-22T19:38:52","guid":{"rendered":"https:\/\/www.sisinternational.com\/?page_id=41133"},"modified":"2026-01-24T21:28:54","modified_gmt":"2026-01-25T02:28:54","slug":"market-research-in-saint-lucia","status":"publish","type":"page","link":"https:\/\/www.sisinternational.com\/es\/coverage\/market-research-in-the-caribbean\/market-research-in-saint-lucia\/","title":{"rendered":"Investigaci\u00f3n de mercado en Santa Luc\u00eda"},"content":{"rendered":"<h1 class=\"wp-block-heading\">Investigaci\u00f3n de mercado en Santa Luc\u00eda<\/h1>\n\n\n\n<figure class=\"gb-block-image gb-block-image-b93d64fd\"><img loading=\"lazy\" decoding=\"async\" width=\"1456\" height=\"816\" class=\"gb-image gb-image-b93d64fd\" src=\"https:\/\/www.sisinternational.com\/wp-content\/uploads\/2025\/09\/Saint-Lucia-3.jpg\" alt=\"SIS International Market Research &amp; Strategy\" title=\"Saint Lucia (3)\" srcset=\"https:\/\/www.sisinternational.com\/wp-content\/uploads\/2025\/09\/Saint-Lucia-3.jpg 1456w, https:\/\/www.sisinternational.com\/wp-content\/uploads\/2025\/09\/Saint-Lucia-3-300x168.jpg 300w, https:\/\/www.sisinternational.com\/wp-content\/uploads\/2025\/09\/Saint-Lucia-3-1024x574.jpg 1024w, https:\/\/www.sisinternational.com\/wp-content\/uploads\/2025\/09\/Saint-Lucia-3-768x430.jpg 768w, https:\/\/www.sisinternational.com\/wp-content\/uploads\/2025\/09\/Saint-Lucia-3-18x10.jpg 18w\" sizes=\"auto, (max-width: 1456px) 100vw, 1456px\"><\/figure>\n\n\n\n<p><\/p>\n\n\n\n<hr class=\"wp-block-separator has-alpha-channel-opacity is-style-dots\"\/>\n\n\n\n<p>Santa Luc\u00eda es un estado del Caribe Oriental en las Islas de Barlovento, al noroeste de Barbados y al norte\/noreste de San Vicente. Cubre una superficie de 238 millas cuadradas y alberga a unas 180.000 personas. Es uno de los dos \u00fanicos estados soberanos que llevan el nombre de una mujer (el otro es Irlanda).<\/p>\n\n\n\n<h2 class=\"wp-block-heading\">Industrias clave<\/h2>\n\n\n\n<p>Saint Lucia has shifted from being a single-crop economy. The island\u2019s most crucial <a href=\"https:\/\/www.sisinternational.com\/es\/solutions\/ai-market-research-and-strategy-consulting\/ai-adoption-travel-hospitality-tourism-industry-consulting\/\" title=\"Adopci\u00f3n de IA en la consultor\u00eda de la industria de viajes, hoteler\u00eda y turismo\"  data-wpil-monitor-id=\"9234\">industry is now tourism<\/a>. That sector is also the primary source of income, jobs, and foreign exchange earnings. It accounts for two-thirds of the island\u2019s GDP. The biggest industry used to be banana exports. Although that has declined, farm workers comprise one-fifth of jobs. The island also exports mangoes and avocados. Saint Lucia also has a well-developed manufacturing industry, and the financial services sector is growing.<\/p>\n\n\n\n<h2 class=\"wp-block-heading\">Barrios<\/h2>\n\n\n\n<h3 class=\"wp-block-heading\">Castries<\/h3>\n\n\n\n<p>Castries es el Capitolio y la sede del gobierno. Tambi\u00e9n en Castries se encuentran las oficinas centrales de numerosas empresas locales y extranjeras. Uno de los lugares para visitar es Derek Walcott Square en el centro de la ciudad.<\/p>\n\n\n\n<h3 class=\"wp-block-heading\">Anse La Raye<\/h3>\n\n\n\n<p>Se trata de un encantador pueblo pesquero en la costa occidental. El pueblo es conocido por su fiesta callejera de mariscos los viernes por la noche.<\/p>\n\n\n\n<h3 class=\"wp-block-heading\">Viejo Fuerte<\/h3>\n\n\n\n<p>La segunda ciudad m\u00e1s grande de Santa Luc\u00eda alberga un importante aeropuerto. Los visitantes encontrar\u00e1n el casco antiguo cerca del puerto. Tiene una iglesia impresionante y encantadores edificios hist\u00f3ricos. El extremo norte es m\u00e1s moderno y alberga el distrito comercial de la ciudad.<\/p>\n\n\n\n<h2 class=\"wp-block-heading\">Tendencias<\/h2>\n\n\n\n<p>Santa Luc\u00eda enfrenta ahora el desaf\u00edo de la guerra en Ucrania. La isla depende de las importaciones de energ\u00eda y alimentos. Todav\u00eda est\u00e1 superando la reciente crisis mundial, que afect\u00f3 a su econom\u00eda dependiente del turismo. Estos reveses han agravado sus problemas debido al bajo crecimiento. Santa Luc\u00eda tambi\u00e9n es propensa al cambio clim\u00e1tico y a los desastres naturales. Las necesidades de financiaci\u00f3n y la elevada deuda p\u00fablica, que creci\u00f3 durante la crisis, son otros riesgos evidentes a corto plazo.<\/p>\n\n\n\n<h2 class=\"wp-block-heading\">Beneficios y Fortalezas en el Mercado<\/h2>\n\n\n\n<p>St. Lucia has many strengths that make it an ideal place to invest. The country performs well on global indicators. It has economic freedom, the government is effective, and starting a business is easy. Also, there are no restrictions on capital flows. The island\u2019s <a href=\"https:\/\/www.sisinternational.com\/es\/solutions\/travel-tourism-hospitality-consulting\/cultural-tourism-consulting\/\" title=\"Consultor\u00eda de Turismo Cultural\"  data-wpil-monitor-id=\"9236\">cultural<\/a> heritage and natural beauty are key drivers of tourism. Another vital area is the financial services industry, which is ripe for expansion and real growth.<\/p>\n\n\n\n<h2 class=\"wp-block-heading\">Base de consumidores<\/h2>\n\n\n\n<p>Alrededor del 5 por ciento de la poblaci\u00f3n de Santa Luc\u00eda se encuentra por debajo del umbral de pobreza. El lado positivo es que el acceso a la electricidad es casi del 100 por ciento. El acceso a Internet es de alrededor del 63 por ciento. Dos tercios de estos usuarios est\u00e1n en las redes sociales y el alcance de los anuncios de Facebook es casi el 50 por ciento. S\u00f3lo una quinta parte de los habitantes de Santa Luc\u00eda vive en centros urbanos y el resto permanece en zonas rurales.<\/p>\n\n\n\n<h2 class=\"wp-block-heading\">Razones para hacer crecer su negocio en el mercado de Santa Luc\u00eda<\/h2>\n\n\n\n<p>Saint Lucia is ideal for servicing regional, global, and virtual markets. The country offers an attractive climate for foreign investment with its sound policies and prudent planning. It also has well-tailored concessions for large and small investment projects. The private sector has good access to <a href=\"https:\/\/www.sisinternational.com\/es\/solutions\/fintech-strategy-consulting-research\/credit-card-market-research\/\" title=\"Investigaci\u00f3n de mercado de tarjetas de cr\u00e9dito\"  data-wpil-monitor-id=\"9235\">credit in the local market<\/a>. Also, Saint Lucia has some of the highest literacy rates in the region.<\/p>\n\n\n\n<h2 class=\"wp-block-heading\">Acerca de la investigaci\u00f3n de mercado en Santa Luc\u00eda<\/h2>\n\n\n\n<p>SIS International is a leading market research company that offers Quantitative and Qualitative Market Research on trends in Saint Lucia. We conduct affordable, fast, and high-quality Strategy Market Research. We also do Competitive Analysis to provide insights to help you make critical data-driven decisions. Our Focus Groups, Surveys, and Interviews will further enhance your <a href=\"https:\/\/www.sisinternational.com\/es\/expertise\/industries\/diesel-market-research\/\" title=\"Investigaci\u00f3n de mercado di\u00e9sel\"  data-wpil-monitor-id=\"3496\">Investigaci\u00f3n de entrada al mercado<\/a>.<\/p>\n\n\n\n<p><\/p>","protected":false},"excerpt":{"rendered":"<p>Santa Luc\u00eda tiene muchas fortalezas, lo que la convierte en un lugar ideal para invertir. SIS International ofrece investigaciones de mercado l\u00edderes sobre tendencias en Santa Luc\u00eda.<\/p>","protected":false},"author":1,"featured_media":66350,"parent":33287,"menu_order":17,"comment_status":"closed","ping_status":"closed","template":"","meta":{"footnotes":""},"class_list":["post-41133","page","type-page","status-publish","has-post-thumbnail"],"_links":{"self":[{"href":"https:\/\/www.sisinternational.com\/es\/wp-json\/wp\/v2\/pages\/41133","targetHints":{"allow":["GET"]}}],"collection":[{"href":"https:\/\/www.sisinternational.com\/es\/wp-json\/wp\/v2\/pages"}],"about":[{"href":"https:\/\/www.sisinternational.com\/es\/wp-json\/wp\/v2\/types\/page"}],"author":[{"embeddable":true,"href":"https:\/\/www.sisinternational.com\/es\/wp-json\/wp\/v2\/users\/1"}],"replies":[{"embeddable":true,"href":"https:\/\/www.sisinternational.com\/es\/wp-json\/wp\/v2\/comments?post=41133"}],"version-history":[{"count":4,"href":"https:\/\/www.sisinternational.com\/es\/wp-json\/wp\/v2\/pages\/41133\/revisions"}],"predecessor-version":[{"id":81544,"href":"https:\/\/www.sisinternational.com\/es\/wp-json\/wp\/v2\/pages\/41133\/revisions\/81544"}],"up":[{"embeddable":true,"href":"https:\/\/www.sisinternational.com\/es\/wp-json\/wp\/v2\/pages\/33287"}],"wp:featuredmedia":[{"embeddable":true,"href":"https:\/\/www.sisinternational.com\/es\/wp-json\/wp\/v2\/media\/66350"}],"wp:attachment":[{"href":"https:\/\/www.sisinternational.com\/es\/wp-json\/wp\/v2\/media?parent=41133"}],"curies":[{"name":"wp","href":"https:\/\/api.w.org\/{rel}","templated":true}]}}