{"id":41126,"date":"2022-12-22T19:21:50","date_gmt":"2022-12-22T19:21:50","guid":{"rendered":"https:\/\/www.sisinternational.com\/?page_id=41126"},"modified":"2026-01-24T21:28:56","modified_gmt":"2026-01-25T02:28:56","slug":"investigacion-de-mercado-en-anguila","status":"publish","type":"page","link":"https:\/\/www.sisinternational.com\/es\/cobertura\/investigacion-de-mercado-en-el-caribe\/investigacion-de-mercado-en-anguila\/","title":{"rendered":"Investigaci\u00f3n de mercado en Anguila"},"content":{"rendered":"<h1 class=\"wp-block-heading\">Investigaci\u00f3n de mercado en Anguila<\/h1>\n\n\n\n<figure class=\"gb-block-image gb-block-image-b274facd\"><img loading=\"lazy\" decoding=\"async\" width=\"1456\" height=\"816\" class=\"gb-image gb-image-b274facd\" src=\"https:\/\/www.sisinternational.com\/wp-content\/uploads\/2025\/09\/Anguilla-3.jpg\" alt=\"Investigaci\u00f3n y estrategia de mercado internacional de SIS\" title=\"Anguilla (3)\" srcset=\"https:\/\/www.sisinternational.com\/wp-content\/uploads\/2025\/09\/Anguilla-3.jpg 1456w, https:\/\/www.sisinternational.com\/wp-content\/uploads\/2025\/09\/Anguilla-3-300x168.jpg 300w, https:\/\/www.sisinternational.com\/wp-content\/uploads\/2025\/09\/Anguilla-3-1024x574.jpg 1024w, https:\/\/www.sisinternational.com\/wp-content\/uploads\/2025\/09\/Anguilla-3-768x430.jpg 768w, https:\/\/www.sisinternational.com\/wp-content\/uploads\/2025\/09\/Anguilla-3-18x10.jpg 18w\" sizes=\"auto, (max-width: 1456px) 100vw, 1456px\"><\/figure>\n\n\n\n<p><\/p>\n\n\n\n<p>Anguila es un territorio brit\u00e1nico de ultramar en el Caribe. Se encuentra al este de las Islas V\u00edrgenes y Puerto Rico y al norte de San Mart\u00edn. La superficie total del terreno es de 35 millas cuadradas. Esta isla coralina, plana y baja, tiene poca tierra cultivable ya que su suelo es fino y pobre. La capital de Anguila es El Valle.<\/p>\n\n\n\n<h2 class=\"wp-block-heading\">Industrias clave<\/h2>\n\n\n\n<p>Anguila est\u00e1 rodeada de aguas cristalinas y hermosos arrecifes de coral. Tambi\u00e9n lo hacen 33 playas v\u00edrgenes bordeadas de palmeras. Por tanto, no sorprende que el turismo de lujo sea uno de los pilares de la econom\u00eda de Anguila. Otro pilar son los servicios financieros extraterritoriales, que Anguila ofrece a una amplia clientela local y global. El tercer pilar es la pesca, sirviendo como actividad tur\u00edstica e industria comercial.<\/p>\n\n\n\n<h2 class=\"wp-block-heading\">Barrios<\/h2>\n\n\n\n<h3 class=\"wp-block-heading\">Bah\u00eda de Mead<\/h3>\n\n\n\n<p>Laying between Long Bay and West End Village, it is ideal for first-time visitors to the island. This prime location allows visitors to access several picturesque beaches. It\u2019s also close to the best <a href=\"https:\/\/www.sisinternational.com\/es\/soluciones\/consultoria-de-hosteleria-y-turismo-en-viajes\/consultoria-de-marketing-para-hoteles-y-restaurantes\/\" title=\"Consultor\u00eda de marketing para restaurantes y hoteles\"  data-wpil-monitor-id=\"9329\">hotels and restaurants<\/a>.<\/p>\n\n\n\n<h3 class=\"wp-block-heading\">Terreno arenoso<\/h3>\n\n\n\n<p>Est\u00e1 cerca del centro de la isla y es perfecto para viajeros con poco presupuesto. Varias residencias privadas est\u00e1n disponibles para alquiler. De este modo, los visitantes pueden disfrutar de la isla sin gastar mucho dinero.<\/p>\n\n\n\n<h3 class=\"wp-block-heading\">Punto de explosi\u00f3n<\/h3>\n\n\n\n<p>El mejor lugar para familias. Est\u00e1 cerca de todas las atracciones de la isla. Tambi\u00e9n est\u00e1 a pocos minutos del aeropuerto y de la terminal de ferry.<\/p>\n\n\n\n<h2 class=\"wp-block-heading\">Tendencias<\/h2>\n\n\n\n<p>Anguila se est\u00e1 recuperando de una reciente ca\u00edda en las llegadas de turistas debido a los cierres pand\u00e9micos. A\u00fan as\u00ed, la isla tiene unas perspectivas s\u00f3lidas a mediano plazo. Uno de los factores que impulsa el repunte es la repavimentaci\u00f3n de la pista del \u00fanico aeropuerto de la isla. Otro factor es la venta y renovaci\u00f3n de CuisinArt, un resort de primer nivel. La inflaci\u00f3n ha afectado duramente a Anguila, especialmente en los precios de los alimentos. Tambi\u00e9n han aumentado considerablemente los precios del combustible, los electrodom\u00e9sticos y los billetes de avi\u00f3n.<\/p>\n\n\n\n<h2 class=\"wp-block-heading\">Beneficios y Fortalezas en el Mercado<\/h2>\n\n\n\n<p>People doing business in Anguilla can enjoy the island\u2019s political stability. It also has a favorable corporate tax regime with no income taxes. Direct, corporate, capital gains, and inheritance taxes are also non-existent. The working environment is very relaxed. It has a solid but flexible legal framework based on English Common Law. This framework provides favorable laws and policies for those wishing to do business.<\/p>\n\n\n\n<h2 class=\"wp-block-heading\">Base de consumidores<\/h2>\n\n\n\n<p>Most of the residents of Anguilla are of African descent. It has a few Whites and people of mixed race. About a quarter of the people are ex-pats. They hail from the US, the UK, <a href=\"https:\/\/www.sisinternational.com\/es\/cobertura\/las-americas\/investigacion-de-mercado-en-el-caribe\/investigacion-de-mercado-san-cristobal-y-nieves\/\" title=\"Investigaci\u00f3n de mercado en San Crist\u00f3bal y Nieves\"  data-wpil-monitor-id=\"9327\">San Crist\u00f3bal y Nieves<\/a>, Jamaica, the Dominican Republic, and also Nigeria. Many Indian, Chinese, and Mexican workers moved to the island in 2006-2007. They came to work in the tourism industry as the local population could not supply the labor needed.<\/p>\n\n\n\n<h2 class=\"wp-block-heading\">Razones para hacer crecer su negocio en el mercado de Anguila<\/h2>\n\n\n\n<p>Anguilla is one of the most attractive <a href=\"https:\/\/www.sisinternational.com\/es\/soluciones\/soluciones-de-branding-e-investigacion-de-clientes\/investigacion-de-mercado-de-pruebas-de-productos\/empresa-lider-en-pruebas-de-ubicacion-central\/\" title=\"Empresa l\u00edder en pruebas en ubicaciones centrales\"  data-wpil-monitor-id=\"9330\">locations to start a company<\/a>. It\u2019s easy for a <a href=\"https:\/\/www.sisinternational.com\/es\/establecer-una-empresa-en-turquia\/\" title=\"Establecer una empresa en Turqu\u00eda\"  data-wpil-monitor-id=\"9331\">business to set<\/a> up shop. One can incorporate an offshore company within minutes. It\u2019s straightforward if doing it online with the help of a sub-agent. The island offers investor privacy and trademark protection. Also, Anguilla does not enforce any currency controls. So investors can move their money freely and hold funds in any currency of their choice.<\/p>\n\n\n\n<h2 class=\"wp-block-heading\">Acerca de la investigaci\u00f3n de mercado en Anguila<\/h2>\n\n\n\n<p>SIS International offers an in-depth guide to the <a href=\"https:\/\/www.sisinternational.com\/es\/soluciones\/consultoria-estrategica\/estudios-de-dimensionamiento-de-viabilidad-de-entrada-al-mercado\/\" title=\"Estudios de Entrada al Mercado, Viabilidad y Dimensionamiento\"  data-wpil-monitor-id=\"9326\">size and shape of the Anguilla market<\/a>. You get the best <a href=\"https:\/\/www.sisinternational.com\/es\/pericia\/industrias\/estudio-de-mercado-diesel\/\" title=\"Investigaci\u00f3n de mercado di\u00e9sel\"  data-wpil-monitor-id=\"3500\">Investigaci\u00f3n de dimensionamiento del mercado<\/a>. Plus, we\u2019ll do a <a href=\"https:\/\/www.sisinternational.com\/es\/soluciones\/consultoria-estrategica\/entrenamiento-y-estrategia-de-inteligencia-competitiva\/\" title=\"Entrenamiento y Estrategia en Inteligencia Competitiva\"  data-wpil-monitor-id=\"9332\">Competitivo<\/a> Analysis to help you form your Go-to-Market Strategy. We also do Quantitative and <a href=\"https:\/\/www.sisinternational.com\/es\/tools-and-resources-for-qualitative-market-research\/\" title=\"Tools and Resources for Qualitative Market Research\"  data-wpil-monitor-id=\"9325\">Investigaci\u00f3n de Mercado Cualitativa<\/a>. Thus, we help you to find the sectors driving growth. Our tools include Interviews, Surveys, and Focus Groups. These give you <a href=\"https:\/\/www.sisinternational.com\/es\/how-to-conduct-in-depth-interviews-for-market-insights\/\" title=\"C\u00f3mo realizar entrevistas exhaustivas para obtener informaci\u00f3n sobre el mercado\"  data-wpil-monitor-id=\"9328\">insights into the strength of the market<\/a> and how it will receive your products or services.<\/p>\n\n\n\n<p><\/p>","protected":false},"excerpt":{"rendered":"<p>Anguila es uno de los lugares m\u00e1s atractivos para iniciar una empresa. SIS International ofrece una gu\u00eda detallada para la investigaci\u00f3n de mercados.<\/p>","protected":false},"author":1,"featured_media":66204,"parent":33287,"menu_order":16,"comment_status":"closed","ping_status":"closed","template":"","meta":{"footnotes":""},"class_list":["post-41126","page","type-page","status-publish","has-post-thumbnail"],"_links":{"self":[{"href":"https:\/\/www.sisinternational.com\/es\/wp-json\/wp\/v2\/pages\/41126","targetHints":{"allow":["GET"]}}],"collection":[{"href":"https:\/\/www.sisinternational.com\/es\/wp-json\/wp\/v2\/pages"}],"about":[{"href":"https:\/\/www.sisinternational.com\/es\/wp-json\/wp\/v2\/types\/page"}],"author":[{"embeddable":true,"href":"https:\/\/www.sisinternational.com\/es\/wp-json\/wp\/v2\/users\/1"}],"replies":[{"embeddable":true,"href":"https:\/\/www.sisinternational.com\/es\/wp-json\/wp\/v2\/comments?post=41126"}],"version-history":[{"count":4,"href":"https:\/\/www.sisinternational.com\/es\/wp-json\/wp\/v2\/pages\/41126\/revisions"}],"predecessor-version":[{"id":81561,"href":"https:\/\/www.sisinternational.com\/es\/wp-json\/wp\/v2\/pages\/41126\/revisions\/81561"}],"up":[{"embeddable":true,"href":"https:\/\/www.sisinternational.com\/es\/wp-json\/wp\/v2\/pages\/33287"}],"wp:featuredmedia":[{"embeddable":true,"href":"https:\/\/www.sisinternational.com\/es\/wp-json\/wp\/v2\/media\/66204"}],"wp:attachment":[{"href":"https:\/\/www.sisinternational.com\/es\/wp-json\/wp\/v2\/media?parent=41126"}],"curies":[{"name":"wp","href":"https:\/\/api.w.org\/{rel}","templated":true}]}}