{"id":41094,"date":"2022-12-13T06:04:20","date_gmt":"2022-12-13T06:04:20","guid":{"rendered":"https:\/\/www.sisinternational.com\/?page_id=41094"},"modified":"2026-01-24T21:28:57","modified_gmt":"2026-01-25T02:28:57","slug":"investigacion-de-mercado-islas-virgenes-estadounidenses","status":"publish","type":"page","link":"https:\/\/www.sisinternational.com\/es\/cobertura\/investigacion-de-mercado-en-el-caribe\/investigacion-de-mercado-islas-virgenes-estadounidenses\/","title":{"rendered":"Investigaci\u00f3n de mercado en las Islas V\u00edrgenes de EE. UU."},"content":{"rendered":"<h1 class=\"wp-block-heading\">Investigaci\u00f3n de mercado en las Islas V\u00edrgenes de EE. UU.<\/h1>\n\n\n\n<p><\/p>\n\n\n\n<figure class=\"gb-block-image gb-block-image-995c3e9e\"><img loading=\"lazy\" decoding=\"async\" width=\"1456\" height=\"816\" class=\"gb-image gb-image-995c3e9e\" src=\"https:\/\/www.sisinternational.com\/wp-content\/uploads\/2025\/09\/US-Virgin-islands-2.jpg\" alt=\"Investigaci\u00f3n y estrategia de mercado internacional de SIS\" title=\"US Virgin islands (2)\" srcset=\"https:\/\/www.sisinternational.com\/wp-content\/uploads\/2025\/09\/US-Virgin-islands-2.jpg 1456w, https:\/\/www.sisinternational.com\/wp-content\/uploads\/2025\/09\/US-Virgin-islands-2-300x168.jpg 300w, https:\/\/www.sisinternational.com\/wp-content\/uploads\/2025\/09\/US-Virgin-islands-2-1024x574.jpg 1024w, https:\/\/www.sisinternational.com\/wp-content\/uploads\/2025\/09\/US-Virgin-islands-2-768x430.jpg 768w, https:\/\/www.sisinternational.com\/wp-content\/uploads\/2025\/09\/US-Virgin-islands-2-18x10.jpg 18w\" sizes=\"auto, (max-width: 1456px) 100vw, 1456px\"><\/figure>\n\n\n\n<p><\/p>\n\n\n\n<hr class=\"wp-block-separator has-alpha-channel-opacity is-style-dots\"\/>\n\n\n\n<p>Las Islas V\u00edrgenes de los Estados Unidos se encuentran cerca de las Antillas Mayores, a unas 40 millas al este de Puerto Rico. Las islas est\u00e1n en el noreste del Mar Caribe. Las Islas V\u00edrgenes Estadounidenses son un territorio insular estadounidense organizado y no incorporado y parte del Grupo de las Islas V\u00edrgenes, que contiene a su vecina, las Islas V\u00edrgenes Brit\u00e1nicas. Las Islas V\u00edrgenes Estadounidenses se componen de tres islas grandes (St. Thomas, St. Croix y St. John) y al menos 50 peque\u00f1os cayos e islotes.<\/p>\n\n\n\n<h2 class=\"wp-block-heading\">Industrias clave<\/h2>\n\n\n\n<ul class=\"wp-block-list\">\n<li>Servicios financieros<\/li>\n\n\n\n<li>destilaci\u00f3n de ron<\/li>\n\n\n\n<li>Montaje del reloj<\/li>\n\n\n\n<li>Productos farmac\u00e9uticos<\/li>\n\n\n\n<li>Turismo<\/li>\n\n\n\n<li>tecnolog\u00eda de la informaci\u00f3n<\/li>\n<\/ul>\n\n\n\n<h2 class=\"wp-block-heading\">Ciudades principales<\/h2>\n\n\n\n<ul class=\"wp-block-list\">\n<li><strong>Carlota Amalia, Santo Tom\u00e1s<\/strong> \u2013 Charlotte Amalie es la capital de las Islas V\u00edrgenes de Estados Unidos. Tambi\u00e9n es la ciudad m\u00e1s grande de la isla de St. Thomas. Es donde encontrar\u00e1 los mejores restaurantes y tiendas y los principales centros de transporte.<\/li>\n\n\n\n<li><strong>Christiansted, Santa Cruz<\/strong> \u2013 Fundada en 1734 en St. Croix, Christiansted es la ciudad m\u00e1s grande de la isla. Presenta una arquitectura afro-danesa \u00fanica junto con muchos edificios hist\u00f3ricos. Otro punto clave es que el buceo es un gran atractivo en esta ciudad, y frente a la costa se encuentran varios sitios de buceo muy buenos.<\/li>\n\n\n\n<li><strong>Bah\u00eda Cruz, San Juan<\/strong> \u2013 Opciones de compras, restaurantes y vida nocturna (incluido un casino) esperan a los visitantes de esta popular ciudad. La playa de Cruz Bay est\u00e1 cerca. Bares y tiendas bordean este concurrido tramo de costa. Cruz Bay es una ciudad tur\u00edstica, por lo que ofrece una amplia variedad de operadores tur\u00edsticos que brindan diferentes servicios.<\/li>\n<\/ul>\n\n\n\n<h2 class=\"wp-block-heading\">Tendencias<\/h2>\n\n\n\n<p>El comercio, el turismo y otros servicios son los sectores primarios. Representan m\u00e1s de la mitad del PIB de las Islas V\u00edrgenes. Estos sectores tambi\u00e9n proporcionan aproximadamente la mitad del empleo civil total. Las islas reciben a millones de turistas cada a\u00f1o, la mayor\u00eda de los cuales vienen de cruceros que visitan el pa\u00eds. Las islas importan la mayor parte de sus alimentos porque el sector agr\u00edcola es peque\u00f1o. El gobierno y la industria representan cada uno alrededor de una quinta parte del PIB.<\/p>\n\n\n\n<h2 class=\"wp-block-heading\">Base de consumidores<\/h2>\n\n\n\n<p>La mayor\u00eda de los isle\u00f1os V\u00edrgenes viven en St. Thomas y St. Croix. Menos del cinco por ciento reside en St. John. La gente es diversa. Alrededor de las tres cuartas partes son negros, otro diez por ciento son blancos y el resto se incluye en &quot;Otros&quot;. De hecho, muchos son trabajadores inmigrantes de pa\u00edses vecinos. Estas islas son pr\u00edstinas y ofrecen excelentes condiciones de vida. La belleza natural y el clima templado contribuyen a\u00fan m\u00e1s a garantizar una excelente calidad de vida.<\/p>\n\n\n\n<h2 class=\"wp-block-heading\">Beneficios y Fortalezas en el Mercado<\/h2>\n\n\n\n<ul class=\"wp-block-list\">\n<li>Los fabricantes pueden agregar etiquetas &quot;Hecho en EE. UU.&quot; a sus productos.<\/li>\n\n\n\n<li>Las Islas V\u00edrgenes utilizan moneda estadounidense y cuentan con la protecci\u00f3n de los tribunales estadounidenses adem\u00e1s de su bandera.<\/li>\n\n\n\n<li>Estas islas son un para\u00edso. Tienen hermosas playas, vistas de 360 grados y un producto tur\u00edstico bien desarrollado.<\/li>\n\n\n\n<li>El gobierno apoya las asociaciones p\u00fablico-privadas. Como tal, ha conseguido varios acuerdos de inversiones de capital con empresas privadas.<\/li>\n\n\n\n<li>Las islas cuentan con una fuerza laboral educada, comprometida y estable.<\/li>\n<\/ul>\n\n\n\n<h2 class=\"wp-block-heading\">Reasons to Grow Your Business in the US Virgin Islands Market<\/h2>\n\n\n\n<p>The US Virgin Islands offers the Economic Development Commission or EDC program, a unique tax incentive for qualified companies moving to their shores. It reduces personal and corporate income taxes by 90 percent. It also exempts such <a href=\"https:\/\/www.sisinternational.com\/es\/servicios-de-publicidad-multicultural-para-un-holding-y-conglomerado-empresarial-emirati\/\" title=\"Servicios de publicidad multicultural para un holding y un conglomerado empresarial emirat\u00ed\"  data-wpil-monitor-id=\"9245\">companies from business<\/a> property tax. Also, goods produced in these islands may gain quota-free, duty-free entry into the US.<\/p>\n\n\n\n<h2 class=\"wp-block-heading\">About Market Research in the US Virgin Islands<\/h2>\n\n\n\n<p>SIS offers accurate and speedy market research with expert moderators and a huge, diverse database of study candidates. We also ensure quality results and peace of mind by providing Qualitative and Quantitative Market Research, Surveys, Interviews, Focus Groups, UX and Strategy Market Research, and Competitive Analysis. SIS also does Market Entry, Market Opportunity, and <a href=\"https:\/\/www.sisinternational.com\/es\/pericia\/industrias\/estudio-de-mercado-diesel\/\" title=\"Investigaci\u00f3n de mercado di\u00e9sel\"  data-wpil-monitor-id=\"3503\">Investigaci\u00f3n de dimensionamiento del mercado<\/a>.<\/p>\n\n\n\n<p><\/p>","protected":false},"excerpt":{"rendered":"<p>SIS ofrece investigaciones de mercado precisas y r\u00e1pidas con moderadores expertos y una base de datos enorme y diversa de candidatos para estudios.<\/p>","protected":false},"author":1,"featured_media":66378,"parent":33287,"menu_order":15,"comment_status":"closed","ping_status":"closed","template":"","meta":{"footnotes":""},"class_list":["post-41094","page","type-page","status-publish","has-post-thumbnail"],"_links":{"self":[{"href":"https:\/\/www.sisinternational.com\/es\/wp-json\/wp\/v2\/pages\/41094","targetHints":{"allow":["GET"]}}],"collection":[{"href":"https:\/\/www.sisinternational.com\/es\/wp-json\/wp\/v2\/pages"}],"about":[{"href":"https:\/\/www.sisinternational.com\/es\/wp-json\/wp\/v2\/types\/page"}],"author":[{"embeddable":true,"href":"https:\/\/www.sisinternational.com\/es\/wp-json\/wp\/v2\/users\/1"}],"replies":[{"embeddable":true,"href":"https:\/\/www.sisinternational.com\/es\/wp-json\/wp\/v2\/comments?post=41094"}],"version-history":[{"count":4,"href":"https:\/\/www.sisinternational.com\/es\/wp-json\/wp\/v2\/pages\/41094\/revisions"}],"predecessor-version":[{"id":81545,"href":"https:\/\/www.sisinternational.com\/es\/wp-json\/wp\/v2\/pages\/41094\/revisions\/81545"}],"up":[{"embeddable":true,"href":"https:\/\/www.sisinternational.com\/es\/wp-json\/wp\/v2\/pages\/33287"}],"wp:featuredmedia":[{"embeddable":true,"href":"https:\/\/www.sisinternational.com\/es\/wp-json\/wp\/v2\/media\/66378"}],"wp:attachment":[{"href":"https:\/\/www.sisinternational.com\/es\/wp-json\/wp\/v2\/media?parent=41094"}],"curies":[{"name":"wp","href":"https:\/\/api.w.org\/{rel}","templated":true}]}}