{"id":41092,"date":"2022-12-13T05:56:28","date_gmt":"2022-12-13T05:56:28","guid":{"rendered":"https:\/\/www.sisinternational.com\/?page_id=41092"},"modified":"2026-01-24T21:28:58","modified_gmt":"2026-01-25T02:28:58","slug":"investigacion-de-mercado-caribe-holandes","status":"publish","type":"page","link":"https:\/\/www.sisinternational.com\/es\/cobertura\/investigacion-de-mercado-en-el-caribe\/investigacion-de-mercado-caribe-holandes\/","title":{"rendered":"Investigaci\u00f3n de mercado en el Caribe holand\u00e9s"},"content":{"rendered":"<h1 class=\"wp-block-heading\">Investigaci\u00f3n de mercado en el Caribe holand\u00e9s<\/h1>\n\n\n\n<figure class=\"gb-block-image gb-block-image-04965494\"><img loading=\"lazy\" decoding=\"async\" width=\"1456\" height=\"816\" class=\"gb-image gb-image-04965494\" src=\"https:\/\/www.sisinternational.com\/wp-content\/uploads\/2025\/09\/Dutch-Caribbean-3.jpg\" alt=\"Investigaci\u00f3n y estrategia de mercado internacional de SIS\" title=\"Dutch Caribbean (3)\" srcset=\"https:\/\/www.sisinternational.com\/wp-content\/uploads\/2025\/09\/Dutch-Caribbean-3.jpg 1456w, https:\/\/www.sisinternational.com\/wp-content\/uploads\/2025\/09\/Dutch-Caribbean-3-300x168.jpg 300w, https:\/\/www.sisinternational.com\/wp-content\/uploads\/2025\/09\/Dutch-Caribbean-3-1024x574.jpg 1024w, https:\/\/www.sisinternational.com\/wp-content\/uploads\/2025\/09\/Dutch-Caribbean-3-768x430.jpg 768w, https:\/\/www.sisinternational.com\/wp-content\/uploads\/2025\/09\/Dutch-Caribbean-3-18x10.jpg 18w\" sizes=\"auto, (max-width: 1456px) 100vw, 1456px\"><\/figure>\n\n\n\n<hr class=\"wp-block-separator has-alpha-channel-opacity is-style-dots\"\/>\n\n\n\n<p>Las islas del Caribe holand\u00e9s forman parte de la cadena de las Antillas Menores. Tres de las islas est\u00e1n al norte, cerca de las Islas V\u00edrgenes. Esos tres son Saba, Sint Eustatius y Sint Maarten.<\/p>\n\n\n\n<p>Las islas del sur, conocidas como las &quot;Islas ABC&quot;, son Aruba, Bonaire y Curazao. Tambi\u00e9n est\u00e1n Klein Bonaire (Peque\u00f1o Bonaire) y Klein Curacao (Peque\u00f1o Curazao).<\/p>\n\n\n\n<p>Estas islas se conoc\u00edan antiguamente como las Antillas Neerlandesas. En 2010, las Antillas Neerlandesas disolvieron su condici\u00f3n de pa\u00eds. De hecho, Aruba, Curazao y Sint Maarten son ahora un grupo \u00fanico. Se convirtieron en pa\u00edses constituyentes del Reino de los Pa\u00edses Bajos. Las otras islas, Bonaire, San Eustaquio y Saba, se convirtieron en municipios especiales de los Pa\u00edses Bajos.<\/p>\n\n\n\n<h2 class=\"wp-block-heading\">Industrias clave<\/h2>\n\n\n\n<p>La econom\u00eda depende de dos colosales refiner\u00edas de petr\u00f3leo en Aruba y Curazao. Estos dos puertos se encuentran entre los m\u00e1s activos del mundo debido al gran volumen de env\u00edos entrantes y salientes.<\/p>\n\n\n\n<p>Petroleum products form the backbone of the economy. The next most important <a href=\"https:\/\/www.sisinternational.com\/es\/soluciones\/investigacion-de-mercado-de-ia-y-consultoria-estrategica\/adopcion-de-ia-viajes-hospitalidad-turismo-industria-consultoria\/\" title=\"Adopci\u00f3n de IA en la consultor\u00eda de la industria de viajes, hoteler\u00eda y turismo\"  data-wpil-monitor-id=\"10356\">industry is tourism<\/a>, followed by banking and investments.<\/p>\n\n\n\n<h2 class=\"wp-block-heading\">Barrios<\/h2>\n\n\n\n<p><strong>Oranjestad<\/strong>: la capital y ciudad m\u00e1s grande de Aruba, ubicada en la costa sur. Esta ciudad cuenta con varios centros comerciales y otras comodidades modernas.<\/p>\n\n\n\n<p><strong>Willemstad<\/strong>: La capital de Curazao. Willemstad fue la capital de las Antillas Neerlandesas antes de su disoluci\u00f3n en 2010.<\/p>\n\n\n\n<p><strong>Philipsburg<\/strong>: la ciudad capital de Sint Maarten. Front Street es el distrito comercial central en el coraz\u00f3n de la ciudad.<\/p>\n\n\n\n<h2 class=\"wp-block-heading\">Tendencias<\/h2>\n\n\n\n<h3 class=\"wp-block-heading\">Municipios Especiales<\/h3>\n\n\n\n<p>Bonaire, Saba y San Eustaquio tienen una poblaci\u00f3n combinada de 26,5 mil habitantes. Esta cifra est\u00e1 aumentando y en las islas hay un poco m\u00e1s de hombres que de mujeres.<\/p>\n\n\n\n<p>M\u00e1s del 80 por ciento de la poblaci\u00f3n de estas tres islas son usuarios de Internet. La mayor\u00eda de ellos tambi\u00e9n son usuarios de las redes sociales. Los datos sugieren que el alcance de los anuncios de Facebook es mejor que el de Instagram. Hasta ahora, la adopci\u00f3n de LinkedIn ha sido abismal.<\/p>\n\n\n\n<h3 class=\"wp-block-heading\">Pa\u00edses constituyentes<\/h3>\n\n\n\n<p>Los pa\u00edses de este grupo, Aruba, Curazao y Sint Maarten, est\u00e1n en una tendencia ascendente. El turismo se est\u00e1 recuperando y los visitantes de cruceros y estancias en el pa\u00eds est\u00e1n aumentando. La recuperaci\u00f3n est\u00e1 ganando terreno, pero enfrenta obst\u00e1culos debido a la inflaci\u00f3n y otros reveses.<\/p>\n\n\n\n<h2 class=\"wp-block-heading\">Beneficios y Fortalezas en el Mercado<\/h2>\n\n\n\n<p>The Dutch Caribbean features exciting nightlife. Island hopping is easy, and there are <a href=\"https:\/\/www.sisinternational.com\/es\/mystery-shopping-for-beauty-products\/\" title=\"Mystery Shopping for Beauty Products\"  data-wpil-monitor-id=\"10359\">beautiful beaches and excellent shopping<\/a>. Most stores accept US dollars. The official language of the islands is Dutch, but most residents speak English. Several airlines provide nonstop flights from US, Canadian, and European cities. The Dutch Caribbean is also a cruising mecca.<\/p>\n\n\n\n<h2 class=\"wp-block-heading\">Base de consumidores<\/h2>\n\n\n\n<p>La base de consumidores del Caribe holand\u00e9s es diversa ya que abarca seis islas. Las islas m\u00e1s conocidas son Sint Maarten, Aruba y Curazao. Tienen econom\u00edas bien desarrolladas basadas en la refinaci\u00f3n de petr\u00f3leo y el turismo. As\u00ed, sus consumidores tienen gustos m\u00e1s sofisticados que los de las otras islas. A pesar de su desarrollo, todas las islas tienen un ambiente relajado. La gente refleja esa vibra.<\/p>\n\n\n\n<h2 class=\"wp-block-heading\">Razones para hacer crecer su negocio en el Caribe holand\u00e9s<\/h2>\n\n\n\n<p>The Dutch Caribbean is excellent for <a href=\"https:\/\/www.sisinternational.com\/es\/publicaciones\/exportacion-del-mercado-medio-japones\/\" title=\"Hacer crecer su negocio en Jap\u00f3n\"  data-wpil-monitor-id=\"10357\">growing a business<\/a>. Why? Because it gives companies direct access to <a href=\"https:\/\/www.sisinternational.com\/es\/investigacion-de-mercado-en-europa-2\/\" title=\"El mercado europeo\"  data-wpil-monitor-id=\"10351\">the European market<\/a>. The Netherlands is part of the European Union. Your company can derive several benefits from that. The islands also have a well-developed tourism product. That is a boon if your <a href=\"https:\/\/www.sisinternational.com\/es\/soluciones\/consultoria-de-hosteleria-y-turismo-en-viajes\/empresa-de-gestion-hotelera-investigacion-de-mercado-consultoria-estrategica\/\" title=\"Empresa de gesti\u00f3n hotelera Investigaci\u00f3n de mercados y consultor\u00eda estrat\u00e9gica\"  data-wpil-monitor-id=\"10354\">company serves that market<\/a>.<\/p>\n\n\n\n<h2 class=\"wp-block-heading\">Acerca de la investigaci\u00f3n de mercado en el Caribe holand\u00e9s<\/h2>\n\n\n\n<p>At SIS we are happy to partner with companies needing market research in the Dutch Caribbean. We offer Quantitative, Qualitative, UX, Strategy, and <a href=\"https:\/\/www.sisinternational.com\/es\/pericia\/industrias\/estudio-de-mercado-diesel\/\" title=\"Investigaci\u00f3n de mercado di\u00e9sel\"  data-wpil-monitor-id=\"3505\">Investigaci\u00f3n de entrada al mercado<\/a>. Our services also include <a href=\"https:\/\/www.sisinternational.com\/es\/cobertura\/las-americas\/investigacion-de-mercado-de-america-latina\/cosmeticos-en-mexico-investigacion-de-mercado\/\" title=\"Investigaci\u00f3n de Mercado de Cosm\u00e9ticos en M\u00e9xico\"  data-wpil-monitor-id=\"3507\">Investigaci\u00f3n de dimensionamiento del mercado<\/a> and Go-To-Market Strategy. We can put together <a href=\"https:\/\/www.sisinternational.com\/es\/soluciones\/investigacion-de-mercado-de-grupo-focal\/como-realizar-un-grupo-focal\/\" title=\"C\u00f3mo realizar un grupo focal\"  data-wpil-monitor-id=\"10352\">Focus Groups and conduct<\/a> Surveys and Interviews. That way, we help you figure out if investing in the Dutch Caribbean is right for you.<\/p>\n\n\n\n<p><\/p>","protected":false},"excerpt":{"rendered":"<p>SIS ofrece investigaci\u00f3n cuantitativa, cualitativa, UX, estrat\u00e9gica y de entrada al mercado a empresas del Caribe holand\u00e9s.<\/p>","protected":false},"author":1,"featured_media":66259,"parent":33287,"menu_order":14,"comment_status":"closed","ping_status":"closed","template":"","meta":{"footnotes":""},"class_list":["post-41092","page","type-page","status-publish","has-post-thumbnail"],"_links":{"self":[{"href":"https:\/\/www.sisinternational.com\/es\/wp-json\/wp\/v2\/pages\/41092","targetHints":{"allow":["GET"]}}],"collection":[{"href":"https:\/\/www.sisinternational.com\/es\/wp-json\/wp\/v2\/pages"}],"about":[{"href":"https:\/\/www.sisinternational.com\/es\/wp-json\/wp\/v2\/types\/page"}],"author":[{"embeddable":true,"href":"https:\/\/www.sisinternational.com\/es\/wp-json\/wp\/v2\/users\/1"}],"replies":[{"embeddable":true,"href":"https:\/\/www.sisinternational.com\/es\/wp-json\/wp\/v2\/comments?post=41092"}],"version-history":[{"count":6,"href":"https:\/\/www.sisinternational.com\/es\/wp-json\/wp\/v2\/pages\/41092\/revisions"}],"predecessor-version":[{"id":81708,"href":"https:\/\/www.sisinternational.com\/es\/wp-json\/wp\/v2\/pages\/41092\/revisions\/81708"}],"up":[{"embeddable":true,"href":"https:\/\/www.sisinternational.com\/es\/wp-json\/wp\/v2\/pages\/33287"}],"wp:featuredmedia":[{"embeddable":true,"href":"https:\/\/www.sisinternational.com\/es\/wp-json\/wp\/v2\/media\/66259"}],"wp:attachment":[{"href":"https:\/\/www.sisinternational.com\/es\/wp-json\/wp\/v2\/media?parent=41092"}],"curies":[{"name":"wp","href":"https:\/\/api.w.org\/{rel}","templated":true}]}}