{"id":41088,"date":"2022-12-13T05:31:50","date_gmt":"2022-12-13T05:31:50","guid":{"rendered":"https:\/\/www.sisinternational.com\/?page_id=41088"},"modified":"2026-01-24T21:30:38","modified_gmt":"2026-01-25T02:30:38","slug":"investigacion-de-mercado-islas-virgenes-britanicas","status":"publish","type":"page","link":"https:\/\/www.sisinternational.com\/es\/cobertura\/investigacion-de-mercado-en-el-caribe\/investigacion-de-mercado-islas-virgenes-britanicas\/","title":{"rendered":"Investigaci\u00f3n de mercado en las Islas V\u00edrgenes Brit\u00e1nicas"},"content":{"rendered":"<h1 class=\"wp-block-heading\">Investigaci\u00f3n de mercado en las Islas V\u00edrgenes Brit\u00e1nicas<\/h1>\n\n\n\n<p><\/p>\n\n\n\n<figure class=\"gb-block-image gb-block-image-35e0b830\"><img loading=\"lazy\" decoding=\"async\" width=\"1456\" height=\"816\" class=\"gb-image gb-image-35e0b830\" src=\"https:\/\/www.sisinternational.com\/wp-content\/uploads\/2025\/09\/Brittish-Virgin-Islands-1.jpg\" alt=\"Investigaci\u00f3n y estrategia de mercado internacional de SIS\" title=\"Brittish Virgin Islands (1)\" srcset=\"https:\/\/www.sisinternational.com\/wp-content\/uploads\/2025\/09\/Brittish-Virgin-Islands-1.jpg 1456w, https:\/\/www.sisinternational.com\/wp-content\/uploads\/2025\/09\/Brittish-Virgin-Islands-1-300x168.jpg 300w, https:\/\/www.sisinternational.com\/wp-content\/uploads\/2025\/09\/Brittish-Virgin-Islands-1-1024x574.jpg 1024w, https:\/\/www.sisinternational.com\/wp-content\/uploads\/2025\/09\/Brittish-Virgin-Islands-1-768x430.jpg 768w, https:\/\/www.sisinternational.com\/wp-content\/uploads\/2025\/09\/Brittish-Virgin-Islands-1-18x10.jpg 18w\" sizes=\"auto, (max-width: 1456px) 100vw, 1456px\"><\/figure>\n\n\n\n<p><\/p>\n\n\n\n<hr class=\"wp-block-separator has-alpha-channel-opacity is-style-dots\"\/>\n\n\n\n<p>Las Islas V\u00edrgenes Brit\u00e1nicas se encuentran al noroeste de Anguila y al este de Puerto Rico. Las islas forman un territorio brit\u00e1nico de ultramar. T\u00f3rtola, Virgen Gorda, Anegada y Jost Van Dyke son las islas principales de las Islas V\u00edrgenes Brit\u00e1nicas, pero tambi\u00e9n hay 50 islas y cayos m\u00e1s peque\u00f1os. La gente vive en diecis\u00e9is de las islas. Road Town, la capital, est\u00e1 en T\u00f3rtola, la isla m\u00e1s grande.<\/p>\n\n\n\n<h2 class=\"wp-block-heading\">Industrias clave<\/h2>\n\n\n\n<p>Quiz\u00e1s se pregunte, \u00bfcu\u00e1l es la industria principal en las Islas V\u00edrgenes Brit\u00e1nicas? Las BVI tienen dos industrias principales: turismo y servicios financieros. El turismo emplea a muchas personas, pero las BVI est\u00e1n orgullosas de su condici\u00f3n de centro financiero extraterritorial. Las islas tambi\u00e9n producen verduras, frutas, ca\u00f1a de az\u00facar, aves y ganado. La construcci\u00f3n de barcos es otro campo importante, al igual que la pesca comercial, la construcci\u00f3n y la destilaci\u00f3n de ron.<\/p>\n\n\n\n<h2 class=\"wp-block-heading\">Barrios<\/h2>\n\n\n\n<ul class=\"wp-block-list\">\n<li>Road Town: la capital de las BVI y la ciudad principal de Tortola<\/li>\n\n\n\n<li>Spanish Town: la segunda ciudad m\u00e1s grande ubicada en Virgen Gorda, la tercera isla m\u00e1s grande<\/li>\n\n\n\n<li>Cane Garden Bay: uno de los complejos tur\u00edsticos de playa m\u00e1s conocidos de T\u00f3rtola<\/li>\n\n\n\n<li>Scrub Island: una peque\u00f1a escapada de lujo al noreste de T\u00f3rtola<\/li>\n\n\n\n<li>White Bay: uno de los mejores complejos tur\u00edsticos de playa en Jost Van Dyke<\/li>\n\n\n\n<li>Peter Island: una isla privada a s\u00f3lo cinco millas al noroeste de Road Town<\/li>\n\n\n\n<li>The Settlement \u2013 tambi\u00e9n conocido como \u201cThe Village\u201d, The Settlement es el \u00fanico pueblo en Anegada, la segunda isla m\u00e1s grande y remota de las BVI.<\/li>\n\n\n\n<li>Belmont: un lugar central en el extremo oeste de Tortola<\/li>\n<\/ul>\n\n\n\n<h2 class=\"wp-block-heading\">Tendencias<\/h2>\n\n\n\n<p>The British Virgin Islands is a world leader in the <a href=\"https:\/\/www.sisinternational.com\/es\/soluciones\/soluciones-de-investigacion-cualitativa-cuantitativa\/investigacion-de-mercado-de-servicios-de-campo\/\" title=\"Investigaci\u00f3n de mercado de servicios de campo\"  data-wpil-monitor-id=\"9370\">field of financial services<\/a>. For over four decades, it has allowed people and businesses to invest. It also allows them to trade across global borders. The islands have also emerged as a world-leading center for cryptos and FinTech, tapping into the vast potential of these new <a href=\"https:\/\/www.sisinternational.com\/es\/publicaciones\/investigacion-de-mercado-empresarial-escalable-7-formas-de-construir-un-negocio-escalable\/\" title=\"Investigaci\u00f3n de mercado empresarial escalable: 7 formas de construir un negocio escalable\"  data-wpil-monitor-id=\"9372\">ways of doing business<\/a>. FinTech and crypto have many strengths. The BVI brings these strengths to people and businesses around the world.<\/p>\n\n\n\n<h2 class=\"wp-block-heading\">Beneficios y Fortalezas en el Mercado<\/h2>\n\n\n\n<p>Many of the BVI\u2019s strengths are common to other countries. For example, it has no currency exchange controls, and English is the primary language. It is a stable democracy. Also, the islands subscribe to a common <a href=\"https:\/\/www.sisinternational.com\/es\/optimized-management-system-for-a-leading-us-immigration-law-firm\/\" title=\"Optimized Management System for a Leading US Immigration law firm\"  data-wpil-monitor-id=\"9374\">law legal system<\/a>. This system allows them the final appeal to the Privy Council in London. Other benefits, such as taxation, are not standard for other countries. The BVI has no income tax. Capital gains, wealth, and corporation taxes are also non-existent.<\/p>\n\n\n\n<h2 class=\"wp-block-heading\">Base de consumidores<\/h2>\n\n\n\n<p>The British Virgin Islands is home to a total of 30,000 people. Slightly more than half are female. Almost half of the people live in urban centers, with the rest opting for country life. The median age is 37.2, and more than three-quarters of the people in the BVI have Internet access. In this sector, there is heavy social media use. Facebook <a href=\"https:\/\/www.sisinternational.com\/es\/ampliar-el-alcance-del-mercado-a-traves-de-una-estrategia-de-marketing-multifacetica\/\" title=\"Ampliar el alcance del mercado a trav\u00e9s de una estrategia de marketing multifac\u00e9tica\"  data-wpil-monitor-id=\"9371\">reaches more than three-quarters of the market<\/a>.<\/p>\n\n\n\n<h2 class=\"wp-block-heading\">Razones para hacer crecer su negocio en el mercado de las BVI<\/h2>\n\n\n\n<p>What is unique about the British Virgin Islands? We already mentioned the tax benefits. Also, setting up shop in the BVI is a quick and easy process. It is an attractive <a href=\"https:\/\/www.sisinternational.com\/es\/soluciones\/soluciones-de-branding-e-investigacion-de-clientes\/investigacion-de-mercado-de-pruebas-de-productos\/empresa-lider-en-pruebas-de-ubicacion-central\/\" title=\"Empresa l\u00edder en pruebas en ubicaciones centrales\"  data-wpil-monitor-id=\"9373\">location for US companies<\/a> because it\u2019s close to the US Virgin Islands. It\u2019s so close, in fact, that it uses the US dollar as its formal currency. The BVI has many further benefits. For his reason, it has long attracted businesses from around the world.<\/p>\n\n\n\n<h2 class=\"wp-block-heading\">Acerca de la investigaci\u00f3n de mercado en las BVI<\/h2>\n\n\n\n<p>SIS International provides Qualitative, Quantitative, and <a href=\"https:\/\/www.sisinternational.com\/es\/pericia\/industrias\/investigacion-de-mercados-industriales\/\" title=\"Investigaci\u00f3n y estrategia de mercados industriales\"  data-wpil-monitor-id=\"9369\">Strategy Research for industry<\/a> and consumer products. SIS looks at trends and lifestyles in the BVI. We use Focus Groups, Surveys, and Interviews to conduct <a href=\"https:\/\/www.sisinternational.com\/es\/cobertura\/las-americas\/investigacion-de-mercado-de-america-latina\/cosmeticos-en-mexico-investigacion-de-mercado\/\" title=\"Investigaci\u00f3n de Mercado de Cosm\u00e9ticos en M\u00e9xico\"  data-wpil-monitor-id=\"3516\">Investigaci\u00f3n de entrada al mercado<\/a>, UX Market Research, Competitive Analysis, Market Opportunity Research, and Market Sizing Research and to come up with Go To Market Strategy.<\/p>\n\n\n\n<p><\/p>","protected":false},"excerpt":{"rendered":"<p>SIS proporciona investigaci\u00f3n cualitativa, cuantitativa y estrat\u00e9gica para la industria y productos de consumo en las Islas V\u00edrgenes Brit\u00e1nicas.<\/p>","protected":false},"author":1,"featured_media":66220,"parent":33287,"menu_order":12,"comment_status":"closed","ping_status":"closed","template":"","meta":{"footnotes":""},"class_list":["post-41088","page","type-page","status-publish","has-post-thumbnail"],"_links":{"self":[{"href":"https:\/\/www.sisinternational.com\/es\/wp-json\/wp\/v2\/pages\/41088","targetHints":{"allow":["GET"]}}],"collection":[{"href":"https:\/\/www.sisinternational.com\/es\/wp-json\/wp\/v2\/pages"}],"about":[{"href":"https:\/\/www.sisinternational.com\/es\/wp-json\/wp\/v2\/types\/page"}],"author":[{"embeddable":true,"href":"https:\/\/www.sisinternational.com\/es\/wp-json\/wp\/v2\/users\/1"}],"replies":[{"embeddable":true,"href":"https:\/\/www.sisinternational.com\/es\/wp-json\/wp\/v2\/comments?post=41088"}],"version-history":[{"count":4,"href":"https:\/\/www.sisinternational.com\/es\/wp-json\/wp\/v2\/pages\/41088\/revisions"}],"predecessor-version":[{"id":81565,"href":"https:\/\/www.sisinternational.com\/es\/wp-json\/wp\/v2\/pages\/41088\/revisions\/81565"}],"up":[{"embeddable":true,"href":"https:\/\/www.sisinternational.com\/es\/wp-json\/wp\/v2\/pages\/33287"}],"wp:featuredmedia":[{"embeddable":true,"href":"https:\/\/www.sisinternational.com\/es\/wp-json\/wp\/v2\/media\/66220"}],"wp:attachment":[{"href":"https:\/\/www.sisinternational.com\/es\/wp-json\/wp\/v2\/media?parent=41088"}],"curies":[{"name":"wp","href":"https:\/\/api.w.org\/{rel}","templated":true}]}}