{"id":41086,"date":"2022-12-13T05:25:10","date_gmt":"2022-12-13T05:25:10","guid":{"rendered":"https:\/\/www.sisinternational.com\/?page_id=41086"},"modified":"2025-10-01T22:10:52","modified_gmt":"2025-10-02T02:10:52","slug":"investigacion-de-mercado-bahamas","status":"publish","type":"page","link":"https:\/\/www.sisinternational.com\/es\/cobertura\/investigacion-de-mercado-en-el-caribe\/investigacion-de-mercado-bahamas\/","title":{"rendered":"Investigaci\u00f3n de mercado en las Bahamas"},"content":{"rendered":"<h1 class=\"wp-block-heading\">Investigaci\u00f3n de mercado en las Bahamas<\/h1>\n\n\n\n<figure class=\"gb-block-image gb-block-image-df2ae73e\"><img loading=\"lazy\" decoding=\"async\" width=\"1456\" height=\"816\" class=\"gb-image gb-image-df2ae73e\" src=\"https:\/\/www.sisinternational.com\/wp-content\/uploads\/2025\/09\/The-Bahamas-3.jpg\" alt=\"Investigaci\u00f3n y estrategia de mercado internacional de SIS\" title=\"The Bahamas (3)\" srcset=\"https:\/\/www.sisinternational.com\/wp-content\/uploads\/2025\/09\/The-Bahamas-3.jpg 1456w, https:\/\/www.sisinternational.com\/wp-content\/uploads\/2025\/09\/The-Bahamas-3-300x168.jpg 300w, https:\/\/www.sisinternational.com\/wp-content\/uploads\/2025\/09\/The-Bahamas-3-1024x574.jpg 1024w, https:\/\/www.sisinternational.com\/wp-content\/uploads\/2025\/09\/The-Bahamas-3-768x430.jpg 768w, https:\/\/www.sisinternational.com\/wp-content\/uploads\/2025\/09\/The-Bahamas-3-18x10.jpg 18w\" sizes=\"auto, (max-width: 1456px) 100vw, 1456px\"><\/figure>\n\n\n\n<hr class=\"wp-block-separator has-alpha-channel-opacity is-style-dots\"\/>\n\n\n\n<p>The Bahamas is a country formed from a chain of islands in the northwest of the Caribbean. These islands are a gateway to the Caribbean Sea, the Gulf of Mexico, and the entire Central American region.<\/p>\n\n\n\n<p>Las Bahamas carecen de recursos naturales adem\u00e1s de sus hermosas playas y su agradable clima. Por tanto, el pa\u00eds depende de los ingresos de su industria tur\u00edstica a gran escala. Tambi\u00e9n tiene un sector financiero incipiente pero pr\u00f3spero.<\/p>\n\n\n\n<h2 class=\"wp-block-heading\">Industrias clave<\/h2>\n\n\n\n<p>The Bahamas\u2019 primary <a href=\"https:\/\/www.sisinternational.com\/es\/soluciones\/investigacion-de-mercado-de-ia-y-consultoria-estrategica\/adopcion-de-ia-viajes-hospitalidad-turismo-industria-consultoria\/\" title=\"Adopci\u00f3n de IA en la consultor\u00eda de la industria de viajes, hoteler\u00eda y turismo\"  data-wpil-monitor-id=\"8968\">industry is tourism<\/a>, which comprises around half of the total GDP. The second-largest <a href=\"https:\/\/www.sisinternational.com\/es\/soluciones\/investigacion-de-consultoria-estrategica-fintech\/investigacion-de-mercado-de-la-industria-de-servicios-financieros\/\" title=\"Investigaci\u00f3n de mercado de la industria de servicios financieros\"  data-wpil-monitor-id=\"8967\">industry is the financial services<\/a> sector, which makes up about one-fifth of the GDP. Further but smaller-scale industries include wholesale and retail trade, farming, manufacturing, and fishing.<\/p>\n\n\n\n<h2 class=\"wp-block-heading\">Barrios<\/h2>\n\n\n\n<p>A diferencia de muchos otros pa\u00edses de la regi\u00f3n, las Bahamas son un estado archipi\u00e9lago. Se extiende sobre 700 islas, 30 de las cuales tienen gente viviendo en ellas. Aqu\u00ed hay algunos lugares a considerar:<\/p>\n\n\n\n<h3 class=\"wp-block-heading\">Nueva Providencia<\/h3>\n\n\n\n<p>About two-thirds of Bahamians live on New Providence Island. It\u2019s the <a href=\"https:\/\/www.sisinternational.com\/es\/soluciones\/soluciones-de-investigacion-cualitativa-cuantitativa\/pruebas-en-ubicaciones-centrales-de-la-ciudad-de-nueva-york\/\" title=\"Pruebas en ubicaciones centrales de la ciudad de Nueva York: beneficios para las pruebas de productos\"  data-wpil-monitor-id=\"8974\">location of the capital and largest city<\/a>, Nassau, which covers the entire island.<\/p>\n\n\n\n<h3 class=\"wp-block-heading\">Gran Bahama<\/h3>\n\n\n\n<p>Freeport y Lucaya son las dos ciudades principales de Gran Bahama. Freeport se centra en el turismo, con frecuentes escalas de cruceros. Bill Gates y Oprah poseen casas en esta isla, por lo que no sorprende que los precios de la vivienda sean altos.<\/p>\n\n\n\n<h3 class=\"wp-block-heading\">Eleutera<\/h3>\n\n\n\n<p>Este grupo de islas exteriores es popular entre los expatriados jubilados que quieren probar suerte en la jardiner\u00eda. Estas islas tienen m\u00e1s suelo que cualquier otro lugar del pa\u00eds.<\/p>\n\n\n\n<h3 class=\"wp-block-heading\">\u00e1baco<\/h3>\n\n\n\n<p>Este grupo de islas es otro lugar de elecci\u00f3n para los amantes del aire libre. Es la meca de la pesca, la navegaci\u00f3n y la navegaci\u00f3n.<\/p>\n\n\n\n<h3 class=\"wp-block-heading\">Exumas<\/h3>\n\n\n\n<p>Esta parte del pa\u00eds tiene algunos de los mejores lugares para bucear del mundo. Tambi\u00e9n est\u00e1 cerca de Big Major Cay, donde encontrar\u00e1s los famosos cerdos nadadores de las Bahamas.<\/p>\n\n\n\n<h2 class=\"wp-block-heading\">\u00bfQu\u00e9 hay en demanda en las Bahamas?<\/h2>\n\n\n\n<p>The islands have a booming tourism sector, so almost every related niche is in demand. Hotels, condos, transport services, hair stylists, restaurants, and other food-based services like grocery stores can all do well here. <a href=\"https:\/\/www.sisinternational.com\/es\/soluciones\/consultoria-de-hosteleria-y-turismo-en-viajes\/investigacion-de-mercado-de-la-empresa-de-guias-turisticos\/\" title=\"Investigaci\u00f3n de mercado de la empresa de gu\u00edas tur\u00edsticos\"  data-wpil-monitor-id=\"8970\">Guided fishing and boating tours<\/a> and undersea adventures also see massive success.<\/p>\n\n\n\n<h2 class=\"wp-block-heading\">Base de consumidores<\/h2>\n\n\n\n<p>The population of these islands is young. That\u2019s a feat, given the number of US retirees who call it home.<\/p>\n\n\n\n<p>El pa\u00eds depende de las importaciones de Estados Unidos. De hecho, as\u00ed es como satisface las necesidades de combustible y alimentos de locales y turistas. Los productos estadounidenses gozan de reputaci\u00f3n de alta calidad.<\/p>\n\n\n\n<p>Another key point is that the people living on these islands tend to be brand-conscious. They prefer the brands they see on their frequent trips to the US. American commercials and other TV shows are also factors in their buying decisions.<\/p>\n\n\n\n<h2 class=\"wp-block-heading\">Beneficios y Fortalezas en el Mercado<\/h2>\n\n\n\n<p>El hecho de que el pa\u00eds est\u00e9 libre de impuestos sobre los ingresos es un enorme beneficio. Las ganancias corporativas, las ganancias de capital, los ingresos personales, las herencias, las ventas y los dividendos est\u00e1n exentos de impuestos. Esta libertad tambi\u00e9n se extiende a todas las personas privadas, sociedades, fideicomisos y corporaciones residentes.<\/p>\n\n\n\n<p>The Bahamian dollar is on par with the US dollar. It has shown steady performance and value over the years.<br>Otro punto fuerte es la facilidad para hacer negocios. Las islas cuentan con varias medidas proempresariales para atraer inversiones.<\/p>\n\n\n\n<h2 class=\"wp-block-heading\">Razones para hacer crecer su negocio en este mercado<\/h2>\n\n\n\n<p>Las Bahamas tienen un clima favorable a la inversi\u00f3n. Tanto los inversores extranjeros como los locales pueden prosperar aqu\u00ed. Las leyes promueven la inversi\u00f3n extranjera directa y los inversores que califiquen tambi\u00e9n pueden recibir incentivos. Estos incluyen exenciones de impuestos y derechos de aduana. Los inversores pueden obtener incentivos por:<\/p>\n\n\n\n<ul class=\"wp-block-list\">\n<li>Empresas de tiempo compartido y desarrollo de condominios.<\/li>\n\n\n\n<li>Complejos tur\u00edsticos<\/li>\n\n\n\n<li>Tecnolog\u00eda, procesamiento de datos y servicios TI.<\/li>\n\n\n\n<li>Seguro cautivo<\/li>\n\n\n\n<li>Servicios de reparaci\u00f3n de barcos<\/li>\n\n\n\n<li>Industria ensambladora<\/li>\n\n\n\n<li>Servicio de aeronaves<\/li>\n<\/ul>\n\n\n\n<h2 class=\"wp-block-heading\">Acerca de la investigaci\u00f3n de mercado en las Bahamas<\/h2>\n\n\n\n<p>Nuestro <a href=\"https:\/\/www.sisinternational.com\/es\/soluciones\/consultoria-estrategica\/analisis-de-datos\/\" title=\"Empresa de an\u00e1lisis de datos\"  data-wpil-monitor-id=\"8972\">company can give you the data<\/a> you need to set up shop in these islands. At least, we can tell you the time it takes to start and run a business here, the series of steps, and the cost. Our <a href=\"https:\/\/www.sisinternational.com\/es\/sampling-techniques-in-qualitative-research-the-complete-guide-to-choosing-the-right-method\/\" title=\"Sampling Techniques in Qualitative Research: The Complete Guide to Choosing the Right Method\"  data-wpil-monitor-id=\"8965\">Qualitative Research methods<\/a> include Interviews, Focus Groups, and UX Market Research. Mobile, App, and Phone Surveys are some of our <a href=\"https:\/\/www.sisinternational.com\/es\/quantitative-market-research-methods-and-techniques\/\" title=\"Quantitative Market Research Methods and Techniques\"  data-wpil-monitor-id=\"8966\">Quantitative Research methods<\/a>. We also provide Strategy Research.<\/p>\n\n\n\n<p><\/p>","protected":false},"excerpt":{"rendered":"<p>Nuestra empresa puede facilitarle los datos que necesita para instalarse en estas islas. Los m\u00e9todos de investigaci\u00f3n cualitativa incluyen entrevistas, grupos focales e investigaci\u00f3n de mercado de UX.<\/p>","protected":false},"author":1,"featured_media":66368,"parent":33287,"menu_order":11,"comment_status":"closed","ping_status":"closed","template":"","meta":{"footnotes":""},"class_list":["post-41086","page","type-page","status-publish","has-post-thumbnail"],"_links":{"self":[{"href":"https:\/\/www.sisinternational.com\/es\/wp-json\/wp\/v2\/pages\/41086","targetHints":{"allow":["GET"]}}],"collection":[{"href":"https:\/\/www.sisinternational.com\/es\/wp-json\/wp\/v2\/pages"}],"about":[{"href":"https:\/\/www.sisinternational.com\/es\/wp-json\/wp\/v2\/types\/page"}],"author":[{"embeddable":true,"href":"https:\/\/www.sisinternational.com\/es\/wp-json\/wp\/v2\/users\/1"}],"replies":[{"embeddable":true,"href":"https:\/\/www.sisinternational.com\/es\/wp-json\/wp\/v2\/comments?post=41086"}],"version-history":[{"count":3,"href":"https:\/\/www.sisinternational.com\/es\/wp-json\/wp\/v2\/pages\/41086\/revisions"}],"predecessor-version":[{"id":81505,"href":"https:\/\/www.sisinternational.com\/es\/wp-json\/wp\/v2\/pages\/41086\/revisions\/81505"}],"up":[{"embeddable":true,"href":"https:\/\/www.sisinternational.com\/es\/wp-json\/wp\/v2\/pages\/33287"}],"wp:featuredmedia":[{"embeddable":true,"href":"https:\/\/www.sisinternational.com\/es\/wp-json\/wp\/v2\/media\/66368"}],"wp:attachment":[{"href":"https:\/\/www.sisinternational.com\/es\/wp-json\/wp\/v2\/media?parent=41086"}],"curies":[{"name":"wp","href":"https:\/\/api.w.org\/{rel}","templated":true}]}}