{"id":41084,"date":"2022-12-13T04:59:58","date_gmt":"2022-12-13T04:59:58","guid":{"rendered":"https:\/\/www.sisinternational.com\/?page_id=41084"},"modified":"2026-01-24T21:30:39","modified_gmt":"2026-01-25T02:30:39","slug":"investigacion-de-mercado-san-cristobal-y-nieves","status":"publish","type":"page","link":"https:\/\/www.sisinternational.com\/es\/cobertura\/investigacion-de-mercado-en-el-caribe\/investigacion-de-mercado-san-cristobal-y-nieves\/","title":{"rendered":"Investigaci\u00f3n de mercado en San Crist\u00f3bal y Nieves"},"content":{"rendered":"<h1 class=\"wp-block-heading\">Investigaci\u00f3n de mercado en San Crist\u00f3bal y Nieves<\/h1>\n\n\n\n<figure class=\"gb-block-image gb-block-image-3b85ade1\"><img loading=\"lazy\" decoding=\"async\" width=\"1456\" height=\"816\" class=\"gb-image gb-image-3b85ade1\" src=\"https:\/\/www.sisinternational.com\/wp-content\/uploads\/2025\/09\/St.-Kitts-Nevis-1.jpg\" alt=\"Investigaci\u00f3n y estrategia de mercado internacional de SIS\" title=\"St. Kitts &amp; Nevis (1)\" srcset=\"https:\/\/www.sisinternational.com\/wp-content\/uploads\/2025\/09\/St.-Kitts-Nevis-1.jpg 1456w, https:\/\/www.sisinternational.com\/wp-content\/uploads\/2025\/09\/St.-Kitts-Nevis-1-300x168.jpg 300w, https:\/\/www.sisinternational.com\/wp-content\/uploads\/2025\/09\/St.-Kitts-Nevis-1-1024x574.jpg 1024w, https:\/\/www.sisinternational.com\/wp-content\/uploads\/2025\/09\/St.-Kitts-Nevis-1-768x430.jpg 768w, https:\/\/www.sisinternational.com\/wp-content\/uploads\/2025\/09\/St.-Kitts-Nevis-1-18x10.jpg 18w\" sizes=\"auto, (max-width: 1456px) 100vw, 1456px\"><\/figure>\n\n\n\n<hr class=\"wp-block-separator has-alpha-channel-opacity is-style-dots\"\/>\n\n\n\n<p>Saint Kitts and Nevis is a micro-state. It consists of two islands located in the Leeward Islands chain of the Lesser Antilles. St. Kitts &amp; Nevis is the smallest sovereign country in the Western Hemisphere. The capital city is Basseterre, on St. Kitts. Anguilla used to be part of this union, but that island chose to secede and is now a <a href=\"https:\/\/www.sisinternational.com\/es\/cobertura\/las-americas\/investigacion-de-mercado-en-el-caribe\/investigacion-de-mercado-islas-virgenes-britanicas\/\" title=\"Investigaci\u00f3n de mercado en las Islas V\u00edrgenes Brit\u00e1nicas\"  data-wpil-monitor-id=\"9483\">British<\/a> Overseas Territory.<\/p>\n\n\n\n<h2 class=\"wp-block-heading\">Industrias clave<\/h2>\n\n\n\n<p>The primary industry in Saint Kitts and Nevis is <a href=\"https:\/\/www.sisinternational.com\/es\/soluciones\/investigacion-de-mercado-de-ia-y-consultoria-estrategica\/adopcion-de-ia-viajes-hospitalidad-turismo-industria-consultoria\/\" title=\"Adopci\u00f3n de IA en la consultor\u00eda de la industria de viajes, hoteler\u00eda y turismo\"  data-wpil-monitor-id=\"9484\">turismo<\/a>, and the islands rely on both long-term and short-term visitors. Agriculture is another primary industry. About 39 percent of the islands are under cultivation. Sugar cane is one of the major crops. Animal husbandry is yet another, and the islanders rear sheep, goats, cattle, and pigs. The islands also export fish to the Dutch Caribbean and Puerto Rico. The people of Saint Kitts and Nevis also engage in forestry and mining.<\/p>\n\n\n\n<h2 class=\"wp-block-heading\">Barrios<\/h2>\n\n\n\n<p>Basseterre, la capital, cuenta con edificios y monumentos antiguos debido a su larga historia de lucha colonial. Los puntos de inter\u00e9s incluyen la Plaza de la Independencia y la zona del Circo. Sandy Point es la segunda ciudad m\u00e1s grande de St. Kitts. Es el hogar de un sitio declarado Patrimonio de la Humanidad por la UNESCO: el Parque Nacional Brimstone Hill Fortress, que ofrece una vista magn\u00edfica de las llanuras y el oc\u00e9ano. Charlestown es la ciudad principal y el puerto de Nevis, y tambi\u00e9n alberga muchos sitios tur\u00edsticos.<\/p>\n\n\n\n<h2 class=\"wp-block-heading\">Tendencias<\/h2>\n\n\n\n<p>Saint Kitts y Nevis se est\u00e1 recuperando despu\u00e9s de una fuerte ca\u00edda. La ca\u00edda de los precios mundiales ha perjudicado a la industria de la ca\u00f1a de az\u00facar en los \u00faltimos a\u00f1os. El impacto de la actual desaceleraci\u00f3n sobre el turismo, el pilar, tuvo efectos domin\u00f3. Saint Kitts y Nevis tambi\u00e9n son propensos a sufrir shocks externos. Por ejemplo, los desastres naturales, el cambio clim\u00e1tico y las crisis globales pueden afectar duramente. El pa\u00eds ha destacado sectores de inversi\u00f3n primarios, incluidos el turismo, los servicios financieros y el sector inmobiliario. Las TIC, la fabricaci\u00f3n ligera limitada y las energ\u00edas renovables son otras \u00e1reas de gran preocupaci\u00f3n.<\/p>\n\n\n\n<h2 class=\"wp-block-heading\">Beneficios y Fortalezas en el Mercado<\/h2>\n\n\n\n<p>Saint Kitts y Nevis se ha convertido en una de las econom\u00edas de m\u00e1s r\u00e1pido crecimiento de la regi\u00f3n. Tiene una infraestructura s\u00f3lida y playas de arena y soleadas. Adem\u00e1s, las islas cuentan con una pr\u00f3spera comunidad local y de expatriados. M\u00e1s de un mill\u00f3n de personas visitan Saint Kitts y Nevis cada a\u00f1o. A algunos les gusta tanto que acaban qued\u00e1ndose. Otro punto fuerte es el hecho de que Saint Kitts y Nevis son islas de habla inglesa. El uso generalizado del ingl\u00e9s significa que a las personas les resulta f\u00e1cil hacer negocios en esta pr\u00f3spera naci\u00f3n.<\/p>\n\n\n\n<h2 class=\"wp-block-heading\">Base de consumidores<\/h2>\n\n\n\n<p>Saint Kitts and Nevis is home to a total of 54,000 people. Many of these people depend on foreign remittances, which comprise about 3 percent of the GDP. Almost 100 percent of households on the two islands have access to electricity. About 80 percent of people have Internet access. In 2022, the country rolled out its National Quality Policy. This policy is a <a href=\"https:\/\/www.sisinternational.com\/es\/global-beverage-market\/\" title=\"Global Beverage Market: Market Dynamics, Growth Projections &amp; Consumer Insights\"  data-wpil-monitor-id=\"9482\">project aimed at protecting consumers<\/a> from shoddy goods.<\/p>\n\n\n\n<h2 class=\"wp-block-heading\">Razones para hacer crecer su negocio en Saint Kitts y Nevis<\/h2>\n\n\n\n<p>One of the reasons to <a href=\"https:\/\/www.sisinternational.com\/es\/publicaciones\/exportacion-del-mercado-medio-japones\/\" title=\"Hacer crecer su negocio en Jap\u00f3n\"  data-wpil-monitor-id=\"9481\">grow a business<\/a> in Saint Kitts and Nevis is its banking sector. The <a href=\"https:\/\/www.sisinternational.com\/es\/transportistas-de-bajo-coste-en-la-industria-de-la-aviacion\/\" title=\"Investigaci\u00f3n de mercado de aerol\u00edneas de bajo costo\"  data-wpil-monitor-id=\"9480\">cost of transactions is low<\/a>, and the privacy policies are sound. Companies can also receive tax benefits. In St. Kitts and Nevis, there are no taxes on capital gains, personal income, royalties, or estate. Dividends, interest, technical services, and gifts are not taxed. Moreover, the islands have a strong economy. The central bank has pegged the East Caribbean Dollar to the US dollar at XCD$2.7 = US$1 for the past 45 years.<\/p>\n\n\n\n<h2 class=\"wp-block-heading\">Acerca de la investigaci\u00f3n de mercado en Saint Kitts y Nevis<\/h2>\n\n\n\n<p>SIS International is a top market research company providing insights into the investing climate in Saint Kitts and Nevis. We offer <a href=\"https:\/\/www.sisinternational.com\/es\/how-to-design-effective-surveys-for-quantitative-research\/\" title=\"How to Design Effective Surveys for Quantitative Research\"  data-wpil-monitor-id=\"9479\">Investigaci\u00f3n cuantitativa y cualitativa<\/a> services. We provide high-quality UX and Strategy Market Research to companies worldwide. If you need a market research company, SIS is your best bet. Another of our services is Focus Groups, which form part of <a href=\"https:\/\/www.sisinternational.com\/es\/pericia\/industrias\/estudio-de-mercado-de-transporte-y-logistica\/\" title=\"Investigaci\u00f3n de Mercado de Transporte y Log\u00edstica\"  data-wpil-monitor-id=\"3522\">Investigaci\u00f3n de entrada al mercado<\/a>. We also do Surveys and Interviews to help you reach your target audience.<\/p>\n\n\n\n<p><\/p>","protected":false},"excerpt":{"rendered":"<p>SIS es una de las principales empresas de investigaci\u00f3n de mercado que proporciona informaci\u00f3n sobre el clima de inversi\u00f3n en Saint Kitts y Nevis.<\/p>","protected":false},"author":1,"featured_media":66361,"parent":33287,"menu_order":10,"comment_status":"closed","ping_status":"closed","template":"","meta":{"footnotes":""},"class_list":["post-41084","page","type-page","status-publish","has-post-thumbnail"],"_links":{"self":[{"href":"https:\/\/www.sisinternational.com\/es\/wp-json\/wp\/v2\/pages\/41084","targetHints":{"allow":["GET"]}}],"collection":[{"href":"https:\/\/www.sisinternational.com\/es\/wp-json\/wp\/v2\/pages"}],"about":[{"href":"https:\/\/www.sisinternational.com\/es\/wp-json\/wp\/v2\/types\/page"}],"author":[{"embeddable":true,"href":"https:\/\/www.sisinternational.com\/es\/wp-json\/wp\/v2\/users\/1"}],"replies":[{"embeddable":true,"href":"https:\/\/www.sisinternational.com\/es\/wp-json\/wp\/v2\/comments?post=41084"}],"version-history":[{"count":4,"href":"https:\/\/www.sisinternational.com\/es\/wp-json\/wp\/v2\/pages\/41084\/revisions"}],"predecessor-version":[{"id":81583,"href":"https:\/\/www.sisinternational.com\/es\/wp-json\/wp\/v2\/pages\/41084\/revisions\/81583"}],"up":[{"embeddable":true,"href":"https:\/\/www.sisinternational.com\/es\/wp-json\/wp\/v2\/pages\/33287"}],"wp:featuredmedia":[{"embeddable":true,"href":"https:\/\/www.sisinternational.com\/es\/wp-json\/wp\/v2\/media\/66361"}],"wp:attachment":[{"href":"https:\/\/www.sisinternational.com\/es\/wp-json\/wp\/v2\/media?parent=41084"}],"curies":[{"name":"wp","href":"https:\/\/api.w.org\/{rel}","templated":true}]}}