{"id":41082,"date":"2022-12-13T04:54:32","date_gmt":"2022-12-13T04:54:32","guid":{"rendered":"https:\/\/www.sisinternational.com\/?page_id=41082"},"modified":"2026-01-25T18:54:04","modified_gmt":"2026-01-25T23:54:04","slug":"investigacion-de-mercado-san-bartolome","status":"publish","type":"page","link":"https:\/\/www.sisinternational.com\/es\/cobertura\/investigacion-de-mercado-en-el-caribe\/investigacion-de-mercado-san-bartolome\/","title":{"rendered":"Investigaci\u00f3n de mercado en San Bartolom\u00e9"},"content":{"rendered":"<h1 class=\"wp-block-heading\">Investigaci\u00f3n de mercado en San Bartolom\u00e9<\/h1>\n\n\n\n<figure class=\"gb-block-image gb-block-image-795aa881\"><img loading=\"lazy\" decoding=\"async\" width=\"1456\" height=\"816\" class=\"gb-image gb-image-795aa881\" src=\"https:\/\/www.sisinternational.com\/wp-content\/uploads\/2025\/09\/St.-Barthelemy-2.jpg\" alt=\"Investigaci\u00f3n y estrategia de mercado internacional de SIS\" title=\"St. Barthelemy (2)\" srcset=\"https:\/\/www.sisinternational.com\/wp-content\/uploads\/2025\/09\/St.-Barthelemy-2.jpg 1456w, https:\/\/www.sisinternational.com\/wp-content\/uploads\/2025\/09\/St.-Barthelemy-2-300x168.jpg 300w, https:\/\/www.sisinternational.com\/wp-content\/uploads\/2025\/09\/St.-Barthelemy-2-1024x574.jpg 1024w, https:\/\/www.sisinternational.com\/wp-content\/uploads\/2025\/09\/St.-Barthelemy-2-768x430.jpg 768w, https:\/\/www.sisinternational.com\/wp-content\/uploads\/2025\/09\/St.-Barthelemy-2-18x10.jpg 18w\" sizes=\"auto, (max-width: 1456px) 100vw, 1456px\"><\/figure>\n\n\n\n<hr class=\"wp-block-separator has-alpha-channel-opacity is-style-dots\"\/>\n\n\n\n<p>San Bartolom\u00e9 es una colectividad francesa de ultramar ubicada en el Caribe. Es el hogar de unas 10.000 personas. En franc\u00e9s, el nombre corto de la isla es Saint Barth y en ingl\u00e9s, St. Barts. Se encuentra al noreste de San Eustaquio, Saba, Saint Kitts, Nevis y al sur de San Mart\u00edn. La isla fue, durante muchos a\u00f1os, una comuna francesa que formaba parte de Guadalupe. Sus ciudadanos votaron a favor de la secesi\u00f3n en 2003.<\/p>\n\n\n\n<h2 class=\"wp-block-heading\">Industrias clave<\/h2>\n\n\n\n<p>El multimillonario David Rockefeller compr\u00f3 una propiedad en Saint Barth en 1957, poni\u00e9ndola en el mapa. Desde entonces, se ha transformado en un lugar tur\u00edstico de alto nivel en el Caribe. El turismo es la principal fuente de ingresos. La isla est\u00e1 llena de belleza natural y alberga una rica vida marina y una fauna diversa. El sector tur\u00edstico emplea aproximadamente a un tercio de la poblaci\u00f3n. Las obras p\u00fablicas y la construcci\u00f3n son los otros sectores esenciales.<\/p>\n\n\n\n<h2 class=\"wp-block-heading\">Barrios<\/h2>\n\n\n\n<p>Gustavia es la ciudad principal de St. Barth. Su nombre anterior era &quot;Carenage&quot;, pero cambi\u00f3 cuando Luis XVI transfiri\u00f3 la isla a Gustave III de Suecia. Public es un pueblo nuevo ubicado en lo que sol\u00eda ser un estanque de sal. Ahora es la principal zona industrial de la isla. Corossol es un peque\u00f1o pueblo de pescadores cuya industria principal son las hojas de palma, tejidas a mano para fabricar objetos de paja. Otro barrio popular es Flamands. Los habitantes de esta ciudad costera desprenden el encanto t\u00edpico de San Bartolom\u00e9.<\/p>\n\n\n\n<h2 class=\"wp-block-heading\">Tendencias<\/h2>\n\n\n\n<p>Al igual que otros pa\u00edses del Caribe, el turismo tiende a aumentar en torno a las principales vacaciones en Estados Unidos. Siempre hay un aumento en el D\u00eda de Acci\u00f3n de Gracias, Navidad y A\u00f1o Nuevo. Las celebridades visitan la isla. Les encanta porque los lugare\u00f1os y otros visitantes les brindan la privacidad que anhelan. Adem\u00e1s, abundan las oportunidades de negocios y de inversi\u00f3n. Cada una de las islas tiene beneficios \u00fanicos. Sin embargo, invertir en el Caribe es vol\u00e1til y no hay garant\u00eda de \u00e9xito. Una empresa debe asegurarse de tener el mejor nicho para el pa\u00eds elegido.<\/p>\n\n\n\n<h2 class=\"wp-block-heading\">Beneficios y Fortalezas en el Mercado<\/h2>\n\n\n\n<p>La econom\u00eda aqu\u00ed es saludable, con una infraestructura s\u00f3lida y una baja tasa de pobreza. Este destino de lujo atrae a visitantes de todo el mundo. Es la escapada perfecta al Caribe y tambi\u00e9n es segura, con \u00edndices de criminalidad exiguos. Adem\u00e1s, cualquier persona con pasaporte europeo puede vivir y trabajar aqu\u00ed. Los ciudadanos estadounidenses pueden comprar una casa sin restricciones. Otro beneficio es que los residentes no pagan ning\u00fan impuesto sobre la renta.<\/p>\n\n\n\n<h2 class=\"wp-block-heading\">Base de consumidores<\/h2>\n\n\n\n<p>Los datos muestran que San Bartolom\u00e9 tiene m\u00e1s hombres que mujeres. Aproximadamente la mitad de la gente est\u00e1 activa en las redes sociales. De hecho, Facebook es, con diferencia, el medio m\u00e1s popular, seguido de Instagram. LinkedIn y Twitter tambi\u00e9n son populares. Otro punto clave es que este para\u00edso caribe\u00f1o tiene consumidores de alto nivel, y varias marcas de lujo est\u00e1n disponibles en las tiendas de Gustavia. Es uno de los lugares de recreo de los ricos y famosos, por lo que no sorprende que estos productos tengan demanda.<\/p>\n\n\n\n<h2 class=\"wp-block-heading\">Razones para hacer crecer su negocio en St. Barth<\/h2>\n\n\n\n<p>Saint Barth is perfect for <a href=\"https:\/\/www.sisinternational.com\/es\/soluciones\/investigacion-de-mercado-de-consumo\/\" title=\"Consumer Market Research Services for Smarter Business Decisions\"  data-wpil-monitor-id=\"10348\">businesses that offer upmarket goods and services<\/a>. Designer boutiques abound, and celebrities as well as super yachts are a common sight. The stunning beaches in this travel hotspot are often crowd-free, even during peak season. Colombier Beach and Saline Beach are the best, offering peace, quiet, and miles of white sand. Another unique feature is the plethora of villas. It\u2019s in direct contrast to other islands where tourists tend to stay in hotel rooms. Your business can provide further <a href=\"https:\/\/www.sisinternational.com\/es\/soluciones\/investigacion-de-consultoria-estrategica-fintech\/investigacion-de-mercado-de-servicios-financieros\/\" title=\"Investigaci\u00f3n de mercado de servicios financieros\"  data-wpil-monitor-id=\"10347\">services to this upscale market<\/a>. It also has a strategic location, four hours away from the US.<\/p>\n\n\n\n<h2 class=\"wp-block-heading\">Acerca de la investigaci\u00f3n de mercado en San Bartolom\u00e9<\/h2>\n\n\n\n<p>SIS International is where the best in <a href=\"https:\/\/www.sisinternational.com\/es\/soluciones\/investigacion-de-consultoria-estrategica-fintech\/estudio-de-mercado-de-divisas\/\" title=\"Investigaci\u00f3n del mercado cambiario\"  data-wpil-monitor-id=\"5272\">market research exchange<\/a> ideas. Read our Qualitative and Quantitative Market Research articles and other tools. We give professionals the real-world solutions they need. We can also provide UX and Strategy <a href=\"https:\/\/www.sisinternational.com\/es\/cobertura\/las-americas\/investigacion-de-mercado-en-el-caribe\/investigacion-de-mercado-san-cristobal-y-nieves\/\" title=\"Investigaci\u00f3n de mercado en San Crist\u00f3bal y Nieves\"  data-wpil-monitor-id=\"3284\">Market Research for St.<\/a> Barts across all different industries. With it, you can access the information you need to take your market research to a new level.<\/p>\n\n\n\n<p><\/p>","protected":false},"excerpt":{"rendered":"<p>SIS es donde los mejores en investigaci\u00f3n de mercados intercambian ideas. Lea nuestros art\u00edculos y otras herramientas sobre Investigaci\u00f3n de mercado cualitativa y cuantitativa.<\/p>","protected":false},"author":1,"featured_media":66359,"parent":33287,"menu_order":9,"comment_status":"closed","ping_status":"closed","template":"","meta":{"footnotes":""},"class_list":["post-41082","page","type-page","status-publish","has-post-thumbnail"],"_links":{"self":[{"href":"https:\/\/www.sisinternational.com\/es\/wp-json\/wp\/v2\/pages\/41082","targetHints":{"allow":["GET"]}}],"collection":[{"href":"https:\/\/www.sisinternational.com\/es\/wp-json\/wp\/v2\/pages"}],"about":[{"href":"https:\/\/www.sisinternational.com\/es\/wp-json\/wp\/v2\/types\/page"}],"author":[{"embeddable":true,"href":"https:\/\/www.sisinternational.com\/es\/wp-json\/wp\/v2\/users\/1"}],"replies":[{"embeddable":true,"href":"https:\/\/www.sisinternational.com\/es\/wp-json\/wp\/v2\/comments?post=41082"}],"version-history":[{"count":5,"href":"https:\/\/www.sisinternational.com\/es\/wp-json\/wp\/v2\/pages\/41082\/revisions"}],"predecessor-version":[{"id":81706,"href":"https:\/\/www.sisinternational.com\/es\/wp-json\/wp\/v2\/pages\/41082\/revisions\/81706"}],"up":[{"embeddable":true,"href":"https:\/\/www.sisinternational.com\/es\/wp-json\/wp\/v2\/pages\/33287"}],"wp:featuredmedia":[{"embeddable":true,"href":"https:\/\/www.sisinternational.com\/es\/wp-json\/wp\/v2\/media\/66359"}],"wp:attachment":[{"href":"https:\/\/www.sisinternational.com\/es\/wp-json\/wp\/v2\/media?parent=41082"}],"curies":[{"name":"wp","href":"https:\/\/api.w.org\/{rel}","templated":true}]}}