{"id":41080,"date":"2022-12-13T04:48:52","date_gmt":"2022-12-13T04:48:52","guid":{"rendered":"https:\/\/www.sisinternational.com\/?page_id=41080"},"modified":"2025-10-01T22:13:09","modified_gmt":"2025-10-02T02:13:09","slug":"investigacion-de-mercado-montserrat","status":"publish","type":"page","link":"https:\/\/www.sisinternational.com\/es\/cobertura\/investigacion-de-mercado-en-el-caribe\/investigacion-de-mercado-montserrat\/","title":{"rendered":"Investigaci\u00f3n de Mercado en Montserrat"},"content":{"rendered":"<h1 class=\"wp-block-heading\">Investigaci\u00f3n de Mercado en Montserrat<\/h1>\n\n\n\n<figure class=\"gb-block-image gb-block-image-e92d175f\"><img loading=\"lazy\" decoding=\"async\" width=\"1456\" height=\"816\" class=\"gb-image gb-image-e92d175f\" src=\"https:\/\/www.sisinternational.com\/wp-content\/uploads\/2025\/09\/Dutch-Caribbean-4-1.jpg\" alt=\"Investigaci\u00f3n y estrategia de mercado internacional de SIS\" title=\"Dutch Caribbean 4\" srcset=\"https:\/\/www.sisinternational.com\/wp-content\/uploads\/2025\/09\/Dutch-Caribbean-4-1.jpg 1456w, https:\/\/www.sisinternational.com\/wp-content\/uploads\/2025\/09\/Dutch-Caribbean-4-1-300x168.jpg 300w, https:\/\/www.sisinternational.com\/wp-content\/uploads\/2025\/09\/Dutch-Caribbean-4-1-1024x574.jpg 1024w, https:\/\/www.sisinternational.com\/wp-content\/uploads\/2025\/09\/Dutch-Caribbean-4-1-768x430.jpg 768w, https:\/\/www.sisinternational.com\/wp-content\/uploads\/2025\/09\/Dutch-Caribbean-4-1-18x10.jpg 18w\" sizes=\"auto, (max-width: 1456px) 100vw, 1456px\"><\/figure>\n\n\n\n<hr class=\"wp-block-separator has-alpha-channel-opacity is-style-dots\"\/>\n\n\n\n<p>Montserrat es un territorio brit\u00e1nico de ultramar. La isla se encuentra a unas 27 millas al suroeste de Antigua y a 30 millas al noroeste de Guadalupe. La capital, Plymouth, est\u00e1 en el sur y fue el \u00fanico puerto de entrada hasta 1997. En ese a\u00f1o, las erupciones volc\u00e1nicas destruyeron gran parte de la ciudad. Como resultado, el gobierno traslad\u00f3 gran parte de sus intereses a Brades Estate. A menudo conocida como &quot;Brades&quot;, esta nueva ciudad se encuentra en la mitad norte de la isla.<\/p>\n\n\n\n<h2 class=\"wp-block-heading\">Barrios<\/h2>\n\n\n\n<ul class=\"wp-block-list\">\n<li>Brades Estate ha sido la capital de facto de Montserrat desde 1998. Contiene un banco, varias tiendas peque\u00f1as, una oficina de correos, oficinas gubernamentales, una farmacia y una biblioteca.<\/li>\n\n\n\n<li>Davy Hill est\u00e1 circa de Brades Estate. El asentamiento de St. John se encuentra a poco m\u00e1s de una milla al sureste.<\/li>\n\n\n\n<li>Little Bay es una ciudad portuaria que se est\u00e1 construyendo como futura capital de Montserrat. Est\u00e1 al lado de Brades Estate.<\/li>\n<\/ul>\n\n\n\n<h2 class=\"wp-block-heading\">Industrias clave<\/h2>\n\n\n\n<p>Montserrat\u2019s primary <a href=\"https:\/\/www.sisinternational.com\/es\/soluciones\/investigacion-de-mercado-de-ia-y-consultoria-estrategica\/adopcion-de-ia-viajes-hospitalidad-turismo-industria-consultoria\/\" title=\"Adopci\u00f3n de IA en la consultor\u00eda de la industria de viajes, hoteler\u00eda y turismo\"  data-wpil-monitor-id=\"8950\">industries are tourism<\/a>, textiles, and rum. Most of the exports consist of electronic parts sold to the United States. Other exports include plastic bags, limes, hot peppers, live plants, and cattle. The economy is small and open, and centered on tourism and construction. Tourism is the most important sector and accounts for about one-fifth of the GDP. Agriculture is also a key industry in Montserrat.<\/p>\n\n\n\n<h2 class=\"wp-block-heading\">Tendencias<\/h2>\n\n\n\n<p>La isla a\u00fan se est\u00e1 recuperando de las erupciones del volc\u00e1n Soufriere Hills en 1997. La poblaci\u00f3n ha ca\u00eddo de 13.000 habitantes en 1994 a alrededor de 5.000 en la actualidad. El Gobierno brit\u00e1nico aporta la mayor parte del presupuesto operativo de la isla, que comprende alrededor de <strong>25 millones de libras esterlinas al a\u00f1o<\/strong>. Obtiene otros ingresos provenientes de licencias, tarifas e impuestos a la propiedad. Tambi\u00e9n obtiene ingresos de los derechos de aduana que gravan las mercanc\u00edas importadas.<\/p>\n\n\n\n<h2 class=\"wp-block-heading\">Beneficios y Fortalezas en el Mercado de Montserrat<\/h2>\n\n\n\n<p>This benefit may seem like a paradox. The very volcano that destroyed two-thirds of Montserrat has become a benefit. Not only does the island have a volcano, but that volcano is alive. Many people who saw the eruptions are there to <a href=\"https:\/\/www.sisinternational.com\/es\/soluciones\/soluciones-de-branding-e-investigacion-de-clientes\/narracion-de-historias-investigacion-de-mercado\/\" title=\"Investigaci\u00f3n de mercado de narraci\u00f3n de historias\"  data-wpil-monitor-id=\"8943\">tell their stories<\/a>. It\u2019s great stuff for tourism. The island\u2019s strategic location is another benefit. <a href=\"https:\/\/www.sisinternational.com\/es\/ampliar-el-alcance-del-mercado-a-traves-de-una-estrategia-de-marketing-multifacetica\/\" title=\"Ampliar el alcance del mercado a trav\u00e9s de una estrategia de marketing multifac\u00e9tica\"  data-wpil-monitor-id=\"8946\">Marketing efforts can reach<\/a> English-speaking visitors in Antigua. They can also get to Dutch-speaking ones in Sint Maarten and French through Guadeloupe.<\/p>\n\n\n\n<h2 class=\"wp-block-heading\">Base de consumidores<\/h2>\n\n\n\n<p>Los datos muestran que la mitad de la poblaci\u00f3n de Montserrat son mujeres y la otra mitad son hombres. Menos del diez por ciento de los residentes de la isla viven en centros urbanos. El resto vive en zonas rurales. En cuanto a los datos online, Montserrat cuenta con alrededor de 3.000 usuarios de redes sociales. Esta cifra representa alrededor del 63 por ciento de la poblaci\u00f3n. Por tanto, el alcance de los anuncios de Facebook es bastante bueno. S\u00f3lo alrededor de un tercio de la gente de Montserrat usa Instagram. Por el contrario, LinkedIn tiene una base de usuarios de dos tercios de la poblaci\u00f3n.<\/p>\n\n\n\n<h2 class=\"wp-block-heading\">Razones para hacer crecer su negocio en el mercado de Montserrat<\/h2>\n\n\n\n<p>The island continues to make headway since the volcanic eruptions. It has special trade agreements with Canada, the United States, and other Caribbean islands. Thus, there are potential <a href=\"https:\/\/www.sisinternational.com\/es\/publicaciones\/investigacion-de-mercado-empresarial-escalable-7-formas-de-construir-un-negocio-escalable\/\" title=\"Investigaci\u00f3n de mercado empresarial escalable: 7 formas de construir un negocio escalable\"  data-wpil-monitor-id=\"8948\">markets for any business<\/a> willing to take a chance. Also, Montserrat is a British overseas territory, so it has open-door access to the EU. Another plus is that the government embraces ex-pat investments. It has made it easy to buy domestic and business properties.<\/p>\n\n\n\n<h2 class=\"wp-block-heading\">Acerca de la Investigaci\u00f3n de Mercado en Montserrat<\/h2>\n\n\n\n<p><a href=\"https:\/\/www.sisinternational.com\/es\/sis-application-of-quantitative-data-analytics-to-sensory-testing\/\" title=\"SIS Application of Quantitative Data Analytics to Sensory Testing\"  data-wpil-monitor-id=\"8941\">SIS International offers Qualitative and Quantitative data<\/a>. This data is a boon for companies wishing to invest in Montserrat. Our UX and <a href=\"https:\/\/www.sisinternational.com\/es\/soluciones\/consultoria-de-hosteleria-y-turismo-en-viajes\/empresa-de-gestion-hotelera-investigacion-de-mercado-consultoria-estrategica\/\" title=\"Empresa de gesti\u00f3n hotelera Investigaci\u00f3n de mercados y consultor\u00eda estrat\u00e9gica\"  data-wpil-monitor-id=\"8938\">Strategy Market Research will give your company<\/a> insights that will help it to get, keep, and grow customer relations. Together we can develop a Go-To-Market Strategy. You can bypass the maze of marketing lingo and buzzwords and go straight to making profits. <a href=\"https:\/\/www.sisinternational.com\/es\/pericia\/curriculums-de-experiencia\/curriculum-de-experiencia-en-la-industria-automotriz\/\" title=\"Empresa de investigaci\u00f3n de mercado de la industria automotriz\"  data-wpil-monitor-id=\"8939\">Market Research helps companies<\/a> develop through proper planning and organization. It also allows them to control their <a href=\"https:\/\/www.sisinternational.com\/es\/pericia\/industrias\/investigacion-de-mercado-de-recursos-naturales\/\" title=\"Investigaci\u00f3n de Mercado de Recursos Naturales\"  data-wpil-monitor-id=\"8944\">resources to meet market<\/a> needs.<\/p>\n\n\n\n<p><\/p>","protected":false},"excerpt":{"rendered":"<p>SIS International ofrece datos cualitativos y cuantitativos. Estos datos suponen una gran ayuda para las empresas que deseen invertir en Montserrat.<\/p>","protected":false},"author":1,"featured_media":66260,"parent":33287,"menu_order":8,"comment_status":"closed","ping_status":"closed","template":"","meta":{"footnotes":""},"class_list":["post-41080","page","type-page","status-publish","has-post-thumbnail"],"_links":{"self":[{"href":"https:\/\/www.sisinternational.com\/es\/wp-json\/wp\/v2\/pages\/41080","targetHints":{"allow":["GET"]}}],"collection":[{"href":"https:\/\/www.sisinternational.com\/es\/wp-json\/wp\/v2\/pages"}],"about":[{"href":"https:\/\/www.sisinternational.com\/es\/wp-json\/wp\/v2\/types\/page"}],"author":[{"embeddable":true,"href":"https:\/\/www.sisinternational.com\/es\/wp-json\/wp\/v2\/users\/1"}],"replies":[{"embeddable":true,"href":"https:\/\/www.sisinternational.com\/es\/wp-json\/wp\/v2\/comments?post=41080"}],"version-history":[{"count":4,"href":"https:\/\/www.sisinternational.com\/es\/wp-json\/wp\/v2\/pages\/41080\/revisions"}],"predecessor-version":[{"id":81499,"href":"https:\/\/www.sisinternational.com\/es\/wp-json\/wp\/v2\/pages\/41080\/revisions\/81499"}],"up":[{"embeddable":true,"href":"https:\/\/www.sisinternational.com\/es\/wp-json\/wp\/v2\/pages\/33287"}],"wp:featuredmedia":[{"embeddable":true,"href":"https:\/\/www.sisinternational.com\/es\/wp-json\/wp\/v2\/media\/66260"}],"wp:attachment":[{"href":"https:\/\/www.sisinternational.com\/es\/wp-json\/wp\/v2\/media?parent=41080"}],"curies":[{"name":"wp","href":"https:\/\/api.w.org\/{rel}","templated":true}]}}