{"id":41076,"date":"2022-12-13T04:33:21","date_gmt":"2022-12-13T04:33:21","guid":{"rendered":"https:\/\/www.sisinternational.com\/?page_id=41076"},"modified":"2026-01-24T21:30:40","modified_gmt":"2026-01-25T02:30:40","slug":"investigacion-de-mercado-martinica","status":"publish","type":"page","link":"https:\/\/www.sisinternational.com\/es\/cobertura\/investigacion-de-mercado-en-el-caribe\/investigacion-de-mercado-martinica\/","title":{"rendered":"Investigaci\u00f3n de mercado en Martinica"},"content":{"rendered":"<h1 class=\"wp-block-heading\">Investigaci\u00f3n de mercado en Martinica<\/h1>\n\n\n\n<figure class=\"gb-block-image gb-block-image-d5dd84ef\"><img loading=\"lazy\" decoding=\"async\" width=\"1456\" height=\"816\" class=\"gb-image gb-image-d5dd84ef\" src=\"https:\/\/www.sisinternational.com\/wp-content\/uploads\/2025\/09\/Martinique-1.jpg\" alt=\"Investigaci\u00f3n y estrategia de mercado internacional de SIS\" title=\"Martinique (1)\" srcset=\"https:\/\/www.sisinternational.com\/wp-content\/uploads\/2025\/09\/Martinique-1.jpg 1456w, https:\/\/www.sisinternational.com\/wp-content\/uploads\/2025\/09\/Martinique-1-300x168.jpg 300w, https:\/\/www.sisinternational.com\/wp-content\/uploads\/2025\/09\/Martinique-1-1024x574.jpg 1024w, https:\/\/www.sisinternational.com\/wp-content\/uploads\/2025\/09\/Martinique-1-768x430.jpg 768w, https:\/\/www.sisinternational.com\/wp-content\/uploads\/2025\/09\/Martinique-1-18x10.jpg 18w\" sizes=\"auto, (max-width: 1456px) 100vw, 1456px\"><\/figure>\n\n\n\n<hr class=\"wp-block-separator has-alpha-channel-opacity is-style-dots\"\/>\n\n\n\n<p>Martinica, ubicada en el Caribe Oriental, es un departamento de ultramar de Francia. Tiene una superficie de 436 millas cuadradas y es el hogar de 365.000 personas. Se encuentra al noroeste de Barbados, al norte de Santa Luc\u00eda y al sur de Dominica. El franc\u00e9s es el idioma principal, pero la mayor\u00eda de la gente tambi\u00e9n habla criollo martinicano. Adem\u00e1s, el pueblo es ciudadano franc\u00e9s con plenos derechos legales y pol\u00edticos. La moneda en uso es el euro.<\/p>\n\n\n\n<h2 class=\"wp-block-heading\">Industrias clave<\/h2>\n\n\n\n<p>Martinica tiene varias industrias clave. Por ejemplo, los martinique\u00f1os se dedican al turismo, la pesca, la agroindustria y la refinaci\u00f3n de petr\u00f3leo. El turismo ha experimentado un crecimiento muy alto en las \u00faltimas d\u00e9cadas, duplicando el n\u00famero de visitantes.<\/p>\n\n\n\n<p>La ca\u00f1a de az\u00facar y los pl\u00e1tanos son las principales exportaciones de Martinica. De hecho, la tierra cultivada ocupa aproximadamente un tercio del espacio terrestre de la isla y este sector emplea a una sexta parte de la poblaci\u00f3n.<\/p>\n\n\n\n<h2 class=\"wp-block-heading\">Barrios<\/h2>\n\n\n\n<p><strong>fuerte de francia<\/strong>: La capital de Martinica tiene mucho que ofrecer. Encontrar\u00e1s mucho que hacer aqu\u00ed, ya sea que te guste observar delfines, realizar recorridos gastron\u00f3micos o disfrutar del arte local.<\/p>\n\n\n\n<p><strong>Santa Ana<\/strong>: This town has budget-friendly places to stay as well as many free activities. Sainte Anne is perfect for the low-budget traveler. In fact, it\u2019s a great place to invest. For example, one can open bistros, bed &amp; breakfasts, and similar <a href=\"https:\/\/www.sisinternational.com\/es\/publicaciones\/investigacion-de-mercado-empresarial-escalable-7-formas-de-construir-un-negocio-escalable\/\" title=\"Investigaci\u00f3n de mercado empresarial escalable: 7 formas de construir un negocio escalable\"  data-wpil-monitor-id=\"9868\">businesses to serve this market<\/a>.<\/p>\n\n\n\n<p><strong>Santa Luc\u00eda<\/strong>: Este pueblo es una delicia para los amantes de la gastronom\u00eda. Tiene magn\u00edficos restaurantes y bares en cada esquina.<\/p>\n\n\n\n<h2 class=\"wp-block-heading\">Tendencias<\/h2>\n\n\n\n<p>Martinica depende del mundo exterior para la mayor\u00eda de sus productos. \u00a1Las importaciones de la isla son al menos ocho veces mayores que sus exportaciones! Al menos la exportaci\u00f3n de muchos productos ha aumentado en los \u00faltimos a\u00f1os. Los principales proveedores de la isla son Francia, la UE, Asia y Am\u00e9rica del Norte. La mayor\u00eda de las importaciones de Francia son bienes de consumo no duraderos; de ellos, m\u00e1s de la mitad son productos agroalimentarios. Casi una cuarta parte son productos farmac\u00e9uticos.<\/p>\n\n\n\n<h2 class=\"wp-block-heading\">Beneficios y Fortalezas en el Mercado<\/h2>\n\n\n\n<p>La isla cuenta con una extensa y bien mantenida red de carreteras, adem\u00e1s de autopistas alrededor de Fort-de-France. Del mismo modo, el \u00fanico aeropuerto sirve vuelos hacia y desde Estados Unidos, Canad\u00e1, Europa, Venezuela y el resto del Caribe. El principal puerto de Fort-de-France es el s\u00e9ptimo puerto franc\u00e9s (medido por tr\u00e1fico de contenedores). La isla tambi\u00e9n cuenta con un servicio regular de ferry a Santa Luc\u00eda, Dominica y Guadalupe.<\/p>\n\n\n\n<h2 class=\"wp-block-heading\">Base de consumidores<\/h2>\n\n\n\n<p>Casi el 90 por ciento de los habitantes de Martinica viven en centros urbanos. El resto de la poblaci\u00f3n vive en zonas rurales. Hay un desequilibrio de g\u00e9nero, con m\u00e1s mujeres que hombres. Dos tercios de las personas utilizan Internet con regularidad, un aumento constante en los \u00faltimos a\u00f1os. Menos de la mitad de todos los martinique\u00f1os est\u00e1n en Facebook. El alcance publicitario de esa plataforma equivale aproximadamente al 40 por ciento de la poblaci\u00f3n total.<\/p>\n\n\n\n<p>La poblaci\u00f3n de Martinica es una de las m\u00e1s densas del Caribe. Sin embargo, la isla se encuentra entre los territorios franceses de ultramar m\u00e1s peque\u00f1os.<\/p>\n\n\n\n<h2 class=\"wp-block-heading\">Razones para hacer crecer su negocio en Martinica<\/h2>\n\n\n\n<p>Martinica da la bienvenida a la inversi\u00f3n extranjera. Tiene un s\u00f3lido clima empresarial que atrae inversiones de todo el mundo. Aunque su proceso es complejo, Francia da la bienvenida a la inversi\u00f3n estadounidense. De hecho, Estados Unidos es la mayor fuente de inversi\u00f3n extranjera directa de Francia. Existen oportunidades en turismo, finanzas, comercio y reparaciones, TIC, construcci\u00f3n y bienes ra\u00edces.<\/p>\n\n\n\n<p>Otro motivo para invertir es el clima, que es constante y perfecto para el turismo. Las temperaturas promedio rondan los 79 \u00b0F, con m\u00ednimas promedio de 68 \u00b0F \u2013 72 \u00b0F y m\u00e1ximas promedio de 86-90 \u00b0. Las temperaturas extremas son 59\u00b0F y 93\u00b0F. La temporada de lluvias va de julio a diciembre y la temporada seca de diciembre a junio.<\/p>\n\n\n\n<h2 class=\"wp-block-heading\">Acerca de la investigaci\u00f3n de mercado en Martinica<\/h2>\n\n\n\n<p><a href=\"https:\/\/www.sisinternational.com\/es\/soluciones\/soluciones-de-branding-e-investigacion-de-clientes\/investigacion-de-mercado-de-pruebas-de-productos\/prueba-de-sabor-de-alimentos-de-sis-international\/\" title=\"\u00bfQu\u00e9 hace que SIS International Research sea la principal empresa de investigaci\u00f3n de mercados para pruebas de sabor de alimentos en la ciudad de Nueva York?\"  data-wpil-monitor-id=\"9867\">SIS International offers research<\/a> services for the island of Martinique. These services include:<\/p>\n\n\n\n<ul class=\"wp-block-list\">\n<li>Investigaci\u00f3n de Mercado Cualitativa<\/li>\n\n\n\n<li>Investigaci\u00f3n de mercado cuantitativa<\/li>\n\n\n\n<li>Investigaci\u00f3n de mercado de experiencia de usuario<\/li>\n\n\n\n<li>Estrategia de Investigaci\u00f3n de Mercado<\/li>\n\n\n\n<li>An\u00e1lisis competitivo<\/li>\n\n\n\n<li><a href=\"https:\/\/www.sisinternational.com\/es\/pericia\/industrias\/investigacion-de-mercado-halal\/\" title=\"Investigaci\u00f3n de mercado halal\"  data-wpil-monitor-id=\"3524\">Investigaci\u00f3n de entrada al mercado<\/a><\/li>\n\n\n\n<li><a href=\"https:\/\/www.sisinternational.com\/es\/cobertura\/las-americas\/investigacion-de-mercado-en-el-caribe\/investigacion-de-mercado-bahamas\/\" title=\"Investigaci\u00f3n de mercado en las Bahamas\"  data-wpil-monitor-id=\"3532\">Investigaci\u00f3n de dimensionamiento del mercado<\/a><\/li>\n\n\n\n<li>Estrategia de comercializaci\u00f3n<\/li>\n\n\n\n<li>Grupos de discusi\u00f3n<\/li>\n\n\n\n<li>Encuestas<\/li>\n\n\n\n<li>Entrevistas<\/li>\n<\/ul>\n\n\n\n<p><\/p>","protected":false},"excerpt":{"rendered":"<p>SIS International ofrece servicios de investigaci\u00f3n para la isla de Martinica. Estos servicios incluyen: Investigaci\u00f3n Cualitativa, Investigaci\u00f3n Cuantitativa<\/p>","protected":false},"author":1,"featured_media":66136,"parent":33287,"menu_order":7,"comment_status":"closed","ping_status":"closed","template":"","meta":{"footnotes":""},"class_list":["post-41076","page","type-page","status-publish","has-post-thumbnail"],"_links":{"self":[{"href":"https:\/\/www.sisinternational.com\/es\/wp-json\/wp\/v2\/pages\/41076","targetHints":{"allow":["GET"]}}],"collection":[{"href":"https:\/\/www.sisinternational.com\/es\/wp-json\/wp\/v2\/pages"}],"about":[{"href":"https:\/\/www.sisinternational.com\/es\/wp-json\/wp\/v2\/types\/page"}],"author":[{"embeddable":true,"href":"https:\/\/www.sisinternational.com\/es\/wp-json\/wp\/v2\/users\/1"}],"replies":[{"embeddable":true,"href":"https:\/\/www.sisinternational.com\/es\/wp-json\/wp\/v2\/comments?post=41076"}],"version-history":[{"count":6,"href":"https:\/\/www.sisinternational.com\/es\/wp-json\/wp\/v2\/pages\/41076\/revisions"}],"predecessor-version":[{"id":81638,"href":"https:\/\/www.sisinternational.com\/es\/wp-json\/wp\/v2\/pages\/41076\/revisions\/81638"}],"up":[{"embeddable":true,"href":"https:\/\/www.sisinternational.com\/es\/wp-json\/wp\/v2\/pages\/33287"}],"wp:featuredmedia":[{"embeddable":true,"href":"https:\/\/www.sisinternational.com\/es\/wp-json\/wp\/v2\/media\/66136"}],"wp:attachment":[{"href":"https:\/\/www.sisinternational.com\/es\/wp-json\/wp\/v2\/media?parent=41076"}],"curies":[{"name":"wp","href":"https:\/\/api.w.org\/{rel}","templated":true}]}}