{"id":41074,"date":"2022-12-13T04:20:27","date_gmt":"2022-12-13T04:20:27","guid":{"rendered":"https:\/\/www.sisinternational.com\/?page_id=41074"},"modified":"2026-01-24T21:30:41","modified_gmt":"2026-01-25T02:30:41","slug":"investigacion-de-mercado-guadalupe","status":"publish","type":"page","link":"https:\/\/www.sisinternational.com\/es\/cobertura\/investigacion-de-mercado-en-el-caribe\/investigacion-de-mercado-guadalupe\/","title":{"rendered":"Investigaci\u00f3n de mercado en Guadalupe"},"content":{"rendered":"<h1 class=\"wp-block-heading\">Investigaci\u00f3n de mercado en Guadalupe<\/h1>\n\n\n\n<figure class=\"gb-block-image gb-block-image-880192f7\"><img loading=\"lazy\" decoding=\"async\" width=\"1456\" height=\"816\" class=\"gb-image gb-image-880192f7\" src=\"https:\/\/www.sisinternational.com\/wp-content\/uploads\/2025\/09\/Guadeloupe-3.jpg\" alt=\"Investigaci\u00f3n y estrategia de mercado internacional de SIS\" title=\"Guadeloupe (3)\" srcset=\"https:\/\/www.sisinternational.com\/wp-content\/uploads\/2025\/09\/Guadeloupe-3.jpg 1456w, https:\/\/www.sisinternational.com\/wp-content\/uploads\/2025\/09\/Guadeloupe-3-300x168.jpg 300w, https:\/\/www.sisinternational.com\/wp-content\/uploads\/2025\/09\/Guadeloupe-3-1024x574.jpg 1024w, https:\/\/www.sisinternational.com\/wp-content\/uploads\/2025\/09\/Guadeloupe-3-768x430.jpg 768w, https:\/\/www.sisinternational.com\/wp-content\/uploads\/2025\/09\/Guadeloupe-3-18x10.jpg 18w\" sizes=\"auto, (max-width: 1456px) 100vw, 1456px\"><\/figure>\n\n\n\n<hr class=\"wp-block-separator has-alpha-channel-opacity is-style-dots\"\/>\n\n\n\n<p>Guadalupe es un grupo de islas en las Indias Occidentales francesas. Es un departamento de ultramar de Francia. Otro punto clave es que la regi\u00f3n principal de Guadalupe est\u00e1 formada por dos islas. Grand-Terre est\u00e1 al este y Basse-Terre est\u00e1 m\u00e1s al oeste. Entre ambos discurre un estrecho canal mar\u00edtimo, la Riviere Salee. La Desirade, otra isla del grupo, se encuentra al este, Marie Galante al sureste y Saintes al sur.<\/p>\n\n\n\n<h2 class=\"wp-block-heading\">Industrias clave<\/h2>\n\n\n\n<p>Tourism, agriculture, light industry, and <a href=\"https:\/\/www.sisinternational.com\/es\/soluciones\/investigacion-de-consultoria-estrategica-fintech\/consultoria-de-abastecimiento-de-servicios-financieros-2\/\" title=\"Consultor\u00eda de abastecimiento de servicios financieros\"  data-wpil-monitor-id=\"8273\">services are the main sources<\/a> of the islands\u2019 wealth. The islands also depend on France for imports and large grants. They import fuel and most mass produced goods.<\/p>\n\n\n\n<h3 class=\"wp-block-heading\">Turismo<\/h3>\n\n\n\n<p>Many cruise ships visit each year, and <a href=\"https:\/\/www.sisinternational.com\/es\/soluciones\/investigacion-de-mercado-de-ia-y-consultoria-estrategica\/adopcion-de-ia-viajes-hospitalidad-turismo-industria-consultoria\/\" title=\"Adopci\u00f3n de IA en la consultor\u00eda de la industria de viajes, hoteler\u00eda y turismo\"  data-wpil-monitor-id=\"8271\">tourism has become the main industry<\/a>.<\/p>\n\n\n\n<h3 class=\"wp-block-heading\">Agricultura<\/h3>\n\n\n\n<p>Otros cultivos, como la berenjena, el pl\u00e1tano y las flores, est\u00e1n reemplazando a la ca\u00f1a de az\u00facar est\u00e1ndar. La gente tambi\u00e9n cultiva ra\u00edces y otras hortalizas.<\/p>\n\n\n\n<h3 class=\"wp-block-heading\">Industria de la luz<\/h3>\n\n\n\n<p>La producci\u00f3n de az\u00facar y ron constituye la mayor parte de la industria ligera de las islas.<\/p>\n\n\n\n<h2 class=\"wp-block-heading\">Barrios<\/h2>\n\n\n\n<p>Las mejores ciudades de estas islas son Baie-Mahault, Les Abymes y Petit-Bourg. Le Gosier es la ciudad alegre perfecta para una estancia en Grande-Terre. Su ubicaci\u00f3n central es su principal ventaja. Le Gosier tambi\u00e9n cuenta con playas, tiendas y vida nocturna.<\/p>\n\n\n\n<p>Bouillante es uno de los mejores lugares para alojarse en Basseterre. Es perfecto si te gusta bucear, hacer snorkel o descansar en las aguas termales. Saint Francois, en la isla de Grande-Terre, es una opci\u00f3n popular entre las familias. Tiene varios sitios hist\u00f3ricos y una de las mejores playas de Guadalupe: Raisins Clairs Beach.<\/p>\n\n\n\n<h2 class=\"wp-block-heading\">Tendencias<\/h2>\n\n\n\n<p>Las islas son modernas y han experimentado un crecimiento constante desde la d\u00e9cada de 1990. Un sector privado y principalmente terciario ha sustituido a algunos de los est\u00e1ndar. Este nuevo sector representa al menos cinco sextas partes de la riqueza de las islas. Tambi\u00e9n encontrar\u00e1 muchas microempresas, que representan un tercio de los puestos de trabajo en las islas. De hecho, los informes muestran que Guadalupe es el primer departamento franc\u00e9s en creaci\u00f3n de empresas. Tiene un promedio de 5.000 nuevas empresas por a\u00f1o.<\/p>\n\n\n\n<h2 class=\"wp-block-heading\">Beneficios y Fortalezas en el Mercado<\/h2>\n\n\n\n<p>La principal fortaleza de las islas reside en los sectores emergentes. Estos sectores incluyen la econom\u00eda plateada, los servicios personales, as\u00ed como las industrias creativas y culturales. El agua, el saneamiento y el tratamiento de residuos tambi\u00e9n pertenecen a sectores emergentes.<br>The Jarry area is now a \u201cTerritoire d\u2019industrie.\u201d This move will strengthen the islands\u2019 appeal to investors. Other ambitious projects are underway, such as setting up a technopole. This technopole will bring together state-of-the-art <a href=\"https:\/\/www.sisinternational.com\/es\/soluciones\/investigacion-de-consultoria-estrategica-fintech\/investigacion-de-mercado-de-la-industria-de-servicios-financieros\/\" title=\"Investigaci\u00f3n de mercado de la industria de servicios financieros\"  data-wpil-monitor-id=\"8270\">industries and services<\/a>. It will also improve <a href=\"https:\/\/www.sisinternational.com\/es\/pericia\/industrias\/investigacion-de-mercado-de-datos-de-formacion\/\" title=\"Investigaci\u00f3n de mercado de datos de formaci\u00f3n\"  data-wpil-monitor-id=\"8274\">research capacity and make state-of-the-art training<\/a> possible.<\/p>\n\n\n\n<h2 class=\"wp-block-heading\">Base de consumidores<\/h2>\n\n\n\n<p>Las islas albergan a unas 400.000 personas, de las cuales un poco m\u00e1s son mujeres. S\u00f3lo alrededor del 1,5 por ciento de la poblaci\u00f3n vive en zonas rurales; el resto habita en centros urbanos.<\/p>\n\n\n\n<p>Datos recientes muestran que alrededor de dos tercios de las personas son usuarios de Internet, la mayor\u00eda de los cuales est\u00e1n en las redes sociales. Los anuncios de Facebook llegan a cerca de la mitad de las personas. El alcance de los anuncios de Instagram es casi igual al de Facebook. LinkedIn tiene aproximadamente un tercio de la gente y Twitter una sexta parte.<\/p>\n\n\n\n<h2 class=\"wp-block-heading\">Razones para hacer crecer su negocio en este mercado<\/h2>\n\n\n\n<p>El clima de inversi\u00f3n de Francia (y, por extensi\u00f3n, el de Guadalupe) es favorable. Tiene un s\u00f3lido marco legal anticorrupci\u00f3n. Del mismo modo, montar una tienda es f\u00e1cil y asequible. El gobierno franc\u00e9s ofrece una variedad de incentivos para atraer empresas extranjeras. Si registra una empresa en Guadalupe, podr\u00e1 obtener pr\u00e9stamos a tipos de inter\u00e9s favorables. Estas tasas promedian s\u00f3lo el 2,2 por ciento anual.<\/p>\n\n\n\n<h2 class=\"wp-block-heading\">Acerca de la investigaci\u00f3n de mercado en Guadalupe<\/h2>\n\n\n\n<p><a href=\"https:\/\/www.sisinternational.com\/es\/pascua-de-resurreccion-y-el-inevitable-conejito-de-chocolate\/\" title=\"Investigaci\u00f3n de mercado de Pascua\"  data-wpil-monitor-id=\"8265\">Market research is easy with SIS<\/a>. Our high-quality <a href=\"https:\/\/www.sisinternational.com\/es\/soluciones\/prueba-de-sabor\/how-quantitative-sensory-testing-helps-businesses-improve-product-appeal\/\" title=\"Sensory Testing Research\"  data-wpil-monitor-id=\"8266\">research and data testing<\/a> provide insights into how you can make these islands work for you. We are here to help you make crucial decisions. SIS provides <a href=\"https:\/\/www.sisinternational.com\/es\/how-to-design-effective-surveys-for-quantitative-research\/\" title=\"How to Design Effective Surveys for Quantitative Research\"  data-wpil-monitor-id=\"8268\">Quantitative coupled with Qualitative Research<\/a> on these islands and beyond. We also offer UX, Market Entry, and <a href=\"https:\/\/www.sisinternational.com\/es\/el-papel-del-desarrollo-de-procesos-y-sistemas-en-el-exito-organizacional\/\" title=\"Investigaci\u00f3n de Mercado de Dise\u00f1o Organizacional\"  data-wpil-monitor-id=\"8263\">Estrategia de Investigaci\u00f3n de Mercado<\/a>.<br>We do Competitive Analysis, <a href=\"https:\/\/www.sisinternational.com\/es\/pericia\/industrias\/investigacion-de-mercado-halal\/\" title=\"Investigaci\u00f3n de mercado halal\"  data-wpil-monitor-id=\"3526\">Investigaci\u00f3n de oportunidades de mercado<\/a>, and Market Sizing Research. You can also count on us for data to inform your Go-to-Market Strategy. We use Focus Groups, Surveys, and Interviews to gather data to help you decide to invest.<\/p>\n\n\n\n<p><\/p>","protected":false},"excerpt":{"rendered":"<p>La investigaci\u00f3n de mercado es f\u00e1cil con SIS. Nuestra investigaci\u00f3n de alta calidad y pruebas de datos brindan informaci\u00f3n sobre c\u00f3mo puede hacer que estas islas funcionen para usted.<\/p>","protected":false},"author":1,"featured_media":66125,"parent":33287,"menu_order":6,"comment_status":"closed","ping_status":"closed","template":"","meta":{"footnotes":""},"class_list":["post-41074","page","type-page","status-publish","has-post-thumbnail"],"_links":{"self":[{"href":"https:\/\/www.sisinternational.com\/es\/wp-json\/wp\/v2\/pages\/41074","targetHints":{"allow":["GET"]}}],"collection":[{"href":"https:\/\/www.sisinternational.com\/es\/wp-json\/wp\/v2\/pages"}],"about":[{"href":"https:\/\/www.sisinternational.com\/es\/wp-json\/wp\/v2\/types\/page"}],"author":[{"embeddable":true,"href":"https:\/\/www.sisinternational.com\/es\/wp-json\/wp\/v2\/users\/1"}],"replies":[{"embeddable":true,"href":"https:\/\/www.sisinternational.com\/es\/wp-json\/wp\/v2\/comments?post=41074"}],"version-history":[{"count":6,"href":"https:\/\/www.sisinternational.com\/es\/wp-json\/wp\/v2\/pages\/41074\/revisions"}],"predecessor-version":[{"id":81389,"href":"https:\/\/www.sisinternational.com\/es\/wp-json\/wp\/v2\/pages\/41074\/revisions\/81389"}],"up":[{"embeddable":true,"href":"https:\/\/www.sisinternational.com\/es\/wp-json\/wp\/v2\/pages\/33287"}],"wp:featuredmedia":[{"embeddable":true,"href":"https:\/\/www.sisinternational.com\/es\/wp-json\/wp\/v2\/media\/66125"}],"wp:attachment":[{"href":"https:\/\/www.sisinternational.com\/es\/wp-json\/wp\/v2\/media?parent=41074"}],"curies":[{"name":"wp","href":"https:\/\/api.w.org\/{rel}","templated":true}]}}