{"id":41072,"date":"2022-12-13T04:15:26","date_gmt":"2022-12-13T04:15:26","guid":{"rendered":"https:\/\/www.sisinternational.com\/?page_id=41072"},"modified":"2026-01-26T16:47:54","modified_gmt":"2026-01-26T21:47:54","slug":"investigacion-de-mercado-granada","status":"publish","type":"page","link":"https:\/\/www.sisinternational.com\/es\/cobertura\/investigacion-de-mercado-en-el-caribe\/investigacion-de-mercado-granada\/","title":{"rendered":"Investigaci\u00f3n de mercado en Granada"},"content":{"rendered":"<h1 class=\"wp-block-heading\">Investigaci\u00f3n de mercado en Granada<\/h1>\n\n\n\n<figure class=\"gb-block-image gb-block-image-abccce6c\"><img loading=\"lazy\" decoding=\"async\" width=\"1456\" height=\"816\" class=\"gb-image gb-image-abccce6c\" src=\"https:\/\/www.sisinternational.com\/wp-content\/uploads\/2025\/09\/Grenada-3.jpg\" alt=\"Investigaci\u00f3n y estrategia de mercado internacional de SIS\" title=\"Grenada (3)\" srcset=\"https:\/\/www.sisinternational.com\/wp-content\/uploads\/2025\/09\/Grenada-3.jpg 1456w, https:\/\/www.sisinternational.com\/wp-content\/uploads\/2025\/09\/Grenada-3-300x168.jpg 300w, https:\/\/www.sisinternational.com\/wp-content\/uploads\/2025\/09\/Grenada-3-1024x574.jpg 1024w, https:\/\/www.sisinternational.com\/wp-content\/uploads\/2025\/09\/Grenada-3-768x430.jpg 768w, https:\/\/www.sisinternational.com\/wp-content\/uploads\/2025\/09\/Grenada-3-18x10.jpg 18w\" sizes=\"auto, (max-width: 1456px) 100vw, 1456px\"><\/figure>\n\n\n\n<hr class=\"wp-block-separator has-alpha-channel-opacity is-style-dots\"\/>\n\n\n\n<p>Granada es una naci\u00f3n insular en el extremo sur de la cadena del Caribe. Se compone de tres islas habitadas: Granada (el continente), Carriacou y Petit Martinique.<\/p>\n\n\n\n<p>Several islets are also part of the state of Grenada. These include Calivigny Island, White Island, and Isle de Ronde. This 133-square-mile country is home to around 115,000 people. It lies north of <a href=\"https:\/\/www.sisinternational.com\/es\/cobertura\/las-americas\/investigacion-de-mercado-en-el-caribe\/investigacion-de-mercado-trinidad-tabago\/\" title=\"Investigaci\u00f3n de Mercado en Trinidad y Tobago\"  data-wpil-monitor-id=\"6202\">Trinidad &amp; Tobago<\/a>.<\/p>\n\n\n\n<h2 class=\"wp-block-heading\">Industrias clave<\/h2>\n\n\n\n<p>Granada tiene una econom\u00eda peque\u00f1a, abierta y basada en el turismo. Sus principales exportaciones son la nuez moscada, el macis y el cacao. De hecho, es el segundo exportador de nuez moscada del mundo. Tambi\u00e9n exporta clavo, canela, pl\u00e1tanos y c\u00edtricos.<\/p>\n\n\n\n<p>El pescado, como el at\u00fan de aleta amarilla, es otro producto de exportaci\u00f3n importante. Otras exportaciones son en peque\u00f1a escala. Incluyen dulces, alimentos y bebidas.<\/p>\n\n\n\n<h2 class=\"wp-block-heading\">Barrios<\/h2>\n\n\n\n<p>St. George\u2019s is the capital city of Grenada. You\u2019ll find the main seaport, several bars, restaurants, and shopping malls here. One of the leading local <a href=\"https:\/\/www.sisinternational.com\/es\/cobertura\/las-americas\/investigacion-de-mercado-en-el-caribe\/investigacion-de-mercado-en-san-vicente-y-las-granadinas\/\" title=\"Investigaci\u00f3n de Mercado en San Vicente y las Granadinas\"  data-wpil-monitor-id=\"5827\">markets is also in St.<\/a> George\u2019s.<\/p>\n\n\n\n<p>Grand Anse es un centro tur\u00edstico con vida nocturna, complejos tur\u00edsticos de playa y centros comerciales. Tambi\u00e9n alberga la mundialmente famosa playa de Grand Anse.<\/p>\n\n\n\n<p>Carriacou es una de las islas hermanas de Granada. La isla alberga s\u00f3lo unas 8.000 almas. Por lo tanto, es perfecto para quienes buscan un lugar tranquilo y pac\u00edfico para escapar.<\/p>\n\n\n\n<h2 class=\"wp-block-heading\">Tendencias<\/h2>\n\n\n\n<p>La fr\u00e1gil econom\u00eda de Granada basada en el turismo la pone en riesgo de sufrir crisis globales. Por ejemplo, las pandemias y la guerra pueden causar estragos. Aun as\u00ed, el pa\u00eds sigue una tendencia fiscal ascendente. Contin\u00faa creciendo a pesar del dif\u00edcil panorama global.<\/p>\n\n\n\n<p>Al igual que otros pa\u00edses, Granada enfrenta una alta inflaci\u00f3n y tiene una tasa de pobreza de alrededor del 25 por ciento. Ha estado trabajando para aumentar sus fuentes de ingresos. Incluso ha creado un programa de ciudadan\u00eda por inversi\u00f3n con ese fin.<\/p>\n\n\n\n<h2 class=\"wp-block-heading\">Beneficios y Fortalezas en el Mercado<\/h2>\n\n\n\n<p>En Granada, los impuestos sobre las ganancias de capital, las donaciones, el patrimonio y los ingresos extranjeros son inexistentes. El pa\u00eds tampoco restringe la repatriaci\u00f3n de ganancias y capital importado.<\/p>\n\n\n\n<p>Otro de los puntos fuertes de Granada es su espacio marino, que es 70 veces mayor que su superficie terrestre. Este espacio tiene el potencial de desarrollar una pr\u00f3spera industria pesquera. Tambi\u00e9n puede apoyar el turismo marino, el petr\u00f3leo y el gas, y mucho m\u00e1s.<\/p>\n\n\n\n<h2 class=\"wp-block-heading\">Base de consumidores<\/h2>\n\n\n\n<p>Granada no es un gran mercado para las marcas y comerciantes globales de comercio electr\u00f3nico. \u00bfPor qu\u00e9? Porque su base de consumidores es peque\u00f1a. El pa\u00eds tiene s\u00f3lo una tasa de penetraci\u00f3n de Internet de alrededor del 63 por ciento.<\/p>\n\n\n\n<p>Es un pa\u00eds de habla inglesa y parte de la Commonwealth brit\u00e1nica. Tambi\u00e9n es un lugar tur\u00edstico muy conocido. Por lo tanto, puede ser parte de la estrategia regional m\u00e1s amplia de cualquier marca, ya que el camino de entrada es f\u00e1cil. Como la mayor\u00eda de las peque\u00f1as naciones insulares de la regi\u00f3n, los consumidores de Granada prefieren usar efectivo. Pocos consumidores utilizan tarjetas de d\u00e9bito y cr\u00e9dito y opciones de pago de billetera digital.<\/p>\n\n\n\n<h2 class=\"wp-block-heading\">Razones para hacer crecer su negocio en el mercado de Granada<\/h2>\n\n\n\n<p>Granada ofrece una excelente calidad de vida. Ser\u00e1 m\u00e1s probable que los clientes compren sus productos. Tienen ingresos disponibles, a diferencia de otros mercados de la regi\u00f3n.<\/p>\n\n\n\n<p>El pa\u00eds tambi\u00e9n tiene acceso a los mercados globales. Sus socios comerciales incluyen Canad\u00e1, Estados Unidos, el Reino Unido y el resto de Europa. Tambi\u00e9n tiene una gran di\u00e1spora que adopta productos y ofrece marketing de boca en boca.<\/p>\n\n\n\n<p>Granada ha invertido mucho en sus redes telef\u00f3nicas e Internet, y dispone de agua potable y potable.<br>El acceso a la electricidad tampoco es un problema. El env\u00edo de mercanc\u00edas es f\u00e1cil porque Granada tiene aeropuertos y un puerto mar\u00edtimo. El sistema de transporte interior tambi\u00e9n es s\u00f3lido.<\/p>\n\n\n\n<h2 class=\"wp-block-heading\">Acerca de la investigaci\u00f3n de mercado en Granada<\/h2>\n\n\n\n<p>Nuestro principal servicio de investigaci\u00f3n de mercado proporciona datos cuantitativos y cualitativos detallados. Ofrecemos an\u00e1lisis sobre la inversi\u00f3n en Granada y utilizamos grupos focales, encuestas y entrevistas para este prop\u00f3sito.<\/p>\n\n\n\n<p>SIS also offers UX and Strategy Market Research and Competitive Analysis. We do <a href=\"https:\/\/www.sisinternational.com\/es\/pericia\/industrias\/investigacion-de-mercado-halal\/\" title=\"Investigaci\u00f3n de mercado halal\"  data-wpil-monitor-id=\"3528\">Investigaci\u00f3n de oportunidades de mercado<\/a>. Our services also include <a href=\"https:\/\/www.sisinternational.com\/es\/cobertura\/las-americas\/investigacion-de-mercado-en-el-caribe\/investigacion-de-mercado-bahamas\/\" title=\"Investigaci\u00f3n de mercado en las Bahamas\"  data-wpil-monitor-id=\"3533\">Investigaci\u00f3n de dimensionamiento del mercado<\/a> and Go-to-Market Strategy.<\/p>\n\n\n\n<p><\/p>","protected":false},"excerpt":{"rendered":"<p>Granada tiene una econom\u00eda peque\u00f1a, abierta y basada en el turismo. Sus principales exportaciones son la nuez moscada, el macis y el cacao. De hecho, es el segundo exportador de nuez moscada del mundo.<\/p>","protected":false},"author":1,"featured_media":66399,"parent":33287,"menu_order":5,"comment_status":"closed","ping_status":"closed","template":"","meta":{"footnotes":""},"class_list":["post-41072","page","type-page","status-publish","has-post-thumbnail"],"_links":{"self":[{"href":"https:\/\/www.sisinternational.com\/es\/wp-json\/wp\/v2\/pages\/41072","targetHints":{"allow":["GET"]}}],"collection":[{"href":"https:\/\/www.sisinternational.com\/es\/wp-json\/wp\/v2\/pages"}],"about":[{"href":"https:\/\/www.sisinternational.com\/es\/wp-json\/wp\/v2\/types\/page"}],"author":[{"embeddable":true,"href":"https:\/\/www.sisinternational.com\/es\/wp-json\/wp\/v2\/users\/1"}],"replies":[{"embeddable":true,"href":"https:\/\/www.sisinternational.com\/es\/wp-json\/wp\/v2\/comments?post=41072"}],"version-history":[{"count":7,"href":"https:\/\/www.sisinternational.com\/es\/wp-json\/wp\/v2\/pages\/41072\/revisions"}],"predecessor-version":[{"id":79789,"href":"https:\/\/www.sisinternational.com\/es\/wp-json\/wp\/v2\/pages\/41072\/revisions\/79789"}],"up":[{"embeddable":true,"href":"https:\/\/www.sisinternational.com\/es\/wp-json\/wp\/v2\/pages\/33287"}],"wp:featuredmedia":[{"embeddable":true,"href":"https:\/\/www.sisinternational.com\/es\/wp-json\/wp\/v2\/media\/66399"}],"wp:attachment":[{"href":"https:\/\/www.sisinternational.com\/es\/wp-json\/wp\/v2\/media?parent=41072"}],"curies":[{"name":"wp","href":"https:\/\/api.w.org\/{rel}","templated":true}]}}