{"id":41070,"date":"2022-12-13T04:03:31","date_gmt":"2022-12-13T04:03:31","guid":{"rendered":"https:\/\/www.sisinternational.com\/?page_id=41070"},"modified":"2026-01-24T21:16:23","modified_gmt":"2026-01-25T02:16:23","slug":"investigacion-de-mercado-antigua-barbuda","status":"publish","type":"page","link":"https:\/\/www.sisinternational.com\/es\/cobertura\/investigacion-de-mercado-en-el-caribe\/investigacion-de-mercado-antigua-barbuda\/","title":{"rendered":"Investigaci\u00f3n de mercado en Antigua y Barbuda"},"content":{"rendered":"<h1 class=\"wp-block-heading\">Investigaci\u00f3n de mercado en Antigua y Barbuda<\/h1>\n\n\n\n<figure class=\"gb-block-image gb-block-image-73bbc5a3\"><img loading=\"lazy\" decoding=\"async\" width=\"1456\" height=\"816\" class=\"gb-image gb-image-73bbc5a3\" src=\"https:\/\/www.sisinternational.com\/wp-content\/uploads\/2025\/09\/Antigua-Barbuda-2.jpg\" alt=\"Investigaci\u00f3n y estrategia de mercado internacional de SIS\" title=\"Antigua &amp; Barbuda (2)\" srcset=\"https:\/\/www.sisinternational.com\/wp-content\/uploads\/2025\/09\/Antigua-Barbuda-2.jpg 1456w, https:\/\/www.sisinternational.com\/wp-content\/uploads\/2025\/09\/Antigua-Barbuda-2-300x168.jpg 300w, https:\/\/www.sisinternational.com\/wp-content\/uploads\/2025\/09\/Antigua-Barbuda-2-1024x574.jpg 1024w, https:\/\/www.sisinternational.com\/wp-content\/uploads\/2025\/09\/Antigua-Barbuda-2-768x430.jpg 768w, https:\/\/www.sisinternational.com\/wp-content\/uploads\/2025\/09\/Antigua-Barbuda-2-18x10.jpg 18w\" sizes=\"auto, (max-width: 1456px) 100vw, 1456px\"><\/figure>\n\n\n\n<hr class=\"wp-block-separator has-alpha-channel-opacity is-style-dots\"\/>\n\n\n\n<p>Antigua y Barbuda es un pa\u00eds semi\u00e1rido formado por tres islas en el Caribe Oriental. Al estado le va muy bien en turismo. Tambi\u00e9n es la meca de los juegos online. Antigua y Barbuda se encuentran al este-sureste de Puerto Rico. Las islas tambi\u00e9n est\u00e1n cerca de Anguila, St. Kitts y Nevis y St. Barths.<\/p>\n\n\n\n<h2 class=\"wp-block-heading\">Industrias clave<\/h2>\n\n\n\n<p><a href=\"https:\/\/www.sisinternational.com\/es\/soluciones\/consultoria-de-hosteleria-y-turismo-en-viajes\/\" title=\"Consultor\u00eda de viajes, turismo y hosteler\u00eda\"  data-wpil-monitor-id=\"8369\">Tourism &amp; travel<\/a> is the islands\u2019 mainstay and accounts for more than half of the GDP. Antigua and Barbuda is famous for its many resorts. Rural Antiguans also do a fair amount of animal rearing, fishing, and mining. There\u2019s quite a bit of light manufacturing, and the islands produce refined oil, rum, garments, paints, and furniture.<\/p>\n\n\n\n<h2 class=\"wp-block-heading\">Barrios<\/h2>\n\n\n\n<h3 class=\"wp-block-heading\">de San Juan<\/h3>\n\n\n\n<p>St. John&#039;s, la capital y ciudad m\u00e1s grande, es el principal puerto y centro comercial del pa\u00eds. La ciudad cuenta con varios sitios patrimoniales. El m\u00e1s famoso es el Fort James del siglo XVIII en St. John&#039;s Harbour. Ruinas de ingenios azucareros y grandes casas se encuentran esparcidas por St. John&#039;s.<\/p>\n\n\n\n<h3 class=\"wp-block-heading\">Puerto Ingl\u00e9s y Puerto de Falmouth<\/h3>\n\n\n\n<p>English Harbour y Falmouth Harbour est\u00e1n uno al lado del otro. Ambos est\u00e1n en el extremo sur de Antigua y ambos rebosan de actividad en bares, restaurantes y caf\u00e9s junto al mar.<\/p>\n\n\n\n<h3 class=\"wp-block-heading\">Bah\u00eda Dickenson<\/h3>\n\n\n\n<p>Dickenson Bay es otra ciudad concurrida y es el centro de los deportes acu\u00e1ticos y la vida nocturna. Es un lugar divertido tanto para los residentes como para los reci\u00e9n llegados. Peque\u00f1os hoteles y grandes complejos tur\u00edsticos bordean la bah\u00eda. Lo mismo ocurre con los restaurantes, bares, cafeter\u00edas, puestos expendedores y empresas de deportes acu\u00e1ticos.<\/p>\n\n\n\n<h3 class=\"wp-block-heading\">Puerto alegre<\/h3>\n\n\n\n<p>Jolly Harbour es el puerto artificial m\u00e1s grande de la regi\u00f3n. Es perfecto para los aficionados a la navegaci\u00f3n a vela, la navegaci\u00f3n y la pesca. Esta zona ofrece restaurantes, bares y el Jolly Harbour Golf Club.<\/p>\n\n\n\n<h2 class=\"wp-block-heading\">Tendencias<\/h2>\n\n\n\n<p>Antigua y Barbuda est\u00e1 experimentando una tendencia modesta pero ascendente en la tasa de crecimiento de su PIB. El pa\u00eds ha mostrado un repunte constante en las llegadas de visitantes desde la recesi\u00f3n de principios de la d\u00e9cada de 2020. Ahora est\u00e1 mirando a otro sector: la \u201ceconom\u00eda azul\u201d. El objetivo es que la econom\u00eda azul impulse a\u00fan m\u00e1s el turismo.<\/p>\n\n\n\n<p>En el <a href=\"https:\/\/www.sisinternational.com\/es\/pericia\/industrias\/investigacion-de-mercado-inmobiliario-comercial\/\" title=\"Investigaci\u00f3n de mercado inmobiliario comercial\"  data-wpil-monitor-id=\"8368\">real estate market<\/a>, buyer restraint has continued. Thus, there have been fewer sales and buyers take longer to commit.<\/p>\n\n\n\n<h2 class=\"wp-block-heading\">Beneficios y Fortalezas en el Mercado<\/h2>\n\n\n\n<ul class=\"wp-block-list\">\n<li>Tasas impositivas bajas para iniciar un negocio<\/li>\n\n\n\n<li>El clima empresarial favorable a los inversores<\/li>\n\n\n\n<li>Un suministro constante de energ\u00eda<\/li>\n\n\n\n<li>Asegurarse es f\u00e1cil<\/li>\n<\/ul>\n\n\n\n<h2 class=\"wp-block-heading\">Base de consumidores<\/h2>\n\n\n\n<p>Aproximadamente tres cuartas partes de los habitantes de Antigua y Barbuda residen en zonas rurales, y el 25 por ciento restante permanece en centros urbanos de todo el pa\u00eds. La edad media es de 34,5 a\u00f1os, y s\u00f3lo el diez por ciento de las personas tienen m\u00e1s de 65 a\u00f1os.<br>La penetraci\u00f3n de Internet en Antigua y Barbuda ronda las tres cuartas partes de la poblaci\u00f3n. El n\u00famero de usuarios de las redes sociales es algo menor, algo m\u00e1s de dos tercios. La red social m\u00e1s popular en Antigua y Barbuda es Facebook.<\/p>\n\n\n\n<h2 class=\"wp-block-heading\">Razones para hacer crecer su negocio en Antigua y Barbuda<\/h2>\n\n\n\n<p>Antigua and Barbuda is one of the richest countries in the Eastern Caribbean. Further, it has plenty of thriving industries that are perfect for new business. The state also boasts well-educated and skilled workers. It has a 98 percent literacy rate. Another reason to do business in Antigua and Barbuda? It has the Small Business Development Act. This Act aims to aid the growth of the country\u2019s small enterprise sector. Thus, it helps small <a href=\"https:\/\/www.sisinternational.com\/es\/top-5-benefits-of-qualitative-market-research-for-businesses\/\" title=\"Top 5 Benefits of Qualitative Market Research for Businesses\"  data-wpil-monitor-id=\"8370\">business owners with various concessions and benefits<\/a>. It also ensures that they get technical help.<\/p>\n\n\n\n<h2 class=\"wp-block-heading\">Acerca de la investigaci\u00f3n de mercado en Antigua y Barbuda<\/h2>\n\n\n\n<p>SIS International is a full-service market research agency providing Quantitative and Qualitative Research services. We also do UX, Strategy <a href=\"https:\/\/www.sisinternational.com\/es\/cobertura\/las-americas\/investigacion-de-mercado-en-el-caribe\/investigacion-de-mercado-san-cristobal-y-nieves\/\" title=\"Investigaci\u00f3n de mercado en San Crist\u00f3bal y Nieves\"  data-wpil-monitor-id=\"3298\">Estudios de mercado<\/a>, Competitive Analysis, Market Entry, Market Sizing, and Market Opportunity Research. Also, we carry out Surveys, Interviews, and Focus Groups for clients worldwide.<\/p>\n\n\n\n<p><\/p>","protected":false},"excerpt":{"rendered":"<p>Antigua y Barbuda es uno de los pa\u00edses m\u00e1s ricos del Caribe Oriental. Adem\u00e1s, tiene muchas industrias pr\u00f3speras que son perfectas para nuevos negocios.<\/p>","protected":false},"author":1,"featured_media":66386,"parent":33287,"menu_order":4,"comment_status":"closed","ping_status":"closed","template":"","meta":{"footnotes":""},"class_list":["post-41070","page","type-page","status-publish","has-post-thumbnail"],"_links":{"self":[{"href":"https:\/\/www.sisinternational.com\/es\/wp-json\/wp\/v2\/pages\/41070","targetHints":{"allow":["GET"]}}],"collection":[{"href":"https:\/\/www.sisinternational.com\/es\/wp-json\/wp\/v2\/pages"}],"about":[{"href":"https:\/\/www.sisinternational.com\/es\/wp-json\/wp\/v2\/types\/page"}],"author":[{"embeddable":true,"href":"https:\/\/www.sisinternational.com\/es\/wp-json\/wp\/v2\/users\/1"}],"replies":[{"embeddable":true,"href":"https:\/\/www.sisinternational.com\/es\/wp-json\/wp\/v2\/comments?post=41070"}],"version-history":[{"count":5,"href":"https:\/\/www.sisinternational.com\/es\/wp-json\/wp\/v2\/pages\/41070\/revisions"}],"predecessor-version":[{"id":81402,"href":"https:\/\/www.sisinternational.com\/es\/wp-json\/wp\/v2\/pages\/41070\/revisions\/81402"}],"up":[{"embeddable":true,"href":"https:\/\/www.sisinternational.com\/es\/wp-json\/wp\/v2\/pages\/33287"}],"wp:featuredmedia":[{"embeddable":true,"href":"https:\/\/www.sisinternational.com\/es\/wp-json\/wp\/v2\/media\/66386"}],"wp:attachment":[{"href":"https:\/\/www.sisinternational.com\/es\/wp-json\/wp\/v2\/media?parent=41070"}],"curies":[{"name":"wp","href":"https:\/\/api.w.org\/{rel}","templated":true}]}}