{"id":41060,"date":"2022-11-13T21:49:59","date_gmt":"2022-11-13T21:49:59","guid":{"rendered":"https:\/\/www.sisinternational.com\/?page_id=41060"},"modified":"2026-01-26T14:20:12","modified_gmt":"2026-01-26T19:20:12","slug":"investigacion-de-mercado-de-gestion-del-trafico","status":"publish","type":"page","link":"https:\/\/www.sisinternational.com\/es\/pericia\/investigacion-de-mercado-de-gestion-del-trafico\/","title":{"rendered":"Investigaci\u00f3n de mercado de gesti\u00f3n de tr\u00e1fico"},"content":{"rendered":"<h1 class=\"wp-block-heading\">Investigaci\u00f3n de mercado de gesti\u00f3n de tr\u00e1fico<\/h1>\n\n\n\n<figure class=\"gb-block-image gb-block-image-514d8140\"><img loading=\"lazy\" decoding=\"async\" width=\"1456\" height=\"816\" class=\"gb-image gb-image-514d8140\" src=\"https:\/\/www.sisinternational.com\/wp-content\/uploads\/2025\/08\/Smart-mobility-8.jpg\" alt=\"Investigaci\u00f3n y estrategia de mercado internacional de SIS\" title=\"Smart mobility (8)\" srcset=\"https:\/\/www.sisinternational.com\/wp-content\/uploads\/2025\/08\/Smart-mobility-8.jpg 1456w, https:\/\/www.sisinternational.com\/wp-content\/uploads\/2025\/08\/Smart-mobility-8-300x168.jpg 300w, https:\/\/www.sisinternational.com\/wp-content\/uploads\/2025\/08\/Smart-mobility-8-1024x574.jpg 1024w, https:\/\/www.sisinternational.com\/wp-content\/uploads\/2025\/08\/Smart-mobility-8-768x430.jpg 768w, https:\/\/www.sisinternational.com\/wp-content\/uploads\/2025\/08\/Smart-mobility-8-18x10.jpg 18w\" sizes=\"auto, (max-width: 1456px) 100vw, 1456px\"><\/figure>\n\n\n\n<hr class=\"wp-block-separator has-alpha-channel-opacity is-style-dots\"\/>\n\n\n\n<p><\/p>\n\n\n\n<h2 class=\"wp-block-heading\">\u00bfQu\u00e9 es la gesti\u00f3n del tr\u00e1fico?<\/h2>\n\n\n\n<p>Traffic management is a process used to manage traffic flow on a roadway. It can include tasks such as changing the signal timing. It can also be adding or taking out lanes or controlling the use of ramps. Traffic <a href=\"https:\/\/www.sisinternational.com\/es\/pericia\/industrias\/investigacion-de-mercado-de-gestion-de-seguridad\/\" title=\"Investigaci\u00f3n de mercado de gesti\u00f3n de seguridad\"  data-wpil-monitor-id=\"9865\">management services improve safety<\/a>, reduce congestion, and optimize traffic flow. In this article, we will talk about the current <a href=\"https:\/\/www.sisinternational.com\/es\/cobertura\/las-americas\/cobertura-de-estados-unidos\/investigacion-de-mercado-del-estado-de-nueva-york\/\" title=\"Investigaci\u00f3n de mercado del estado de Nueva York\"  data-wpil-monitor-id=\"9862\">state of the traffic management market<\/a>.<\/p>\n\n\n\n<p>Now, traffic congestion is something that we may never be able to get rid of, but we can reduce it. Traffic management allows us to maintain our speed and improve travel time. Traffic control is the use of devices to maximize travel. These devices include signs, symbols, and also some forms of tech. It also preserves the <a href=\"https:\/\/www.sisinternational.com\/es\/pericia\/industrias\/estudio-de-mercado-de-seguridad-vial\/\" title=\"Investigaci\u00f3n de mercado de seguridad vial\"  data-wpil-monitor-id=\"9866\">safety of road<\/a> transport.<\/p>\n\n\n\n<h2 class=\"wp-block-heading\">\u00bfPor qu\u00e9 es importante la investigaci\u00f3n de mercado de Gesti\u00f3n del tr\u00e1fico?<\/h2>\n\n\n\n<p>Proper traffic management can ensure the smooth flow of traffic. It gives fair access to road use for different modes of transport. It also makes roads and streets safe for all users. With traffic management, roads full of traffic will not block movement between areas. It also reduces noise and local pollution and improves areas reserved for persons on foot. It also protects the character of a town or city. Plus, it helps to reduce greenhouse gases.Traffic <a href=\"https:\/\/www.sisinternational.com\/es\/pericia\/industrias\/administrador-de-beneficios-de-farmacia-pbm-investigacion-de-mercado\/\" title=\"Investigaci\u00f3n de mercado del administrador de beneficios de farmacia (PBM)\"  data-wpil-monitor-id=\"4247\">Management Market Research<\/a> is essential. It helps key players to assess the need for this service. It shows the <a href=\"https:\/\/www.sisinternational.com\/es\/soluciones\/investigacion-de-mercado-de-crecimiento-corporativo-internacional\/\" title=\"Estudio del mercado internacional del crecimiento empresarial\"  data-wpil-monitor-id=\"9864\">growth in the market<\/a> due to the rising demand for efficient transport services. This type of research also shows the key drivers of this growth. These drivers include:<\/p>\n\n\n\n<p>1. El creciente n\u00famero de veh\u00edculos en las carreteras.<\/p>\n\n\n\n<p>2. La necesidad de mejorar la seguridad vial.<\/p>\n\n\n\n<p>3. La creciente demanda de sistemas de transporte inteligentes.<\/p>\n\n\n\n<h2 class=\"wp-block-heading\">T\u00edtulos de trabajo clave<\/h2>\n\n\n\n<h3 class=\"wp-block-heading\">Operario de Gesti\u00f3n de Tr\u00e1fico<\/h3>\n\n\n\n<p>Estas personas instalan, mantienen y eliminan sistemas de gesti\u00f3n de tr\u00e1fico y peatones. Tambi\u00e9n controlan a los peatones y tratan con otros clientes en el lugar.<\/p>\n\n\n\n<h3 class=\"wp-block-heading\">Coordinador de Obras<\/h3>\n\n\n\n<p>Esta persona brinda ayuda y apoyo al Oficial de Operaciones. Ayudan con el funcionamiento diario de la oficina de Gesti\u00f3n de Tr\u00e1fico, incluido el mantenimiento de niveles de personal adecuados para proyectos y el enlace con los clientes. Tambi\u00e9n controlan la calidad de las obras de gesti\u00f3n del tr\u00e1fico.<\/p>\n\n\n\n<h3 class=\"wp-block-heading\">Gestor de tr\u00e1fico<\/h3>\n\n\n\n<p>Un administrador de tr\u00e1fico es un intermediario. Act\u00faan como enlace entre las partes interesadas de un proyecto y el equipo creativo de una empresa. Su trabajo principal es mantener en marcha los proyectos en curso. Tambi\u00e9n se aseguran de que los proyectos bajo su control cumplan los plazos.<\/p>\n\n\n\n<h2 class=\"wp-block-heading\">Factores claves del \u00e9xito<\/h2>\n\n\n\n<p>Un ingeniero elabora un plan de gesti\u00f3n del tr\u00e1fico utilizable. Luego lo presentan a los jefes rectores de ese camino o ruta. El borrador puede contener cosas como cambios en los l\u00edmites de velocidad o cierres de carreteras. Tambi\u00e9n puede incluir cambios en carreteras y senderos.<\/p>\n\n\n\n<h2 class=\"wp-block-heading\">IA y gesti\u00f3n inteligente del tr\u00e1fico<\/h2>\n\n\n\n<p>La construcci\u00f3n de nuevas carreteras, puentes y t\u00faneles crea nuevas v\u00edas para los viajes masivos. Sin embargo, por s\u00ed solos no son lo suficientemente eficientes para resolver la congesti\u00f3n del tr\u00e1fico. Pero el uso de IA y sistemas inteligentes de gesti\u00f3n del tr\u00e1fico s\u00ed lo hace. Reduce la congesti\u00f3n del tr\u00e1fico mediante el uso de s\u00edmbolos y se\u00f1ales. Tambi\u00e9n inculca disciplina en la mayor\u00eda de los usuarios de la v\u00eda. El objetivo es hacer que los usuarios est\u00e9n m\u00e1s atentos en la carretera y garantizar que respetan el c\u00f3digo de circulaci\u00f3n para evitar infracciones y multas. Una conducci\u00f3n de este tipo puede reducir los accidentes.<\/p>\n\n\n\n<h3 class=\"wp-block-heading\">Zonas de trabajo<\/h3>\n\n\n\n<p>Algunos sistemas de control de tr\u00e1fico advierten a los conductores sobre obras en las carreteras. Por tanto, las obras en la carretera no afectan al desplazamiento del conductor.<\/p>\n\n\n\n<h3 class=\"wp-block-heading\">Se\u00f1ales y s\u00edmbolos de tr\u00e1fico.<\/h3>\n\n\n\n<p>Usar los signos y s\u00edmbolos correctos tambi\u00e9n es un factor cr\u00edtico de \u00e9xito. Algunas carreteras tienen una funci\u00f3n donde las se\u00f1ales de tr\u00e1fico muestran si ha habido un accidente. Corta la carretera y se abre otra para el flujo del tr\u00e1fico. Esta caracter\u00edstica es una forma de control del tr\u00e1fico y, como resultado, reduce la congesti\u00f3n.<\/p>\n\n\n\n<h2 class=\"wp-block-heading\">Por qu\u00e9 las ciudades necesitan gesti\u00f3n del tr\u00e1fico<\/h2>\n\n\n\n<p>Las carreteras y rutas son accesibles al p\u00fablico. Los usamos para movernos y realizar nuestras tareas. Aunque hacemos esto a menudo, tambi\u00e9n podemos ser eficientes. La gesti\u00f3n de viajes garantiza el flujo fluido del tr\u00e1fico con pocas o ninguna obstrucci\u00f3n. Tambi\u00e9n reduce la contaminaci\u00f3n y la congesti\u00f3n del tr\u00e1fico.<\/p>\n\n\n\n<h3 class=\"wp-block-heading\">Contaminaci\u00f3n reducida<\/h3>\n\n\n\n<p>La congesti\u00f3n del tr\u00e1fico contribuye a gran parte del ruido y la contaminaci\u00f3n del aire que surgen del tr\u00e1fico lento. Una gesti\u00f3n adecuada del tr\u00e1fico reduce esto. Tambi\u00e9n reduce el consumo de combustible, dependiendo de cu\u00e1nto frena y acelera el coche. Unas medidas adecuadas de control del tr\u00e1fico garantizan que las emisiones no da\u00f1en nuestro medio ambiente.<\/p>\n\n\n\n<h3 class=\"wp-block-heading\">Reduce las muertes<\/h3>\n\n\n\n<p>Seg\u00fan la OMS, m\u00e1s de un mill\u00f3n de personas mueren anualmente en accidentes automovil\u00edsticos. Tambi\u00e9n es una de las principales causas de muerte en adultos j\u00f3venes. Un control adecuado del tr\u00e1fico puede ayudar a reducir el n\u00famero de vidas perdidas por imprudencias en las carreteras.<\/p>\n\n\n\n<h2 class=\"wp-block-heading\">Acerca de la investigaci\u00f3n de mercado de gesti\u00f3n del tr\u00e1fico<\/h2>\n\n\n\n<p>Do you need to <a href=\"https:\/\/www.sisinternational.com\/es\/soluciones\/educacion-tecnologia-soluciones-edtech\/sistemas-de-gestion-del-aprendizaje-lms-investigacion-de-mercado\/\" title=\"Investigaci\u00f3n de mercado de sistemas de gesti\u00f3n de aprendizaje (LMS)\"  data-wpil-monitor-id=\"9860\">learn more about the traffic management market<\/a>? It is essential to <a href=\"https:\/\/www.sisinternational.com\/es\/top-5-benefits-of-conducting-quantitative-market-research\/\" title=\"Top 5 Benefits of Conducting Quantitative Market Research\"  data-wpil-monitor-id=\"9861\">conduct research using both Quantitative<\/a> and Qualitative methods. Quantitative analysis can help provide an overview of the market, while <a href=\"https:\/\/www.sisinternational.com\/es\/qualitative-research-to-enhance-customer-experience\/\" title=\"Qualitative Research to Enhance Customer Experience\"  data-wpil-monitor-id=\"9859\">Investigaci\u00f3n cualitativa<\/a> can help to provide insights into customer behavior and preferences.<\/p>\n\n\n\n<p>Se encuentran disponibles varios tipos diferentes de soluciones de gesti\u00f3n del tr\u00e1fico. A la hora de realizar una investigaci\u00f3n, es fundamental tenerlos en cuenta todos. Por ejemplo, su empresa puede utilizar entrevistas, encuestas o grupos focales. Es importante elegir la soluci\u00f3n adecuada para sus necesidades espec\u00edficas.<\/p>\n\n\n\n<p>Contact us today if you want to conduct traffic <a href=\"https:\/\/www.sisinternational.com\/es\/pericia\/industrias\/investigacion-de-mercado-de-gestion-de-flotas\/\" title=\"Investigaci\u00f3n de mercado de gesti\u00f3n de flotas\"  data-wpil-monitor-id=\"5905\">management market research<\/a>. We can help you to <a href=\"https:\/\/www.sisinternational.com\/es\/soluciones\/soluciones-de-investigacion-cualitativa-cuantitativa\/empresas-de-diseno-de-estudios-de-mercado\/\" title=\"Empresa de investigaci\u00f3n de dise\u00f1o\"  data-wpil-monitor-id=\"9863\">design and install your research<\/a> strategy. Such a strategy will provide the insights you need to make informed decisions.<\/p>\n\n\n\n<p>&nbsp;<\/p>","protected":false},"excerpt":{"rendered":"<p>Una gesti\u00f3n adecuada del tr\u00e1fico puede garantizar el flujo fluido del mismo. Proporciona un acceso justo al uso de la carretera para diferentes modos de transporte. Tambi\u00e9n hace que las carreteras y calles sean seguras para todos los usuarios.<\/p>","protected":false},"author":1,"featured_media":64970,"parent":14514,"menu_order":153,"comment_status":"closed","ping_status":"closed","template":"","meta":{"footnotes":""},"class_list":["post-41060","page","type-page","status-publish","has-post-thumbnail"],"_links":{"self":[{"href":"https:\/\/www.sisinternational.com\/es\/wp-json\/wp\/v2\/pages\/41060","targetHints":{"allow":["GET"]}}],"collection":[{"href":"https:\/\/www.sisinternational.com\/es\/wp-json\/wp\/v2\/pages"}],"about":[{"href":"https:\/\/www.sisinternational.com\/es\/wp-json\/wp\/v2\/types\/page"}],"author":[{"embeddable":true,"href":"https:\/\/www.sisinternational.com\/es\/wp-json\/wp\/v2\/users\/1"}],"replies":[{"embeddable":true,"href":"https:\/\/www.sisinternational.com\/es\/wp-json\/wp\/v2\/comments?post=41060"}],"version-history":[{"count":7,"href":"https:\/\/www.sisinternational.com\/es\/wp-json\/wp\/v2\/pages\/41060\/revisions"}],"predecessor-version":[{"id":81637,"href":"https:\/\/www.sisinternational.com\/es\/wp-json\/wp\/v2\/pages\/41060\/revisions\/81637"}],"up":[{"embeddable":true,"href":"https:\/\/www.sisinternational.com\/es\/wp-json\/wp\/v2\/pages\/14514"}],"wp:featuredmedia":[{"embeddable":true,"href":"https:\/\/www.sisinternational.com\/es\/wp-json\/wp\/v2\/media\/64970"}],"wp:attachment":[{"href":"https:\/\/www.sisinternational.com\/es\/wp-json\/wp\/v2\/media?parent=41060"}],"curies":[{"name":"wp","href":"https:\/\/api.w.org\/{rel}","templated":true}]}}