{"id":41045,"date":"2022-11-13T03:00:18","date_gmt":"2022-11-13T03:00:18","guid":{"rendered":"https:\/\/www.sisinternational.com\/?page_id=41045"},"modified":"2026-01-27T15:19:52","modified_gmt":"2026-01-27T20:19:52","slug":"investigacion-de-mercado-empresarial-escalable-7-formas-de-construir-un-negocio-escalable","status":"publish","type":"page","link":"https:\/\/www.sisinternational.com\/es\/publicaciones\/investigacion-de-mercado-empresarial-escalable-7-formas-de-construir-un-negocio-escalable\/","title":{"rendered":"Investigaci\u00f3n de mercado empresarial escalable: 7 formas de construir un negocio escalable"},"content":{"rendered":"<h1 class=\"wp-block-heading p1\"><span class=\"s1\">Investigaci\u00f3n de mercado empresarial escalable: 7 formas de construir un negocio escalable<\/span><\/h1>\n\n\n\n<figure class=\"gb-block-image gb-block-image-08e25fd2\"><img loading=\"lazy\" decoding=\"async\" width=\"1024\" height=\"574\" class=\"gb-image gb-image-08e25fd2\" src=\"https:\/\/www.sisinternational.com\/wp-content\/uploads\/2025\/08\/Business-35-1024x574.jpg\" alt=\"Investigaci\u00f3n y estrategia de mercado internacional de SIS\" title=\"Business (35)\" srcset=\"https:\/\/www.sisinternational.com\/wp-content\/uploads\/2025\/08\/Business-35-1024x574.jpg 1024w, https:\/\/www.sisinternational.com\/wp-content\/uploads\/2025\/08\/Business-35-300x168.jpg 300w, https:\/\/www.sisinternational.com\/wp-content\/uploads\/2025\/08\/Business-35-768x430.jpg 768w, https:\/\/www.sisinternational.com\/wp-content\/uploads\/2025\/08\/Business-35-18x10.jpg 18w, https:\/\/www.sisinternational.com\/wp-content\/uploads\/2025\/08\/Business-35.jpg 1456w\" sizes=\"auto, (max-width: 1024px) 100vw, 1024px\"><\/figure>\n\n\n\n<p><\/p>\n\n\n\n<hr class=\"wp-block-separator has-alpha-channel-opacity is-style-dots\"\/>\n\n\n\n<p class=\"p2\">Crear un nuevo negocio siempre es emocionante. Sin embargo, tambi\u00e9n enfrentar\u00e1 algunos desaf\u00edos. Uno de los problemas es que, si bien ahora te concentras en crear una peque\u00f1a empresa, \u00e9sta crecer\u00e1 una vez que todo vaya bien. Un negocio escalable es aquel que puede mantener o mejorar la rentabilidad cuando aumenta el volumen de ventas. Entonces, \u00bfc\u00f3mo se puede construir un negocio escalable? A continuaci\u00f3n se ofrecen algunos consejos que le ayudar\u00e1n con el proceso.<\/p>\n\n\n\n<h2 class=\"wp-block-heading p3\">La importancia de la investigaci\u00f3n de mercados empresariales escalables<\/h2>\n\n\n\n<p class=\"p2\">To scale your business, you must perform Scalable <a href=\"https:\/\/www.sisinternational.com\/es\/dia-de-san-valentin-como-tu-empresa-puede-sentir-el-amor\/\" title=\"Investigaci\u00f3n de mercado del d\u00eda de San Valent\u00edn: c\u00f3mo su empresa puede sentir el amor\"  data-wpil-monitor-id=\"3554\">Business Market Research<\/a>. This type of market <a href=\"https:\/\/www.sisinternational.com\/es\/el-efecto-de-la-cultura-de-mercado-nigeriana-en-los-negocios\/\" title=\"El mercado nigeriano: el efecto de la cultura en los negocios\"  data-wpil-monitor-id=\"4375\">research is one of the best ways<\/a> to investigate and discover how you can make your business more scalable. It will help you figure out what approach works for you. It will show you fast, easy ways to put things in place to improve your scalability.<\/p>\n\n\n\n<h2 class=\"wp-block-heading p3\">Importancia del crecimiento exponencial (frente al crecimiento lineal)<\/h2>\n\n\n\n<p class=\"p2\">Linear growth comes with a set of pre-determined steps. Some of these steps might work for your business; others might not. Make sure that you opt for an exponential growth model. With this model, the growth rate of your business becomes more rapid as its size increases. You will need to study the market and look at trends. You can then identify any ideas that are helping your business grow at this particular time. Exponential growth requires a lot more research and work, but it can give you amazing results. Linear growth is not a function of what your business is all about, as it\u2019s only a generalized solution. Scalable <a href=\"https:\/\/www.sisinternational.com\/es\/resistencia-de-las-empresas-coronavirus\/\" title=\"Estudio de mercado de la resiliencia empresarial en Covid\"  data-wpil-monitor-id=\"3604\">Business Market Research<\/a> analyzes the industry and your company. The aim is to give you the best and fairest approach to taking your business to the next level.<\/p>\n\n\n\n<h2 class=\"wp-block-heading p3\">\u00bfC\u00f3mo se puede crear un negocio escalable?<\/h2>\n\n\n\n<h3 class=\"wp-block-heading\">1. Crea una wiki para tus empleados<\/h3>\n\n\n\n<p class=\"p4\">Para escalar su negocio, todos sus empleados deben comprender sus tareas. Tambi\u00e9n necesitan conocer los procedimientos para completar estas tareas.<span class=\"Apple-converted-space\">&nbsp; <\/span>A business wiki will document all new jobs that employees need to learn. You can also have a handbook for new employees that showcase all the rules. As things evolve, you will have much better results, and your return on investment will improve. The wiki can include organizational information, structure, and internal services. It can also describe what each team needs to do, what software tools they can use and so on. Staying organized as you <a href=\"https:\/\/www.sisinternational.com\/es\/como-hacer-crecer-tu-negocio\/\" title=\"C\u00f3mo hacer crecer su negocio\"  data-wpil-monitor-id=\"7260\">grow your business<\/a> matters a lot and this is the best way to do it.<\/p>\n\n\n\n<h3 class=\"wp-block-heading\">2. Automatizar soluciones<\/h3>\n\n\n\n<p class=\"p4\">Primero, debe identificar cada proceso comercial. Luego tienes que descubrir qu\u00e9 puedes automatizar y qu\u00e9 no es adecuado. Lo mejor de Scalable Businesses es que la automatizaci\u00f3n ayuda a ahorrar tiempo a los empleados. Adem\u00e1s, dado que la automatizaci\u00f3n se basa en software, siempre puedes actualizarla a medida que tu empresa crece.<span class=\"Apple-converted-space\">&nbsp;<\/span><\/p>\n\n\n\n<h2 class=\"wp-block-heading\">Utilice diferentes soluciones y sistemas para cada tarea importante<\/h2>\n\n\n\n<p class=\"p4\">El uso de diferentes soluciones y sistemas le brinda un control total sobre una sola tarea. Es f\u00e1cil reemplazar esa soluci\u00f3n si aparece algo nuevo o mejor. Necesita una soluci\u00f3n CRM o ERP como base s\u00f3lida. Sin embargo, puede separar tareas como gesti\u00f3n de pedidos, seguimiento del tiempo e informes financieros. Es m\u00e1s f\u00e1cil mantener las cosas bajo control y puedes actualizar una soluci\u00f3n si es necesario. Si ignora este paso, obtendr\u00e1 resultados de menor calidad, porque es posible que la soluci\u00f3n principal no actualice una caracter\u00edstica en particular.<\/p>\n\n\n\n<h3 class=\"wp-block-heading\">1. Cree un proceso de contrataci\u00f3n integral<\/h3>\n\n\n\n<p class=\"p4\">Puede utilizar software para esto si es necesario. La idea es concretar todo y seguir adapt\u00e1ndolo al mercado laboral. Un proceso de contrataci\u00f3n integral le brindar\u00e1 un s\u00f3lido grupo de solicitantes. Ofrece alineaci\u00f3n estrat\u00e9gica proactiva con los objetivos de la empresa y evaluaciones de calificaci\u00f3n precisas. Como resultado, su empresa tendr\u00e1 una moral alta y una rotaci\u00f3n reducida.<span class=\"Apple-converted-space\">&nbsp;<\/span><\/p>\n\n\n\n<h3 class=\"wp-block-heading\">2. Documentar todos los procesos<\/h3>\n\n\n\n<p class=\"p4\">No se puede crecer como empresa sin documentarlo todo. Tambi\u00e9n necesitar\u00e1 soluciones que le ayuden a realizar un seguimiento de todos esos pasos y documentos. Al hacerlo, tendr\u00e1 acceso inmediato a todos los procedimientos y podr\u00e1 identificar el problema y luego corregirlo. La documentaci\u00f3n ayuda a impulsar su crecimiento de formas que no imaginar\u00eda. Adem\u00e1s, el retorno de la inversi\u00f3n es extraordinario en todo momento, que es lo que se necesita en una situaci\u00f3n como esta.<\/p>\n\n\n\n<h3 class=\"wp-block-heading\">3. Evite enviar correos electr\u00f3nicos a su equipo y, en su lugar, utilice la colaboraci\u00f3n en la nube o aplicaciones de mensajer\u00eda instant\u00e1nea.<\/h3>\n\n\n\n<p class=\"p4\">La raz\u00f3n detr\u00e1s de este enfoque es f\u00e1cil de entender. Enviar correos electr\u00f3nicos todo el tiempo hace que sea muy dif\u00edcil rastrear las cosas. Con herramientas de colaboraci\u00f3n en la nube como Slack, por ejemplo, las cosas son mucho m\u00e1s f\u00e1ciles. Puedes crear grupos para cada equipo. Este paso facilita la visualizaci\u00f3n del historial de archivos y comunicaciones. Es la mejor manera para que los grupos de trabajo compartan el mismo espacio, reciban actualizaciones y vean toda la informaci\u00f3n. Lo mismo ocurre con las aplicaciones de mensajer\u00eda instant\u00e1nea: mejoran mucho la comunicaci\u00f3n y ayudar\u00e1n a mejorar los resultados.<span class=\"Apple-converted-space\">&nbsp;<\/span><\/p>\n\n\n\n<h3 class=\"wp-block-heading\">4. Subcontratar tareas menores o muy repetitivas<\/h3>\n\n\n\n<p class=\"p4\">Cuando desea concentrarse en el crecimiento, una de las principales cosas que debe evitar es dedicar toneladas de tiempo a tareas menores. Una empresa escalable siempre debe estar preparada para subcontratar tareas repetitivas cuando sea necesario. Es m\u00e1s sencillo que nunca y le resultar\u00e1 m\u00e1s f\u00e1cil lograr los resultados que espera.<\/p>\n\n\n\n<p class=\"p4\">Si busca tener un negocio s\u00f3lido y escalable, entonces es importante centrarse en la investigaci\u00f3n de mercado. Tambi\u00e9n necesitar\u00e1s hacer una investigaci\u00f3n estrat\u00e9gica. La investigaci\u00f3n de mercado le ayudar\u00e1 a decidir qu\u00e9 enfoque adoptar para obtener los mejores resultados. Vale la pena preparar su empresa para el crecimiento y la rentabilidad desde el principio.<\/p>\n\n\n<h2>Nuestra ubicaci\u00f3n de instalaciones en Nueva York<\/h2>\n<p><!-- \/wp:post-content --> <!-- wp:html --> <iframe loading=\"lazy\" src=\"https:\/\/www.google.com\/maps\/embed?pb=!1m18!1m12!1m3!1d3022.976188376966!2d-73.99130312499956!3d40.740549471389315!2m3!1f0!2f0!3f0!3m2!1i1024!2i768!4f13.1!3m3!1m2!1s0x89c259a15798c731%3A0xd695d09bdd495f25!2s11%20E%2022nd%20St%20FL%202%2C%20New%20York%2C%20NY%2010010%2C%20USA!5e0!3m2!1sen!2spe!4v1726171763526!5m2!1sen!2spe\" width=\"600\" height=\"450\" allowfullscreen=\"allowfullscreen\" data-mce-fragment=\"1\"><\/iframe> <!-- \/wp:html --> <!-- wp:paragraph --><\/p>\n<h3 class=\"wp-block-heading\">11 E 22nd Street, Piso 2, Nueva York, NY 10010 T: +1(212) 505-6805<\/h3>\n<hr \/>\n<h2><span style=\"font-weight: 400;\">Acerca de SIS Internacional<\/span><\/h2>\n<p><a href=\"https:\/\/www.sisinternational.com\/es\/\"><span style=\"font-weight: 400;\">SIS Internacional<\/span><\/a><span style=\"font-weight: 400;\"> ofrece investigaci\u00f3n cuantitativa, cualitativa y estrat\u00e9gica. Proporcionamos datos, herramientas, estrategias, informes y conocimientos para la toma de decisiones. Tambi\u00e9n realizamos entrevistas, encuestas, grupos focales y otros m\u00e9todos y enfoques de investigaci\u00f3n de mercado.<\/span><a href=\"https:\/\/www.sisinternational.com\/es\/sobre-la-investigacion-internacional-de-sis\/contact-sis-international-market-research\/\"><span style=\"font-weight: 400;\"> P\u00f3ngase en contacto con nosotros<\/span><\/a><span style=\"font-weight: 400;\"> para su pr\u00f3ximo proyecto de Investigaci\u00f3n de Mercado.<\/span><\/p>\n<p><!-- wp:heading --><\/p>\n<h2 id=\"about-sis-international\" class=\"wp-block-heading\">\u00a0<\/h2>\n<p><!-- \/wp:heading --><\/p>","protected":false},"excerpt":{"rendered":"<p>Un negocio escalable mantiene y mejora la rentabilidad cuando aumenta el volumen de ventas.<\/p>","protected":false},"author":1,"featured_media":62791,"parent":20148,"menu_order":15,"comment_status":"closed","ping_status":"closed","template":"","meta":{"footnotes":""},"class_list":["post-41045","page","type-page","status-publish","has-post-thumbnail"],"_links":{"self":[{"href":"https:\/\/www.sisinternational.com\/es\/wp-json\/wp\/v2\/pages\/41045","targetHints":{"allow":["GET"]}}],"collection":[{"href":"https:\/\/www.sisinternational.com\/es\/wp-json\/wp\/v2\/pages"}],"about":[{"href":"https:\/\/www.sisinternational.com\/es\/wp-json\/wp\/v2\/types\/page"}],"author":[{"embeddable":true,"href":"https:\/\/www.sisinternational.com\/es\/wp-json\/wp\/v2\/users\/1"}],"replies":[{"embeddable":true,"href":"https:\/\/www.sisinternational.com\/es\/wp-json\/wp\/v2\/comments?post=41045"}],"version-history":[{"count":7,"href":"https:\/\/www.sisinternational.com\/es\/wp-json\/wp\/v2\/pages\/41045\/revisions"}],"predecessor-version":[{"id":80908,"href":"https:\/\/www.sisinternational.com\/es\/wp-json\/wp\/v2\/pages\/41045\/revisions\/80908"}],"up":[{"embeddable":true,"href":"https:\/\/www.sisinternational.com\/es\/wp-json\/wp\/v2\/pages\/20148"}],"wp:featuredmedia":[{"embeddable":true,"href":"https:\/\/www.sisinternational.com\/es\/wp-json\/wp\/v2\/media\/62791"}],"wp:attachment":[{"href":"https:\/\/www.sisinternational.com\/es\/wp-json\/wp\/v2\/media?parent=41045"}],"curies":[{"name":"wp","href":"https:\/\/api.w.org\/{rel}","templated":true}]}}