{"id":41040,"date":"2022-11-13T02:08:35","date_gmt":"2022-11-13T02:08:35","guid":{"rendered":"https:\/\/www.sisinternational.com\/?page_id=41040"},"modified":"2026-01-25T16:41:14","modified_gmt":"2026-01-25T21:41:14","slug":"investigacion-de-mercado-de-computacion-cuantica","status":"publish","type":"page","link":"https:\/\/www.sisinternational.com\/es\/pericia\/investigacion-de-mercado-de-computacion-cuantica\/","title":{"rendered":"Investigaci\u00f3n de mercado de computaci\u00f3n cu\u00e1ntica"},"content":{"rendered":"<h1 class=\"wp-block-heading p1\"><span class=\"s1\">Investigaci\u00f3n de mercado de computaci\u00f3n cu\u00e1ntica<\/span><\/h1>\n\n\n\n<figure class=\"gb-block-image gb-block-image-aa5e929a\"><img loading=\"lazy\" decoding=\"async\" width=\"1456\" height=\"816\" class=\"gb-image gb-image-aa5e929a\" src=\"https:\/\/www.sisinternational.com\/wp-content\/uploads\/2025\/09\/FinTech-Terch-technology-AI-artificial-intelligence-14.jpg\" alt=\"Investigaci\u00f3n y estrategia de mercado internacional de SIS\" title=\"FinTech Terch technology AI artificial intelligence (14)\" srcset=\"https:\/\/www.sisinternational.com\/wp-content\/uploads\/2025\/09\/FinTech-Terch-technology-AI-artificial-intelligence-14.jpg 1456w, https:\/\/www.sisinternational.com\/wp-content\/uploads\/2025\/09\/FinTech-Terch-technology-AI-artificial-intelligence-14-300x168.jpg 300w, https:\/\/www.sisinternational.com\/wp-content\/uploads\/2025\/09\/FinTech-Terch-technology-AI-artificial-intelligence-14-1024x574.jpg 1024w, https:\/\/www.sisinternational.com\/wp-content\/uploads\/2025\/09\/FinTech-Terch-technology-AI-artificial-intelligence-14-768x430.jpg 768w, https:\/\/www.sisinternational.com\/wp-content\/uploads\/2025\/09\/FinTech-Terch-technology-AI-artificial-intelligence-14-18x10.jpg 18w\" sizes=\"auto, (max-width: 1456px) 100vw, 1456px\"><\/figure>\n\n\n\n<p><\/p>\n\n\n\n<hr class=\"wp-block-separator has-alpha-channel-opacity is-style-dots\"\/>\n\n\n\n<p class=\"p2\">Quantum Computing is a type of computing. It uses concepts from Quantum Physics to solve complex problems. The concepts in this type of computing are Superposition and entanglement. Superposition is where the quantum particles exist in two possible states at the same time. Entanglements mean that the particles connect.<\/p>\n\n\n\n<h2 class=\"wp-block-heading p3\">\u00bfPor qu\u00e9 es importante la computaci\u00f3n cu\u00e1ntica?<\/h2>\n\n\n\n<p class=\"p2\">La Computaci\u00f3n Cu\u00e1ntica le da a la computadora m\u00e1s poder de procesamiento. Por tanto, estas computadoras pueden realizar algunas tareas mejor y m\u00e1s r\u00e1pido que una Computadora Cl\u00e1sica. Tambi\u00e9n utilizan menos energ\u00eda.<\/p>\n\n\n\n<p class=\"p2\">Las computadoras cl\u00e1sicas codifican datos en unidades llamadas bits, que pueden tener el valor de 1 o 0. Estas computadoras nunca almacenan los datos como 1 y 0 al mismo tiempo. Debido a esto, los bits limitan la forma en que las computadoras pueden trabajar con datos. Las computadoras cu\u00e1nticas son diferentes. Utilizan una unidad llamada bits cu\u00e1nticos o qubits para codificar datos. Los qubits comprenden part\u00edculas cu\u00e1nticas. Estas part\u00edculas existen en superposici\u00f3n. Entonces, cuando los datos se codifican, los qubits pueden contener el valor de 1 y 0 al mismo tiempo. Almacenar\u00e1n m\u00e1s datos y procesar\u00e1n m\u00e1s informaci\u00f3n. Por ejemplo, es f\u00e1cil para una computadora cu\u00e1ntica resolver un problema complejo. Puede ejecutar muchos c\u00e1lculos a la vez para obtener la respuesta. Classic Computers solo ejecutar\u00e1 una posible soluci\u00f3n a la vez.<\/p>\n\n\n\n<h2 class=\"wp-block-heading p4\">T\u00edtulos de trabajo clave<\/h2>\n\n\n\n<h3 class=\"wp-block-heading p2\">Aqu\u00ed hay algunos t\u00edtulos de trabajo clave en esta \u00e1rea de trabajo:<\/h3>\n\n\n\n<ul class=\"wp-block-list ul1\">\n<li>Arquitecto cu\u00e1ntico<\/li>\n\n\n\n<li>Ingeniero de software de dispositivos sensores<\/li>\n\n\n\n<li>F\u00edsico cu\u00e1ntico<\/li>\n\n\n\n<li>Ingeniero de software cient\u00edfico<\/li>\n\n\n\n<li>cient\u00edfico de datos<\/li>\n\n\n\n<li>Investigador en Computaci\u00f3n Cu\u00e1ntica<\/li>\n<\/ul>\n\n\n\n<h2 class=\"wp-block-heading p8\">Why Businesses Need Quantum Computing<\/h2>\n\n\n\n<h3 class=\"wp-block-heading\">Ahorra tiempo y dinero.<\/h3>\n\n\n\n<p class=\"p2\">Quantum Computers can do some things much faster than classical computers. There are some problems that a Classic Computer will take years to solve. While this is happening, the company is losing time and money. They will also be putting resources into that task for years. For example, some research in medicine is slow because it is expensive. Due to the nature of qubits, Quantum <a href=\"https:\/\/www.sisinternational.com\/es\/soluciones\/investigacion-de-mercado-de-ia-y-consultoria-estrategica\/investigacion-de-mercado-de-vision-por-computadora-ai\/\" title=\"Investigaci\u00f3n de mercado de IA de visi\u00f3n por computadora\"  data-wpil-monitor-id=\"2760\">Computing can research<\/a> in minutes. The money and resources that the company saves can go toward other things.<\/p>\n\n\n\n<h3 class=\"wp-block-heading\">Para simulaciones del mundo real<\/h3>\n\n\n\n<p class=\"p2\">A company can plan to bring a new <a href=\"https:\/\/www.sisinternational.com\/es\/pericia\/curriculums-de-experiencia\/estudio-de-mercado-de-productos-de-cuidado-personal\/\" title=\"Investigaci\u00f3n de mercado de productos de cuidado personal\"  data-wpil-monitor-id=\"10079\">product onto the market<\/a> or start a project. But, this new thing could have harmful side effects for the public. It could also be unprofitable for the company. Instead of taking the risk and causing harm, the company can run a simulation. A quantum computer will play out the possible outcomes. Neither the public nor the company will face any risk. The <a href=\"https:\/\/www.sisinternational.com\/es\/soluciones\/prueba-de-sabor\/servicios-de-prueba-de-productos-en-nueva-york\/\" title=\"Servicios de prueba de productos en Nueva York\"  data-wpil-monitor-id=\"10082\">product or service<\/a> will also be better. This way is much better for everyone.<\/p>\n\n\n\n<h3 class=\"wp-block-heading\">La seguridad cibern\u00e9tica<\/h3>\n\n\n\n<p class=\"p2\">En el mundo actual, la mayor\u00eda de los negocios se realizan en l\u00ednea. Si bien esto brinda a las empresas m\u00e1s formas de llegar a los clientes, tambi\u00e9n los abre a ataques en l\u00ednea. Las empresas han estado intentando fortalecer su seguridad en l\u00ednea para protegerse. Aun as\u00ed, el hecho es que el ordenador cl\u00e1sico no puede hacer este trabajo tan bien como cabr\u00eda esperar.<\/p>\n\n\n\n<p class=\"p2\">&nbsp;Las computadoras cu\u00e1nticas son m\u00e1s avanzadas que sus contrapartes cl\u00e1sicas. As\u00ed, mejorar\u00e1n la protecci\u00f3n contra los ciberataques. Lo hacen utilizando m\u00e9todos como la criptograf\u00eda cu\u00e1ntica.<\/p>\n\n\n\n<h2 class=\"wp-block-heading\">Acerca de la computaci\u00f3n cu\u00e1ntica<\/h2>\n\n\n\n<p class=\"p2\">En este momento, la Computaci\u00f3n Cu\u00e1ntica a gran escala sigue siendo un concepto. Estas computadoras son dif\u00edciles y costosas de fabricar. Tambi\u00e9n necesitan un entorno particular en el que trabajar.<\/p>\n\n\n\n<p class=\"p2\">Thus, scientists are <a href=\"https:\/\/www.sisinternational.com\/es\/publicaciones\/investigacion-de-mercado-empresarial-escalable-7-formas-de-construir-un-negocio-escalable\/\" title=\"Investigaci\u00f3n de mercado empresarial escalable: 7 formas de construir un negocio escalable\"  data-wpil-monitor-id=\"10081\">busy looking into how to build<\/a> more quantum computers. They are carrying out <a href=\"https:\/\/www.sisinternational.com\/es\/soluciones\/soluciones-de-investigacion-cualitativa-cuantitativa\/reclutamiento-de-investigacion-cualitativa\/\" title=\"Reclutamiento de investigaci\u00f3n cualitativa\"  data-wpil-monitor-id=\"10080\">Investigaci\u00f3n cualitativa y cuantitativa<\/a> on how to make them. There are also surveys and focus groups for getting information. These findings often end up in academic journals. The scientists also talk about what they learned in interviews.<\/p>\n\n\n\n<p class=\"p5\">It is a fact that Quantum Computing will improve many fields. It is helpful in medicine, finance, and cyber security, to name a few. Thus, companies are also <a href=\"https:\/\/www.sisinternational.com\/es\/pericia\/industrias\/investigacion-de-mercado-de-computacion-en-la-nube\/\" title=\"Investigaci\u00f3n de mercado de computaci\u00f3n en la nube\"  data-wpil-monitor-id=\"3676\">researching how to use Quantum Computing<\/a>. It\u2019s another excellent way to make their businesses better.<\/p>\n\n\n\n<p><\/p>","protected":false},"excerpt":{"rendered":"<p>La Computaci\u00f3n Cu\u00e1ntica les da a las computadoras m\u00e1s poder de procesamiento. Estas computadoras consumen menos energ\u00eda y pueden realizar algunas tareas mejor y m\u00e1s r\u00e1pido que una computadora cl\u00e1sica.<\/p>","protected":false},"author":1,"featured_media":69469,"parent":14514,"menu_order":151,"comment_status":"closed","ping_status":"closed","template":"","meta":{"footnotes":""},"class_list":["post-41040","page","type-page","status-publish","has-post-thumbnail"],"_links":{"self":[{"href":"https:\/\/www.sisinternational.com\/es\/wp-json\/wp\/v2\/pages\/41040","targetHints":{"allow":["GET"]}}],"collection":[{"href":"https:\/\/www.sisinternational.com\/es\/wp-json\/wp\/v2\/pages"}],"about":[{"href":"https:\/\/www.sisinternational.com\/es\/wp-json\/wp\/v2\/types\/page"}],"author":[{"embeddable":true,"href":"https:\/\/www.sisinternational.com\/es\/wp-json\/wp\/v2\/users\/1"}],"replies":[{"embeddable":true,"href":"https:\/\/www.sisinternational.com\/es\/wp-json\/wp\/v2\/comments?post=41040"}],"version-history":[{"count":7,"href":"https:\/\/www.sisinternational.com\/es\/wp-json\/wp\/v2\/pages\/41040\/revisions"}],"predecessor-version":[{"id":81667,"href":"https:\/\/www.sisinternational.com\/es\/wp-json\/wp\/v2\/pages\/41040\/revisions\/81667"}],"up":[{"embeddable":true,"href":"https:\/\/www.sisinternational.com\/es\/wp-json\/wp\/v2\/pages\/14514"}],"wp:featuredmedia":[{"embeddable":true,"href":"https:\/\/www.sisinternational.com\/es\/wp-json\/wp\/v2\/media\/69469"}],"wp:attachment":[{"href":"https:\/\/www.sisinternational.com\/es\/wp-json\/wp\/v2\/media?parent=41040"}],"curies":[{"name":"wp","href":"https:\/\/api.w.org\/{rel}","templated":true}]}}