{"id":41029,"date":"2022-11-13T00:19:14","date_gmt":"2022-11-13T00:19:14","guid":{"rendered":"https:\/\/www.sisinternational.com\/?page_id=41029"},"modified":"2026-01-25T18:27:15","modified_gmt":"2026-01-25T23:27:15","slug":"m-comercio-investigacion-de-mercado","status":"publish","type":"page","link":"https:\/\/www.sisinternational.com\/es\/soluciones\/investigacion-de-consultoria-estrategica-fintech\/m-comercio-investigacion-de-mercado\/","title":{"rendered":"Investigaci\u00f3n de mercado de comercio m\u00f3vil"},"content":{"rendered":"<h1 class=\"wp-block-heading\">Investigaci\u00f3n de mercado de comercio m\u00f3vil<\/h1>\n\n\n\n<div class=\"wp-block-columns is-layout-flex wp-container-core-columns-is-layout-9d6595d7 wp-block-columns-is-layout-flex\">\n<div class=\"wp-block-column is-layout-flow wp-block-column-is-layout-flow\" style=\"flex-basis:100%\">\n<figure class=\"gb-block-image gb-block-image-98024238\"><img loading=\"lazy\" decoding=\"async\" width=\"1456\" height=\"816\" class=\"gb-image gb-image-98024238\" src=\"https:\/\/www.sisinternational.com\/wp-content\/uploads\/2025\/08\/Smarrtphone-5g-8.jpg\" alt=\"Investigaci\u00f3n y estrategia de mercado internacional de SIS\" title=\"Smarrtphone 5g (8)\" srcset=\"https:\/\/www.sisinternational.com\/wp-content\/uploads\/2025\/08\/Smarrtphone-5g-8.jpg 1456w, https:\/\/www.sisinternational.com\/wp-content\/uploads\/2025\/08\/Smarrtphone-5g-8-300x168.jpg 300w, https:\/\/www.sisinternational.com\/wp-content\/uploads\/2025\/08\/Smarrtphone-5g-8-1024x574.jpg 1024w, https:\/\/www.sisinternational.com\/wp-content\/uploads\/2025\/08\/Smarrtphone-5g-8-768x430.jpg 768w, https:\/\/www.sisinternational.com\/wp-content\/uploads\/2025\/08\/Smarrtphone-5g-8-18x10.jpg 18w\" sizes=\"auto, (max-width: 1456px) 100vw, 1456px\"><\/figure>\n<\/div>\n<\/div>\n\n\n\n<hr class=\"wp-block-separator has-alpha-channel-opacity is-style-dots\"\/>\n\n\n\n<h2 class=\"wp-block-heading\">What is M-Commerce Market Research?<\/h2>\n\n\n\n<p>Mobile commerce, also known as m-commerce, is a modern way to buy and sell products. It is a subset of e-commerce, which uses mobile platforms. M-commerce uses handheld devices like cellphones and tablets. Devices continue to add new features that permit m-commerce. Its transactions include online banking or bill payments and everyday product purchases.<\/p>\n\n\n\n<h2 class=\"wp-block-heading\">\u00bfPor qu\u00e9 es importante?<\/h2>\n\n\n\n<p>Mobile messaging has grown rapidly and continues to evolve. M-commerce helps increase potential customers, which can aid many businesses.<\/p>\n\n\n\n<p>Aumenta el potencial de ventas, ya que los compradores pueden comprar en cualquier momento y desde cualquier lugar desde la comodidad de sus dispositivos m\u00f3viles.<\/p>\n\n\n\n<h2 class=\"wp-block-heading\">T\u00edtulos de trabajo clave<\/h2>\n\n\n\n<figure class=\"gb-block-image gb-block-image-c726217a\"><img decoding=\"async\" class=\"gb-image gb-image-c726217a\" src=\"https:\/\/www.sisinternational.com\/wp-content\/uploads\/2025\/02\/Fintech-2-1.jpeg\" alt=\"Investigaci\u00f3n y estrategia de mercado internacional de SIS\"><\/figure>\n\n\n\n<p><\/p>\n\n\n\n<h3 class=\"wp-block-heading\">M-commerce is like many companies in terms of jobs. It requires positions as follows:<\/h3>\n\n\n\n<p>\u2013 Ingenieros de software<\/p>\n\n\n\n<p>\u2013 T\u00e9cnicos inform\u00e1ticos<\/p>\n\n\n\n<h3 class=\"wp-block-heading\">Tambi\u00e9n est\u00e1 el aspecto de marketing del negocio, que consigue que los consumidores utilicen el servicio. Los trabajos incluyen:<\/h3>\n\n\n\n<p>- Especialista en marketing<\/p>\n\n\n\n<p>\u2013 Redactor de contenidos SEO<\/p>\n\n\n\n<p>- Dise\u00f1ador grafico<\/p>\n\n\n\n<h3 class=\"wp-block-heading\">Al igual que otros negocios, tambi\u00e9n existen empleos en finanzas y recursos humanos como:<\/h3>\n\n\n\n<p>\u2013 Gerente financiero<\/p>\n\n\n\n<p>\u2013 Representante de atenci\u00f3n al cliente.<\/p>\n\n\n\n<p>La tecnolog\u00eda y el servicio al cliente son \u00e1reas cr\u00edticas para el comercio m\u00f3vil. Como resultado, muchos trabajos cubren estas \u00e1reas.<\/p>\n\n\n\n<h2 class=\"wp-block-heading\">Por qu\u00e9 su empresa necesita comercio m\u00f3vil<\/h2>\n\n\n\n<p>M-commerce is a crucial tool for business success in the modern world. This feature can be used on a wide range of devices.<\/p>\n\n\n\n<p>Una empresa que utiliza el comercio m\u00f3vil puede aumentar su alcance de clientes. Dado que los dispositivos m\u00f3viles son port\u00e1tiles, los consumidores pueden realizar pagos desde muchos lugares. El comercio m\u00f3vil tambi\u00e9n es \u00fatil. Su servicio de GPS ayuda a los clientes a encontrar art\u00edculos en las tiendas. Tambi\u00e9n ayuda a asegurar las transacciones. Lo hace mediante el uso de autenticaci\u00f3n multifactor, que incluye huellas dactilares y escaneos de retina.<\/p>\n\n\n\n<p>M-commerce is a quick way for consumers to engage with business products and services. Thus, it helps improve the frequency people interact with these companies.<\/p>\n\n\n\n<h2 class=\"wp-block-heading\">Factores claves del \u00e9xito<\/h2>\n\n\n\n<h3 class=\"wp-block-heading\">Son muchos los factores que garantizan el \u00e9xito del comercio m\u00f3vil. Su empresa deber\u00eda considerarlos al registrarse.<\/h3>\n\n\n\n<p>Un factor mide la confiabilidad del sistema. Esta m\u00e9trica implica qu\u00e9 tan bien protege la privacidad del cliente. Tambi\u00e9n cubre la facilidad de uso del software que brinda el servicio.<\/p>\n\n\n\n<p>Otro factor es el crecimiento del negocio del comercio m\u00f3vil. Cuando una empresa utiliza el comercio m\u00f3vil, la gente necesita mantener su software. Debe fomentar una buena \u00e9tica de trabajo entre los empleados. Adem\u00e1s, una mayor penetraci\u00f3n en el mercado puede garantizar el crecimiento continuo del negocio. La mejora continua de los procesos y t\u00e9cnicas de marketing garantiza el \u00e9xito.<\/p>\n\n\n\n<p>Un factor clave de \u00e9xito es tambi\u00e9n la rentabilidad del negocio. Muchas m\u00e9tricas pueden ayudar a evaluar esto. Un ejemplo es la satisfacci\u00f3n de sus clientes con el servicio. Adem\u00e1s, los aumentos en los ingresos y la participaci\u00f3n de mercado ayudan a determinar esto.<\/p>\n\n\n\n<p>El apoyo legal es otro factor que ayuda al \u00e9xito. El apoyo gubernamental a los sistemas de comercio m\u00f3vil puede influir en su uso entre la gente. Tambi\u00e9n deber\u00eda existir un s\u00f3lido sistema de apoyo legal.<\/p>\n\n\n\n<h2 class=\"wp-block-heading\">Acerca de la investigaci\u00f3n de mercado del comercio m\u00f3vil<\/h2>\n\n\n\n<figure class=\"gb-block-image gb-block-image-3aa2bd1e\"><img decoding=\"async\" class=\"gb-image gb-image-3aa2bd1e\" src=\"https:\/\/www.sisinternational.com\/wp-content\/uploads\/2025\/03\/Flux_Dev_A_young_professional_in_their_midtwenties_with_short__0.jpeg\" alt=\"Investigaci\u00f3n y estrategia de mercado internacional de SIS\"><\/figure>\n\n\n\n<p><\/p>\n\n\n\n<p>Quantitative, Qualitative, and Strategy <a href=\"https:\/\/www.sisinternational.com\/es\/cobertura\/las-americas\/investigacion-de-mercado-en-el-caribe\/investigacion-de-mercado-bahamas\/\" title=\"Investigaci\u00f3n de mercado en las Bahamas\"  data-wpil-monitor-id=\"3538\">Research are helpful for market<\/a> research. This research may include Interviews, Surveys, or Focus Groups.<\/p>\n\n\n\n<p>M-commerce market research is vital for businesses that wish to provide this service. It provides insight into the drawbacks and benefits. This type of tech incurs high costs. Companies must consider these costs and assess the risks. Factors to <a href=\"https:\/\/www.sisinternational.com\/es\/pericia\/industrias\/investigacion-de-mercado-de-vacio\/\" title=\"Investigaci\u00f3n de mercado de vac\u00edo\"  data-wpil-monitor-id=\"4876\">investigaci\u00f3n<\/a> include app speed and the best marketing strategies. These factors can help you deduce the best way to increase market share using m-commerce.<\/p>\n\n\n\n<h2 class=\"wp-block-heading\">Nuestra ubicaci\u00f3n de instalaciones en Nueva York<\/h2>\n\n\n\n<p>  <iframe loading=\"lazy\" src=\"https:\/\/www.google.com\/maps\/embed?pb=!1m18!1m12!1m3!1d3022.976188376966!2d-73.99130312499956!3d40.740549471389315!2m3!1f0!2f0!3f0!3m2!1i1024!2i768!4f13.1!3m3!1m2!1s0x89c259a15798c731%3A0xd695d09bdd495f25!2s11%20E%2022nd%20St%20FL%202%2C%20New%20York%2C%20NY%2010010%2C%20USA!5e0!3m2!1sen!2spe!4v1726171763526!5m2!1sen!2spe\" width=\"600\" height=\"450\" allowfullscreen=\"allowfullscreen\" data-mce-fragment=\"1\"><\/iframe>  <\/p>\n\n\n\n<h3 class=\"wp-block-heading\">11 E 22nd Street, piso 2, Nueva York, NY 10010 T: +1(212) 505-6805<\/h3>\n\n\n\n<hr class=\"wp-block-separator has-alpha-channel-opacity\"\/>\n\n\n\n<h2 class=\"wp-block-heading\"><span style=\"font-weight: 400;\">Acerca de SIS Internacional<\/span><\/h2>\n\n\n\n<p><a href=\"https:\/\/www.sisinternational.com\/es\/\"><span style=\"font-weight: 400;\">SIS Internacional<\/span><\/a><span style=\"font-weight: 400;\"> ofrece investigaci\u00f3n cuantitativa, cualitativa y estrat\u00e9gica. Proporcionamos datos, herramientas, estrategias, informes y conocimientos para la toma de decisiones. Tambi\u00e9n realizamos entrevistas, encuestas, grupos focales y otros m\u00e9todos y enfoques de investigaci\u00f3n de mercado.<\/span><a href=\"https:\/\/www.sisinternational.com\/es\/sobre-la-investigacion-internacional-de-sis\/contact-sis-international-market-research\/\"><span style=\"font-weight: 400;\"> P\u00f3ngase en contacto con nosotros<\/span><\/a><span style=\"font-weight: 400;\"> para su pr\u00f3ximo proyecto de Investigaci\u00f3n de Mercado.<\/span><\/p>\n\n\n\n<p><\/p>","protected":false},"excerpt":{"rendered":"<p>El comercio m\u00f3vil utiliza dispositivos port\u00e1tiles como tel\u00e9fonos m\u00f3viles y tabletas. Sus operaciones incluyen banca en l\u00ednea o pago de facturas. Tambi\u00e9n cubre las compras diarias de productos. El comercio m\u00f3vil es una herramienta crucial para el \u00e9xito de una empresa moderna.<\/p>","protected":false},"author":1,"featured_media":63117,"parent":27462,"menu_order":41,"comment_status":"closed","ping_status":"closed","template":"","meta":{"footnotes":""},"class_list":["post-41029","page","type-page","status-publish","has-post-thumbnail"],"_links":{"self":[{"href":"https:\/\/www.sisinternational.com\/es\/wp-json\/wp\/v2\/pages\/41029","targetHints":{"allow":["GET"]}}],"collection":[{"href":"https:\/\/www.sisinternational.com\/es\/wp-json\/wp\/v2\/pages"}],"about":[{"href":"https:\/\/www.sisinternational.com\/es\/wp-json\/wp\/v2\/types\/page"}],"author":[{"embeddable":true,"href":"https:\/\/www.sisinternational.com\/es\/wp-json\/wp\/v2\/users\/1"}],"replies":[{"embeddable":true,"href":"https:\/\/www.sisinternational.com\/es\/wp-json\/wp\/v2\/comments?post=41029"}],"version-history":[{"count":6,"href":"https:\/\/www.sisinternational.com\/es\/wp-json\/wp\/v2\/pages\/41029\/revisions"}],"predecessor-version":[{"id":78816,"href":"https:\/\/www.sisinternational.com\/es\/wp-json\/wp\/v2\/pages\/41029\/revisions\/78816"}],"up":[{"embeddable":true,"href":"https:\/\/www.sisinternational.com\/es\/wp-json\/wp\/v2\/pages\/27462"}],"wp:featuredmedia":[{"embeddable":true,"href":"https:\/\/www.sisinternational.com\/es\/wp-json\/wp\/v2\/media\/63117"}],"wp:attachment":[{"href":"https:\/\/www.sisinternational.com\/es\/wp-json\/wp\/v2\/media?parent=41029"}],"curies":[{"name":"wp","href":"https:\/\/api.w.org\/{rel}","templated":true}]}}