{"id":41022,"date":"2022-11-12T04:24:26","date_gmt":"2022-11-12T04:24:26","guid":{"rendered":"https:\/\/www.sisinternational.com\/?page_id=41022"},"modified":"2026-01-26T17:57:50","modified_gmt":"2026-01-26T22:57:50","slug":"investigacion-de-mercado-de-diseno-de-envases","status":"publish","type":"page","link":"https:\/\/www.sisinternational.com\/es\/pericia\/investigacion-de-mercado-de-diseno-de-envases\/","title":{"rendered":"Investigaci\u00f3n de mercado de dise\u00f1o de envases"},"content":{"rendered":"<h1 class=\"wp-block-heading\">Investigaci\u00f3n de mercado de dise\u00f1o de envases<\/h1>\n\n\n\n<figure class=\"gb-block-image gb-block-image-ab8835fd\"><img loading=\"lazy\" decoding=\"async\" width=\"1456\" height=\"816\" class=\"gb-image gb-image-ab8835fd\" src=\"https:\/\/www.sisinternational.com\/wp-content\/uploads\/2025\/09\/Package-7.jpg\" alt=\"Investigaci\u00f3n y estrategia de mercado internacional de SIS\" title=\"Package (7)\" srcset=\"https:\/\/www.sisinternational.com\/wp-content\/uploads\/2025\/09\/Package-7.jpg 1456w, https:\/\/www.sisinternational.com\/wp-content\/uploads\/2025\/09\/Package-7-300x168.jpg 300w, https:\/\/www.sisinternational.com\/wp-content\/uploads\/2025\/09\/Package-7-1024x574.jpg 1024w, https:\/\/www.sisinternational.com\/wp-content\/uploads\/2025\/09\/Package-7-768x430.jpg 768w, https:\/\/www.sisinternational.com\/wp-content\/uploads\/2025\/09\/Package-7-18x10.jpg 18w\" sizes=\"auto, (max-width: 1456px) 100vw, 1456px\"><\/figure>\n\n\n\n<p><\/p>\n\n\n\n<hr class=\"wp-block-separator has-alpha-channel-opacity is-style-dots\"\/>\n\n\n\n<h2 class=\"wp-block-heading\">\u00bfPor qu\u00e9 es importante el embalaje?<\/h2>\n\n\n\n<p>El embalaje es una t\u00e1ctica de marketing vital. Las empresas utilizan envases para embellecer la mercanc\u00eda y atraer al consumidor. La elaboraci\u00f3n de envases atractivos y persuasivos intriga a los compradores primerizos. Muchos consumidores juzgan un producto por su envase antes de comprarlo. Es la identidad de un producto. Incluso las bolsas de compras hablan con sus clientes e impactan la percepci\u00f3n de la marca.<\/p>\n\n\n\n<p>Many companies conduct extensive research on <a href=\"https:\/\/www.sisinternational.com\/es\/soluciones\/soluciones-de-branding-e-investigacion-de-clientes\/investigacion-de-mercado-de-envases\/\" title=\"Investigaci\u00f3n de mercado de envases\"  data-wpil-monitor-id=\"6544\">designs<\/a> and color schemes for product packaging. These companies need to know the types of packaging that are most attractive to the intended consumer. Why do they go to such lengths? Because product packaging is often what often entices the consumer to take a look at the product.<\/p>\n\n\n\n<p>Los especialistas en marketing deben utilizar cada cent\u00edmetro disponible al empaquetar un producto. La rentabilidad tambi\u00e9n es esencial. Los especialistas en marketing deben prestar atenci\u00f3n a la calidad de los materiales. Tambi\u00e9n deben analizar los m\u00e9todos de env\u00edo utilizados si quieren obtener valor por su dinero. Otra consideraci\u00f3n es el refuerzo de la marca. Las caracter\u00edsticas de dise\u00f1o utilizadas en el embalaje de una empresa son una parte principal de su identidad de marca. Utiliza envases para comunicar esa identidad a su p\u00fablico objetivo. La facilidad de uso es otro factor cr\u00edtico. Un paquete que sea f\u00e1cil de transportar, usar o almacenar para los consumidores funcionar\u00e1 mejor que uno que sea dif\u00edcil de administrar.<\/p>\n\n\n\n<h2 class=\"wp-block-heading\">El auge de las tendencias en embalaje<\/h2>\n\n\n\n<p>Las empresas pueden aprovechar tendencias como la impresi\u00f3n 3D para crear envases bajo demanda. Esta tendencia permite a las marcas ofrecer a los clientes envases personalizados. Tambi\u00e9n permite a las empresas lanzar nuevos envases en respuesta a eventos especiales.<\/p>\n\n\n\n<p>La presi\u00f3n de los grupos de presi\u00f3n y de los medios de comunicaci\u00f3n tambi\u00e9n est\u00e1 obligando a muchas marcas a dejar de usar pl\u00e1stico. Los consumidores tambi\u00e9n presionan a las marcas para que utilicen envases 100 por ciento sostenibles. El desaf\u00edo para los especialistas en marketing comienza con definir qu\u00e9 material nuevo es mejor utilizar. Esta definici\u00f3n puede resultar dif\u00edcil, dada la tendencia cambiante de la opini\u00f3n p\u00fablica. Cambiar el embalaje de, por ejemplo, una lata a una bolsa tambi\u00e9n lleva tiempo. Una transici\u00f3n de este tipo exige una l\u00ednea de producci\u00f3n completamente nueva.<\/p>\n\n\n\n<p>La bolsa de pl\u00e1stico sigue siendo una de las opciones de embalaje m\u00e1s rentables disponibles. Otra opci\u00f3n popular y econ\u00f3mica son las cajas de cart\u00f3n, que son f\u00e1ciles de personalizar. Muchas empresas tambi\u00e9n apuestan por las bolsas de papel. De esta forma, se autodenominan empresas ecol\u00f3gicas.<\/p>\n\n\n\n<h2 class=\"wp-block-heading\">\u00bfC\u00f3mo ayuda la investigaci\u00f3n cualitativa al dise\u00f1o de envases?<\/h2>\n\n\n\n<p>New product concept testing is a qualitative research method. It helps marketers by determining the reactions of individuals to alternative <a href=\"https:\/\/www.sisinternational.com\/es\/soluciones\/innovacion\/el-pensamiento-de-diseno\/\" title=\"Investigaci\u00f3n de mercado de pensamiento de dise\u00f1o\"  data-wpil-monitor-id=\"6682\">packaging<\/a> designs. Usability testing is another method that helps. This method compiles user observations on design features. It assists marketers by outlining the features that are easy or difficult to use. Qualitative <a href=\"https:\/\/www.sisinternational.com\/es\/el-papel-del-desarrollo-de-procesos-y-sistemas-en-el-exito-organizacional\/\" title=\"Investigaci\u00f3n de Mercado de Dise\u00f1o Organizacional\"  data-wpil-monitor-id=\"2936\">research can also help marketers<\/a> to use packaging to improve brand perception.<\/p>\n\n\n\n<h2 class=\"wp-block-heading\">\u00bfC\u00f3mo ayuda la investigaci\u00f3n cuantitativa?<\/h2>\n\n\n\n<p>La respuesta hablada a la pregunta &quot;\u00bfTe gusta este producto?&quot; Puede que no siempre sea la verdadera respuesta. Los encuestados pueden dar respuestas distorsionadas debido a sesgos cognitivos. La soluci\u00f3n es el seguimiento ocular. Esta m\u00e9trica ayuda a los especialistas en marketing a comprender mejor la experiencia del consumidor. Las encuestas son otro m\u00e9todo cuantitativo. Estas encuestas son valiosas para medir c\u00f3mo est\u00e1 funcionando el dise\u00f1o del empaque propuesto. Tambi\u00e9n ayudan a los especialistas en marketing a determinar si el nuevo modelo est\u00e1 listo para ingresar al mercado.<\/p>\n\n\n\n<h2 class=\"wp-block-heading\">\u00bfC\u00f3mo ayuda la investigaci\u00f3n estrat\u00e9gica?<\/h2>\n\n\n\n<p>Un an\u00e1lisis competitivo en profundidad es indispensable para cualquier organizaci\u00f3n. Otra herramienta valiosa es la evaluaci\u00f3n de oportunidades de mercado. Esta m\u00e9trica identifica requisitos y barreras de entrada al mercado. Las empresas tambi\u00e9n necesitan investigar el tama\u00f1o del mercado. Esta herramienta ayuda a las empresas a distinguir entre el mercado direccionable y el disponible. El mercado direccionable es la oportunidad de ingresos totales para un producto o servicio. El mercado disponible es una secci\u00f3n del mercado al que se dirige una empresa por la que puede competir.<\/p>\n\n\n\n<p>Otro elemento vital de la investigaci\u00f3n estrat\u00e9gica es el seguimiento de la industria. El seguimiento estrat\u00e9gico de las observaciones, la capacidad de respuesta y el comportamiento de los consumidores proporciona inteligencia de marketing crucial. Esta inteligencia ayuda a guiar a las empresas a trav\u00e9s de los cambios r\u00e1pidos y ca\u00f3ticos en los medios. Tambi\u00e9n los gu\u00eda a trav\u00e9s de la disrupci\u00f3n en la tecnolog\u00eda y los canales de distribuci\u00f3n. El seguimiento estrat\u00e9gico responde a preguntas esenciales, como las tendencias en el conocimiento de la marca. Este m\u00e9todo permite a las empresas competir mejor en el mercado.<\/p>\n\n\n\n<p><\/p>","protected":false},"excerpt":{"rendered":"<p>El embalaje es una t\u00e1ctica de marketing vital. Las empresas utilizan envases para embellecer la mercanc\u00eda y atraer al consumidor. La elaboraci\u00f3n de envases atractivos y persuasivos intriga a los compradores primerizos.<\/p>","protected":false},"author":1,"featured_media":69143,"parent":14514,"menu_order":150,"comment_status":"closed","ping_status":"closed","template":"","meta":{"footnotes":""},"class_list":["post-41022","page","type-page","status-publish","has-post-thumbnail"],"_links":{"self":[{"href":"https:\/\/www.sisinternational.com\/es\/wp-json\/wp\/v2\/pages\/41022","targetHints":{"allow":["GET"]}}],"collection":[{"href":"https:\/\/www.sisinternational.com\/es\/wp-json\/wp\/v2\/pages"}],"about":[{"href":"https:\/\/www.sisinternational.com\/es\/wp-json\/wp\/v2\/types\/page"}],"author":[{"embeddable":true,"href":"https:\/\/www.sisinternational.com\/es\/wp-json\/wp\/v2\/users\/1"}],"replies":[{"embeddable":true,"href":"https:\/\/www.sisinternational.com\/es\/wp-json\/wp\/v2\/comments?post=41022"}],"version-history":[{"count":6,"href":"https:\/\/www.sisinternational.com\/es\/wp-json\/wp\/v2\/pages\/41022\/revisions"}],"predecessor-version":[{"id":80262,"href":"https:\/\/www.sisinternational.com\/es\/wp-json\/wp\/v2\/pages\/41022\/revisions\/80262"}],"up":[{"embeddable":true,"href":"https:\/\/www.sisinternational.com\/es\/wp-json\/wp\/v2\/pages\/14514"}],"wp:featuredmedia":[{"embeddable":true,"href":"https:\/\/www.sisinternational.com\/es\/wp-json\/wp\/v2\/media\/69143"}],"wp:attachment":[{"href":"https:\/\/www.sisinternational.com\/es\/wp-json\/wp\/v2\/media?parent=41022"}],"curies":[{"name":"wp","href":"https:\/\/api.w.org\/{rel}","templated":true}]}}