{"id":41020,"date":"2022-11-12T00:29:27","date_gmt":"2022-11-12T00:29:27","guid":{"rendered":"https:\/\/www.sisinternational.com\/?page_id=41020"},"modified":"2026-01-27T16:45:47","modified_gmt":"2026-01-27T21:45:47","slug":"investigacion-de-mercado-en-tanzania","status":"publish","type":"page","link":"https:\/\/www.sisinternational.com\/es\/cobertura\/investigacion-de-mercado-africa\/investigacion-de-mercado-en-tanzania\/","title":{"rendered":"Investigaci\u00f3n de mercado en Tanzania"},"content":{"rendered":"<h1 class=\"wp-block-heading\">Investigaci\u00f3n de mercado en Tanzania<\/h1>\n\n\n\n<figure class=\"gb-block-image gb-block-image-eb503364\"><img loading=\"lazy\" decoding=\"async\" width=\"1456\" height=\"816\" class=\"gb-image gb-image-eb503364\" src=\"https:\/\/www.sisinternational.com\/wp-content\/uploads\/2025\/08\/Tanzania-4.jpg\" alt=\"Investigaci\u00f3n y estrategia de mercado internacional de SIS\" title=\"Tanzania (4)\" srcset=\"https:\/\/www.sisinternational.com\/wp-content\/uploads\/2025\/08\/Tanzania-4.jpg 1456w, https:\/\/www.sisinternational.com\/wp-content\/uploads\/2025\/08\/Tanzania-4-300x168.jpg 300w, https:\/\/www.sisinternational.com\/wp-content\/uploads\/2025\/08\/Tanzania-4-1024x574.jpg 1024w, https:\/\/www.sisinternational.com\/wp-content\/uploads\/2025\/08\/Tanzania-4-768x430.jpg 768w, https:\/\/www.sisinternational.com\/wp-content\/uploads\/2025\/08\/Tanzania-4-18x10.jpg 18w\" sizes=\"auto, (max-width: 1456px) 100vw, 1456px\"><\/figure>\n\n\n\n<p><\/p>\n\n\n\n<hr class=\"wp-block-separator has-alpha-channel-opacity is-style-dots\"\/>\n\n\n\n<p>Tanzania es una rep\u00fablica en el este de \u00c1frica. Su frontera norte se encuentra con Uganda y Kenia. La Rep\u00fablica del Congo, Ruanda y Burundi est\u00e1n al oeste. Tanzania tambi\u00e9n comparte fronteras con Malawi, Mozambique y Zambia al sur. Adem\u00e1s, el Oc\u00e9ano \u00cdndico ba\u00f1a la costa oriental del pa\u00eds.<\/p>\n\n\n\n<p>El apodo de Tanzania es &quot;El alma de \u00c1frica&quot;. Esta denominaci\u00f3n surgi\u00f3 debido a su rica cultura e historia y su diversa vida silvestre. Otro atributo son sus parques nacionales, entre los que se encuentra el Serengeti. Tambi\u00e9n se encuentra en Tanzania el pico m\u00e1s alto del continente africano, el Monte Kilimanjaro, un volc\u00e1n inactivo que se eleva a 5.895 metros (19.340 pies).<\/p>\n\n\n\n<h2 class=\"wp-block-heading\">Industrias clave<\/h2>\n\n\n\n<h3 class=\"wp-block-heading\">La miner\u00eda, la energ\u00eda, la construcci\u00f3n y la ingenier\u00eda conforman la econom\u00eda de Tanzania.<\/h3>\n\n\n\n<p>Adem\u00e1s, Tanzania exporta productos agr\u00edcolas, materias primas, minerales, metales y productos manufacturados. El caf\u00e9, el tabaco, el algod\u00f3n, los anacardos y el t\u00e9 representan casi la mitad de las exportaciones totales de Tanzania.<\/p>\n\n\n\n<p>La desaceleraci\u00f3n econ\u00f3mica mundial ha afectado a las industrias orientadas a la exportaci\u00f3n. El turismo y las exportaciones tradicionales son dos de esos sectores. La crisis tambi\u00e9n fren\u00f3 la actividad econ\u00f3mica interna, as\u00ed como las importaciones, lo que afect\u00f3 a los medios de vida.<\/p>\n\n\n\n<p>Dar es Salaam, que significa &quot;refugio de paz&quot; en swahili, es la ciudad m\u00e1s importante de Tanzania. Adem\u00e1s, Dar es Salaam es la ciudad de m\u00e1s r\u00e1pido crecimiento de \u00c1frica. Su poblaci\u00f3n ha ido aumentando desde mediados de los a\u00f1os 1980. De hecho, est\u00e1 en camino de convertirse en uno de los mayores centros comerciales de \u00c1frica Oriental.<\/p>\n\n\n\n<h2 class=\"wp-block-heading\">Barrios<\/h2>\n\n\n\n<p>Masaki es una zona pr\u00f3spera de Dar es Salaam. Adem\u00e1s, tiene una concentraci\u00f3n de expatriados y dignatarios extranjeros. Sin mencionar que hay una variedad de platos disponibles de todo el mundo y viceversa. Adem\u00e1s, muchos bares y salones se combinan con estos restaurantes para disfrutar de una vibrante vida nocturna.<\/p>\n\n\n\n<p>Bahari Beach tiene una mezcla de casas familiares j\u00f3venes y mayores. Esta zona segura ofrece mucho espacio para deambular. Una poblaci\u00f3n en crecimiento significa m\u00e1s tiendas, opciones para comer y conexiones de transporte.<\/p>\n\n\n\n<p>La capital oficial de Tanzania es Dodoma, ubicada a unas 300 millas tierra adentro desde el Oc\u00e9ano \u00cdndico. Los esfuerzos para trasladar al gobierno de la antigua capital han sido lentos debido al crecimiento de Dar es Salaam.<\/p>\n\n\n\n<p>Luego est\u00e1 Zanz\u00edbar, una isla rica en especias y una cultura que atrae a viajeros internacionales. Es un para\u00edso secreto con aguas cristalinas durante el d\u00eda y fiestas de luna llena toda la noche.<\/p>\n\n\n\n<h2 class=\"wp-block-heading\">Tendencias<\/h2>\n\n\n\n<p>La d\u00e9cada pasada trajo un crecimiento econ\u00f3mico s\u00f3lido a la Rep\u00fablica Unida de Tanzania. Hay un enfoque reciente en operar una administraci\u00f3n m\u00e1s eficiente. El gobierno afirma que esto conducir\u00e1 a mejoras en la eficiencia del sector p\u00fablico. Mientras tanto, ha empleado otras estrategias eficientes. Por ejemplo, utiliza procesamiento electr\u00f3nico de documentos y pagos. La infraestructura digital para cosas como impuestos y archivos relacionados con el comercio muestra un marcado progreso.<\/p>\n\n\n\n<p>Para 2025, la Visi\u00f3n de Desarrollo de Tanzania busca transformar el estado. Su objetivo es convertirla en una econom\u00eda de ingresos medios y semiindustrializada.<\/p>\n\n\n\n<p>Commercial opportunities in Tanzania look bright. The energy sector is shining. As transportation infrastructure becomes reformed, reliable, and more efficient, Tanzanians can expect export growth. There is also potential export growth for manufactured goods and agriculture. With more activity in ports, services, and tourism can increase in the medium term.<\/p>\n\n\n\n<p>The country <a href=\"https:\/\/www.sisinternational.com\/es\/analysis-b2b\/\" title=\"What Business Leaders Need to Know Right Now\"  data-wpil-monitor-id=\"10035\">needs further development in the business<\/a> sector. Advancements in this sector will help Tanzania improve its global business environment rankings. Difficulties with corruption and poor infrastructure have hindered the country in the past. Another roadblock used to be the difficulty in accessing financing.<\/p>\n\n\n\n<h2 class=\"wp-block-heading\">Beneficios y fortalezas<\/h2>\n\n\n\n<p>Tanzania ranks high among its regional peers in foreign direct investment. Many multinational companies focus on the country\u2019s energy <a href=\"https:\/\/www.sisinternational.com\/es\/pericia\/industrias\/investigacion-de-mercado-de-recursos-naturales\/\" title=\"Investigaci\u00f3n de Mercado de Recursos Naturales\"  data-wpil-monitor-id=\"10026\">resources because Tanzania has natural<\/a> gas reserves along the southern coast. The Tanzanian government encourages local and international investment.<\/p>\n\n\n\n<p>El turismo es uno de los sectores de m\u00e1s r\u00e1pido crecimiento en Tanzania, junto con el inmobiliario y el transporte.<\/p>\n\n\n\n<h3 class=\"wp-block-heading\">Base de consumidores<\/h3>\n\n\n\n<p>Durante la pandemia, muchos tanzanos sufrieron p\u00e9rdidas financieras. El aumento del desempleo se debi\u00f3 a fuertes ca\u00eddas en las ventas y al escaso flujo de caja. Las crisis econ\u00f3micas empujan a la poblaci\u00f3n tanzana promedio m\u00e1s cerca del umbral de pobreza.<\/p>\n\n\n\n<h3 class=\"wp-block-heading\">Razones para hacer crecer su negocio en Tanzania<\/h3>\n\n\n\n<p>Those investing in Tanzania have the benefit of entering a <a href=\"https:\/\/www.sisinternational.com\/es\/soluciones\/investigacion-de-mercado-de-crecimiento-corporativo-internacional\/\" title=\"Estudio del mercado internacional del crecimiento empresarial\"  data-wpil-monitor-id=\"10029\">market with steady growth<\/a>. The World Bank recently upgraded the Tanzanian economy from low- to lower-middle-income. Thus, the time to invest is now as demand and consumer disposable income increase.<\/p>\n\n\n\n<p>International partnerships are the focus of the Tanzanian government. Companies listed on the domestic stock <a href=\"https:\/\/www.sisinternational.com\/es\/soluciones\/investigacion-de-consultoria-estrategica-fintech\/estudio-de-mercado-de-divisas\/\" title=\"Investigaci\u00f3n del mercado cambiario\"  data-wpil-monitor-id=\"10031\">exchange can have 100% foreign<\/a> ownership. There are also tax and investment incentives for qualifying businesses.<\/p>\n\n\n\n<h2 class=\"wp-block-heading\">Investigaci\u00f3n de mercado en Tanzania<\/h2>\n\n\n\n<p>Any seasoned investor knows the <a href=\"https:\/\/www.sisinternational.com\/es\/soluciones\/investigacion-de-mercado-del-valor-de-vida-del-cliente\/\" title=\"Estudio de mercado sobre el valor del ciclo de vida del cliente\"  data-wpil-monitor-id=\"10023\">value of market research<\/a>. Even those exploring potential <a href=\"https:\/\/www.sisinternational.com\/es\/top-5-benefits-of-qualitative-market-research-for-businesses\/\" title=\"Top 5 Benefits of Qualitative Market Research for Businesses\"  data-wpil-monitor-id=\"10033\">business ideas should perform Qualitative<\/a>, Quantitative, and Strategy Research. <a href=\"https:\/\/www.sisinternational.com\/es\/ingresando-al-mercado-latinoamericano\/\" title=\"Ingresando al mercado latinoamericano\"  data-wpil-monitor-id=\"7555\">Investigaci\u00f3n de mercado en Tanzania<\/a> will prepare your business to enter the Tanzanian market.<\/p>\n\n\n\n<p>Interviews and <a href=\"https:\/\/www.sisinternational.com\/es\/soluciones\/soluciones-de-investigacion-cualitativa-cuantitativa\/encuesta-de-investigacion-de-mercado\/\" title=\"Investigaci\u00f3n de mercado de encuestas\"  data-wpil-monitor-id=\"10037\">Encuestas<\/a> can also give you a deeper understanding of market opportunities. Focus Groups and Data Analysis are other beneficial tools for Market Research in Tanzania.<\/p>\n\n\n\n<p><\/p>","protected":false},"excerpt":{"rendered":"<p>La d\u00e9cada pasada trajo un crecimiento econ\u00f3mico s\u00f3lido a la Rep\u00fablica Unida de Tanzania. La miner\u00eda, la energ\u00eda, la construcci\u00f3n y la ingenier\u00eda conforman la econom\u00eda de Tanzania.<\/p>","protected":false},"author":1,"featured_media":65232,"parent":14281,"menu_order":48,"comment_status":"closed","ping_status":"closed","template":"","meta":{"footnotes":""},"class_list":["post-41020","page","type-page","status-publish","has-post-thumbnail"],"_links":{"self":[{"href":"https:\/\/www.sisinternational.com\/es\/wp-json\/wp\/v2\/pages\/41020","targetHints":{"allow":["GET"]}}],"collection":[{"href":"https:\/\/www.sisinternational.com\/es\/wp-json\/wp\/v2\/pages"}],"about":[{"href":"https:\/\/www.sisinternational.com\/es\/wp-json\/wp\/v2\/types\/page"}],"author":[{"embeddable":true,"href":"https:\/\/www.sisinternational.com\/es\/wp-json\/wp\/v2\/users\/1"}],"replies":[{"embeddable":true,"href":"https:\/\/www.sisinternational.com\/es\/wp-json\/wp\/v2\/comments?post=41020"}],"version-history":[{"count":5,"href":"https:\/\/www.sisinternational.com\/es\/wp-json\/wp\/v2\/pages\/41020\/revisions"}],"predecessor-version":[{"id":81660,"href":"https:\/\/www.sisinternational.com\/es\/wp-json\/wp\/v2\/pages\/41020\/revisions\/81660"}],"up":[{"embeddable":true,"href":"https:\/\/www.sisinternational.com\/es\/wp-json\/wp\/v2\/pages\/14281"}],"wp:featuredmedia":[{"embeddable":true,"href":"https:\/\/www.sisinternational.com\/es\/wp-json\/wp\/v2\/media\/65232"}],"wp:attachment":[{"href":"https:\/\/www.sisinternational.com\/es\/wp-json\/wp\/v2\/media?parent=41020"}],"curies":[{"name":"wp","href":"https:\/\/api.w.org\/{rel}","templated":true}]}}