{"id":41016,"date":"2022-11-12T00:08:27","date_gmt":"2022-11-12T00:08:27","guid":{"rendered":"https:\/\/www.sisinternational.com\/?page_id=41016"},"modified":"2026-01-26T18:47:08","modified_gmt":"2026-01-26T23:47:08","slug":"investigacion-de-mercado-en-namibia","status":"publish","type":"page","link":"https:\/\/www.sisinternational.com\/es\/cobertura\/investigacion-de-mercado-africa\/investigacion-de-mercado-en-namibia\/","title":{"rendered":"Investigaci\u00f3n de mercado en Namibia"},"content":{"rendered":"<h1 class=\"wp-block-heading\">Investigaci\u00f3n de mercado en Namibia<\/h1>\n\n\n\n<figure class=\"gb-block-image gb-block-image-3141a289\"><img loading=\"lazy\" decoding=\"async\" width=\"1456\" height=\"816\" class=\"gb-image gb-image-3141a289\" src=\"https:\/\/www.sisinternational.com\/wp-content\/uploads\/2025\/08\/Namibia-2.jpg\" alt=\"Investigaci\u00f3n y estrategia de mercado internacional de SIS\" title=\"Namibia (2)\" srcset=\"https:\/\/www.sisinternational.com\/wp-content\/uploads\/2025\/08\/Namibia-2.jpg 1456w, https:\/\/www.sisinternational.com\/wp-content\/uploads\/2025\/08\/Namibia-2-300x168.jpg 300w, https:\/\/www.sisinternational.com\/wp-content\/uploads\/2025\/08\/Namibia-2-1024x574.jpg 1024w, https:\/\/www.sisinternational.com\/wp-content\/uploads\/2025\/08\/Namibia-2-768x430.jpg 768w, https:\/\/www.sisinternational.com\/wp-content\/uploads\/2025\/08\/Namibia-2-18x10.jpg 18w\" sizes=\"auto, (max-width: 1456px) 100vw, 1456px\"><\/figure>\n\n\n\n<p><\/p>\n\n\n\n<hr class=\"wp-block-separator has-alpha-channel-opacity is-style-dots\"\/>\n\n\n\n<p>La Rep\u00fablica de Namibia est\u00e1 en la costa suroeste de \u00c1frica. Angola limita con Namibia al norte, Zambia al noreste, Botswana al este, Sud\u00e1frica al sureste y al sur y el Oc\u00e9ano Atl\u00e1ntico al oeste.<\/p>\n\n\n\n<p>El idioma oficial es el ingl\u00e9s, pero s\u00f3lo alrededor del 3 por ciento de la poblaci\u00f3n lo utiliza como lengua materna. El principal idioma materno es el ovambo. La gente tambi\u00e9n habla entre s\u00ed en nama-damara, kavango, capriviano y afrik\u00e1ans. Muchos namibios hablan dos o m\u00e1s lenguas ind\u00edgenas. Tambi\u00e9n conocen al menos dos de los tres idiomas europeos: ingl\u00e9s, afrik\u00e1ans y alem\u00e1n.<\/p>\n\n\n\n<p>Muchos se adhieren a la fe cristiana, al menos de nombre. Una peque\u00f1a parte de la poblaci\u00f3n se adhiere a creencias tradicionales.<\/p>\n\n\n\n<h2 class=\"wp-block-heading\">Industrias clave<\/h2>\n\n\n\n<p>The mining industry accounts for under a third of Namibia\u2019s GDP. Yet, only a tiny part of the labor force works in the mines. Diamonds, uranium oxide, and base metals are primary mining resources. The production of uranium is high, but problems arise for new ore deposits. Thus, the <a href=\"https:\/\/www.sisinternational.com\/es\/venezuela-oil-mining-industry-potential-strategic-forecast-2026-2036\/\" title=\"Venezuela Oil &amp; Mining Industry Potential: Strategic Forecast 2026-2036\"  data-wpil-monitor-id=\"10030\">industry needs expansion to new mines<\/a> to maintain the production of uranium.<\/p>\n\n\n\n<p>Exports include diamonds, uranium oxide, furs, meat, fish, other animal products, base metals, and gold. The main <a href=\"https:\/\/www.sisinternational.com\/es\/cobertura\/investigacion-de-mercado-africa\/investigacion-de-mercado-en-seychelles-africa\/\" title=\"Investigaci\u00f3n de mercado en Seychelles, \u00c1frica\"  data-wpil-monitor-id=\"5106\">markets are South Africa<\/a>, other neighboring countries, and western Europe.<\/p>\n\n\n\n<p>La agricultura es uno de los sectores m\u00e1s importantes de Namibia. Pero representa s\u00f3lo una fracci\u00f3n de la contribuci\u00f3n de la miner\u00eda al PIB. A\u00fan as\u00ed, la mayor\u00eda de la poblaci\u00f3n depende de la agricultura para su sustento.<\/p>\n\n\n\n<p>La ganader\u00eda representa alrededor de dos tercios de la producci\u00f3n agr\u00edcola y es una importante fuente de divisas para Namibia. La agricultura y la silvicultura constituyen el tercio restante.<\/p>\n\n\n\n<h2 class=\"wp-block-heading\">Barrios<\/h2>\n\n\n\n<p>Windhoek es la capital de Namibia, situada casi en el centro del pa\u00eds. Antes de que comenzara el asentamiento europeo, el nombre de la ciudad era Aigams, que significa &quot;agua caliente&quot;. El nombre es una referencia a las aguas termales de la regi\u00f3n.<\/p>\n\n\n\n<p>Aproximadamente la mitad de toda la poblaci\u00f3n vive en el extremo norte. Aproximadamente el 15 por ciento vive en las zonas ganaderas comerciales al norte y al sur de Windhoek. Otro diez por ciento vive en ex-patrias negras del centro y sur. Muchos viven en el Gran Windhoek. El resto vive en pueblos mineros costeros y del interior. M\u00e1s de un tercio de los namibios vive en zonas urbanas.<\/p>\n\n\n\n<h2 class=\"wp-block-heading\">Tendencias<\/h2>\n\n\n\n<p>La poblaci\u00f3n de Namibia es joven. Est\u00e1 creciendo a un ritmo modesto a diferencia de otros pa\u00edses africanos.<\/p>\n\n\n\n<p>La pandemia de COVID-19 afect\u00f3 duramente a la econom\u00eda de Namibia con una disminuci\u00f3n del turismo y el comercio minorista. El comercio y las inversiones tambi\u00e9n sufrieron, al igual que la salud y la educaci\u00f3n. Tambi\u00e9n preocupa la desigualdad en el empleo y los salarios, agravada por la pandemia. Algunos expertos propusieron que Namibia se centrara en la tecnolog\u00eda para ayudar al crecimiento econ\u00f3mico.<\/p>\n\n\n\n<p>La penetraci\u00f3n de Internet en Namibia fue de 51% en enero de 2021. El uso de Internet y las redes sociales se expandi\u00f3 despu\u00e9s de eso.<\/p>\n\n\n\n<h2 class=\"wp-block-heading\">Beneficios y Fortalezas del Mercado<\/h2>\n\n\n\n<p>Namibia es el s\u00e9ptimo pa\u00eds de \u00c1frica m\u00e1s favorable a las empresas. La econom\u00eda, la estabilidad pol\u00edtica y el ingreso per c\u00e1pita se encuentran entre los mejores de \u00c1frica.<\/p>\n\n\n\n<p>Namibia proporciona poco menos de un tercio de la producci\u00f3n mundial de diamantes y es un gran productor de \u00f3xido de uranio.<\/p>\n\n\n\n<p>Namibia tambi\u00e9n es l\u00edder en producci\u00f3n de carne. Fue el primer pa\u00eds africano en exportar carne vacuna a Estados Unidos.<\/p>\n\n\n\n<h2 class=\"wp-block-heading\">Base de consumidores<\/h2>\n\n\n\n<p>La mayor parte de los namibios son negros y algunas personas tienen ascendencia europea.<\/p>\n\n\n\n<p>El Banco Mundial considera a Namibia una econom\u00eda de ingresos medios altos. Esta clasificaci\u00f3n est\u00e1 por encima del promedio de los pa\u00edses del \u00c1frica subsahariana. Este resumen es enga\u00f1oso ya que la mayor\u00eda de los namibios viven en la pobreza y muchos tienen acceso limitado a los servicios p\u00fablicos. La desnutrici\u00f3n es un problema, especialmente entre los ni\u00f1os. Menos del 50 por ciento de la fuerza laboral tiene empleo asalariado formal. De hecho, el pa\u00eds tiene estad\u00edsticas de desempleo muy altas.<\/p>\n\n\n\n<p>La mayor\u00eda de los namibios se dedican a la agricultura y al pastoreo de subsistencia. Namibia tambi\u00e9n tiene cientos de miles de trabajadores calificados.<\/p>\n\n\n\n<p>Despite the poverty of its people, Namibia has one of <a href=\"https:\/\/www.sisinternational.com\/es\/investigacion-de-mercado-sanitario-emea\/\" title=\"Investigaci\u00f3n del mercado sanitario en Europa\"  data-wpil-monitor-id=\"7046\">Africa\u2019s best healthcare<\/a> systems (measured by population-to-hospital bed and population-to-doctor ratios).<\/p>\n\n\n\n<p>M\u00e1s de la mitad de la poblaci\u00f3n de Namibia vive en centros urbanos, mientras que el resto vive en zonas rurales.<\/p>\n\n\n\n<p>En comparaci\u00f3n con otros pa\u00edses al sur del Sahara, es f\u00e1cil llegar a los consumidores namibios. El consumidor namibio tiene un buen nivel educativo y mejores conexiones en las redes sociales.<\/p>\n\n\n\n<h2 class=\"wp-block-heading\">Por qu\u00e9 deber\u00eda hacer crecer su negocio en el mercado de Namibia<\/h2>\n\n\n\n<p>Namibia tiene potencial para invertir en el desarrollo de muchos de sus recursos. Sus industrias, aunque establecidas, todav\u00eda est\u00e1n desarroll\u00e1ndose y surgiendo.<\/p>\n\n\n\n<p>The government channels a wealth of <a href=\"https:\/\/www.sisinternational.com\/es\/soluciones\/investigacion-de-mercado-de-ia-y-consultoria-estrategica\/mineria-automatizacion-de-recursos-naturales-consultoria-en-inteligencia-artificial\/\" title=\"Consultor\u00eda en Inteligencia Artificial y Automatizaci\u00f3n de Recursos Naturales y Miner\u00eda\"  data-wpil-monitor-id=\"10024\">natural resources into mining<\/a>. This practice can serve as an opportunity for companies. Namibians need investors to provide equipment and services to mining operators.<\/p>\n\n\n\n<p>Namibia imports nearly all its consumer goods and exports most of its primary resources, many unprocessed. Investors have opportunities to introduce new consumer goods. As an investor, you can also expand <a href=\"https:\/\/www.sisinternational.com\/es\/pericia\/industrias\/investigacion-de-mercado-de-fabricacion-de-alimentos-y-bebidas\/\" title=\"Investigaci\u00f3n de mercado de fabricaci\u00f3n de alimentos y bebidas\"  data-wpil-monitor-id=\"10027\">manufacturing for both local and international markets<\/a>.<\/p>\n\n\n\n<p>The urban population in Namibia is growing fast and the country has a sizeable wealthy consumer base, which offers many opportunities for potential investors. Namibia has an affluent consumer segment, which is brand loyal. These <a href=\"https:\/\/www.sisinternational.com\/es\/soluciones\/investigacion-de-mercado-de-ia-y-consultoria-estrategica\/bienes-de-consumo-servicios-automatizacion-ai-consultoria\/\" title=\"Bienes y Servicios de Consumo Automatizaci\u00f3n y Consultor\u00eda en IA\"  data-wpil-monitor-id=\"10039\">consumers<\/a> are willing to pay higher prices for faster and better service.<\/p>\n\n\n\n<h2 class=\"wp-block-heading\">Acerca de la investigaci\u00f3n de mercado en Namibia<\/h2>\n\n\n\n<p>It\u2019s essential to look at the distribution of wealth. It\u2019s also vital to know the demographics in particular areas. Thus, it may prove fruitful to have Focus Groups, Surveys, and Interviews. These tools can help to target isolated groups to determine the <a href=\"https:\/\/www.sisinternational.com\/es\/b2b\/\" title=\"Cost-Effective and Actionable Insights to Drive Your Next Strategic Move\"  data-wpil-monitor-id=\"10038\">next course of action<\/a>. Another critical service is Qualitative, Quantitative, and Strategy Research. Your <a href=\"https:\/\/www.sisinternational.com\/es\/predictive-analytics\/\" title=\"Predictive Analytics: Your Crystal Ball for Business Success\"  data-wpil-monitor-id=\"10034\">business needs these services to be successful<\/a> in Namibia. Contact SIS <a href=\"https:\/\/www.sisinternational.com\/es\/soluciones\/soluciones-de-branding-e-investigacion-de-clientes\/investigacion-de-mercado-de-pruebas-de-productos\/prueba-de-sabor-de-alimentos-de-sis-international\/\" title=\"\u00bfQu\u00e9 hace que SIS International Research sea la principal empresa de investigaci\u00f3n de mercados para pruebas de sabor de alimentos en la ciudad de Nueva York?\"  data-wpil-monitor-id=\"10036\">Internacional<\/a> today for more options for the Namibian market.<\/p>\n\n\n\n<p><\/p>","protected":false},"excerpt":{"rendered":"<p>Namibia es el s\u00e9ptimo pa\u00eds de \u00c1frica m\u00e1s favorable a las empresas. La econom\u00eda, la estabilidad pol\u00edtica y el ingreso per c\u00e1pita se encuentran entre los mejores de \u00c1frica.<\/p>","protected":false},"author":1,"featured_media":65311,"parent":14281,"menu_order":47,"comment_status":"closed","ping_status":"closed","template":"","meta":{"footnotes":""},"class_list":["post-41016","page","type-page","status-publish","has-post-thumbnail"],"_links":{"self":[{"href":"https:\/\/www.sisinternational.com\/es\/wp-json\/wp\/v2\/pages\/41016","targetHints":{"allow":["GET"]}}],"collection":[{"href":"https:\/\/www.sisinternational.com\/es\/wp-json\/wp\/v2\/pages"}],"about":[{"href":"https:\/\/www.sisinternational.com\/es\/wp-json\/wp\/v2\/types\/page"}],"author":[{"embeddable":true,"href":"https:\/\/www.sisinternational.com\/es\/wp-json\/wp\/v2\/users\/1"}],"replies":[{"embeddable":true,"href":"https:\/\/www.sisinternational.com\/es\/wp-json\/wp\/v2\/comments?post=41016"}],"version-history":[{"count":6,"href":"https:\/\/www.sisinternational.com\/es\/wp-json\/wp\/v2\/pages\/41016\/revisions"}],"predecessor-version":[{"id":81659,"href":"https:\/\/www.sisinternational.com\/es\/wp-json\/wp\/v2\/pages\/41016\/revisions\/81659"}],"up":[{"embeddable":true,"href":"https:\/\/www.sisinternational.com\/es\/wp-json\/wp\/v2\/pages\/14281"}],"wp:featuredmedia":[{"embeddable":true,"href":"https:\/\/www.sisinternational.com\/es\/wp-json\/wp\/v2\/media\/65311"}],"wp:attachment":[{"href":"https:\/\/www.sisinternational.com\/es\/wp-json\/wp\/v2\/media?parent=41016"}],"curies":[{"name":"wp","href":"https:\/\/api.w.org\/{rel}","templated":true}]}}