{"id":41014,"date":"2022-11-11T23:53:09","date_gmt":"2022-11-11T23:53:09","guid":{"rendered":"https:\/\/www.sisinternational.com\/?page_id=41014"},"modified":"2025-10-01T22:38:13","modified_gmt":"2025-10-02T02:38:13","slug":"investigacion-de-mercado-en-mozambique","status":"publish","type":"page","link":"https:\/\/www.sisinternational.com\/es\/cobertura\/investigacion-de-mercado-africa\/investigacion-de-mercado-en-mozambique\/","title":{"rendered":"Investigaci\u00f3n de mercado en Mozambique"},"content":{"rendered":"<h1 class=\"wp-block-heading\">Investigaci\u00f3n de mercado en Mozambique<\/h1>\n\n\n\n<figure class=\"gb-block-image gb-block-image-07c74ce7\"><img loading=\"lazy\" decoding=\"async\" width=\"1456\" height=\"816\" class=\"gb-image gb-image-07c74ce7\" src=\"https:\/\/www.sisinternational.com\/wp-content\/uploads\/2025\/08\/Mozambique-4.jpg\" alt=\"Investigaci\u00f3n y estrategia de mercado internacional de SIS\" title=\"Mozambique (4)\" srcset=\"https:\/\/www.sisinternational.com\/wp-content\/uploads\/2025\/08\/Mozambique-4.jpg 1456w, https:\/\/www.sisinternational.com\/wp-content\/uploads\/2025\/08\/Mozambique-4-300x168.jpg 300w, https:\/\/www.sisinternational.com\/wp-content\/uploads\/2025\/08\/Mozambique-4-1024x574.jpg 1024w, https:\/\/www.sisinternational.com\/wp-content\/uploads\/2025\/08\/Mozambique-4-768x430.jpg 768w, https:\/\/www.sisinternational.com\/wp-content\/uploads\/2025\/08\/Mozambique-4-18x10.jpg 18w\" sizes=\"auto, (max-width: 1456px) 100vw, 1456px\"><\/figure>\n\n\n\n<hr class=\"wp-block-separator has-alpha-channel-opacity is-style-dots\"\/>\n\n\n\n<p><\/p>\n\n\n\n<p>Mozambique se encuentra en el extremo sureste de \u00c1frica, en la costa del Oc\u00e9ano \u00cdndico. Tanzania est\u00e1 al norte, Malawi al sur y Zimbabwe al oeste.<\/p>\n\n\n\n<h2 class=\"wp-block-heading\">Industrias clave<\/h2>\n\n\n\n<p>La econom\u00eda de Mozambique se basa en la agricultura. La agricultura representa alrededor de un tercio del PIB, y el comercio y los servicios aportan otro tercio. El pa\u00eds depende en gran medida del sector agr\u00edcola, lo que consolida a\u00fan m\u00e1s su crecimiento potencial en el futuro. Adem\u00e1s, la mayor\u00eda de la poblaci\u00f3n se dedica a la agricultura para mantener su sustento. Del mismo modo, el clima tropical y los suelos f\u00e9rtiles del pa\u00eds hacen que este sector tenga un enorme crecimiento y contribuya en gran medida al PIB y a las exportaciones totales del pa\u00eds. De hecho, los principales productos incluyen algod\u00f3n, anacardos, coco, c\u00edtricos, az\u00facar, tabaco y t\u00e9.<\/p>\n\n\n\n<p>Mozambique tiene muchos recursos naturales, pero la Guerra Civil agot\u00f3 su crecimiento en materia de desarrollo. Tambi\u00e9n destruy\u00f3 la infraestructura del pa\u00eds. A\u00fan as\u00ed, los mozambique\u00f1os a\u00fan no han explotado muchos de estos recursos. Incluyen; bauxita, oro, m\u00e1rmol, granito, carb\u00f3n y piedras preciosas. Mozambique tambi\u00e9n produce titanio y bentonita.<\/p>\n\n\n\n<p>El sector tur\u00edstico, aunque presente, no est\u00e1 todo lo desarrollado que deber\u00eda. Antes de la Guerra Civil, el sector tur\u00edstico estaba lleno de vida. Despu\u00e9s de la guerra, el pa\u00eds experiment\u00f3 una ca\u00edda masiva, incluida la industria del turismo.<\/p>\n\n\n\n<h2 class=\"wp-block-heading\">Barrios<\/h2>\n\n\n\n<h3 class=\"wp-block-heading\">Maputo<\/h3>\n\n\n\n<p>Maputo es la capital de Mozambique y la ciudad m\u00e1s grande por poblaci\u00f3n. Hace una contribuci\u00f3n significativa a la econom\u00eda del pa\u00eds con sus avances comerciales y culturales. Con caf\u00e9s, bares y discotecas en casi cada esquina, la ciudad rebosa energ\u00eda. Ofrece una de las mejores vidas nocturnas del sur de \u00c1frica.<\/p>\n\n\n\n<h3 class=\"wp-block-heading\">Matola<\/h3>\n\n\n\n<p>Matola, la segunda ciudad m\u00e1s grande de Mozambique por poblaci\u00f3n, es una belleza. Esta ciudad cuenta con un puerto y la zona industrial m\u00e1s importante de Mozambique.<\/p>\n\n\n\n<h3 class=\"wp-block-heading\">Nampula<\/h3>\n\n\n\n<p>Situada en la provincia de Nampula, esta ciudad es la tercera m\u00e1s grande de Mozambique. Nampula es un lugar tranquilo con algunas playas y pueblos a lo largo de la costa. No est\u00e1 tan industrializado como Maputo o Matola.<\/p>\n\n\n\n<h3 class=\"wp-block-heading\">Tendencias<\/h3>\n\n\n\n<p>The government is pushing the agricultural, mining, and services sectors. Mozambicans are harvesting more produce to gain foreign capital. Also, amidst the COVID-19 pandemic, tourism has seen an increase, bringing visitors from all walks and <a href=\"https:\/\/www.sisinternational.com\/es\/navegando-las-diferencias-proyectos-de-investigacion-de-mercado-global\/\" title=\"Diferencias culturales en la investigaci\u00f3n de mercados globales\"  data-wpil-monitor-id=\"8907\">cultures<\/a> and allowing investors to gain a sense of the market value in Mozambique. It is also <a href=\"https:\/\/www.sisinternational.com\/es\/pericia\/industrias\/investigacion-de-mercado-de-generacion-de-energia\/\" title=\"Investigaci\u00f3n de mercado de generaci\u00f3n de energ\u00eda\"  data-wpil-monitor-id=\"8905\">generating industrial power<\/a> to create a thriving economy. These new investments make it possible for Mozambique to revolutionize its economy.<\/p>\n\n\n\n<h2 class=\"wp-block-heading\">Beneficios y Fortalezas en el Mercado<\/h2>\n\n\n\n<p>Mozambique tiene muchos recursos sin explotar que pueden impulsar la econom\u00eda del pa\u00eds. Por ejemplo, puede convertirse r\u00e1pidamente en uno de los principales exportadores de gas. Seg\u00fan descubrimientos recientes, tambi\u00e9n podr\u00eda llegar a dominar el mercado del carb\u00f3n.<\/p>\n\n\n\n<h3 class=\"wp-block-heading\">Base de consumidores<\/h3>\n\n\n\n<p>Mozambique tiene una paridad de poder adquisitivo muy baja y es una de las m\u00e1s pobres del mundo. Esto se debe a la guerra civil que dur\u00f3 15 a\u00f1os y que termin\u00f3 en 1992. El pa\u00eds tiene una baja tasa de alfabetizaci\u00f3n y la gente gana poco. Debido a la actual pandemia, las ventas minoristas han sido dif\u00edciles de predecir y recopilar. Es dif\u00edcil realizar un seguimiento del gasto de los consumidores debido a los bajos salarios de la gente.<\/p>\n\n\n\n<h3 class=\"wp-block-heading\">Razones para hacer crecer su negocio en el mercado<\/h3>\n\n\n\n<p>Mozambique es uno de los cinco principales socios comerciales de Sud\u00e1frica. Tiene una econom\u00eda de r\u00e1pido crecimiento. Tambi\u00e9n tiene la geograf\u00eda y el clima ideales para los inversores. Mozambique prev\u00e9 un crecimiento significativo en los sectores agr\u00edcola, tur\u00edstico y minero. La evoluci\u00f3n del turismo tambi\u00e9n significa que su gente tiene una nueva fuente de ingresos mediante la venta de artesan\u00edas y la interacci\u00f3n con los visitantes.<\/p>\n\n\n\n<h2 class=\"wp-block-heading\">Acerca de la investigaci\u00f3n de mercado en Mozambique<\/h2>\n\n\n\n<p>Mozambique is a unique country that has much investment potential. Before <a href=\"https:\/\/www.sisinternational.com\/es\/soluciones\/consultoria-estrategica\/investigacion-de-oportunidades-de-entrada-al-mercado\/la-eficacia-de-las-pruebas-de-productos-en-nueva-york-para-ingresar-al-mercado-estadounidense\/\" title=\"La eficacia de las pruebas de productos en Nueva York para entrar en el mercado estadounidense\"  data-wpil-monitor-id=\"8906\">entering the market<\/a>, it is imperative to carry out Qualitative, Quantitative, and Strategy research. Market Research can also involve Focus Groups, Interviews, and Surveys, all of which are offered by <a href=\"https:\/\/www.sisinternational.com\/es\/contacto-sis-investigacion-de-mercado-internacional\/\" title=\"Cont\u00e1ctenos\"  data-wpil-monitor-id=\"8904\">SIS International Research<\/a>.<\/p>\n\n\n\n<p><\/p>","protected":false},"excerpt":{"rendered":"<p>Mozambique tiene muchos recursos sin explotar que pueden impulsar la econom\u00eda del pa\u00eds. El gobierno est\u00e1 presionando a los sectores agr\u00edcola, minero y de servicios. Los mozambique\u00f1os est\u00e1n cosechando m\u00e1s productos para ganar capital extranjero.<\/p>","protected":false},"author":1,"featured_media":65309,"parent":14281,"menu_order":46,"comment_status":"closed","ping_status":"closed","template":"","meta":{"footnotes":""},"class_list":["post-41014","page","type-page","status-publish","has-post-thumbnail"],"_links":{"self":[{"href":"https:\/\/www.sisinternational.com\/es\/wp-json\/wp\/v2\/pages\/41014","targetHints":{"allow":["GET"]}}],"collection":[{"href":"https:\/\/www.sisinternational.com\/es\/wp-json\/wp\/v2\/pages"}],"about":[{"href":"https:\/\/www.sisinternational.com\/es\/wp-json\/wp\/v2\/types\/page"}],"author":[{"embeddable":true,"href":"https:\/\/www.sisinternational.com\/es\/wp-json\/wp\/v2\/users\/1"}],"replies":[{"embeddable":true,"href":"https:\/\/www.sisinternational.com\/es\/wp-json\/wp\/v2\/comments?post=41014"}],"version-history":[{"count":4,"href":"https:\/\/www.sisinternational.com\/es\/wp-json\/wp\/v2\/pages\/41014\/revisions"}],"predecessor-version":[{"id":81496,"href":"https:\/\/www.sisinternational.com\/es\/wp-json\/wp\/v2\/pages\/41014\/revisions\/81496"}],"up":[{"embeddable":true,"href":"https:\/\/www.sisinternational.com\/es\/wp-json\/wp\/v2\/pages\/14281"}],"wp:featuredmedia":[{"embeddable":true,"href":"https:\/\/www.sisinternational.com\/es\/wp-json\/wp\/v2\/media\/65309"}],"wp:attachment":[{"href":"https:\/\/www.sisinternational.com\/es\/wp-json\/wp\/v2\/media?parent=41014"}],"curies":[{"name":"wp","href":"https:\/\/api.w.org\/{rel}","templated":true}]}}