{"id":41008,"date":"2022-11-11T23:19:50","date_gmt":"2022-11-11T23:19:50","guid":{"rendered":"https:\/\/www.sisinternational.com\/?page_id=41008"},"modified":"2026-01-24T21:32:08","modified_gmt":"2026-01-25T02:32:08","slug":"investigacion-de-mercado-en-mali","status":"publish","type":"page","link":"https:\/\/www.sisinternational.com\/es\/cobertura\/investigacion-de-mercado-africa\/investigacion-de-mercado-en-mali\/","title":{"rendered":"Investigaci\u00f3n de mercado en Mal\u00ed"},"content":{"rendered":"<h1 class=\"wp-block-heading\">Investigaci\u00f3n de mercado en Mal\u00ed<\/h1>\n\n\n\n<figure class=\"gb-block-image gb-block-image-1f31f65c\"><img loading=\"lazy\" decoding=\"async\" width=\"1456\" height=\"816\" class=\"gb-image gb-image-1f31f65c\" src=\"https:\/\/www.sisinternational.com\/wp-content\/uploads\/2025\/08\/Mali-2.jpg\" alt=\"Investigaci\u00f3n y estrategia de mercado internacional de SIS\" title=\"Mali (2)\" srcset=\"https:\/\/www.sisinternational.com\/wp-content\/uploads\/2025\/08\/Mali-2.jpg 1456w, https:\/\/www.sisinternational.com\/wp-content\/uploads\/2025\/08\/Mali-2-300x168.jpg 300w, https:\/\/www.sisinternational.com\/wp-content\/uploads\/2025\/08\/Mali-2-1024x574.jpg 1024w, https:\/\/www.sisinternational.com\/wp-content\/uploads\/2025\/08\/Mali-2-768x430.jpg 768w, https:\/\/www.sisinternational.com\/wp-content\/uploads\/2025\/08\/Mali-2-18x10.jpg 18w\" sizes=\"auto, (max-width: 1456px) 100vw, 1456px\"><\/figure>\n\n\n\n<hr class=\"wp-block-separator has-alpha-channel-opacity is-style-dots\"\/>\n\n\n\n<p><\/p>\n\n\n\n<p>La Rep\u00fablica de Mali, en \u00c1frica Occidental, es el octavo pa\u00eds m\u00e1s grande de \u00c1frica. El idioma oficial de Mal\u00ed es el franc\u00e9s. Adem\u00e1s del franc\u00e9s, otros idiomas nacionales son el \u00e1rabe, el ingl\u00e9s, el fulani y el mandinga.<\/p>\n\n\n\n<p>To the north of Mali is Algeria, and to the east is&nbsp;Niger&nbsp;and Burkina Faso. C\u00f4te d\u2019Ivoire and Guinea are to the south, and west is Senegal and Mauritania. The official currency is the West African CFA franc.<\/p>\n\n\n\n<h2 class=\"wp-block-heading\">Industrias clave<\/h2>\n\n\n\n<p>Mal\u00ed produce una variedad de cultivos para uso comercial y de subsistencia. Los agricultores tambi\u00e9n se dedican a la cr\u00eda de ganado vacuno, ovino y caprino. La pesca es otro contribuyente a la industria agr\u00edcola y la econom\u00eda. Mal\u00ed es propenso a sufrir per\u00edodos de sequ\u00eda, por lo que el sector pesquero en ocasiones se ve afectado. Pero Mal\u00ed sigue siendo uno de los principales productores de pescado de \u00c1frica occidental.<\/p>\n\n\n\n<p>La industria minera explora minerales. Tambi\u00e9n produce recursos naturales como oro, sal, caol\u00edn, fosfato y piedra caliza. Adem\u00e1s, el oro y el algod\u00f3n son los principales art\u00edculos exportados desde Mal\u00ed. Representan m\u00e1s del ochenta por ciento de las exportaciones del pa\u00eds.<\/p>\n\n\n\n<h2 class=\"wp-block-heading\">Barrios<\/h2>\n\n\n\n<p>Mal\u00ed tiene varias regiones, cada una con su capital. Por ejemplo, Bamako es la ciudad m\u00e1s grande y es la capital y centro administrativo de Mal\u00ed, con instituciones, servicios y edificios gubernamentales.<\/p>\n\n\n\n<p>Sikasso es la segunda ciudad m\u00e1s grande y es la capital de la regi\u00f3n de Sikasso. El clima en Sikasso es m\u00e1s h\u00famedo que en cualquier otra parte de Mal\u00ed, por lo que la agricultura prospera all\u00ed.<\/p>\n\n\n\n<p>Segou, conocida por su alfarer\u00eda, mercados e industria pesquera, es la capital de la regi\u00f3n de Segou.<\/p>\n\n\n\n<p>Kayes es la capital de la regi\u00f3n de Kayes, con un aeropuerto internacional y una estaci\u00f3n de tren regional. Adem\u00e1s, Kayes es rica en oro y hierro.<\/p>\n\n\n\n<p>Mopti es la capital y centro comercial de la regi\u00f3n de Mopti. Mopti es tambi\u00e9n el puerto m\u00e1s cr\u00edtico de Mali.<\/p>\n\n\n\n<p>Kalabancoro, Gao, Kati y San son otras ciudades notables de Mal\u00ed. Forman las comunidades urbanas y suburbanas.<\/p>\n\n\n\n<h2 class=\"wp-block-heading\">Tendencias<\/h2>\n\n\n\n<p>Mali enfrenta agitaci\u00f3n pol\u00edtica en medio de una pandemia. Incluso antes de eso, los malienses experimentaron un golpe de estado que desestabiliz\u00f3 en cierto modo la econom\u00eda en 2012. Luego, se produjo el reciente derrocamiento del gobierno en 2020.<\/p>\n\n\n\n<p>Aun as\u00ed, la econom\u00eda est\u00e1 prosperando, principalmente gracias a los recursos naturales del pa\u00eds. Igualmente importante es que tiene un sector agr\u00edcola robusto. Tambi\u00e9n tiene un gran potencial en el sector de las energ\u00edas renovables.<\/p>\n\n\n\n<p>Incluso en medio de las continuas amenazas terroristas, el pa\u00eds se est\u00e1 diversificando. De hecho, ha iniciado negocios y asociaciones con Estados Unidos.<\/p>\n\n\n\n<h2 class=\"wp-block-heading\">Beneficios y fortalezas del mercado.<\/h2>\n\n\n\n<p>Mali is eligible for financial grants from the United States for the development of business in African countries. The country also welcomes foreign investment. It has initiatives such as the promotion of privatization of public enterprise. Mali also offers duty-free importation of <a href=\"https:\/\/www.sisinternational.com\/es\/soluciones\/investigacion-de-consultoria-estrategica-fintech\/investigacion-de-mercado-de-capital-riesgo\/\" title=\"Investigaci\u00f3n de mercado de capital riesgo\"  data-wpil-monitor-id=\"8346\">capital equipment for priority industrial ventures<\/a>.<\/p>\n\n\n\n<h2 class=\"wp-block-heading\">Por qu\u00e9 deber\u00eda hacer crecer su negocio en Mali<\/h2>\n\n\n\n<p>Mali has had years of political and economic unrest. In spite of that, the Government of Mali is doing its best to encourage foreign investment. Why? Because foreign investment is a means to achieve stability. So, it is <a href=\"https:\/\/www.sisinternational.com\/es\/adopcion-de-la-inteligencia-artificial-en-las-pequenas-empresas\/\" title=\"Adopci\u00f3n de la Inteligencia Artificial (IA) en las peque\u00f1as empresas\"  data-wpil-monitor-id=\"8348\">adopting measures to simplify business<\/a> creation and operating procedures. Mali has a wealth of untapped resources that the country is unable to exploit or develop at present. Foreign investment will enable it to unlock these resources. It will earn profits for the investor as well.<\/p>\n\n\n\n<h2 class=\"wp-block-heading\">Acerca de la investigaci\u00f3n de mercado en Mali<\/h2>\n\n\n\n<p>Doing business in Mali can be much easier with <a href=\"https:\/\/www.sisinternational.com\/es\/publicaciones\/investigacion-de-mercado-empresarial-escalable-7-formas-de-construir-un-negocio-escalable\/\" title=\"Investigaci\u00f3n de mercado empresarial escalable: 7 formas de construir un negocio escalable\"  data-wpil-monitor-id=\"8347\">market<\/a> research. Hence, we offer Focus Groups, Interviews, and Surveys. We also undertake Quantitative, Qualitative, and Strategy <a href=\"https:\/\/www.sisinternational.com\/es\/cobertura\/las-americas\/investigacion-de-mercado-en-el-caribe\/investigacion-de-mercado-bahamas\/\" title=\"Investigaci\u00f3n de mercado en las Bahamas\"  data-wpil-monitor-id=\"3540\">Research for the various African markets<\/a>. Then we compile the findings to help you and your business to take off.<\/p>","protected":false},"excerpt":{"rendered":"<p>La econom\u00eda de Mal\u00ed est\u00e1 prosperando, principalmente debido a los recursos naturales del pa\u00eds. Igualmente importante es que tiene un sector agr\u00edcola robusto. Tambi\u00e9n tiene un gran potencial en el sector de las energ\u00edas renovables.\u00a0<\/p>","protected":false},"author":1,"featured_media":65289,"parent":14281,"menu_order":45,"comment_status":"closed","ping_status":"closed","template":"","meta":{"footnotes":""},"class_list":["post-41008","page","type-page","status-publish","has-post-thumbnail"],"_links":{"self":[{"href":"https:\/\/www.sisinternational.com\/es\/wp-json\/wp\/v2\/pages\/41008","targetHints":{"allow":["GET"]}}],"collection":[{"href":"https:\/\/www.sisinternational.com\/es\/wp-json\/wp\/v2\/pages"}],"about":[{"href":"https:\/\/www.sisinternational.com\/es\/wp-json\/wp\/v2\/types\/page"}],"author":[{"embeddable":true,"href":"https:\/\/www.sisinternational.com\/es\/wp-json\/wp\/v2\/users\/1"}],"replies":[{"embeddable":true,"href":"https:\/\/www.sisinternational.com\/es\/wp-json\/wp\/v2\/comments?post=41008"}],"version-history":[{"count":4,"href":"https:\/\/www.sisinternational.com\/es\/wp-json\/wp\/v2\/pages\/41008\/revisions"}],"predecessor-version":[{"id":81399,"href":"https:\/\/www.sisinternational.com\/es\/wp-json\/wp\/v2\/pages\/41008\/revisions\/81399"}],"up":[{"embeddable":true,"href":"https:\/\/www.sisinternational.com\/es\/wp-json\/wp\/v2\/pages\/14281"}],"wp:featuredmedia":[{"embeddable":true,"href":"https:\/\/www.sisinternational.com\/es\/wp-json\/wp\/v2\/media\/65289"}],"wp:attachment":[{"href":"https:\/\/www.sisinternational.com\/es\/wp-json\/wp\/v2\/media?parent=41008"}],"curies":[{"name":"wp","href":"https:\/\/api.w.org\/{rel}","templated":true}]}}