{"id":40971,"date":"2022-11-04T21:07:49","date_gmt":"2022-11-04T21:07:49","guid":{"rendered":"https:\/\/www.sisinternational.com\/?page_id=40971"},"modified":"2026-01-25T18:49:02","modified_gmt":"2026-01-25T23:49:02","slug":"investigacion-de-mercado-de-mineria-espacial","status":"publish","type":"page","link":"https:\/\/www.sisinternational.com\/es\/pericia\/investigacion-de-mercado-de-mineria-espacial\/","title":{"rendered":"Investigaci\u00f3n de mercado de miner\u00eda espacial"},"content":{"rendered":"<h1 class=\"wp-block-heading\">Investigaci\u00f3n de mercado de miner\u00eda espacial<\/h1>\n\n\n\n<figure class=\"gb-block-image gb-block-image-e62da2cf\"><img loading=\"lazy\" decoding=\"async\" width=\"1024\" height=\"574\" class=\"gb-image gb-image-e62da2cf\" src=\"https:\/\/www.sisinternational.com\/wp-content\/uploads\/2025\/08\/Space-mining-astronaut-NASA-4-1024x574.jpg\" srcset=\"https:\/\/www.sisinternational.com\/wp-content\/uploads\/2025\/08\/Space-mining-astronaut-NASA-4-1024x574.jpg 1024w, https:\/\/www.sisinternational.com\/wp-content\/uploads\/2025\/08\/Space-mining-astronaut-NASA-4-300x168.jpg 300w, https:\/\/www.sisinternational.com\/wp-content\/uploads\/2025\/08\/Space-mining-astronaut-NASA-4-768x430.jpg 768w, https:\/\/www.sisinternational.com\/wp-content\/uploads\/2025\/08\/Space-mining-astronaut-NASA-4-18x10.jpg 18w, https:\/\/www.sisinternational.com\/wp-content\/uploads\/2025\/08\/Space-mining-astronaut-NASA-4.jpg 1456w\" sizes=\"auto, (max-width: 1024px) 100vw, 1024px\" alt=\"Investigaci\u00f3n y estrategia de mercado internacional de SIS\"><\/figure>\n\n\n\n<hr class=\"wp-block-separator has-alpha-channel-opacity is-style-dots\"\/>\n\n\n\n<p>La miner\u00eda espacial es un campo nuevo. Se refiere a la hipot\u00e9tica recolecci\u00f3n de materia prima de asteroides y otros planetas menores. Podemos utilizar el material extra\u00eddo para la construcci\u00f3n y otros fines.<\/p>\n\n\n\n<p>La miner\u00eda espacial no ser\u00e1 muy diferente de la miner\u00eda en la Tierra. \u00bfPor qu\u00e9? Porque los mineros utilizar\u00e1n m\u00e9todos similares en el espacio a los utilizados en la Tierra. El m\u00e9todo m\u00e1s com\u00fan ser\u00e1 raspar el material necesario de los asteroides. Otro nombre para este m\u00e9todo es miner\u00eda a cielo abierto. Los mineros tambi\u00e9n excavar\u00e1n vetas de sustancias espec\u00edficas. Luego, los t\u00e9cnicos los transferir\u00e1n a trav\u00e9s de tubos especiales.<\/p>\n\n\n\n<h2 class=\"wp-block-heading\">\u00bfPor qu\u00e9 es importante la miner\u00eda espacial?<\/h2>\n\n\n\n<p>Using minerals from these sources will ease the pressure caused by producing them on Earth. These space rocks contain many minerals, like iron and platinum. Furthermore, the minerals of these rocks are infinite, and the resources on Earth are finite. Space ore is never-ending. Thus, asteroid <a href=\"https:\/\/www.sisinternational.com\/es\/soluciones\/investigacion-de-mercado-de-ia-y-consultoria-estrategica\/mineria-automatizacion-de-recursos-naturales-consultoria-en-inteligencia-artificial\/\" title=\"Consultor\u00eda en Inteligencia Artificial y Automatizaci\u00f3n de Recursos Naturales y Miner\u00eda\"  data-wpil-monitor-id=\"10042\">mining provides us with almost unlimited resources<\/a>, which will soon also cause those materials to become less scarce. The idea of running out of space ore is unlikely. Another use of space mining is to maintain human presence in, you guessed it, space. It can supply enough resources to Earth to maintain that presence.<\/p>\n\n\n\n<h3 class=\"wp-block-heading\">Otros beneficios de la miner\u00eda espacial:<\/h3>\n\n\n\n<ul class=\"wp-block-list\">\n<li>New ideas <a href=\"https:\/\/www.sisinternational.com\/es\/soluciones\/consultoria-estrategica\/objetivos-y-marcos-de-resultados-clave-investigacion-de-mercado\/\" title=\"Objetivos y marcos de resultados clave Investigaci\u00f3n de mercado\"  data-wpil-monitor-id=\"10043\">resulting from space research<\/a><\/li>\n\n\n\n<li>Empleos creados por programas espaciales<\/li>\n\n\n\n<li>Mayor conocimiento del mundo natural.<\/li>\n\n\n\n<li>Mejor atenci\u00f3n m\u00e9dica<\/li>\n\n\n\n<li>Impulso de la ciencia<\/li>\n\n\n\n<li>Mayor seguridad en la Tierra<\/li>\n<\/ul>\n\n\n\n<h2 class=\"wp-block-heading\">T\u00edtulos de trabajo clave<\/h2>\n\n\n\n<p>These jobs are some of the primary ones offered in the space field. There are astronauts, who go to outer space and explore it. There are also <a class=\"wpil_keyword_link\" href=\"https:\/\/www.sisinternational.com\/es\/sobre-la-investigacion-internacional-de-sis\/carreras-en-sis-internacional\/\"   title=\"Carreras en SIS Internacional\" data-wpil-keyword-link=\"linked\"  data-wpil-monitor-id=\"730\">careers<\/a> under Space Tech. This field deals with spacecraft, satellites, and space stations. It also handles hypothetical areas such as space warfare.<\/p>\n\n\n\n<h3 class=\"wp-block-heading\">Algunas \u00e1reas de trabajo en la miner\u00eda espacial son:<\/h3>\n\n\n\n<ul class=\"wp-block-list\">\n<li>Ingeniero aeroespacial<\/li>\n\n\n\n<li>Ingeniero aeron\u00e1utico<\/li>\n\n\n\n<li>Astr\u00f3nomo<\/li>\n\n\n\n<li>t\u00e9cnico aeroespacial<\/li>\n\n\n\n<li>Cient\u00edficos atmosf\u00e9ricos<\/li>\n<\/ul>\n\n\n\n<p>Estos cient\u00edficos estudian constantemente m\u00e1s sobre el espacio y lo que contiene. Cada d\u00eda, la investigaci\u00f3n se expande m\u00e1s y la miner\u00eda espacial avanza. Abre nuevos puestos de trabajo y crea empresas.<\/p>\n\n\n\n<h2 class=\"wp-block-heading\">\u00bfPor qu\u00e9 las empresas necesitan la miner\u00eda espacial?<\/h2>\n\n\n\n<figure class=\"gb-block-image gb-block-image-152a0cd2\"><img loading=\"lazy\" decoding=\"async\" width=\"1456\" height=\"816\" class=\"gb-image gb-image-152a0cd2\" src=\"https:\/\/www.sisinternational.com\/wp-content\/uploads\/2025\/08\/Space-mining-astronaut-NASA-3.jpg\" alt=\"Investigaci\u00f3n y estrategia de mercado internacional de SIS\" title=\"Space mining astronaut NASA (3)\" srcset=\"https:\/\/www.sisinternational.com\/wp-content\/uploads\/2025\/08\/Space-mining-astronaut-NASA-3.jpg 1456w, https:\/\/www.sisinternational.com\/wp-content\/uploads\/2025\/08\/Space-mining-astronaut-NASA-3-300x168.jpg 300w, https:\/\/www.sisinternational.com\/wp-content\/uploads\/2025\/08\/Space-mining-astronaut-NASA-3-1024x574.jpg 1024w, https:\/\/www.sisinternational.com\/wp-content\/uploads\/2025\/08\/Space-mining-astronaut-NASA-3-768x430.jpg 768w, https:\/\/www.sisinternational.com\/wp-content\/uploads\/2025\/08\/Space-mining-astronaut-NASA-3-18x10.jpg 18w\" sizes=\"auto, (max-width: 1456px) 100vw, 1456px\"><\/figure>\n\n\n\n<p><\/p>\n\n\n\n<p>Las empresas se est\u00e1n preparando para iniciar la miner\u00eda espacial para obtener minerales. Los recursos de la Tierra son finitos y los minerales extra\u00eddos pueden llenar los vac\u00edos de recursos met\u00e1licos no renovables a medida que los agotemos.<\/p>\n\n\n\n<h2 class=\"wp-block-heading\">Factores claves del \u00e9xito<\/h2>\n\n\n\n<p>La miner\u00eda espacial se ha vuelto muy popular entre los cient\u00edficos. Creen que puede proporcionar metales rentables para una colonia lunar y marciana. Por lo tanto, puede expandir la raza humana a medida que necesitamos m\u00e1s tierra para nuestra floreciente poblaci\u00f3n. La miner\u00eda espacial tambi\u00e9n brinda a los humanos un impulso adicional en nuestra b\u00fasqueda de explorar el espacio.<\/p>\n\n\n\n<p>El <a href=\"https:\/\/www.sisinternational.com\/es\/pericia\/industrias\/investigacion-de-mercado-de-metales-de-tierras-raras\/\" title=\"Investigaci\u00f3n de mercado de metales de tierras raras\"  data-wpil-monitor-id=\"5186\">metal resources obtained will grow the Earth\u2019s<\/a> economy. We will <a href=\"https:\/\/www.sisinternational.com\/es\/soluciones\/innovacion\/como-escalar-un-negocio\/\" title=\"C\u00f3mo escalar un negocio | Lograr un crecimiento exponencial\"  data-wpil-monitor-id=\"10040\">achieve this growth<\/a> by using spacecraft that are cost-effective. Off-planet resources will also improve sustainability on Earth. Hence, people are planning to explore space on a larger scale in the future, which will create new jobs and businesses.<\/p>\n\n\n\n<p>Asteroid <a href=\"https:\/\/www.sisinternational.com\/es\/venezuela-oil-mining-industry-potential-strategic-forecast-2026-2036\/\" title=\"Venezuela Oil &amp; Mining Industry Potential: Strategic Forecast 2026-2036\"  data-wpil-monitor-id=\"10045\">mining<\/a> will be a costly and exciting industry. It continues to get the attention of new investors. The mining of off-planet resources is risky, but the rewards can be significant.<\/p>\n\n\n\n<h2 class=\"wp-block-heading\">Acerca de la investigaci\u00f3n de mercado de la miner\u00eda espacial<\/h2>\n\n\n\n<p>Investments in space mining are becoming common with companies as it is very profitable. Although it is pricey, the results are likely to be consistent. Thus, it is an exciting new field. This field is also constantly expanding. If you want to join the space mining field, our company will help you start. We arrange focus groups that do strategic, qualitative, and quantitative research. Surveys are also not a problem. Moreover, we ensure that you get the results you want and that your business grows. Contact us now to start <a href=\"https:\/\/www.sisinternational.com\/es\/publicaciones\/investigacion-de-mercado-empresarial-escalable-7-formas-de-construir-un-negocio-escalable\/\" title=\"Investigaci\u00f3n de mercado empresarial escalable: 7 formas de construir un negocio escalable\"  data-wpil-monitor-id=\"10041\">building your business<\/a> in the area you want. We are always ready to help.<\/p>\n\n\n\n<p><\/p>","protected":false},"excerpt":{"rendered":"<p>La miner\u00eda espacial es un campo nuevo. Se refiere a la hipot\u00e9tica recolecci\u00f3n de materia prima de asteroides y otros planetas menores. Podemos utilizar el material extra\u00eddo para la construcci\u00f3n y otros fines.<\/p>","protected":false},"author":1,"featured_media":63877,"parent":14514,"menu_order":147,"comment_status":"closed","ping_status":"closed","template":"","meta":{"footnotes":""},"class_list":["post-40971","page","type-page","status-publish","has-post-thumbnail"],"_links":{"self":[{"href":"https:\/\/www.sisinternational.com\/es\/wp-json\/wp\/v2\/pages\/40971","targetHints":{"allow":["GET"]}}],"collection":[{"href":"https:\/\/www.sisinternational.com\/es\/wp-json\/wp\/v2\/pages"}],"about":[{"href":"https:\/\/www.sisinternational.com\/es\/wp-json\/wp\/v2\/types\/page"}],"author":[{"embeddable":true,"href":"https:\/\/www.sisinternational.com\/es\/wp-json\/wp\/v2\/users\/1"}],"replies":[{"embeddable":true,"href":"https:\/\/www.sisinternational.com\/es\/wp-json\/wp\/v2\/comments?post=40971"}],"version-history":[{"count":6,"href":"https:\/\/www.sisinternational.com\/es\/wp-json\/wp\/v2\/pages\/40971\/revisions"}],"predecessor-version":[{"id":81662,"href":"https:\/\/www.sisinternational.com\/es\/wp-json\/wp\/v2\/pages\/40971\/revisions\/81662"}],"up":[{"embeddable":true,"href":"https:\/\/www.sisinternational.com\/es\/wp-json\/wp\/v2\/pages\/14514"}],"wp:featuredmedia":[{"embeddable":true,"href":"https:\/\/www.sisinternational.com\/es\/wp-json\/wp\/v2\/media\/63877"}],"wp:attachment":[{"href":"https:\/\/www.sisinternational.com\/es\/wp-json\/wp\/v2\/media?parent=40971"}],"curies":[{"name":"wp","href":"https:\/\/api.w.org\/{rel}","templated":true}]}}