{"id":40968,"date":"2022-11-05T00:24:56","date_gmt":"2022-11-05T00:24:56","guid":{"rendered":"https:\/\/www.sisinternational.com\/?page_id=40968"},"modified":"2025-10-01T22:48:32","modified_gmt":"2025-10-02T02:48:32","slug":"investigacion-de-mercado-de-ciudades-inteligentes","status":"publish","type":"page","link":"https:\/\/www.sisinternational.com\/es\/pericia\/investigacion-de-mercado-de-ciudades-inteligentes\/","title":{"rendered":"Investigaci\u00f3n de mercado de ciudades inteligentes"},"content":{"rendered":"<h1 class=\"wp-block-heading\">Investigaci\u00f3n de mercado de ciudades inteligentes<\/h1>\n\n\n\n<figure class=\"gb-block-image gb-block-image-2781726f\"><img loading=\"lazy\" decoding=\"async\" width=\"1456\" height=\"816\" class=\"gb-image gb-image-2781726f\" src=\"https:\/\/www.sisinternational.com\/wp-content\/uploads\/2025\/08\/Smart-mobility-5.jpg\" alt=\"Investigaci\u00f3n y estrategia de mercado internacional de SIS\" title=\"Smart mobility (5)\" srcset=\"https:\/\/www.sisinternational.com\/wp-content\/uploads\/2025\/08\/Smart-mobility-5.jpg 1456w, https:\/\/www.sisinternational.com\/wp-content\/uploads\/2025\/08\/Smart-mobility-5-300x168.jpg 300w, https:\/\/www.sisinternational.com\/wp-content\/uploads\/2025\/08\/Smart-mobility-5-1024x574.jpg 1024w, https:\/\/www.sisinternational.com\/wp-content\/uploads\/2025\/08\/Smart-mobility-5-768x430.jpg 768w, https:\/\/www.sisinternational.com\/wp-content\/uploads\/2025\/08\/Smart-mobility-5-18x10.jpg 18w\" sizes=\"auto, (max-width: 1456px) 100vw, 1456px\"><\/figure>\n\n\n\n<p><\/p>\n\n\n\n<h2 class=\"wp-block-heading\">\u00bfQu\u00e9 es una ciudad inteligente?<\/h2>\n\n\n\n<p>Una ciudad inteligente utiliza la tecnolog\u00eda para mejorar la vida de sus ciudadanos. Dos tecnolog\u00edas principales lo permiten.<\/p>\n\n\n\n<h3 class=\"wp-block-heading\">Internet de las cosas (IoT)<\/h3>\n\n\n\n<p>IoT es un concepto inform\u00e1tico en el que objetos f\u00edsicos se conectan a Internet. Estos objetos pueden luego identificarse ante los dem\u00e1s.<\/p>\n\n\n\n<h3 class=\"wp-block-heading\">Grandes datos<\/h3>\n\n\n\n<p>Las Ciudades Inteligentes producen y analizan grandes cantidades de datos para localizar patrones y tendencias. Estos patrones ayudan a encontrar causas de los comportamientos humanos.<\/p>\n\n\n\n<h2 class=\"wp-block-heading\">Por qu\u00e9 es importante<\/h2>\n\n\n\n<p>La tecnolog\u00eda existe ahora y est\u00e1 creciendo. El t\u00e9rmino \u201cCiudad Inteligente\u201d es nuevo, pero la idea existe desde hace a\u00f1os. Es otra forma que tienen las ciudades y los gobiernos de ahorrar toneladas de dinero.<\/p>\n\n\n\n<p>For example, one of the biggest problems affecting urban cities is wastage. Pollution is another. These problems can cost a pretty penny to fix. A <a href=\"https:\/\/www.sisinternational.com\/es\/pericia\/industrias\/investigacion-de-mercado-de-sensores-inteligentes\/\" title=\"Investigaci\u00f3n de mercado de sensores inteligentes\"  data-wpil-monitor-id=\"8867\">Smart City will place sensors<\/a> along pipes and meters to detect leaks, alerting plumbers as fast as possible.<\/p>\n\n\n\n<h3 class=\"wp-block-heading\">Salud p\u00fablica<\/h3>\n\n\n\n<p>Air Quality sensors help reduce emissions. For instance, the sensor could detect the exact source if a toxin fume made its way through the city. Authorities can then work to cut the emissions. This <a href=\"https:\/\/www.sisinternational.com\/es\/investigacion-de-mercado-de-casas-inteligentes\/\" title=\"Investigaci\u00f3n de mercado de hogares inteligentes\"  data-wpil-monitor-id=\"8872\">smart tech is also helpful in homes<\/a>. Patients can <a href=\"https:\/\/www.sisinternational.com\/es\/soluciones\/investigacion-de-mercado-de-ia-y-consultoria-estrategica\/consultoria-de-inteligencia-artificial-en-automatizacion-de-productos-de-cuidado-personal\/\" title=\"Automatizaci\u00f3n de productos de cuidado personal y consultor\u00eda de inteligencia artificial\"  data-wpil-monitor-id=\"8877\">consult<\/a> with doctors via video calls and personal messaging. They can then receive life-saving health alerts.<\/p>\n\n\n\n<h3 class=\"wp-block-heading\">Infraestructura mejorada<\/h3>\n\n\n\n<p>Las carreteras, puentes, edificios y otras estructuras requieren enormes inversiones cuando se producen da\u00f1os. Las ciudades inteligentes utilizan an\u00e1lisis predictivos para solucionar estos problemas r\u00e1pidamente. Los sensores inteligentes identifican el error en la construcci\u00f3n antes de que sea perjudicial. De esta forma, salva el edificio y a las personas que se encuentran dentro de \u00e9l. El an\u00e1lisis predictivo ahorra millones de d\u00f3lares en impuestos y tiempo. Estos sensores encuentran grietas y otros problemas. As\u00ed, las Ciudades Inteligentes tienden a tener carreteras, puentes y edificios seguros.<\/p>\n\n\n\n<h2 class=\"wp-block-heading\">T\u00edtulos de trabajo clave<\/h2>\n\n\n\n<h2 class=\"wp-block-heading\">Desarrolladores<\/h2>\n\n\n\n<p>Las ciudades inteligentes necesitan desarrolladores de software, bases de datos y plataformas. Crean aplicaciones que pueden realizar tareas que hacen que las ciudades sean seguras.<\/p>\n\n\n\n<h3 class=\"wp-block-heading\">cient\u00edfico de datos<\/h3>\n\n\n\n<p>Los cient\u00edficos de datos interpretan grandes cantidades de datos y los convierten en informaci\u00f3n vital. Estos datos ayudan a mejorar la calidad de vida de los ciudadanos.<\/p>\n\n\n\n<h3 class=\"wp-block-heading\">Factores claves del \u00e9xito<\/h3>\n\n\n\n<p>Although the focus is technology, this is not the only feature of Smart Cities. Citizens must buy-in and use the tech for it to succeed. Without public input, it becomes just another city with tech advances. <a href=\"https:\/\/www.sisinternational.com\/es\/soluciones\/consultoria-de-hosteleria-y-turismo-en-viajes\/consultoria-de-tecnologia-hotelera-inteligente\/\" title=\"Consultor\u00eda de tecnolog\u00eda hotelera inteligente\"  data-wpil-monitor-id=\"8875\">Smart City technology<\/a> helps citizens have a say in the running of their city. They can use apps to talk to government officials about local issues. These apps also enable easier sharing of information within the community.<\/p>\n\n\n\n<h2 class=\"wp-block-heading\">Por qu\u00e9 los pa\u00edses lo necesitan<\/h2>\n\n\n\n<h3 class=\"wp-block-heading\">Mejora de la eficiencia energ\u00e9tica<\/h3>\n\n\n\n<p>El consumo de electricidad es muy elevado en las ciudades. Las ciudades pueden colocar sensores en las calles para detectar peatones. Si no hay gente alrededor, los sensores pueden reducir el alumbrado p\u00fablico. Esta acci\u00f3n puede ahorrarle dinero a la ciudad.<\/p>\n\n\n\n<h3 class=\"wp-block-heading\">Reducci\u00f3n de la congesti\u00f3n del tr\u00e1fico<\/h3>\n\n\n\n<p>A trav\u00e9s de la tecnolog\u00eda Smart City, las se\u00f1ales inteligentes ayudan a reducir el tr\u00e1fico. Esta innovadora tecnolog\u00eda tambi\u00e9n aconseja sobre rutas alternativas a tomar. Muestra a los conductores los momentos en que las carreteras est\u00e1n menos transitadas para iniciar un viaje. Los usuarios del transporte p\u00fablico pueden utilizarlo para rastrear la ubicaci\u00f3n de sus trenes y autobuses.<\/p>\n\n\n\n<h2 class=\"wp-block-heading\">Gesti\u00f3n inteligente del aparcamiento<\/h2>\n\n\n\n<p>El estacionamiento inteligente tambi\u00e9n puede ayudar a generar ingresos para la ciudad. Nadie quiere dar muchas vueltas en busca de plazas de aparcamiento. En una Smart City, los conductores pueden recibir alertas en sus dispositivos inform\u00e1ndoles que una se ha abierto.<\/p>\n\n\n\n<h3 class=\"wp-block-heading\">Ciudades m\u00e1s seguras<\/h3>\n\n\n\n<p>Una Smart City suele ser segura. Una tasa de criminalidad alta no es buena para ninguna ciudad. Las c\u00e1maras corporales, los detectores de disparos, el reconocimiento de matr\u00edculas y la detecci\u00f3n de voz son \u00fatiles. Tambi\u00e9n son valiosas las c\u00e1maras que detectan puertas abiertas y env\u00edan alertas a los propietarios. Este tipo de tecnolog\u00eda desalentar\u00e1 el crimen. Las fuerzas del orden los utilizan para hacer su trabajo menos extenuante.<\/p>\n\n\n\n<h2 class=\"wp-block-heading\">Acerca de la investigaci\u00f3n de mercado de ciudades inteligentes<\/h2>\n\n\n\n<p>The Smart <a href=\"https:\/\/www.sisinternational.com\/es\/soluciones\/grupos-de-enfoque\/instalaciones-para-grupos-focales-en-nueva-york\/\" title=\"Instalaciones para grupos focales en la ciudad de Nueva York\"  data-wpil-monitor-id=\"8865\">City would have to involve Focus Groups<\/a>, Interviews, and Surveys. Cites must know how to increase the ease of living for their citizens. The <a href=\"https:\/\/www.sisinternational.com\/es\/sis-application-of-quantitative-data-analytics-to-sensory-testing\/\" title=\"SIS Application of Quantitative Data Analytics to Sensory Testing\"  data-wpil-monitor-id=\"8870\">data gathered is both Qualitative and Quantitative<\/a>. Strategy Research is also important.<\/p>\n\n\n\n<p><\/p>","protected":false},"excerpt":{"rendered":"<p>Las ciudades inteligentes necesitan desarrolladores de software, bases de datos y plataformas. Crean aplicaciones que pueden realizar tareas que hacen que las ciudades sean seguras.<\/p>","protected":false},"author":1,"featured_media":64967,"parent":14514,"menu_order":148,"comment_status":"closed","ping_status":"closed","template":"","meta":{"footnotes":""},"class_list":["post-40968","page","type-page","status-publish","has-post-thumbnail"],"_links":{"self":[{"href":"https:\/\/www.sisinternational.com\/es\/wp-json\/wp\/v2\/pages\/40968","targetHints":{"allow":["GET"]}}],"collection":[{"href":"https:\/\/www.sisinternational.com\/es\/wp-json\/wp\/v2\/pages"}],"about":[{"href":"https:\/\/www.sisinternational.com\/es\/wp-json\/wp\/v2\/types\/page"}],"author":[{"embeddable":true,"href":"https:\/\/www.sisinternational.com\/es\/wp-json\/wp\/v2\/users\/1"}],"replies":[{"embeddable":true,"href":"https:\/\/www.sisinternational.com\/es\/wp-json\/wp\/v2\/comments?post=40968"}],"version-history":[{"count":4,"href":"https:\/\/www.sisinternational.com\/es\/wp-json\/wp\/v2\/pages\/40968\/revisions"}],"predecessor-version":[{"id":81490,"href":"https:\/\/www.sisinternational.com\/es\/wp-json\/wp\/v2\/pages\/40968\/revisions\/81490"}],"up":[{"embeddable":true,"href":"https:\/\/www.sisinternational.com\/es\/wp-json\/wp\/v2\/pages\/14514"}],"wp:featuredmedia":[{"embeddable":true,"href":"https:\/\/www.sisinternational.com\/es\/wp-json\/wp\/v2\/media\/64967"}],"wp:attachment":[{"href":"https:\/\/www.sisinternational.com\/es\/wp-json\/wp\/v2\/media?parent=40968"}],"curies":[{"name":"wp","href":"https:\/\/api.w.org\/{rel}","templated":true}]}}