{"id":40946,"date":"2022-10-28T01:26:25","date_gmt":"2022-10-28T01:26:25","guid":{"rendered":"https:\/\/www.sisinternational.com\/?page_id=40946"},"modified":"2025-10-01T22:35:17","modified_gmt":"2025-10-02T02:35:17","slug":"investigacion-de-mercado-en-guyana","status":"publish","type":"page","link":"https:\/\/www.sisinternational.com\/es\/cobertura\/latin-america\/investigacion-de-mercado-de-america-latina\/investigacion-de-mercado-en-guyana\/","title":{"rendered":"Investigaci\u00f3n de mercado en Guyana"},"content":{"rendered":"<h1 class=\"wp-block-heading\">Investigaci\u00f3n de mercado en Guyana<\/h1>\n\n\n\n<figure class=\"gb-block-image gb-block-image-c096b9c7\"><img loading=\"lazy\" decoding=\"async\" width=\"1456\" height=\"816\" class=\"gb-image gb-image-c096b9c7\" src=\"https:\/\/www.sisinternational.com\/wp-content\/uploads\/2025\/09\/Guyana-5.jpg\" alt=\"Investigaci\u00f3n y estrategia de mercado internacional de SIS\" title=\"Guyana (5)\" srcset=\"https:\/\/www.sisinternational.com\/wp-content\/uploads\/2025\/09\/Guyana-5.jpg 1456w, https:\/\/www.sisinternational.com\/wp-content\/uploads\/2025\/09\/Guyana-5-300x168.jpg 300w, https:\/\/www.sisinternational.com\/wp-content\/uploads\/2025\/09\/Guyana-5-1024x574.jpg 1024w, https:\/\/www.sisinternational.com\/wp-content\/uploads\/2025\/09\/Guyana-5-768x430.jpg 768w, https:\/\/www.sisinternational.com\/wp-content\/uploads\/2025\/09\/Guyana-5-18x10.jpg 18w\" sizes=\"auto, (max-width: 1456px) 100vw, 1456px\"><\/figure>\n\n\n\n<p><\/p>\n\n\n\n<hr class=\"wp-block-separator has-alpha-channel-opacity is-style-dots\"\/>\n\n\n\n<p>El hermoso pa\u00eds de Guyana es conocido en todo el mundo por su cultura. Adem\u00e1s, la selva tropical, la m\u00fasica de habla inglesa, el cricket y el calipso atraen a la gente. Guyana se encuentra a lo largo de la costa del norte de Am\u00e9rica del Sur. El pa\u00eds se liber\u00f3 del Reino Unido el 26 de mayo de 1966 y se convirti\u00f3 en rep\u00fablica el 23 de febrero de 1970. Despu\u00e9s de vivir bajo control holand\u00e9s durante muchos a\u00f1os, se uni\u00f3 a la Uni\u00f3n de Naciones Suramericanas como miembro fundador. .<\/p>\n\n\n\n<p>Hoy el pa\u00eds se destaca entre las muchas naciones del continente. Adem\u00e1s, es el \u00fanico pa\u00eds de esa regi\u00f3n donde el ingl\u00e9s es el idioma oficial. Guyana es un orgulloso miembro de la Comunidad del Caribe (CARICOM). Adem\u00e1s, tiene la oficina principal de CARICOM en su capital, Georgetown. Adem\u00e1s, Guyana ha tenido excelentes relaciones con China desde los a\u00f1os 1970. De hecho, fue el primer pa\u00eds del Caribe de habla inglesa en tener tales v\u00ednculos.<\/p>\n\n\n\n<p>El pa\u00eds tiene una historia rica y variada como colonia brit\u00e1nica. La regi\u00f3n es hogar de personas de \u00c1frica, India, Francia, Pa\u00edses Bajos y Portugal. Por supuesto, tambi\u00e9n los hay de herencia nativa.<\/p>\n\n\n\n<h2 class=\"wp-block-heading\">Barrios<\/h2>\n\n\n\n<p>Georgetown es la capital y el principal centro comercial y manufacturero del pa\u00eds. La ciudad tiene muchos edificios antiguos de estilo brit\u00e1nico y holand\u00e9s. Al ser la ciudad central, Georgetown tiene muchas cosas que hacer. Siempre hay cosas nuevas que probar e incluso m\u00e1s lugares que descubrir.<\/p>\n\n\n\n<p>Adem\u00e1s de la capital, hay muchas otras zonas conocidas. Estos incluyen Demerara, Bush Lot y el infame Jonestown (que Jim Jones hizo famoso en la d\u00e9cada de 1970).<\/p>\n\n\n\n<h2 class=\"wp-block-heading\">Industrias clave<\/h2>\n\n\n\n<p>Las principales industrias de Guyana son el procesamiento de productos agr\u00edcolas y la extracci\u00f3n de oro y diamantes. Los productos producidos a partir del agroprocesamiento provienen del arroz, la madera y el coco. Tambi\u00e9n hay sectores manufactureros ligeros, textiles y farmac\u00e9uticos aqu\u00ed y all\u00e1. Tanto empresas estatales como privadas son propietarias de estas entidades.<\/p>\n\n\n\n<p>Sin embargo, los mejores activos han sido sus recursos naturales. Algunos recursos naturales son las selvas tropicales, las plantaciones de ca\u00f1a de az\u00facar y los campos de arroz. El pa\u00eds tambi\u00e9n cuenta con reservas de bauxita, petr\u00f3leo y oro.<\/p>\n\n\n\n<h2 class=\"wp-block-heading\">Tendencias<\/h2>\n\n\n\n<p>El pa\u00eds se encuentra actualmente entre los de m\u00e1s r\u00e1pido crecimiento del mundo. Su PIB est\u00e1 aumentando debido al r\u00e1pido desarrollo de su sector de petr\u00f3leo y gas en alta mar.<\/p>\n\n\n\n<p>El crecimiento depende de los recursos naturales de un pa\u00eds. La agricultura y la miner\u00eda son las actividades m\u00e1s cr\u00edticas en Guyana, pero el az\u00facar, la bauxita, el arroz y el oro representan m\u00e1s de la mitad de los ingresos por exportaciones.<\/p>\n\n\n\n<h2 class=\"wp-block-heading\">Base de consumidores<\/h2>\n\n\n\n<p>El pa\u00eds est\u00e1 lleno de trabajadores entusiastas y les encanta relajarse para disfrutar de una buena fiesta con comida. Tambi\u00e9n disfrutan de actividades como el cricket y los desfiles callejeros. La gente trabaja duro en la tierra y en otros lugares para ganar dinero y disfrutar de sus pasatiempos y de la vida fuera del trabajo.<\/p>\n\n\n\n<h2 class=\"wp-block-heading\">Razones para iniciar un negocio en Guyana<\/h2>\n\n\n\n<p>A medida que Guyana sigue creciendo, se abren m\u00e1s caminos. Adem\u00e1s, debido a su ubicaci\u00f3n en Sudam\u00e9rica, el pa\u00eds tiene excelentes v\u00ednculos con Estados Unidos. La calidad de los bienes y servicios es alta. Motiva a las empresas y a los consumidores a seguir comprando.<\/p>\n\n\n\n<h3 class=\"wp-block-heading\">Otras razones para iniciar un negocio en Guyana incluyen:<\/h3>\n\n\n\n<ul class=\"wp-block-list\">\n<li>Mercados de inversi\u00f3n abiertos<\/li>\n\n\n\n<li>Muchos recursos naturales<\/li>\n\n\n\n<li>El ingl\u00e9s es la lengua oficial.<\/li>\n\n\n\n<li><a href=\"https:\/\/www.sisinternational.com\/es\/transportistas-de-bajo-coste-en-la-industria-de-la-aviacion\/\" title=\"Investigaci\u00f3n de mercado de aerol\u00edneas de bajo costo\"  data-wpil-monitor-id=\"7692\">Bajos costos operativos<\/a><\/li>\n<\/ul>\n\n\n\n<h2 class=\"wp-block-heading\">Acerca de la investigaci\u00f3n de mercado en Guyana<\/h2>\n\n\n\n<p>Launching your new business is one of the best decisions you will make for yourself. Hence the reason our company is always here and always ready to offer help. Our <a href=\"https:\/\/www.sisinternational.com\/es\/pericia\/industrias\/toma-de-decisiones-empresariales-investigacion-de-mercado\/\" title=\"Investigaci\u00f3n de mercado para tomadores de decisiones empresariales\"  data-wpil-monitor-id=\"7698\">business<\/a> goes the extra mile to do the best research for you. We have focus groups that do qualitative, quantitative, and strategic research. We are keen to help the status of any business that seeks our help. Also, we <a href=\"https:\/\/www.sisinternational.com\/es\/pericia\/industrias\/entrevistas-telefonicas-asistidas-por-computadora-investigacion-de-mercado\/\" title=\"Investigaci\u00f3n de mercado de entrevistas telef\u00f3nicas asistidas por computadora\"  data-wpil-monitor-id=\"7695\">assist in survey making and interviews<\/a>. We\u2019d love to help you in whatever area you\u2019d like. Your company will leave with nothing but the best. Call us today!<\/p>\n\n\n\n<p><\/p>","protected":false},"excerpt":{"rendered":"<p>El hermoso pa\u00eds de Guyana es conocido en todo el mundo por su cultura. Adem\u00e1s, la selva tropical, la m\u00fasica de habla inglesa, el cricket y el calipso atraen a la gente.<\/p>","protected":false},"author":1,"featured_media":66281,"parent":14351,"menu_order":23,"comment_status":"closed","ping_status":"closed","template":"","meta":{"footnotes":""},"class_list":["post-40946","page","type-page","status-publish","has-post-thumbnail"],"_links":{"self":[{"href":"https:\/\/www.sisinternational.com\/es\/wp-json\/wp\/v2\/pages\/40946","targetHints":{"allow":["GET"]}}],"collection":[{"href":"https:\/\/www.sisinternational.com\/es\/wp-json\/wp\/v2\/pages"}],"about":[{"href":"https:\/\/www.sisinternational.com\/es\/wp-json\/wp\/v2\/types\/page"}],"author":[{"embeddable":true,"href":"https:\/\/www.sisinternational.com\/es\/wp-json\/wp\/v2\/users\/1"}],"replies":[{"embeddable":true,"href":"https:\/\/www.sisinternational.com\/es\/wp-json\/wp\/v2\/comments?post=40946"}],"version-history":[{"count":4,"href":"https:\/\/www.sisinternational.com\/es\/wp-json\/wp\/v2\/pages\/40946\/revisions"}],"predecessor-version":[{"id":81298,"href":"https:\/\/www.sisinternational.com\/es\/wp-json\/wp\/v2\/pages\/40946\/revisions\/81298"}],"up":[{"embeddable":true,"href":"https:\/\/www.sisinternational.com\/es\/wp-json\/wp\/v2\/pages\/14351"}],"wp:featuredmedia":[{"embeddable":true,"href":"https:\/\/www.sisinternational.com\/es\/wp-json\/wp\/v2\/media\/66281"}],"wp:attachment":[{"href":"https:\/\/www.sisinternational.com\/es\/wp-json\/wp\/v2\/media?parent=40946"}],"curies":[{"name":"wp","href":"https:\/\/api.w.org\/{rel}","templated":true}]}}