{"id":40944,"date":"2022-10-28T00:36:41","date_gmt":"2022-10-28T00:36:41","guid":{"rendered":"https:\/\/www.sisinternational.com\/?page_id=40944"},"modified":"2025-10-01T22:32:59","modified_gmt":"2025-10-02T02:32:59","slug":"investigacion-de-mercado-en-la-guayana-francesa","status":"publish","type":"page","link":"https:\/\/www.sisinternational.com\/es\/cobertura\/latin-america\/investigacion-de-mercado-de-america-latina\/investigacion-de-mercado-en-la-guayana-francesa\/","title":{"rendered":"Investigaci\u00f3n de mercado en la Guayana Francesa"},"content":{"rendered":"<h1 class=\"wp-block-heading\">Investigaci\u00f3n de mercado en la Guayana Francesa<\/h1>\n\n\n\n<figure class=\"gb-block-image gb-block-image-9f8994b5\"><img loading=\"lazy\" decoding=\"async\" width=\"1456\" height=\"816\" class=\"gb-image gb-image-9f8994b5\" src=\"https:\/\/www.sisinternational.com\/wp-content\/uploads\/2025\/09\/French-Guiana-3.jpg\" alt=\"Investigaci\u00f3n y estrategia de mercado internacional de SIS\" title=\"French Guiana (3)\" srcset=\"https:\/\/www.sisinternational.com\/wp-content\/uploads\/2025\/09\/French-Guiana-3.jpg 1456w, https:\/\/www.sisinternational.com\/wp-content\/uploads\/2025\/09\/French-Guiana-3-300x168.jpg 300w, https:\/\/www.sisinternational.com\/wp-content\/uploads\/2025\/09\/French-Guiana-3-1024x574.jpg 1024w, https:\/\/www.sisinternational.com\/wp-content\/uploads\/2025\/09\/French-Guiana-3-768x430.jpg 768w, https:\/\/www.sisinternational.com\/wp-content\/uploads\/2025\/09\/French-Guiana-3-18x10.jpg 18w\" sizes=\"auto, (max-width: 1456px) 100vw, 1456px\"><\/figure>\n\n\n\n<p><\/p>\n\n\n\n<hr class=\"wp-block-separator has-alpha-channel-opacity is-style-dots\"\/>\n\n\n\n<p>French Guiana is a territory governed by France, located on the North Atlantic coast of the South American continent. Brazil borders it to the East and Suriname to the West. It is the second-largest land mass under French rule (after mainland France). Despite its deep connection to France, French Guiana\u2019s dependence on that country is starting to wane. One part of that process is growing its economy. The French Guianese are engaging in more and more trade, and any <a href=\"https:\/\/www.sisinternational.com\/es\/publicaciones\/investigacion-de-mercado-empresarial-escalable-7-formas-de-construir-un-negocio-escalable\/\" title=\"Investigaci\u00f3n de mercado empresarial escalable: 7 formas de construir un negocio escalable\"  data-wpil-monitor-id=\"7706\">business<\/a> that wants to move into that market needs good info. And thus, it needs some good market research.<\/p>\n\n\n\n<h2 class=\"wp-block-heading\">Industrias clave<\/h2>\n\n\n\n<p>Debido a los vastos bosques de la Guayana Francesa, hay muchos aserraderos. Tambi\u00e9n cuenta con muchas plantas procesadoras de madera. Sin embargo, las principales exportaciones de la regi\u00f3n son el oro y algunos otros metales preciosos. La Guayana Francesa tiene una industria espacial que ha contribuido al PIB del pa\u00eds desde la d\u00e9cada de 1960. Tambi\u00e9n tiene una gran industria pesquera. Esto no sorprende porque el pa\u00eds tiene una larga costa. La mayor\u00eda de los habitantes de la Guayana Francesa viven cerca de la costa debido a los numerosos beneficios que ofrece vivir cerca del agua. Por ejemplo, tienen acceso a mariscos frescos, un clima m\u00e1s templado y hermosos paisajes. A la gente tampoco le gusta vivir cerca del denso bosque con su gran cantidad de animales salvajes. Por lo tanto, las principales industrias del pa\u00eds est\u00e1n todas cerca de los puertos.<\/p>\n\n\n\n<h2 class=\"wp-block-heading\">Barrios<\/h2>\n\n\n\n<p>Rainforests cover most of the land in French Guiana because of its position near the equator and humid climate. The country is also the host to an array of flora and fauna, with over 5000 plant species native to French Guiana. It also boasts hundreds of different species of fish, mammals, birds, and amphibians. Despite the abundance of trees, the soil is poor for growing most crops. Most of the farming is around the Maroni river near the coast. So it\u2019s best for <a href=\"https:\/\/www.sisinternational.com\/es\/pericia\/industrias\/investigacion-de-mercado-de-recursos-naturales\/\" title=\"Investigaci\u00f3n de Mercado de Recursos Naturales\"  data-wpil-monitor-id=\"7693\">market entrants to focus their resources<\/a> where it\u2019s best to use them.<\/p>\n\n\n\n<h2 class=\"wp-block-heading\">Tendencias<\/h2>\n\n\n\n<p>Como muchos pa\u00edses de Am\u00e9rica del Sur, la Guayana Francesa tiene gente de diferentes or\u00edgenes. La mayor\u00eda de los residentes en la Guayana Francesa son nativos, y el resto de la poblaci\u00f3n est\u00e1 compuesta por inmigrantes de pa\u00edses vecinos y de Francia continental. Esta diversidad da lugar a muchos elementos culturales \u00fanicos en la Guayana Francesa.<\/p>\n\n\n\n<p>Para empezar, la cultura en la Guayana Francesa tiene profundas influencias criollas y amerindias, y muchos edificios lucen las caracter\u00edsticas distintivas de esa arquitectura mezclada con algunos elementos occidentales. Otro de los platos fuertes de la cultura Guayanesa Francesa es su Carnaval. Como muchas naciones de Am\u00e9rica del Sur y el Caribe, el Carnaval es una gran ocasi\u00f3n. La pasi\u00f3n y el arte de la gente est\u00e1n a la vista. Los vistosos disfraces son lo m\u00e1s destacado del a\u00f1o. Tambi\u00e9n lo son los bailes intensos y la m\u00fasica alegre.<\/p>\n\n\n\n<h2 class=\"wp-block-heading\">Beneficios y fortalezas en el mercado de la Guayana Francesa<\/h2>\n\n\n\n<p>From the 20th century onwards, there has been considerable growth in the economy of French Guiana. They have made strides to open themselves up to foreign businesses. Since most people live near the coast, most companies are there. Thus, a <a href=\"https:\/\/www.sisinternational.com\/es\/establecer-una-empresa-en-turquia\/\" title=\"Establecer una empresa en Turqu\u00eda\"  data-wpil-monitor-id=\"7702\">business looking to set<\/a> up in the area has easy access to the ports. It also has access to the consumers in the area. This location leads to quicker business growth. Why? Because it <a href=\"https:\/\/www.sisinternational.com\/es\/ser-ecologico-mejora-el-desempeno-en-recesion\/\" title=\"C\u00f3mo reducir costos en su negocio\"  data-wpil-monitor-id=\"7696\">cuts the cost<\/a> of transport and communication.<\/p>\n\n\n\n<h3 class=\"wp-block-heading\">Base de consumidores<\/h3>\n\n\n\n<p>Como su nombre lo indica, la mayor\u00eda de la poblaci\u00f3n habla franc\u00e9s o criollo franc\u00e9s. Eso es importante en cualquier campa\u00f1a de marketing. La gente all\u00ed necesita entender la marca y esta debe tener un impacto para ellos. Por lo tanto, ser\u00eda mejor para una nueva empresa establecer sus operaciones en \u00e1reas m\u00e1s pobladas y urbanas.<\/p>\n\n\n\n<h3 class=\"wp-block-heading\">Reasons to Grow Your Business in the French Guianese Market<\/h3>\n\n\n\n<p>For one, there are many young, ambitious people looking for jobs in the region. As a new business in the area, it\u2019s essential to have access to labor. Also, the territory is experiencing steady economic growth. Such growth means that many new industries are popping up. There are different spots in the market to fill. <a href=\"https:\/\/www.sisinternational.com\/es\/pericia\/curriculums-de-experiencia\/curriculum-de-experiencia-en-industria-de-bebidas-de-comida-rapida\/\" title=\"Experiencia en investigaci\u00f3n de mercado de comidas r\u00e1pidas y bebidas.\"  data-wpil-monitor-id=\"7700\">Market entrants need to move in fast<\/a> to ensure that their competitors don\u2019t push them out.<\/p>\n\n\n\n<h2 class=\"wp-block-heading\">Acerca de la investigaci\u00f3n de mercado en la Guayana Francesa<\/h2>\n\n\n\n<p>Al realizar cualquier investigaci\u00f3n de mercado, las nuevas empresas deben ser exhaustivas en su investigaci\u00f3n. Tambi\u00e9n es necesario conocer bien a los clientes. A pesar de algunas similitudes, la forma en que las personas se comunican puede ser bastante diferente. Comprender los matices es importante.<\/p>\n\n\n\n<p>French Guiana is under the direct jurisdiction of France, and the influence of that European country is very evident. Market entrants need to have locals that help them bridge the gap. They also need to use many data analysis <a href=\"https:\/\/www.sisinternational.com\/es\/sampling-techniques-in-qualitative-research-the-complete-guide-to-choosing-the-right-method\/\" title=\"Sampling Techniques in Qualitative Research: The Complete Guide to Choosing the Right Method\"  data-wpil-monitor-id=\"7704\">methods to ensure that they get complete<\/a> data. That means using both Qualitative and Quantitative methods. Those methods will be helpful whenever they do Surveys, Focus Groups, and Interviews.<\/p>\n\n\n\n<p><\/p>","protected":false},"excerpt":{"rendered":"<p>A partir del siglo XX, la econom\u00eda de la Guayana Francesa ha experimentado un crecimiento considerable. Han dado grandes pasos para abrirse a las empresas extranjeras.<\/p>","protected":false},"author":1,"featured_media":66270,"parent":14351,"menu_order":22,"comment_status":"closed","ping_status":"closed","template":"","meta":{"footnotes":""},"class_list":["post-40944","page","type-page","status-publish","has-post-thumbnail"],"_links":{"self":[{"href":"https:\/\/www.sisinternational.com\/es\/wp-json\/wp\/v2\/pages\/40944","targetHints":{"allow":["GET"]}}],"collection":[{"href":"https:\/\/www.sisinternational.com\/es\/wp-json\/wp\/v2\/pages"}],"about":[{"href":"https:\/\/www.sisinternational.com\/es\/wp-json\/wp\/v2\/types\/page"}],"author":[{"embeddable":true,"href":"https:\/\/www.sisinternational.com\/es\/wp-json\/wp\/v2\/users\/1"}],"replies":[{"embeddable":true,"href":"https:\/\/www.sisinternational.com\/es\/wp-json\/wp\/v2\/comments?post=40944"}],"version-history":[{"count":4,"href":"https:\/\/www.sisinternational.com\/es\/wp-json\/wp\/v2\/pages\/40944\/revisions"}],"predecessor-version":[{"id":81299,"href":"https:\/\/www.sisinternational.com\/es\/wp-json\/wp\/v2\/pages\/40944\/revisions\/81299"}],"up":[{"embeddable":true,"href":"https:\/\/www.sisinternational.com\/es\/wp-json\/wp\/v2\/pages\/14351"}],"wp:featuredmedia":[{"embeddable":true,"href":"https:\/\/www.sisinternational.com\/es\/wp-json\/wp\/v2\/media\/66270"}],"wp:attachment":[{"href":"https:\/\/www.sisinternational.com\/es\/wp-json\/wp\/v2\/media?parent=40944"}],"curies":[{"name":"wp","href":"https:\/\/api.w.org\/{rel}","templated":true}]}}