{"id":40928,"date":"2022-09-20T23:28:33","date_gmt":"2022-09-20T23:28:33","guid":{"rendered":"https:\/\/www.sisinternational.com\/?page_id=40928"},"modified":"2026-01-26T16:57:06","modified_gmt":"2026-01-26T21:57:06","slug":"investigacion-de-mercado-para-marcas-antiguas","status":"publish","type":"page","link":"https:\/\/www.sisinternational.com\/es\/pericia\/investigacion-de-mercado-para-marcas-antiguas\/","title":{"rendered":"Investigaci\u00f3n de mercado para marcas antiguas"},"content":{"rendered":"<h1 class=\"wp-block-heading\">Investigaci\u00f3n de mercado para marcas antiguas<\/h1>\n\n\n\n<figure class=\"gb-block-image gb-block-image-1123b83b\"><img loading=\"lazy\" decoding=\"async\" width=\"1456\" height=\"816\" class=\"gb-image gb-image-1123b83b\" src=\"https:\/\/www.sisinternational.com\/wp-content\/uploads\/2025\/09\/Predictive-analytics-22.jpg\" alt=\"Investigaci\u00f3n y estrategia de mercado internacional de SIS\" title=\"Predictive analytics (22)\" srcset=\"https:\/\/www.sisinternational.com\/wp-content\/uploads\/2025\/09\/Predictive-analytics-22.jpg 1456w, https:\/\/www.sisinternational.com\/wp-content\/uploads\/2025\/09\/Predictive-analytics-22-300x168.jpg 300w, https:\/\/www.sisinternational.com\/wp-content\/uploads\/2025\/09\/Predictive-analytics-22-1024x574.jpg 1024w, https:\/\/www.sisinternational.com\/wp-content\/uploads\/2025\/09\/Predictive-analytics-22-768x430.jpg 768w, https:\/\/www.sisinternational.com\/wp-content\/uploads\/2025\/09\/Predictive-analytics-22-18x10.jpg 18w\" sizes=\"auto, (max-width: 1456px) 100vw, 1456px\"><\/figure>\n\n\n\n<hr class=\"wp-block-separator has-alpha-channel-opacity is-style-dots\"\/>\n\n\n\n<p><\/p>\n\n\n\n<p>One can expect car design, computer operating systems, and clothing styles to change. Shouldn&#8217;t it be the same with the look of a brand? When is it time to give a brand an update? The first sign is a subtle change in what a <a href=\"https:\/\/www.sisinternational.com\/es\/mercado-de-publicidad-digital\/\" title=\"Marketing y publicidad en la era digital\"  data-wpil-monitor-id=\"1812\">brand is \u201cabout.\u201d Market<\/a> research is a critical element in expressing the new brand. Well-executed <a href=\"https:\/\/www.sisinternational.com\/es\/soluciones\/soluciones-de-branding-e-investigacion-de-clientes\/investigacion-de-mercado-de-diferenciacion-de-marca\/\" title=\"Investigaci\u00f3n de Mercado de Diferenciaci\u00f3n de Marca\"  data-wpil-monitor-id=\"2867\">investigaci\u00f3n de mercado<\/a> enables companies to redesign their brand. The end product should define what they do, who they are, and why people can count on them.<\/p>\n\n\n\n<h2 class=\"wp-block-heading\">Redefiniendo las marcas en una econom\u00eda global<\/h2>\n\n\n\n<p>Strong <a href=\"https:\/\/www.sisinternational.com\/es\/pericia\/industrias\/investigacion-de-mercado-de-marca\/\" title=\"Investigaci\u00f3n de mercado de marca\"  data-wpil-monitor-id=\"7072\">brands outpace the market<\/a> average. They also outstrip the financial markets index. Many businesses now reserve sizable portions of their marketing budgets for digital media. This digital budget is necessary to remain relevant in the marketplace. It also helps them to forge deeper connections with their customers.<\/p>\n\n\n\n<p>Adem\u00e1s, est\u00e1 evolucionando una nueva generaci\u00f3n de marcas globales. Las marcas m\u00e1s antiguas deber\u00edan tomar nota de las estrategias que utilizan. En los \u00faltimos a\u00f1os se ha convertido en una prioridad construir una cultura de marca s\u00f3lida y confiable. Los clientes deber\u00edan poder reconocer la cultura de la marca en cualquier parte del mundo. El auge de los canales digitales ha trasladado el \u00e9nfasis de la marca de la estructura a la cultura.<\/p>\n\n\n\n<p>The upswing of digital has also transformed the way marketers communicate. Marketers now connect with their agency partners and customers using digital technology. The primary <a href=\"https:\/\/www.sisinternational.com\/es\/el-mercado-libre-de-impuestos\/\" title=\"Investigaci\u00f3n de mercado libre de impuestos\"  data-wpil-monitor-id=\"6282\">duties and the central features of marketing<\/a> stay the same. The functions have had to increase in scope, though. The new tasks are to accommodate the shifting nature of the world in which brands operate.<\/p>\n\n\n\n<p>Un excelente ejemplo de una marca que se redefine en la econom\u00eda global es Wyndham Group. Wyndham es la empresa hotelera m\u00e1s grande del mundo con m\u00e1s de 7800 propiedades. La empresa renov\u00f3 recientemente sus 16 marcas. Tambi\u00e9n invirti\u00f3 en nueva tecnolog\u00eda y moderniz\u00f3 sus propiedades hoteleras. Adem\u00e1s, el grupo anunci\u00f3 nuevas asociaciones y beneficios para atender a los turistas con mentalidad econ\u00f3mica.<\/p>\n\n\n\n<h2 class=\"wp-block-heading\">Las marcas m\u00e1s antiguas deben mantenerse al d\u00eda con las marcas m\u00e1s nuevas<\/h2>\n\n\n\n<p>Algunas empresas venden hoy los mismos productos que en 1920. \u00bfC\u00f3mo lo hacen? Sus ofertas son tan valiosas y difundidas como lo eran hace cien a\u00f1os. A\u00fan as\u00ed, estas empresas saben que sus necesidades de marketing se adaptan a su audiencia en constante cambio. Por ejemplo, LEGO comenz\u00f3 como una peque\u00f1a empresa en 1939 fabricando juguetes de madera en Dinamarca. The LEGO Company desarroll\u00f3 recientemente un videojuego para PlayStation, Xbox y Nintendo.<\/p>\n\n\n\n<p>Otro ejemplo son los macarrones con queso Kraft. Kraft quer\u00eda acceder al mercado de los entusiastas de los alimentos saludables, pero no quer\u00eda asustar a los clientes. La empresa lanz\u00f3 el nuevo producto sin fanfarrias. Luego realizaron una campa\u00f1a en Twitter varios meses despu\u00e9s. Esta t\u00e1ctica dio a la gente tiempo suficiente para concluir que no notaron la diferencia.<\/p>\n\n\n\n<p>Las marcas que se apeguen a sus viejas costumbres perder\u00e1n su relevancia. Necesitan estar al tanto de las tendencias cambiantes. Kraft aprovech\u00f3 la creciente tendencia hacia opciones alimentarias m\u00e1s saludables y un estilo de vida limpio. Las experiencias tambi\u00e9n juegan un papel muy importante en el estilo de vida moderno. Las marcas inteligentes est\u00e1n prestando atenci\u00f3n a este nuevo desarrollo. Este concepto es lo que hay detr\u00e1s de LEGO&#039;S Legoland. La empresa present\u00f3 Legoland en 1968 y sigue siendo popular hoy en d\u00eda.<\/p>\n\n\n\n<h2 class=\"wp-block-heading\">C\u00f3mo reinventar marcas antiguas<\/h2>\n\n\n\n<p>Las marcas deben reflejar el mercado existente a medida que las empresas crecen y cambian. En definitiva, la competencia mejorar\u00e1 su marca. Adoptar\u00e1 logotipos m\u00e1s nuevos y desarrollar\u00e1 nuevas formas de conectarse con el p\u00fablico. Si las empresas deciden permanecer igual, terminar\u00e1n perdiendo su ventaja competitiva. Una actualizaci\u00f3n de marca le dice a la audiencia que la empresa es relevante y moderna. Tambi\u00e9n muestra una conexi\u00f3n entre una empresa y su industria.<\/p>\n\n\n\n<p>El truco para reinventar marcas antiguas es mantener un ojo de \u00e1guila en el cliente. Las empresas deben escuchar los deseos y necesidades del cliente. Deben utilizar esta informaci\u00f3n para crear y mantener la relevancia de la marca en el mundo actual. Tambi\u00e9n deben poder contar la historia de la marca para inspirar afinidad y la intenci\u00f3n de compra. Estos son los secretos que explican por qu\u00e9 algunas marcas siguen siendo relevantes y otras no. Los especialistas en marketing har\u00edan bien en prestar atenci\u00f3n y esforzarse siempre por alcanzar la relevancia, independientemente del mercado.<\/p>\n\n\n\n<p><\/p>","protected":false},"excerpt":{"rendered":"<p>Una investigaci\u00f3n de mercado bien ejecutada permite a las empresas redise\u00f1ar su marca. El producto final debe definir qu\u00e9 hacen, qui\u00e9nes son y por qu\u00e9 la gente puede contar con ellos.<\/p>","protected":false},"author":1,"featured_media":70175,"parent":14514,"menu_order":145,"comment_status":"closed","ping_status":"closed","template":"","meta":{"footnotes":""},"class_list":["post-40928","page","type-page","status-publish","has-post-thumbnail"],"_links":{"self":[{"href":"https:\/\/www.sisinternational.com\/es\/wp-json\/wp\/v2\/pages\/40928","targetHints":{"allow":["GET"]}}],"collection":[{"href":"https:\/\/www.sisinternational.com\/es\/wp-json\/wp\/v2\/pages"}],"about":[{"href":"https:\/\/www.sisinternational.com\/es\/wp-json\/wp\/v2\/types\/page"}],"author":[{"embeddable":true,"href":"https:\/\/www.sisinternational.com\/es\/wp-json\/wp\/v2\/users\/1"}],"replies":[{"embeddable":true,"href":"https:\/\/www.sisinternational.com\/es\/wp-json\/wp\/v2\/comments?post=40928"}],"version-history":[{"count":7,"href":"https:\/\/www.sisinternational.com\/es\/wp-json\/wp\/v2\/pages\/40928\/revisions"}],"predecessor-version":[{"id":80636,"href":"https:\/\/www.sisinternational.com\/es\/wp-json\/wp\/v2\/pages\/40928\/revisions\/80636"}],"up":[{"embeddable":true,"href":"https:\/\/www.sisinternational.com\/es\/wp-json\/wp\/v2\/pages\/14514"}],"wp:featuredmedia":[{"embeddable":true,"href":"https:\/\/www.sisinternational.com\/es\/wp-json\/wp\/v2\/media\/70175"}],"wp:attachment":[{"href":"https:\/\/www.sisinternational.com\/es\/wp-json\/wp\/v2\/media?parent=40928"}],"curies":[{"name":"wp","href":"https:\/\/api.w.org\/{rel}","templated":true}]}}