{"id":40923,"date":"2022-09-20T20:26:22","date_gmt":"2022-09-20T20:26:22","guid":{"rendered":"https:\/\/www.sisinternational.com\/?page_id=40923"},"modified":"2026-01-25T18:27:17","modified_gmt":"2026-01-25T23:27:17","slug":"investigacion-de-mercado-judio","status":"publish","type":"page","link":"https:\/\/www.sisinternational.com\/es\/pericia\/investigacion-de-mercado-judio\/","title":{"rendered":"Investigaci\u00f3n de mercado jud\u00edo"},"content":{"rendered":"<h1 class=\"wp-block-heading\">Investigaci\u00f3n de mercado jud\u00edo<\/h1>\n\n\n\n<figure class=\"gb-block-image gb-block-image-222a31c5\"><img loading=\"lazy\" decoding=\"async\" width=\"1456\" height=\"816\" class=\"gb-image gb-image-222a31c5\" src=\"https:\/\/www.sisinternational.com\/wp-content\/uploads\/2025\/08\/jewish-2.jpg\" alt=\"Investigaci\u00f3n y estrategia de mercado internacional de SIS\" title=\"jewish (2)\" srcset=\"https:\/\/www.sisinternational.com\/wp-content\/uploads\/2025\/08\/jewish-2.jpg 1456w, https:\/\/www.sisinternational.com\/wp-content\/uploads\/2025\/08\/jewish-2-300x168.jpg 300w, https:\/\/www.sisinternational.com\/wp-content\/uploads\/2025\/08\/jewish-2-1024x574.jpg 1024w, https:\/\/www.sisinternational.com\/wp-content\/uploads\/2025\/08\/jewish-2-768x430.jpg 768w, https:\/\/www.sisinternational.com\/wp-content\/uploads\/2025\/08\/jewish-2-18x10.jpg 18w\" sizes=\"auto, (max-width: 1456px) 100vw, 1456px\"><\/figure>\n\n\n\n<p><\/p>\n\n\n\n<hr class=\"wp-block-separator has-alpha-channel-opacity is-style-dots\"\/>\n\n\n\n<div class=\"wp-block-columns has-global-color-9-color has-text-color has-background has-link-color wp-elements-19bd3eb280d23ab045a99d0ba0076b81 is-layout-flex wp-container-core-columns-is-layout-9d6595d7 wp-block-columns-is-layout-flex\" style=\"background-color:#f7f9fa6e\">\n<div class=\"wp-block-column is-layout-flow wp-block-column-is-layout-flow\" style=\"flex-basis:18%\"><\/div>\n\n\n\n<div class=\"wp-block-column is-vertically-aligned-center is-layout-flow wp-block-column-is-layout-flow\" style=\"flex-basis:71.28%\">\n<div class=\"wp-block-rank-math-toc-block aligncenter has-global-color-9-color has-text-color has-link-color wp-elements-c23447f18bb99ce33478826f14dabac9\" style=\"font-size:16px\" id=\"rank-math-toc\"><h2><br><strong>t<\/strong>able of Contents<\/h2><nav><ul><li class=\"\"><a href=\"#who-are-the-jewish\">\u00bfQui\u00e9nes son los jud\u00edos?<\/a><\/li><li class=\"\"><a href=\"#why-are-the-jewish-important\">\u00bfPor qu\u00e9 son importantes los jud\u00edos?<\/a><\/li><li class=\"\"><a href=\"#key-job-titles\">T\u00edtulos de trabajo clave<\/a><\/li><li class=\"\"><a href=\"#key-success-factors-of-the-jewish\">Factores clave de \u00e9xito de los jud\u00edos<\/a><\/li><li class=\"\"><a href=\"#why-is-jewish-market-research-important\">\u00bfPor qu\u00e9 es importante la investigaci\u00f3n de mercado jud\u00eda?<\/a><\/li><li class=\"\"><a href=\"#about-jewish-market-research\">Acerca de la investigaci\u00f3n de mercado jud\u00eda<\/a><\/li><\/ul><\/nav><\/div>\n<\/div>\n<\/div>\n\n\n\n<p><\/p>\n\n\n\n<h2 class=\"wp-block-heading\" id=\"who-are-the-jewish\">\u00bfQui\u00e9nes son los jud\u00edos?<\/h2>\n\n\n\n<p>Seg\u00fan la &#039;ley jud\u00eda&#039;, un jud\u00edo es alguien que nace de padres jud\u00edos o alguien que se ha convertido al juda\u00edsmo. No todos los hijos de jud\u00edos son jud\u00edos. Dicho ni\u00f1o tendr\u00eda que haber crecido con pr\u00e1cticas jud\u00edas para ser miembro de pleno derecho.<\/p>\n\n\n\n<h2 class=\"wp-block-heading\" id=\"why-are-the-jewish-important\">\u00bfPor qu\u00e9 son importantes los jud\u00edos?<\/h2>\n\n\n\n<p>Los hombres y mujeres jud\u00edos han hecho algunas de las contribuciones m\u00e1s significativas a nuestra sociedad. Estos han servido para cambiar la vida de muchas personas hoy en d\u00eda en la ciencia, la artesan\u00eda, la alimentaci\u00f3n, la danza y las finanzas empresariales. Tambi\u00e9n inventaron el cemento hace miles de a\u00f1os en Jeric\u00f3. En la \u00e9poca medieval ayudaron a los chinos a crear papel moneda.<\/p>\n\n\n\n<p>Los jud\u00edos son los autores intelectuales de muchos de nuestros avances m\u00e9dicos. Desarrollaron vacunas contra el c\u00f3lera, la peste bub\u00f3nica y la polio y tambi\u00e9n son pioneros en ingenier\u00eda gen\u00e9tica.<\/p>\n\n\n\n<h3 class=\"wp-block-heading\">Algunos inventos con mentes jud\u00edas detr\u00e1s son;<\/h3>\n\n\n\n<ul class=\"wp-block-list\">\n<li>La creaci\u00f3n de los primeros reactores para cohetes de la NASA (Theodore von K\u00e1rm\u00e1n).<\/li>\n\n\n\n<li>Protocolos de Internet y la World Wide Web (Bob Kahn).<\/li>\n\n\n\n<li>Facebook (Mark Zuckerberg).<\/li>\n\n\n\n<li>La leyenda del c\u00f3mic Stan Lee creci\u00f3 en un hogar jud\u00edo.<\/li>\n<\/ul>\n\n\n\n<h3 class=\"wp-block-heading\">Los jud\u00edos son una poblaci\u00f3n importante en los Estados Unidos. Representan 2,21 TP3T de la poblaci\u00f3n total.<\/h3>\n\n\n\n<p>Los jud\u00edos son un grupo demogr\u00e1fico importante para los especialistas en marketing. Suelen ser m\u00e1s educados y ricos que otros grupos. Tambi\u00e9n tienen una alta propensi\u00f3n a gastar en art\u00edculos de lujo. Otra de sus fuertes tradiciones es la filantrop\u00eda. Esta tradici\u00f3n tambi\u00e9n puede generar m\u00e1s donaciones por parte de ellos.<\/p>\n\n\n\n<p>El mercado jud\u00edo es esencial porque es una minor\u00eda influyente con mucho dinero para gastar. Adem\u00e1s, el hecho de que est\u00e9 dispuesto a donar dinero es una bendici\u00f3n.<\/p>\n\n\n\n<h2 class=\"wp-block-heading\" id=\"key-job-titles\">T\u00edtulos de trabajo clave<\/h2>\n\n\n\n<figure class=\"gb-block-image gb-block-image-835d0060\"><img loading=\"lazy\" decoding=\"async\" width=\"1456\" height=\"816\" class=\"gb-image gb-image-835d0060\" src=\"https:\/\/www.sisinternational.com\/wp-content\/uploads\/2025\/08\/jewish-1.jpg\" alt=\"Investigaci\u00f3n y estrategia de mercado internacional de SIS\" title=\"jewish (1)\" srcset=\"https:\/\/www.sisinternational.com\/wp-content\/uploads\/2025\/08\/jewish-1.jpg 1456w, https:\/\/www.sisinternational.com\/wp-content\/uploads\/2025\/08\/jewish-1-300x168.jpg 300w, https:\/\/www.sisinternational.com\/wp-content\/uploads\/2025\/08\/jewish-1-1024x574.jpg 1024w, https:\/\/www.sisinternational.com\/wp-content\/uploads\/2025\/08\/jewish-1-768x430.jpg 768w, https:\/\/www.sisinternational.com\/wp-content\/uploads\/2025\/08\/jewish-1-18x10.jpg 18w\" sizes=\"auto, (max-width: 1456px) 100vw, 1456px\"><\/figure>\n\n\n\n<p><\/p>\n\n\n\n<p>La Biblia jud\u00eda permite que la gente preste dinero con intereses a un \u201cextra\u00f1o\u201d. Pero se lo proh\u00edbe a un \u201chermano\u201d (compa\u00f1ero jud\u00edo). Por tanto, los jud\u00edos ve\u00edan el pr\u00e9stamo de dinero como una empresa con grandes beneficios y poco riesgo. Adem\u00e1s, las familias jud\u00edas est\u00e1n detr\u00e1s de algunos de los nombres m\u00e1s conocidos de la banca y las finanzas. Entre ellos se incluyen Goldman Sachs, los Rothschild y los ahora desaparecidos Lehman Brothers.<\/p>\n\n\n\n<p>En 1290, Eduardo I expuls\u00f3 a toda la poblaci\u00f3n jud\u00eda de Inglaterra. Debido a este exilio, no pod\u00edan comprar tierras y no ten\u00edan otro medio de vida que el comercio. El comercio es uno de los factores m\u00e1s importantes de la riqueza jud\u00eda actual. Muchos se convierten en vendedores para continuar con la tradici\u00f3n.<\/p>\n\n\n\n<p>Dado que s\u00f3lo 2,21 TP3T de la poblaci\u00f3n estadounidense es jud\u00eda, es incre\u00edble que los marcadores kosher dominen tanto. Una raz\u00f3n de esto puede ser los beneficios para la salud que tiene la comida kosher.<\/p>\n\n\n\n<h2 class=\"wp-block-heading\" id=\"key-success-factors-of-the-jewish\">Factores clave de \u00e9xito de los jud\u00edos<\/h2>\n\n\n\n<p>Los jud\u00edos son uno de los grupos de personas m\u00e1s ricos del mundo. Esta riqueza se debe en parte a su origen cultural. Algunos factores cr\u00edticos para este \u00e9xito son su religi\u00f3n y buenas pr\u00e1cticas comerciales. En la Tor\u00e1, los fil\u00f3sofos y l\u00edderes jud\u00edos establecen c\u00f3mo debe administrar un jud\u00edo sus negocios y su hogar.<\/p>\n\n\n\n<p>Los jud\u00edos son resilientes y capaces de perseverar en situaciones dif\u00edciles. Esta resiliencia puede deberse a sus ense\u00f1anzas espirituales. El fracaso no los desanima. Sus penurias, como se ve en la historia, son ejemplo de ello. Cuando las cosas van mal en los negocios, algo que casi siempre sucede, no se centran en el fracaso. En cambio, buscan formas de mejorar para reducir las posibilidades de que eso vuelva a suceder.<\/p>\n\n\n\n<p>Los jud\u00edos son el grupo religioso m\u00e1s educado del mundo. Los jud\u00edos reciben un promedio de 13,4 a\u00f1os de escolaridad postsecundaria. Tambi\u00e9n forman parte de los grupos m\u00e1s cualificados del mundo actual.<\/p>\n\n\n\n<p>Tienen un v\u00ednculo especial entre s\u00ed. En el juda\u00edsmo, la riqueza no es s\u00f3lo para acumular. La gente tambi\u00e9n debe difundirlo en la comunidad para construir y beneficiar a todos. Los jud\u00edos fueron uno de los primeros pueblos en utilizar la globalizaci\u00f3n y las redes para aumentar la riqueza.<\/p>\n\n\n\n<h2 class=\"wp-block-heading\" id=\"why-is-jewish-market-research-important\">\u00bfPor qu\u00e9 es importante la investigaci\u00f3n de mercado jud\u00eda?<\/h2>\n\n\n\n<p>Los jud\u00edos pertenecen a los grupos religiosos m\u00e1s educados. Son trabajadores, resilientes y motivados por la fe. Tambi\u00e9n tienen profundas ra\u00edces en su comunidad. Los valores fundamentales de la fe jud\u00eda son la justicia, la bondad, la caridad y la curaci\u00f3n. El juda\u00edsmo ense\u00f1a que todos tienen un papel en ayudar a quienes viven en la pobreza.<\/p>\n\n\n\n<p>Los jud\u00edos y el juda\u00edsmo tambi\u00e9n comparten un papel importante en el desarrollo del cristianismo actual, y el juda\u00edsmo ha impactado algunas de las doctrinas e ideas centrales. Los jud\u00edos tambi\u00e9n fueron uno de los primeros en luchar contra la desigualdad. La lucha jud\u00eda cre\u00f3 un marco revolucionario. Ese marco se ha transferido a la sociedad moderna actual. La persistencia de los jud\u00edos que en el pasado lucharon contra la desigualdad es inspiradora. Ha inspirado al mundo de hoy.<\/p>\n\n\n\n<p>Los jud\u00edos fueron en un momento uno de los grupos m\u00e1s oprimidos. Con resiliencia, lucharon por su libertad. Tambi\u00e9n son un ejemplo para cualquier grupo o pa\u00eds de que la libertad humana es un derecho. Su historia anima a la gente a luchar contra la desigualdad en el mundo.<\/p>\n\n\n\n<p><\/p>\n\n\n\n<!DOCTYPE html>\n<html lang=\"en\">\n<head>\n    <meta charset=\"UTF-8\">\n    <meta name=\"viewport\" content=\"width=device-width, initial-scale=1.0\">\n    <title>AI Blog Banner<\/title>\n    <style>\n        * {\n            margin: 0;\n            padding: 0;\n            box-sizing: border-box;\n        }\n\n        .banner {\n            position: relative;\n            width: 100%;\n            height: 350px;\n            overflow: hidden;\n            display: flex;\n            align-items: center;\n            justify-content: center;\n            font-family: 'Arial', sans-serif;\n            border-radius: 25px;\n        }\n\n        .animated-background {\n            position: absolute;\n            top: 0;\n            left: 0;\n            width: 100%;\n            height: 100%;\n            background: linear-gradient(45deg, #003f6b, #2d5a7b, #003f6b, #2d5a7b);\n            background-size: 400% 400%;\n            animation: gradientMove 8s ease-in-out infinite;\n        }\n\n        .ai-pattern {\n            position: absolute;\n            top: 0;\n            left: 0;\n            width: 100%;\n            height: 100%;\n            opacity: 0.1;\n            background-image: \n                radial-gradient(circle at 20% 20%, rgba(255,255,255,0.3) 2px, transparent 2px),\n                radial-gradient(circle at 80% 80%, rgba(255,255,255,0.2) 1px, transparent 1px),\n                radial-gradient(circle at 40% 60%, rgba(255,255,255,0.15) 1.5px, transparent 1.5px),\n                radial-gradient(circle at 60% 20%, rgba(255,255,255,0.25) 1px, transparent 1px),\n                radial-gradient(circle at 80% 40%, rgba(255,255,255,0.2) 2px, transparent 2px);\n            background-size: 100px 100px, 150px 150px, 80px 80px, 120px 120px, 90px 90px;\n            animation: patternFloat 12s linear infinite;\n        }\n\n        .neural-network {\n            position: absolute;\n            top: 0;\n            left: 0;\n            width: 100%;\n            height: 100%;\n            opacity: 0.08;\n        }\n\n        .neural-line {\n            position: absolute;\n            height: 1px;\n            background: linear-gradient(90deg, transparent, rgba(255,255,255,0.5), transparent);\n            animation: neuralPulse 6s ease-in-out infinite;\n        }\n\n        .neural-line:nth-child(1) {\n            top: 30%;\n            left: 0;\n            width: 60%;\n            animation-delay: 0s;\n        }\n\n        .neural-line:nth-child(2) {\n            top: 50%;\n            right: 0;\n            width: 70%;\n            animation-delay: 2s;\n        }\n\n        .neural-line:nth-child(3) {\n            top: 70%;\n            left: 20%;\n            width: 50%;\n            animation-delay: 4s;\n        }\n\n        .content {\n            position: relative;\n            z-index: 10;\n            text-align: center;\n            color: white !important;\n            max-width: 800px;\n            padding: 30px;\n        }\n\n        .content * {\n            color: white !important;\n        }\n\n        .cta-text {\n            font-size: 1.9rem;\n            font-weight: 700;\n            margin-bottom: 15px;\n            color: white !important;\n            background: linear-gradient(90deg, rgba(255,255,255,0.6), rgba(255,255,255,1), rgba(230,230,230,1), rgba(255,255,255,1), rgba(240,240,240,0.8), rgba(255,255,255,0.6));\n            background-size: 200% 100%;\n            -webkit-background-clip: text;\n            -webkit-text-fill-color: transparent;\n            background-clip: text;\n            animation: shineEffect 10s ease-in-out infinite;\n            line-height: 1.3;\n        }\n\n        .cta-subheading {\n            font-size: 1rem;\n            font-weight: 400;\n            margin-bottom: 25px;\n            color: white !important;\n            line-height: 1.6;\n            opacity: 0.95;\n        }\n\n        .cta-button {\n            background: linear-gradient(135deg, #8a6b0f, #bd9013, #d4a519);\n            border: 2px solid #8a6b0f;\n            color: white !important;\n            padding: 18px 40px;\n            font-size: 1.2rem;\n            font-weight: 600;\n            border-radius: 50px;\n            cursor: pointer;\n            transition: all 0.3s ease;\n            text-decoration: none;\n            display: inline-block;\n            position: relative;\n            overflow: hidden;\n        }\n\n        .cta-button::before {\n            content: '';\n            position: absolute;\n            top: 0;\n            left: -100%;\n            width: 100%;\n            height: 100%;\n            background: linear-gradient(90deg, \n                transparent 0%, \n                rgba(255, 255, 255, 0.3) 25%,\n                rgba(255, 255, 255, 0.6) 50%,\n                rgba(255, 255, 255, 0.3) 75%,\n                transparent 100%);\n            animation: shine 3s ease-in-out infinite;\n        }\n\n        .cta-button:hover {\n            transform: translateY(-3px);\n            box-shadow: 0 10px 25px rgba(0,0,0,0.2);\n            border-color: #bd9013;\n            background: linear-gradient(135deg, #bd9013, #d4a519, #e6b61f);\n        }\n\n        .floating-elements {\n            position: absolute;\n            top: 0;\n            left: 0;\n            width: 100%;\n            height: 100%;\n            pointer-events: none;\n        }\n\n        .floating-circle {\n            position: absolute;\n            border-radius: 50%;\n            background: rgba(255,255,255,0.1);\n            animation: float 8s ease-in-out infinite;\n        }\n\n        .floating-circle:nth-child(1) {\n            width: 80px;\n            height: 80px;\n            top: 20%;\n            left: 10%;\n            animation-delay: 0s;\n        }\n\n        .floating-circle:nth-child(2) {\n            width: 60px;\n            height: 60px;\n            top: 60%;\n            right: 15%;\n            animation-delay: 3s;\n        }\n\n        .floating-circle:nth-child(3) {\n            width: 40px;\n            height: 40px;\n            top: 80%;\n            left: 80%;\n            animation-delay: 6s;\n        }\n\n        .floating-circle:nth-child(4) {\n            width: 70px;\n            height: 70px;\n            top: 10%;\n            right: 20%;\n            animation-delay: 1.5s;\n        }\n\n        .floating-circle:nth-child(5) {\n            width: 50px;\n            height: 50px;\n            top: 75%;\n            left: 30%;\n            animation-delay: 4.5s;\n        }\n\n        @keyframes gradientMove {\n            0% { background-position: 0% 50%; }\n            25% { background-position: 100% 50%; }\n            50% { background-position: 100% 100%; }\n            75% { background-position: 0% 100%; }\n            100% { background-position: 0% 50%; }\n        }\n\n        @keyframes patternFloat {\n            0% { transform: translateX(0) translateY(0); }\n            33% { transform: translateX(30px) translateY(-20px); }\n            66% { transform: translateX(-20px) translateY(10px); }\n            100% { transform: translateX(0) translateY(0); }\n        }\n\n        @keyframes neuralPulse {\n            0%, 100% { opacity: 0.08; }\n            50% { opacity: 0.2; }\n        }\n\n        @keyframes shineEffect {\n            0% { background-position: 200% 0; }\n            100% { background-position: -200% 0; }\n        }\n\n        @keyframes shine {\n            0% {\n                left: -100%;\n            }\n            20%, 100% {\n                left: 100%;\n            }\n        }\n\n        @keyframes float {\n            0%, 100% { transform: translateY(0px) rotate(0deg); }\n            33% { transform: translateY(-30px) rotate(120deg); }\n            66% { transform: translateY(15px) rotate(240deg); }\n        }\n\n        @media (max-width: 768px) {\n            .banner {\n                height: 320px;\n                padding: 30px 0;\n            }\n            \n            .content {\n                padding: 40px 20px;\n            }\n            \n            .cta-text {\n                font-size: 1.3rem;\n                margin-bottom: 12px;\n            }\n            \n            .cta-subheading {\n                font-size: 0.85rem;\n                margin-bottom: 20px;\n            }\n            \n            .cta-button {\n                padding: 14px 28px;\n                font-size: 0.95rem;\n            }\n        }\n    <\/style>\n<\/head>\n<body>\n    <div class=\"banner\">\n        <div class=\"animated-background\"><\/div>\n        \n        <div class=\"ai-pattern\"><\/div>\n        \n        <div class=\"neural-network\">\n            <div class=\"neural-line\"><\/div>\n            <div class=\"neural-line\"><\/div>\n            <div class=\"neural-line\"><\/div>\n        <\/div>\n        \n        <div class=\"floating-elements\">\n            <div class=\"floating-circle\"><\/div>\n            <div class=\"floating-circle\"><\/div>\n            <div class=\"floating-circle\"><\/div>\n            <div class=\"floating-circle\"><\/div>\n            <div class=\"floating-circle\"><\/div>\n        <\/div>\n        \n        <div class=\"content\">\n            <div class=\"cta-text\">Ready to explore the insights that drive smarter decisions?<\/div>\n            <div class=\"cta-subheading\">Contact our Research experts today.<\/div>\n            <a href=\"mailto:Research@sisinternational.com\" class=\"cta-button\">Contact us now!<\/a>\n        <\/div>\n    <\/div>\n<\/body>\n<\/html>\n\n\n\n<p><\/p>\n\n\n\n<h2 class=\"wp-block-heading\" id=\"about-jewish-market-research\">Acerca de la investigaci\u00f3n de mercado jud\u00eda<\/h2>\n\n\n\n<p>The Jewish market is an important and fast-growing demographic to <a href=\"https:\/\/www.sisinternational.com\/es\/pericia\/industrias\/investigacion-de-mercado-de-vacio\/\" title=\"Investigaci\u00f3n de mercado de vac\u00edo\"  data-wpil-monitor-id=\"4883\">investigaci\u00f3n<\/a>. For years, they have been an underserved group. With the growth of social media and online retail, there is more opportunity. Brands can now reach this demographic.<\/p>\n\n\n\n<p>Es fundamental utilizar investigaciones cuantitativas y cualitativas para iniciar este proceso. La investigaci\u00f3n estrat\u00e9gica tambi\u00e9n es vital. Las empresas tambi\u00e9n han tenido \u00e9xito con entrevistas, encuestas y grupos focales.<\/p>\n\n\n<h2>Nuestra ubicaci\u00f3n de instalaciones en Nueva York<\/h2>\n<p><!-- \/wp:post-content --> <!-- wp:html --> <iframe loading=\"lazy\" src=\"https:\/\/www.google.com\/maps\/embed?pb=!1m18!1m12!1m3!1d3022.976188376966!2d-73.99130312499956!3d40.740549471389315!2m3!1f0!2f0!3f0!3m2!1i1024!2i768!4f13.1!3m3!1m2!1s0x89c259a15798c731%3A0xd695d09bdd495f25!2s11%20E%2022nd%20St%20FL%202%2C%20New%20York%2C%20NY%2010010%2C%20USA!5e0!3m2!1sen!2spe!4v1726171763526!5m2!1sen!2spe\" width=\"600\" height=\"450\" allowfullscreen=\"allowfullscreen\" data-mce-fragment=\"1\"><\/iframe> <!-- \/wp:html --> <!-- wp:paragraph --><\/p>\n<h3 class=\"wp-block-heading\">11 E 22nd Street, Piso 2, Nueva York, NY 10010 T: +1(212) 505-6805<\/h3>\n<hr \/>\n<h2><span style=\"font-weight: 400;\">Acerca de SIS Internacional<\/span><\/h2>\n<p><a href=\"https:\/\/www.sisinternational.com\/es\/\"><span style=\"font-weight: 400;\">SIS Internacional<\/span><\/a><span style=\"font-weight: 400;\"> ofrece investigaci\u00f3n cuantitativa, cualitativa y estrat\u00e9gica. Proporcionamos datos, herramientas, estrategias, informes y conocimientos para la toma de decisiones. Tambi\u00e9n realizamos entrevistas, encuestas, grupos focales y otros m\u00e9todos y enfoques de investigaci\u00f3n de mercado.<\/span><a href=\"https:\/\/www.sisinternational.com\/es\/sobre-la-investigacion-internacional-de-sis\/contact-sis-international-market-research\/\"><span style=\"font-weight: 400;\"> P\u00f3ngase en contacto con nosotros<\/span><\/a><span style=\"font-weight: 400;\"> para su pr\u00f3ximo proyecto de Investigaci\u00f3n de Mercado.<\/span><\/p>\n\n<!-- wp:paragraph -->\n<p><\/p>\n<!-- \/wp:paragraph -->","protected":false},"excerpt":{"rendered":"<p>Los hombres y mujeres jud\u00edos han hecho algunas de las contribuciones m\u00e1s significativas a nuestra sociedad. Estos han servido para cambiar la vida de muchas personas hoy en d\u00eda.<\/p>","protected":false},"author":1,"featured_media":63222,"parent":14514,"menu_order":144,"comment_status":"closed","ping_status":"closed","template":"","meta":{"footnotes":""},"class_list":["post-40923","page","type-page","status-publish","has-post-thumbnail"],"_links":{"self":[{"href":"https:\/\/www.sisinternational.com\/es\/wp-json\/wp\/v2\/pages\/40923","targetHints":{"allow":["GET"]}}],"collection":[{"href":"https:\/\/www.sisinternational.com\/es\/wp-json\/wp\/v2\/pages"}],"about":[{"href":"https:\/\/www.sisinternational.com\/es\/wp-json\/wp\/v2\/types\/page"}],"author":[{"embeddable":true,"href":"https:\/\/www.sisinternational.com\/es\/wp-json\/wp\/v2\/users\/1"}],"replies":[{"embeddable":true,"href":"https:\/\/www.sisinternational.com\/es\/wp-json\/wp\/v2\/comments?post=40923"}],"version-history":[{"count":8,"href":"https:\/\/www.sisinternational.com\/es\/wp-json\/wp\/v2\/pages\/40923\/revisions"}],"predecessor-version":[{"id":78820,"href":"https:\/\/www.sisinternational.com\/es\/wp-json\/wp\/v2\/pages\/40923\/revisions\/78820"}],"up":[{"embeddable":true,"href":"https:\/\/www.sisinternational.com\/es\/wp-json\/wp\/v2\/pages\/14514"}],"wp:featuredmedia":[{"embeddable":true,"href":"https:\/\/www.sisinternational.com\/es\/wp-json\/wp\/v2\/media\/63222"}],"wp:attachment":[{"href":"https:\/\/www.sisinternational.com\/es\/wp-json\/wp\/v2\/media?parent=40923"}],"curies":[{"name":"wp","href":"https:\/\/api.w.org\/{rel}","templated":true}]}}