{"id":40745,"date":"2022-06-27T04:54:55","date_gmt":"2022-06-27T04:54:55","guid":{"rendered":"https:\/\/www.sisinternational.com\/?page_id=40745"},"modified":"2026-01-27T15:19:53","modified_gmt":"2026-01-27T20:19:53","slug":"haga-que-su-negocio-sea-a-prueba-de-recesion","status":"publish","type":"page","link":"https:\/\/www.sisinternational.com\/es\/publicaciones\/haga-que-su-negocio-sea-a-prueba-de-recesion\/","title":{"rendered":"Haga que su negocio est\u00e9 a prueba de recesi\u00f3n"},"content":{"rendered":"<h1 class=\"wp-block-heading\"><span lang=\"en-US\">Haga que su negocio est\u00e9 a prueba de recesi\u00f3n<\/span><\/h1>\n\n\n\n<figure class=\"gb-block-image gb-block-image-034de674\"><img loading=\"lazy\" decoding=\"async\" width=\"1456\" height=\"816\" class=\"gb-image gb-image-034de674\" src=\"https:\/\/www.sisinternational.com\/wp-content\/uploads\/2025\/09\/Predictive-analytics-74.jpg\" alt=\"Investigaci\u00f3n y estrategia de mercado internacional de SIS\" title=\"Predictive analytics (74)\" srcset=\"https:\/\/www.sisinternational.com\/wp-content\/uploads\/2025\/09\/Predictive-analytics-74.jpg 1456w, https:\/\/www.sisinternational.com\/wp-content\/uploads\/2025\/09\/Predictive-analytics-74-300x168.jpg 300w, https:\/\/www.sisinternational.com\/wp-content\/uploads\/2025\/09\/Predictive-analytics-74-1024x574.jpg 1024w, https:\/\/www.sisinternational.com\/wp-content\/uploads\/2025\/09\/Predictive-analytics-74-768x430.jpg 768w, https:\/\/www.sisinternational.com\/wp-content\/uploads\/2025\/09\/Predictive-analytics-74-18x10.jpg 18w\" sizes=\"auto, (max-width: 1456px) 100vw, 1456px\"><\/figure>\n\n\n\n<p><\/p>\n\n\n\n<hr class=\"wp-block-separator has-alpha-channel-opacity is-style-dots\"\/>\n\n\n\n<p><span lang=\"en-US\">Las peque\u00f1as empresas son especialmente susceptibles a una reducci\u00f3n de las ventas. Tambi\u00e9n son vulnerables a la ca\u00edda de la confianza de los consumidores. Muchos no tienen recursos que les ayuden a sobrevivir en tiempos dif\u00edciles. Al implementar algunas pr\u00e1cticas, puede proteger su negocio de la recesi\u00f3n. Por ejemplo, puede crear su base de clientes y proteger su flujo de caja. <\/span><\/p>\n\n\n\n<h2 class=\"wp-block-heading\" id=\"ensure-that-your-company-survives-and-even-thrives-in-the-current-recession-here-are-20-ways-to-make-your-business-recession-proof\"><span lang=\"en-US\">Aseg\u00farese de que su empresa sobreviva e incluso prospere en la recesi\u00f3n actual. Aqu\u00ed hay 20 formas de hacer que su empresa est\u00e9 a prueba de recesi\u00f3n:<\/span><\/h2>\n\n\n\n<p><span style=\"color: #0b5d95;\"><strong><span lang=\"en-US\">1. Identifique el espacio en blanco: haga lo que otros no hacen<\/span><\/strong><\/span><\/p>\n\n\n\n<p><span lang=\"en-US\">Explore el entorno competitivo y encuentre el espacio en blanco que pueda &quot;poseer&quot;. Esta exploraci\u00f3n le brinda la oportunidad de recalibrar su enfoque comercial. Tambi\u00e9n le ayuda a definir qu\u00e9 hace que su oferta sea \u00fanica y valiosa para los consumidores. Finalmente, mejora tu marca.<\/span><\/p>\n\n\n\n<p><span style=\"color: #0b5d95;\"><strong><span lang=\"en-US\">2. Invertir y adoptar tecnolog\u00edas asequibles<\/span><\/strong><\/span><\/p>\n\n\n\n<p><span lang=\"en-US\">\u00bfEst\u00e1 su empresa al d\u00eda con los \u00faltimos avances en energ\u00eda renovable? \u00bfQu\u00e9 pasa con la impresi\u00f3n 3D y el potencial del trabajo remoto? Si no conoce estos avances, corre el riesgo de quedarse atr\u00e1s. Invertir y adoptar tecnolog\u00edas asequibles ahorra tiempo y mejora la seguridad. Tambi\u00e9n ayuda a que tu marca se vuelva visible y permite una mejor interacci\u00f3n con los clientes.<\/span><\/p>\n\n\n\n<p><span style=\"color: #0b5d95;\"><strong><span lang=\"en-US\">3. Automatizar<\/span><\/strong><\/span><\/p>\n\n\n\n<p><span lang=\"en-US\">La automatizaci\u00f3n libera tiempo y permite que sus trabajadores se concentren en tareas cr\u00edticas. Pueden mantener el equilibrio y eliminar tareas repetitivas del flujo de trabajo diario. La automatizaci\u00f3n tambi\u00e9n permite que los equipos se conecten. Define flujos de trabajo para todos los trabajos y proporciona responsabilidad.<\/span><\/p>\n\n\n\n<p><span style=\"color: #0b5d95;\"><strong><span lang=\"en-US\">4. Escale su negocio<\/span><\/strong><\/span><\/p>\n\n\n\n<p><span lang=\"en-US\">La escalabilidad tiene que ver con la capacidad. \u00bfPuede tu negocio crecer? Tambi\u00e9n se trata de capacidad. \u00bfSu infraestructura, sus sistemas comerciales y su equipo podr\u00e1n adaptarse al crecimiento? Cuando escala su negocio, prepara el escenario para permitir y respaldar el crecimiento de su empresa.<\/span><\/p>\n\n\n\n<p><span style=\"color: #0b5d95;\"><strong><span lang=\"en-US\">5. Vu\u00e9lvete \u00e1gil. Utilice procesos \u00e1giles<\/span><\/strong><\/span><\/p>\n\n\n\n<p>\u201c<span lang=\"en-US\">Agile\u201d es un enfoque moderno y flexible para la gesti\u00f3n de proyectos. El m\u00e9todo \u00e1gil, como su nombre indica, permite a los equipos concentrarse mejor y cambiar de direcci\u00f3n r\u00e1pidamente. Las universidades, los especialistas en marketing, la industria automotriz e incluso el ej\u00e9rcito utilizan m\u00e9todos \u00e1giles. Se utiliza junto con otros marcos para ofrecer productos innovadores en entornos inciertos. Usted tambi\u00e9n puede adoptar el enfoque \u00e1gil. Garantizar\u00e1 que su marca mantenga la producci\u00f3n durante las recesiones.<\/span><\/p>\n\n\n\n<p><span style=\"color: #0b5d95;\"><strong><span lang=\"en-US\">6. Reenfoque su modelo de negocio<\/span><\/strong><\/span><\/p>\n\n\n\n<p><span lang=\"en-US\">Your strategy has to define how you will make money. You also need to concentrate on doing fewer unprofitable activities. Each year determines how you can <a href=\"https:\/\/www.sisinternational.com\/es\/como-hacer-crecer-tu-negocio\/\" title=\"C\u00f3mo hacer crecer su negocio\"  data-wpil-monitor-id=\"7264\">grow your business<\/a>. The growth of your business will make it more complicated. It means that you will have to readjust your business model every few years.<\/span><\/p>\n\n\n\n<p><span style=\"color: #0b5d95;\"><strong><span lang=\"en-US\">7. Lanzar nuevos servicios<\/span><\/strong><\/span><\/p>\n\n\n\n<p><span lang=\"en-US\">Ampliar su l\u00ednea de productos puede ser la clave para sobrevivir a la pr\u00f3xima recesi\u00f3n. Quiz\u00e1s ni siquiera tengas que pensar en algo nuevo. En cambio, es posible que pueda reutilizar sus productos para otro mercado.<\/span><\/p>\n\n\n\n<p><span style=\"color: #0b5d95;\"><strong><span lang=\"en-US\">8. Reduzca el tama\u00f1o de sus instalaciones y operaciones<\/span><\/strong><\/span><\/p>\n\n\n\n<p><span lang=\"en-US\">Es posible que deba reducir el tama\u00f1o de algunas de sus instalaciones y operaciones para la supervivencia de la empresa. De esa manera, tendr\u00e1 menos propiedades que pueda perder durante los per\u00edodos de inactividad del negocio. Necesitar\u00e1 un plan de instalaciones para poder realizar una transici\u00f3n positiva a las operaciones comerciales completas.<\/span><\/p>\n\n\n\n<p><span style=\"color: #0b5d95;\"><strong><span lang=\"en-US\">9. Crear valor<\/span><\/strong><\/span><\/p>\n\n\n\n<p><span lang=\"en-US\">No corra el riesgo de perder a sus clientes debido a las presiones de una crisis econ\u00f3mica. En su lugar, ofr\u00e9zcales el valor que aumentar\u00e1 su lealtad. Puede hacerlo con cosas como programas de fidelizaci\u00f3n mejorados y ofertas experienciales. Tambi\u00e9n puede brindar educaci\u00f3n premium o un mayor acceso a su marca.<\/span><\/p>\n\n\n\n<p><span style=\"color: #0b5d95;\"><strong><span lang=\"en-US\">10. Captar valor<\/span><\/strong><\/span><\/p>\n\n\n\n<p><span lang=\"en-US\">Crear valor es esencial. Funciona en las primeras etapas mientras lucha por hacer que su marca sea a prueba de recesi\u00f3n. Una vez que tenga \u00e9xito, podr\u00e1 centrar su atenci\u00f3n en capturar ese valor. Las actividades de captura de valor incluyen monetizar a los usuarios, buenas pol\u00edticas de precios y proporcionar liquidez a los accionistas.<\/span><\/p>\n\n\n\n<p><span style=\"color: #0b5d95;\"><strong><span lang=\"en-US\">11. Re-secuenciar actividades<\/span><\/strong><\/span><\/p>\n\n\n\n<p><span lang=\"en-US\">Para volver a secuenciar las actividades, deber\u00e1 determinar su impacto en otras actividades. Tambi\u00e9n deber\u00e1 determinar el estado de estas empresas, para saber cu\u00e1les puede o no retrasar.<\/span><\/p>\n\n\n\n<p><span style=\"color: #0b5d95;\"><strong><span lang=\"en-US\">12. Reducir el riesgo<\/span><\/strong><\/span><\/p>\n\n\n\n<p><span lang=\"en-US\">El riesgo puede ser financiero, operativo o relacionado con la seguridad. Puede implementar un sistema eficaz de controles internos para reducir todo tipo de riesgo. Para determinar su riesgo, es posible que necesite la ayuda de un consultor de control interno. \u00c9l o ella examinar\u00e1 las fallas en los procesos de su empresa.<\/span><\/p>\n\n\n\n<p><span style=\"color: #0b5d95;\"><strong><span lang=\"en-US\">13. Mejorar la eficiencia<\/span><\/strong><\/span><\/p>\n\n\n\n<p><span lang=\"en-US\">Puede adelantarse a la competencia si logra fortalecer su negocio. Sea m\u00e1s eficiente con procesos y tecnolog\u00edas m\u00e1s nuevos. Las recesiones presentan oportunidades como ofertas en equipos. Explore sus opciones para ver c\u00f3mo puede mejorar su producci\u00f3n.<\/span><\/p>\n\n\n\n<p><span style=\"color: #0b5d95;\"><strong><span lang=\"en-US\">14. Atacar los cuellos de botella<\/span><\/strong><\/span><\/p>\n\n\n\n<p><span lang=\"en-US\">Un cuello de botella es algo que limita la capacidad de un sistema. Puedes hacer muchas cosas para atacar los cuellos de botella. Por ejemplo, puede verificar sus necesidades de personal y traer ayuda adicional si es necesario. O puede aumentar la capacitaci\u00f3n en todo su equipo.<\/span><\/p>\n\n\n\n<p><span style=\"color: #0b5d95;\"><strong><span lang=\"en-US\">15. Impulsar el flujo de caja<\/span><\/strong><\/span><\/p>\n\n\n\n<p><span lang=\"en-US\">Observe lo que gasta cada d\u00eda, semana y mes. Con el tiempo, realice un seguimiento de las tendencias en sus gastos. Para aumentar su flujo de caja, establezca fechas de vencimiento en las facturas y haga un seguimiento de los clientes rezagados. Tambi\u00e9n puedes revisar a los clientes y rechazar a aquellos que son habitualmente rezagados.<\/span><\/p>\n\n\n\n<p><span style=\"color: #0b5d95;\"><strong><span lang=\"en-US\">16. Vuelva a capacitar a su personal<\/span><\/strong><\/span><\/p>\n\n\n\n<p><span lang=\"en-US\">La automatizaci\u00f3n est\u00e1 aumentando, lo que significa que las habilidades siempre est\u00e1n cambiando. Siguen apareciendo nuevos mientras que otros se vuelven obsoletos. Eso significa que las empresas siempre deben capacitar al personal para mantenerse a la vanguardia.<\/span><\/p>\n\n\n\n<p><span style=\"color: #0b5d95;\"><strong><span lang=\"en-US\">17. Contrate un nuevo conjunto de habilidades<\/span><\/strong><\/span><\/p>\n\n\n\n<p>El desempleo es alto. Contrata talentos que puedan ayudarte a avanzar al siguiente nivel. Sin embargo, tenga cuidado: contratar un nuevo conjunto de habilidades puede desafiar su concentraci\u00f3n.<\/p>\n\n\n\n<p><span style=\"color: #0b5d95;\"><strong><span lang=\"en-US\">18. Consiga m\u00e1s clientes en todo el mundo<\/span><\/strong><\/span><\/p>\n\n\n\n<p><span lang=\"en-US\">Las peque\u00f1as empresas suelen fracasar o atravesar tiempos dif\u00edciles. \u00bfPor qu\u00e9? Porque los clientes normalmente no saben que sus productos existen. Las empresas deben ser innovadoras. Pueden utilizar publicidad econ\u00f3mica, como acceder a las redes sociales, o pueden realizar promociones en l\u00ednea. Utilice la tecnolog\u00eda que existe ahora para mostrar su marca a una audiencia global.<\/span><\/p>\n\n\n\n<p><span style=\"color: #0b5d95;\"><strong><span lang=\"en-US\">19. Mejore su sitio web<\/span><\/strong><\/span><\/p>\n\n\n\n<p><span lang=\"en-US\">La investigaci\u00f3n de la experiencia del usuario (UX) puede ayudarle con este paso. Sea visible para su cliente, para que pueda tener en cuenta su marca cuando necesite un producto o servicio que usted ofrece.<\/span><\/p>\n\n\n\n<p><span style=\"color: #0b5d95;\"><strong><span lang=\"en-US\">20. Pregunte &quot;\u00bfQu\u00e9 estamos haciendo bien?&quot;<\/span><\/strong><\/span><\/p>\n\n\n\n<p><span lang=\"en-US\">Los comentarios de los clientes pueden ayudar a mejorar su producto. Tambi\u00e9n puede ayudarle a mejorar los servicios que lo respaldan. Aseg\u00farese de hacer preguntas abiertas como &quot;\u00bfqu\u00e9 podemos hacer para brindarle un mejor servicio?&quot; Estas preguntas motivan a los clientes a dar rese\u00f1as detalladas.<\/span><\/p>\n\n\n\n<p><span lang=\"en-US\">Lo peor que se puede hacer es afrontar la recesi\u00f3n que se avecina con miedo. Prep\u00e1rese, en cambio, para tiempos dif\u00edciles. Vea esta pr\u00f3xima recesi\u00f3n como una oportunidad para llevar su negocio a un nivel superior y vencer a la competencia.<\/span><\/p>\n\n\n<h2>Nuestra ubicaci\u00f3n de instalaciones en Nueva York<\/h2>\n<p><!-- \/wp:post-content --> <!-- wp:html --> <iframe loading=\"lazy\" src=\"https:\/\/www.google.com\/maps\/embed?pb=!1m18!1m12!1m3!1d3022.976188376966!2d-73.99130312499956!3d40.740549471389315!2m3!1f0!2f0!3f0!3m2!1i1024!2i768!4f13.1!3m3!1m2!1s0x89c259a15798c731%3A0xd695d09bdd495f25!2s11%20E%2022nd%20St%20FL%202%2C%20New%20York%2C%20NY%2010010%2C%20USA!5e0!3m2!1sen!2spe!4v1726171763526!5m2!1sen!2spe\" width=\"600\" height=\"450\" allowfullscreen=\"allowfullscreen\" data-mce-fragment=\"1\"><\/iframe> <!-- \/wp:html --> <!-- wp:paragraph --><\/p>\n<h3 class=\"wp-block-heading\">11 E 22nd Street, Piso 2, Nueva York, NY 10010 T: +1(212) 505-6805<\/h3>\n<hr \/>\n<h2><span style=\"font-weight: 400;\">Acerca de SIS Internacional<\/span><\/h2>\n<p><a href=\"https:\/\/www.sisinternational.com\/es\/\"><span style=\"font-weight: 400;\">SIS Internacional<\/span><\/a><span style=\"font-weight: 400;\"> ofrece investigaci\u00f3n cuantitativa, cualitativa y estrat\u00e9gica. Proporcionamos datos, herramientas, estrategias, informes y conocimientos para la toma de decisiones. Tambi\u00e9n realizamos entrevistas, encuestas, grupos focales y otros m\u00e9todos y enfoques de investigaci\u00f3n de mercado.<\/span><a href=\"https:\/\/www.sisinternational.com\/es\/sobre-la-investigacion-internacional-de-sis\/contact-sis-international-market-research\/\"><span style=\"font-weight: 400;\"> P\u00f3ngase en contacto con nosotros<\/span><\/a><span style=\"font-weight: 400;\"> para su pr\u00f3ximo proyecto de Investigaci\u00f3n de Mercado.<\/span><\/p>\n<p><!-- wp:heading --><\/p>\n<p><!-- \/wp:heading --><\/p>\n\n<!-- wp:paragraph -->\n<p><\/p>\n<!-- \/wp:paragraph -->","protected":false},"excerpt":{"rendered":"<p>Las peque\u00f1as empresas pueden proteger sus negocios de la recesi\u00f3n construyendo su base de clientes y protegiendo su flujo de caja.<\/p>","protected":false},"author":1,"featured_media":70290,"parent":20148,"menu_order":14,"comment_status":"closed","ping_status":"closed","template":"","meta":{"footnotes":""},"class_list":["post-40745","page","type-page","status-publish","has-post-thumbnail"],"_links":{"self":[{"href":"https:\/\/www.sisinternational.com\/es\/wp-json\/wp\/v2\/pages\/40745","targetHints":{"allow":["GET"]}}],"collection":[{"href":"https:\/\/www.sisinternational.com\/es\/wp-json\/wp\/v2\/pages"}],"about":[{"href":"https:\/\/www.sisinternational.com\/es\/wp-json\/wp\/v2\/types\/page"}],"author":[{"embeddable":true,"href":"https:\/\/www.sisinternational.com\/es\/wp-json\/wp\/v2\/users\/1"}],"replies":[{"embeddable":true,"href":"https:\/\/www.sisinternational.com\/es\/wp-json\/wp\/v2\/comments?post=40745"}],"version-history":[{"count":5,"href":"https:\/\/www.sisinternational.com\/es\/wp-json\/wp\/v2\/pages\/40745\/revisions"}],"predecessor-version":[{"id":80912,"href":"https:\/\/www.sisinternational.com\/es\/wp-json\/wp\/v2\/pages\/40745\/revisions\/80912"}],"up":[{"embeddable":true,"href":"https:\/\/www.sisinternational.com\/es\/wp-json\/wp\/v2\/pages\/20148"}],"wp:featuredmedia":[{"embeddable":true,"href":"https:\/\/www.sisinternational.com\/es\/wp-json\/wp\/v2\/media\/70290"}],"wp:attachment":[{"href":"https:\/\/www.sisinternational.com\/es\/wp-json\/wp\/v2\/media?parent=40745"}],"curies":[{"name":"wp","href":"https:\/\/api.w.org\/{rel}","templated":true}]}}