{"id":40736,"date":"2022-06-27T04:10:00","date_gmt":"2022-06-27T04:10:00","guid":{"rendered":"https:\/\/www.sisinternational.com\/?page_id=40736"},"modified":"2025-11-16T11:59:37","modified_gmt":"2025-11-16T16:59:37","slug":"k-belleza-tendencias-coreanas-del-cuidado-de-la-piel-oportunidades","status":"publish","type":"page","link":"https:\/\/www.sisinternational.com\/es\/pericia\/k-belleza-tendencias-coreanas-del-cuidado-de-la-piel-oportunidades\/","title":{"rendered":"K Beauty: tendencias y oportunidades coreanas en el cuidado de la piel"},"content":{"rendered":"<h1 class=\"wp-block-heading\">K Beauty: tendencias y oportunidades coreanas en el cuidado de la piel<\/h1>\n\n\n\n<figure class=\"gb-block-image gb-block-image-debb3f2d\"><img loading=\"lazy\" decoding=\"async\" width=\"1456\" height=\"816\" class=\"gb-image gb-image-debb3f2d\" src=\"https:\/\/www.sisinternational.com\/wp-content\/uploads\/2025\/08\/K-beauty-korean-3.jpg\" srcset=\"https:\/\/www.sisinternational.com\/wp-content\/uploads\/2025\/08\/K-beauty-korean-3.jpg 1456w, https:\/\/www.sisinternational.com\/wp-content\/uploads\/2025\/08\/K-beauty-korean-3-300x168.jpg 300w, https:\/\/www.sisinternational.com\/wp-content\/uploads\/2025\/08\/K-beauty-korean-3-1024x574.jpg 1024w, https:\/\/www.sisinternational.com\/wp-content\/uploads\/2025\/08\/K-beauty-korean-3-768x430.jpg 768w, https:\/\/www.sisinternational.com\/wp-content\/uploads\/2025\/08\/K-beauty-korean-3-18x10.jpg 18w\" sizes=\"auto, (max-width: 1456px) 100vw, 1456px\" alt=\"Investigaci\u00f3n y estrategia de mercado internacional de SIS\"><\/figure>\n\n\n\n<p><\/p>\n\n\n\n<hr class=\"wp-block-separator has-alpha-channel-opacity is-style-dots\"\/>\n\n\n\n<p><\/p>\n\n\n\n<div class=\"wp-block-columns has-global-color-9-color has-text-color has-background has-link-color wp-elements-32302bd57431cb1e458a23ab4f14b035 is-layout-flex wp-container-core-columns-is-layout-9d6595d7 wp-block-columns-is-layout-flex\" style=\"background-color:#f7f9fa6e\">\n<div class=\"wp-block-column is-layout-flow wp-block-column-is-layout-flow\" style=\"flex-basis:18%\"><\/div>\n\n\n\n<div class=\"wp-block-column is-vertically-aligned-center is-layout-flow wp-block-column-is-layout-flow\" style=\"flex-basis:71.28%\">\n<div class=\"wp-block-rank-math-toc-block aligncenter has-global-color-9-color has-text-color has-link-color wp-elements-0ae369c09427529b2ef6243c99112c0e\" style=\"font-size:16px\" id=\"rank-math-toc\"><h2><br><strong>t<\/strong>able of Contents<\/h2><nav><ul><li class=\"\"><a href=\"#makeup-trend\">Makeup Trend<\/a><\/li><li class=\"\"><a href=\"#best-korean-skincare-brands\">Las mejores marcas coreanas de cuidado de la piel<\/a><\/li><li class=\"\"><a href=\"#tony-moly\">tony moly<\/a><\/li><li class=\"\"><a href=\"#k-beauty-routine\">Rutina de K-Beauty<\/a><\/li><li class=\"\"><a href=\"#k-beauty-reviews\">Rese\u00f1as de K-Beauty<\/a><\/li><li class=\"\"><a href=\"#the-future-of-skincare\">El futuro del cuidado de la piel<\/a><\/li><\/ul><\/nav><\/div>\n<\/div>\n<\/div>\n\n\n\n<p><\/p>\n\n\n\n<h2 class=\"wp-block-heading\" id=\"makeup-trend\">Makeup Trend<\/h2>\n\n\n\n<p>Los productos coreanos de belleza y cuidado de la piel son la nueva tendencia que se ha convertido en un fen\u00f3meno. Mujeres de todo el mundo est\u00e1n tratando de lograr el brillo luminoso asociado con la &quot;K-beauty&quot;. Una de las tendencias, que existe desde 2016, se centra en el aspecto de \u201cpiel de cristal\u201d, lo que significa un brillo saludable. La idea es tener una piel hidratada, libre de pigmentos y no depender tanto del maquillaje.<\/p>\n\n\n\n<p>La tendencia de maquillaje K Beauty de 2018 puede no ser una tendencia en absoluto. La tendencia \u201cPiel sin nubes\u201d se refiere a una tez clara y perfecta. Tambi\u00e9n se relaciona con un resplandor interior saludable. Entonces, \u00bfc\u00f3mo se puede alcanzar el ideal de una piel sin nubes? Los entusiastas de la belleza K logran una piel sin nubes a trav\u00e9s de h\u00e1bitos de vida saludables. Tambi\u00e9n utilizan productos de belleza K de primera categor\u00eda.<\/p>\n\n\n\n<h2 class=\"wp-block-heading\" id=\"best-korean-skincare-brands\">Las mejores marcas coreanas de cuidado de la piel<\/h2>\n\n\n\n<h3 class=\"wp-block-heading\">Aqu\u00ed hay una lista de algunas de las mejores marcas de K-beauty del mercado:<\/h3>\n\n\n\n<ul class=\"wp-block-list\">\n<li>Esencia de origen calmante Atoclassic Real Tonic: el ginseng, el crisantemo y el regaliz son las tres hierbas tradicionales que hacen de esta una potente esencia calmante para la piel.<\/li>\n\n\n\n<li>Piedra Cl\u00e1sica Piel Abril. Esta &quot;piedra m\u00e1gica&quot; es muy apreciada en Corea. Contiene carb\u00f3n, que elimina la grasa, la suciedad y otras impurezas de los poros. Tambi\u00e9n contiene \u00e1cido hialur\u00f3nico, que hidrata y desintoxica la piel.<\/li>\n\n\n\n<li>Klairs: esta marca totalmente natural no tiene alcohol, colorantes, fragancias artificiales ni parabenos. Los usuarios pueden atenuar las manchas oscuras y las cicatrices del acn\u00e9 con su suero diario Freshly Juiced Vitamin Drop, que tambi\u00e9n proporciona nutrientes e hidrataci\u00f3n.<\/li>\n\n\n\n<li>Son &amp; Park: piel luminosa y h\u00fameda es de lo que se trata esta marca nacional. Se recomienda encarecidamente el Beauty Filter Cream in Glow y el Lip Crayon, favoritos de culto.<\/li>\n<\/ul>\n\n\n\n<h2 class=\"wp-block-heading\" id=\"tony-moly\">tony moly<\/h2>\n\n\n\n<figure class=\"gb-block-image gb-block-image-6c5a1403\"><img loading=\"lazy\" decoding=\"async\" width=\"1456\" height=\"816\" class=\"gb-image gb-image-6c5a1403\" src=\"https:\/\/www.sisinternational.com\/wp-content\/uploads\/2025\/08\/Skincare-6-2.jpg\" alt=\"Investigaci\u00f3n y estrategia de mercado internacional de SIS\" title=\"Skincare 6 (2)\" srcset=\"https:\/\/www.sisinternational.com\/wp-content\/uploads\/2025\/08\/Skincare-6-2.jpg 1456w, https:\/\/www.sisinternational.com\/wp-content\/uploads\/2025\/08\/Skincare-6-2-300x168.jpg 300w, https:\/\/www.sisinternational.com\/wp-content\/uploads\/2025\/08\/Skincare-6-2-1024x574.jpg 1024w, https:\/\/www.sisinternational.com\/wp-content\/uploads\/2025\/08\/Skincare-6-2-768x430.jpg 768w, https:\/\/www.sisinternational.com\/wp-content\/uploads\/2025\/08\/Skincare-6-2-18x10.jpg 18w\" sizes=\"auto, (max-width: 1456px) 100vw, 1456px\"><\/figure>\n\n\n\n<p><\/p>\n\n\n\n<p>Tony Moly es una de las marcas de K-beauty m\u00e1s populares del mercado. La empresa se fund\u00f3 en 2006. Abri\u00f3 tiendas en Taiw\u00e1n, Jap\u00f3n, China, Hong Kong, Myanmar y Vietnam en 2009. Kim Huonh Cheon se convirti\u00f3 en el nuevo director ejecutivo en 2010, y ese a\u00f1o Tony Moly abri\u00f3 su tienda n\u00famero 200. Tony Moly cuenta actualmente con m\u00e1s de 950 tiendas en 50 pa\u00edses. Las ubicaciones incluyen Filipinas, Rusia, Indonesia y Nueva York.<\/p>\n\n\n\n<p>La industria del cuidado de la piel le da cr\u00e9dito a Tony Moly por iniciar la tendencia de belleza K. La marca ahora ha ascendido hasta convertirse en un dominador mundial de la belleza coreana. Los clientes estadounidenses pueden comprar productos Tony Moly en l\u00ednea: la marca realiza env\u00edos a los 50 estados. Todos sus productos est\u00e1n fabricados en Corea y son aptos para todo tipo de piel.<\/p>\n\n\n\n<h2 class=\"wp-block-heading\" id=\"k-beauty-routine\">Rutina de K-Beauty<\/h2>\n\n\n\n<figure class=\"gb-block-image gb-block-image-40bff92b\"><img loading=\"lazy\" decoding=\"async\" width=\"1456\" height=\"816\" class=\"gb-image gb-image-40bff92b\" src=\"https:\/\/www.sisinternational.com\/wp-content\/uploads\/2025\/08\/K-beauty-korean-4.jpg\" alt=\"Investigaci\u00f3n y estrategia de mercado internacional de SIS\" title=\"K beauty korean (4)\" srcset=\"https:\/\/www.sisinternational.com\/wp-content\/uploads\/2025\/08\/K-beauty-korean-4.jpg 1456w, https:\/\/www.sisinternational.com\/wp-content\/uploads\/2025\/08\/K-beauty-korean-4-300x168.jpg 300w, https:\/\/www.sisinternational.com\/wp-content\/uploads\/2025\/08\/K-beauty-korean-4-1024x574.jpg 1024w, https:\/\/www.sisinternational.com\/wp-content\/uploads\/2025\/08\/K-beauty-korean-4-768x430.jpg 768w, https:\/\/www.sisinternational.com\/wp-content\/uploads\/2025\/08\/K-beauty-korean-4-18x10.jpg 18w\" sizes=\"auto, (max-width: 1456px) 100vw, 1456px\"><\/figure>\n\n\n\n<p><\/p>\n\n\n\n<p>La rutina de 10 pasos de K-Beauty es una de las m\u00e1s seguidas en el mundo. Es m\u00e1s bien un cambio de estilo de vida que se ha convertido en un fen\u00f3meno global. La rutina comienza con una doble limpieza de la piel. Los usuarios comienzan con un limpiador a base de aceite y contin\u00faan con una soluci\u00f3n a base de agua. Luego viene la exfoliaci\u00f3n y luego la tonificaci\u00f3n.<\/p>\n\n\n\n<p>El coraz\u00f3n de la rutina K-beauty es el Paso 5: esencia. Essence es un tipo de h\u00edbrido de t\u00f3nico y suero elaborado para ayudar a la renovaci\u00f3n celular y la reparaci\u00f3n de la piel, adem\u00e1s de hidratar. Despu\u00e9s de la esencia vienen los tratamientos, seguidos de las mascarillas. Luego viene la crema para los ojos, seguida de la crema hidratante. El \u00faltimo paso es la protecci\u00f3n solar.<\/p>\n\n\n\n<p>La industria cosm\u00e9tica convencional est\u00e1 adoptando K-Beauty. Los expertos lo ven como algo m\u00e1s que una moda pasajera. Las ventas de cosm\u00e9ticos en Corea aumentaron m\u00e1s del 50 por ciento con respecto a las cifras de 2014. Empresas estadounidenses como Bain Capital Equity y Goldman Sachs se est\u00e1n quedando con una tajada del pastel. Ambas empresas anunciaron que adquirir\u00edan una participaci\u00f3n mayoritaria en una importante firma de cosm\u00e9ticos coreana. Adem\u00e1s, Amway ha construido su Centro de Innovaci\u00f3n de Belleza en Se\u00fal.<\/p>\n\n\n\n<h2 class=\"wp-block-heading\" id=\"k-beauty-reviews\">Rese\u00f1as de K-Beauty<\/h2>\n\n\n\n<p>Bloggers y entusiastas del cuidado de la piel est\u00e1n dando cr\u00edticas favorables a K-Beauty. Varios blogueros han probado la rutina de 10 pasos y han publicado fotograf\u00edas de antes y despu\u00e9s. Algunos de estos blogueros son influencers. Sus publicaciones generan nuevos entusiastas. Los blogueros tambi\u00e9n est\u00e1n entusiasmados con los productos coreanos. Es f\u00e1cil encontrar listas de los 10 mejores productos de K-Beauty en l\u00ednea.<\/p>\n\n\n\n<p><\/p>\n\n\n\n<!DOCTYPE html>\n<html lang=\"en\">\n<head>\n    <meta charset=\"UTF-8\">\n    <meta name=\"viewport\" content=\"width=device-width, initial-scale=1.0\">\n    <title>AI Blog Banner<\/title>\n    <style>\n        * {\n            margin: 0;\n            padding: 0;\n            box-sizing: border-box;\n        }\n\n        .banner {\n            position: relative;\n            width: 100%;\n            height: 350px;\n            overflow: hidden;\n            display: flex;\n            align-items: center;\n            justify-content: center;\n            font-family: 'Arial', sans-serif;\n            border-radius: 25px;\n        }\n\n        .animated-background {\n            position: absolute;\n            top: 0;\n            left: 0;\n            width: 100%;\n            height: 100%;\n            background: linear-gradient(45deg, #003f6b, #2d5a7b, #003f6b, #2d5a7b);\n            background-size: 400% 400%;\n            animation: gradientMove 8s ease-in-out infinite;\n        }\n\n        .ai-pattern {\n            position: absolute;\n            top: 0;\n            left: 0;\n            width: 100%;\n            height: 100%;\n            opacity: 0.1;\n            background-image: \n                radial-gradient(circle at 20% 20%, rgba(255,255,255,0.3) 2px, transparent 2px),\n                radial-gradient(circle at 80% 80%, rgba(255,255,255,0.2) 1px, transparent 1px),\n                radial-gradient(circle at 40% 60%, rgba(255,255,255,0.15) 1.5px, transparent 1.5px),\n                radial-gradient(circle at 60% 20%, rgba(255,255,255,0.25) 1px, transparent 1px),\n                radial-gradient(circle at 80% 40%, rgba(255,255,255,0.2) 2px, transparent 2px);\n            background-size: 100px 100px, 150px 150px, 80px 80px, 120px 120px, 90px 90px;\n            animation: patternFloat 12s linear infinite;\n        }\n\n        .neural-network {\n            position: absolute;\n            top: 0;\n            left: 0;\n            width: 100%;\n            height: 100%;\n            opacity: 0.08;\n        }\n\n        .neural-line {\n            position: absolute;\n            height: 1px;\n            background: linear-gradient(90deg, transparent, rgba(255,255,255,0.5), transparent);\n            animation: neuralPulse 6s ease-in-out infinite;\n        }\n\n        .neural-line:nth-child(1) {\n            top: 30%;\n            left: 0;\n            width: 60%;\n            animation-delay: 0s;\n        }\n\n        .neural-line:nth-child(2) {\n            top: 50%;\n            right: 0;\n            width: 70%;\n            animation-delay: 2s;\n        }\n\n        .neural-line:nth-child(3) {\n            top: 70%;\n            left: 20%;\n            width: 50%;\n            animation-delay: 4s;\n        }\n\n        .content {\n            position: relative;\n            z-index: 10;\n            text-align: center;\n            color: white !important;\n            max-width: 800px;\n            padding: 30px;\n        }\n\n        .content * {\n            color: white !important;\n        }\n\n        .cta-text {\n            font-size: 1.9rem;\n            font-weight: 700;\n            margin-bottom: 15px;\n            color: white !important;\n            background: linear-gradient(90deg, rgba(255,255,255,0.6), rgba(255,255,255,1), rgba(230,230,230,1), rgba(255,255,255,1), rgba(240,240,240,0.8), rgba(255,255,255,0.6));\n            background-size: 200% 100%;\n            -webkit-background-clip: text;\n            -webkit-text-fill-color: transparent;\n            background-clip: text;\n            animation: shineEffect 10s ease-in-out infinite;\n            line-height: 1.3;\n        }\n\n        .cta-subheading {\n            font-size: 1rem;\n            font-weight: 400;\n            margin-bottom: 25px;\n            color: white !important;\n            line-height: 1.6;\n            opacity: 0.95;\n        }\n\n        .cta-button {\n            background: linear-gradient(135deg, #8a6b0f, #bd9013, #d4a519);\n            border: 2px solid #8a6b0f;\n            color: white !important;\n            padding: 18px 40px;\n            font-size: 1.2rem;\n            font-weight: 600;\n            border-radius: 50px;\n            cursor: pointer;\n            transition: all 0.3s ease;\n            text-decoration: none;\n            display: inline-block;\n            position: relative;\n            overflow: hidden;\n        }\n\n        .cta-button::before {\n            content: '';\n            position: absolute;\n            top: 0;\n            left: -100%;\n            width: 100%;\n            height: 100%;\n            background: linear-gradient(90deg, \n                transparent 0%, \n                rgba(255, 255, 255, 0.3) 25%,\n                rgba(255, 255, 255, 0.6) 50%,\n                rgba(255, 255, 255, 0.3) 75%,\n                transparent 100%);\n            animation: shine 3s ease-in-out infinite;\n        }\n\n        .cta-button:hover {\n            transform: translateY(-3px);\n            box-shadow: 0 10px 25px rgba(0,0,0,0.2);\n            border-color: #bd9013;\n            background: linear-gradient(135deg, #bd9013, #d4a519, #e6b61f);\n        }\n\n        .floating-elements {\n            position: absolute;\n            top: 0;\n            left: 0;\n            width: 100%;\n            height: 100%;\n            pointer-events: none;\n        }\n\n        .floating-circle {\n            position: absolute;\n            border-radius: 50%;\n            background: rgba(255,255,255,0.1);\n            animation: float 8s ease-in-out infinite;\n        }\n\n        .floating-circle:nth-child(1) {\n            width: 80px;\n            height: 80px;\n            top: 20%;\n            left: 10%;\n            animation-delay: 0s;\n        }\n\n        .floating-circle:nth-child(2) {\n            width: 60px;\n            height: 60px;\n            top: 60%;\n            right: 15%;\n            animation-delay: 3s;\n        }\n\n        .floating-circle:nth-child(3) {\n            width: 40px;\n            height: 40px;\n            top: 80%;\n            left: 80%;\n            animation-delay: 6s;\n        }\n\n        .floating-circle:nth-child(4) {\n            width: 70px;\n            height: 70px;\n            top: 10%;\n            right: 20%;\n            animation-delay: 1.5s;\n        }\n\n        .floating-circle:nth-child(5) {\n            width: 50px;\n            height: 50px;\n            top: 75%;\n            left: 30%;\n            animation-delay: 4.5s;\n        }\n\n        @keyframes gradientMove {\n            0% { background-position: 0% 50%; }\n            25% { background-position: 100% 50%; }\n            50% { background-position: 100% 100%; }\n            75% { background-position: 0% 100%; }\n            100% { background-position: 0% 50%; }\n        }\n\n        @keyframes patternFloat {\n            0% { transform: translateX(0) translateY(0); }\n            33% { transform: translateX(30px) translateY(-20px); }\n            66% { transform: translateX(-20px) translateY(10px); }\n            100% { transform: translateX(0) translateY(0); }\n        }\n\n        @keyframes neuralPulse {\n            0%, 100% { opacity: 0.08; }\n            50% { opacity: 0.2; }\n        }\n\n        @keyframes shineEffect {\n            0% { background-position: 200% 0; }\n            100% { background-position: -200% 0; }\n        }\n\n        @keyframes shine {\n            0% {\n                left: -100%;\n            }\n            20%, 100% {\n                left: 100%;\n            }\n        }\n\n        @keyframes float {\n            0%, 100% { transform: translateY(0px) rotate(0deg); }\n            33% { transform: translateY(-30px) rotate(120deg); }\n            66% { transform: translateY(15px) rotate(240deg); }\n        }\n\n        @media (max-width: 768px) {\n            .banner {\n                height: 320px;\n                padding: 30px 0;\n            }\n            \n            .content {\n                padding: 40px 20px;\n            }\n            \n            .cta-text {\n                font-size: 1.3rem;\n                margin-bottom: 12px;\n            }\n            \n            .cta-subheading {\n                font-size: 0.85rem;\n                margin-bottom: 20px;\n            }\n            \n            .cta-button {\n                padding: 14px 28px;\n                font-size: 0.95rem;\n            }\n        }\n    <\/style>\n<\/head>\n<body>\n    <div class=\"banner\">\n        <div class=\"animated-background\"><\/div>\n        \n        <div class=\"ai-pattern\"><\/div>\n        \n        <div class=\"neural-network\">\n            <div class=\"neural-line\"><\/div>\n            <div class=\"neural-line\"><\/div>\n            <div class=\"neural-line\"><\/div>\n        <\/div>\n        \n        <div class=\"floating-elements\">\n            <div class=\"floating-circle\"><\/div>\n            <div class=\"floating-circle\"><\/div>\n            <div class=\"floating-circle\"><\/div>\n            <div class=\"floating-circle\"><\/div>\n            <div class=\"floating-circle\"><\/div>\n        <\/div>\n        \n        <div class=\"content\">\n            <div class=\"cta-text\">Ready to explore the insights that drive smarter decisions?<\/div>\n            <div class=\"cta-subheading\">Contact our Research experts today.<\/div>\n            <a href=\"mailto:Research@sisinternational.com\" class=\"cta-button\">Contact us now!<\/a>\n        <\/div>\n    <\/div>\n<\/body>\n<\/html>\n\n\n\n<p><\/p>\n\n\n\n<h2 class=\"wp-block-heading\" id=\"the-future-of-skincare\">El futuro del cuidado de la piel<\/h2>\n\n\n\n<p><a name=\"_GoBack\"><\/a>Skincare remains the largest and most profitable sector of the beauty industry. South Korea maintains a lofty presence in the field of skin care development. Korea is the future. Western brands are adapting products for the Korean market. Korea also has the infrastructure to manufacture beauty products. The developers of these products have influencer and Internet marketing in mind. It\u2019s thus no wonder that K-Beauty is having such an impact on the international market.<\/p>\n\n\n<h2>Nuestra ubicaci\u00f3n de instalaciones en Nueva York<\/h2>\n<p><!-- \/wp:post-content --> <!-- wp:html --> <iframe loading=\"lazy\" src=\"https:\/\/www.google.com\/maps\/embed?pb=!1m18!1m12!1m3!1d3022.976188376966!2d-73.99130312499956!3d40.740549471389315!2m3!1f0!2f0!3f0!3m2!1i1024!2i768!4f13.1!3m3!1m2!1s0x89c259a15798c731%3A0xd695d09bdd495f25!2s11%20E%2022nd%20St%20FL%202%2C%20New%20York%2C%20NY%2010010%2C%20USA!5e0!3m2!1sen!2spe!4v1726171763526!5m2!1sen!2spe\" width=\"600\" height=\"450\" allowfullscreen=\"allowfullscreen\" data-mce-fragment=\"1\"><\/iframe> <!-- \/wp:html --> <!-- wp:paragraph --><\/p>\n<h3 class=\"wp-block-heading\">11 E 22nd Street, Piso 2, Nueva York, NY 10010 T: +1(212) 505-6805<\/h3>\n<hr \/>\n<h2><span style=\"font-weight: 400;\">Acerca de SIS Internacional<\/span><\/h2>\n<p><a href=\"https:\/\/www.sisinternational.com\/es\/\"><span style=\"font-weight: 400;\">SIS Internacional<\/span><\/a><span style=\"font-weight: 400;\"> ofrece investigaci\u00f3n cuantitativa, cualitativa y estrat\u00e9gica. Proporcionamos datos, herramientas, estrategias, informes y conocimientos para la toma de decisiones. Tambi\u00e9n realizamos entrevistas, encuestas, grupos focales y otros m\u00e9todos y enfoques de investigaci\u00f3n de mercado.<\/span><a href=\"https:\/\/www.sisinternational.com\/es\/sobre-la-investigacion-internacional-de-sis\/contact-sis-international-market-research\/\"><span style=\"font-weight: 400;\"> P\u00f3ngase en contacto con nosotros<\/span><\/a><span style=\"font-weight: 400;\"> para su pr\u00f3ximo proyecto de Investigaci\u00f3n de Mercado.<\/span><\/p>\n<p><!-- wp:paragraph --><\/p>\n<p><!-- \/wp:paragraph --><\/p>\n\n<!-- wp:paragraph -->\n<p><\/p>\n<!-- \/wp:paragraph -->","protected":false},"excerpt":{"rendered":"<p>K-beauty es el \u00faltimo fen\u00f3meno en el cuidado de la piel y tiene a mujeres de todo el mundo esforz\u00e1ndose por lograr un brillo luminoso de \u201cpiel de cristal\u201d.<\/p>","protected":false},"author":1,"featured_media":64727,"parent":14514,"menu_order":140,"comment_status":"closed","ping_status":"closed","template":"","meta":{"footnotes":""},"class_list":["post-40736","page","type-page","status-publish","has-post-thumbnail"],"_links":{"self":[{"href":"https:\/\/www.sisinternational.com\/es\/wp-json\/wp\/v2\/pages\/40736","targetHints":{"allow":["GET"]}}],"collection":[{"href":"https:\/\/www.sisinternational.com\/es\/wp-json\/wp\/v2\/pages"}],"about":[{"href":"https:\/\/www.sisinternational.com\/es\/wp-json\/wp\/v2\/types\/page"}],"author":[{"embeddable":true,"href":"https:\/\/www.sisinternational.com\/es\/wp-json\/wp\/v2\/users\/1"}],"replies":[{"embeddable":true,"href":"https:\/\/www.sisinternational.com\/es\/wp-json\/wp\/v2\/comments?post=40736"}],"version-history":[{"count":8,"href":"https:\/\/www.sisinternational.com\/es\/wp-json\/wp\/v2\/pages\/40736\/revisions"}],"predecessor-version":[{"id":73460,"href":"https:\/\/www.sisinternational.com\/es\/wp-json\/wp\/v2\/pages\/40736\/revisions\/73460"}],"up":[{"embeddable":true,"href":"https:\/\/www.sisinternational.com\/es\/wp-json\/wp\/v2\/pages\/14514"}],"wp:featuredmedia":[{"embeddable":true,"href":"https:\/\/www.sisinternational.com\/es\/wp-json\/wp\/v2\/media\/64727"}],"wp:attachment":[{"href":"https:\/\/www.sisinternational.com\/es\/wp-json\/wp\/v2\/media?parent=40736"}],"curies":[{"name":"wp","href":"https:\/\/api.w.org\/{rel}","templated":true}]}}