{"id":40731,"date":"2022-06-27T04:04:25","date_gmt":"2022-06-27T04:04:25","guid":{"rendered":"https:\/\/www.sisinternational.com\/?page_id=40731"},"modified":"2026-01-25T17:44:38","modified_gmt":"2026-01-25T22:44:38","slug":"j-oportunidades-de-tendencias-de-belleza","status":"publish","type":"page","link":"https:\/\/www.sisinternational.com\/es\/pericia\/j-oportunidades-de-tendencias-de-belleza\/","title":{"rendered":"Investigaci\u00f3n de mercado de belleza japonesa (J-Beauty)"},"content":{"rendered":"<h1 class=\"wp-block-heading\">Investigaci\u00f3n de mercado de belleza japonesa (J-Beauty)<\/h1>\n\n\n\n<figure class=\"gb-block-image gb-block-image-18ebb6f6\"><img loading=\"lazy\" decoding=\"async\" width=\"1456\" height=\"816\" class=\"gb-image gb-image-18ebb6f6\" src=\"https:\/\/www.sisinternational.com\/wp-content\/uploads\/2025\/09\/Japan-4.jpg\" alt=\"Investigaci\u00f3n y estrategia de mercado internacional de SIS\" title=\"Japan (4)\" srcset=\"https:\/\/www.sisinternational.com\/wp-content\/uploads\/2025\/09\/Japan-4.jpg 1456w, https:\/\/www.sisinternational.com\/wp-content\/uploads\/2025\/09\/Japan-4-300x168.jpg 300w, https:\/\/www.sisinternational.com\/wp-content\/uploads\/2025\/09\/Japan-4-1024x574.jpg 1024w, https:\/\/www.sisinternational.com\/wp-content\/uploads\/2025\/09\/Japan-4-768x430.jpg 768w, https:\/\/www.sisinternational.com\/wp-content\/uploads\/2025\/09\/Japan-4-18x10.jpg 18w\" sizes=\"auto, (max-width: 1456px) 100vw, 1456px\"><\/figure>\n\n\n\n<hr class=\"wp-block-separator has-alpha-channel-opacity is-style-dots\"\/>\n\n\n\n<div class=\"wp-block-columns has-global-color-9-color has-text-color has-background has-link-color wp-elements-abf50ec3aedc99c0815ec4bba7fedf93 is-layout-flex wp-container-core-columns-is-layout-9d6595d7 wp-block-columns-is-layout-flex\" style=\"background-color:#f7f9fa6e\">\n<div class=\"wp-block-column is-layout-flow wp-block-column-is-layout-flow\" style=\"flex-basis:18%\"><\/div>\n\n\n\n<div class=\"wp-block-column is-vertically-aligned-center is-layout-flow wp-block-column-is-layout-flow\" style=\"flex-basis:71.28%\">\n<div class=\"wp-block-rank-math-toc-block aligncenter has-global-color-9-color has-text-color has-link-color wp-elements-38c9c8f6b99a50873f85dd8bb31bda6b\" style=\"font-size:16px\" id=\"rank-math-toc\"><h2><br><strong>t<\/strong>able of Contents<\/h2><nav><ul><li class=\"\"><a href=\"#japanese-beauty-was-out-of-the-limelight-for-a-while\">La belleza japonesa estuvo fuera de los focos por un tiempo.<\/a><\/li><li class=\"\"><a href=\"#heres-a-look-at-some-popular-j-beauty-products\">Aqu\u00ed hay un vistazo a algunos productos populares de J-beauty:<\/a><\/li><li class=\"\"><a href=\"#j-beauty-opportunities\">Oportunidades de J-Beauty<\/a><\/li><\/ul><\/nav><\/div>\n<\/div>\n<\/div>\n\n\n\n<p><\/p>\n\n\n\n<h2 class=\"wp-block-heading\" id=\"japanese-beauty-was-out-of-the-limelight-for-a-while\">La belleza japonesa estuvo fuera de los focos por un tiempo.<\/h2>\n\n\n\n<p>El mundo se hab\u00eda enamorado del atractivo coreano. Sin embargo, es dif\u00edcil ignorar el hecho de que algunas de las mejores lociones, limpiadores y sueros faciales provienen de Jap\u00f3n. Gran parte de la fijaci\u00f3n por una piel de apariencia perfecta proviene de la comunidad de geishas. Vicky Tsai, fundadora de la marca de cuidado de la piel Tatcha, pas\u00f3 alg\u00fan tiempo con geishas. Ella escribi\u00f3 en una publicaci\u00f3n de blog: &quot;Debajo de su ic\u00f3nico maquillaje blanco se encuentra la piel m\u00e1s pura e impresionante que jam\u00e1s haya visto en mi vida&quot;.<\/p>\n\n\n\n<h2 class=\"wp-block-heading\" id=\"heres-a-look-at-some-popular-j-beauty-products\">Aqu\u00ed hay un vistazo a algunos productos populares de J-beauty:<\/h2>\n\n\n\n<figure class=\"gb-block-image gb-block-image-a5a54dfc\"><img loading=\"lazy\" decoding=\"async\" width=\"1456\" height=\"816\" class=\"gb-image gb-image-a5a54dfc\" src=\"https:\/\/www.sisinternational.com\/wp-content\/uploads\/2025\/08\/K-beauty-korean-1.jpg\" alt=\"Investigaci\u00f3n y estrategia de mercado internacional de SIS\" title=\"K beauty korean (1)\" srcset=\"https:\/\/www.sisinternational.com\/wp-content\/uploads\/2025\/08\/K-beauty-korean-1.jpg 1456w, https:\/\/www.sisinternational.com\/wp-content\/uploads\/2025\/08\/K-beauty-korean-1-300x168.jpg 300w, https:\/\/www.sisinternational.com\/wp-content\/uploads\/2025\/08\/K-beauty-korean-1-1024x574.jpg 1024w, https:\/\/www.sisinternational.com\/wp-content\/uploads\/2025\/08\/K-beauty-korean-1-768x430.jpg 768w, https:\/\/www.sisinternational.com\/wp-content\/uploads\/2025\/08\/K-beauty-korean-1-18x10.jpg 18w\" sizes=\"auto, (max-width: 1456px) 100vw, 1456px\"><\/figure>\n\n\n\n<p><\/p>\n\n\n\n<h3 class=\"wp-block-heading\">Productos de belleza japoneses<\/h3>\n\n\n\n<p><strong><span style=\"color: #cda349;\">S\u00edEstilo<\/span><\/strong><\/p>\n\n\n\n<p>YesStyle es el vendedor asi\u00e1tico de belleza y moda m\u00e1s importante del mundo. Venden productos y accesorios de belleza, ropa y estilo de vida de calidad. Estos productos provienen de Jap\u00f3n, Corea, Taiw\u00e1n y m\u00e1s. Ofrecen una gama completa de marcas de belleza japonesas. Su maquillaje, cuidado de la piel, cosm\u00e9ticos y otros productos brindan soluciones espec\u00edficas.<\/p>\n\n\n\n<p><strong><span style=\"color: #cda349;\">shiseido<\/span><\/strong><\/p>\n\n\n\n<p>Shiseido es una empresa multinacional japonesa. Fabrican productos para el cabello y el cuidado de la piel, fragancias y cosm\u00e9ticos. Fundada en 1872, Shiseido es una de las empresas de cosm\u00e9tica m\u00e1s antiguas del mundo. Es la empresa de cosm\u00e9ticos m\u00e1s grande de Jap\u00f3n y la quinta del mundo. Sus productos est\u00e1n disponibles s\u00f3lo en farmacias y grandes almacenes seleccionados.<\/p>\n\n\n\n<p><strong><span style=\"color: #cda349;\">Tatcha<\/span><\/strong><\/p>\n\n\n\n<p><a name=\"_GoBack\"><\/a>Vicky Tsai, mentioned above, left her corporate job to found Tatcha. She soon learned the Japanese approach to beauty: less is more. An ancient Japanese text captures this philosophy. This distinctive guide inspires and informs the Tatcha collection. Today, <a href=\"https:\/\/www.sisinternational.com\/es\/como-elaborar-investigaciones-para-la-cultura-japonesa\/\" title=\"C\u00f3mo elaborar investigaciones para Jap\u00f3n; \u00a1La cultura importa!\"  data-wpil-monitor-id=\"4401\">researchers in the US and Japan<\/a> produce each formulation from scratch. They are developing time-honored beauty practices for a contemporary, fast-paced life.<\/p>\n\n\n\n<p><strong><span style=\"color: #cda349;\">SK-II<\/span><\/strong><\/p>\n\n\n\n<p>SK-II is a J-beauty brand launched in 1980. Japanese scientists developed the brand in the 1970s. They were exploring the use of more natural ingredients. P&amp;G acquired the brand in 1991, along with Max Factor. Soon afterward SK-II expanded sales from Japan to Korea, Taiwan, and Hong Kong. The brand hit shelves in the Uk in 2000 and made its way to the US.<\/p>\n\n\n\n<p><strong><span style=\"color: #cda349;\">M\u00e1scara de gotas de hadas<\/span><\/strong><\/p>\n\n\n\n<p>La personalidad de la televisi\u00f3n japonesa Aya Yasuda es la fundadora y directora ejecutiva de Fairydrops Cosmetics. Fund\u00f3 la empresa con la premisa de que los ojos son el secreto para causar una buena impresi\u00f3n. Yasuda desarroll\u00f3 su l\u00ednea de productos para lograrlo. Fairydrops est\u00e1 disponible en Jap\u00f3n y Estados Unidos.<\/p>\n\n\n\n<p><\/p>\n\n\n\n<!DOCTYPE html>\n<html lang=\"en\">\n<head>\n    <meta charset=\"UTF-8\">\n    <meta name=\"viewport\" content=\"width=device-width, initial-scale=1.0\">\n    <title>AI Blog Banner<\/title>\n    <style>\n        * {\n            margin: 0;\n            padding: 0;\n            box-sizing: border-box;\n        }\n\n        .banner {\n            position: relative;\n            width: 100%;\n            height: 350px;\n            overflow: hidden;\n            display: flex;\n            align-items: center;\n            justify-content: center;\n            font-family: 'Arial', sans-serif;\n            border-radius: 25px;\n        }\n\n        .animated-background {\n            position: absolute;\n            top: 0;\n            left: 0;\n            width: 100%;\n            height: 100%;\n            background: linear-gradient(45deg, #003f6b, #2d5a7b, #003f6b, #2d5a7b);\n            background-size: 400% 400%;\n            animation: gradientMove 8s ease-in-out infinite;\n        }\n\n        .ai-pattern {\n            position: absolute;\n            top: 0;\n            left: 0;\n            width: 100%;\n            height: 100%;\n            opacity: 0.1;\n            background-image: \n                radial-gradient(circle at 20% 20%, rgba(255,255,255,0.3) 2px, transparent 2px),\n                radial-gradient(circle at 80% 80%, rgba(255,255,255,0.2) 1px, transparent 1px),\n                radial-gradient(circle at 40% 60%, rgba(255,255,255,0.15) 1.5px, transparent 1.5px),\n                radial-gradient(circle at 60% 20%, rgba(255,255,255,0.25) 1px, transparent 1px),\n                radial-gradient(circle at 80% 40%, rgba(255,255,255,0.2) 2px, transparent 2px);\n            background-size: 100px 100px, 150px 150px, 80px 80px, 120px 120px, 90px 90px;\n            animation: patternFloat 12s linear infinite;\n        }\n\n        .neural-network {\n            position: absolute;\n            top: 0;\n            left: 0;\n            width: 100%;\n            height: 100%;\n            opacity: 0.08;\n        }\n\n        .neural-line {\n            position: absolute;\n            height: 1px;\n            background: linear-gradient(90deg, transparent, rgba(255,255,255,0.5), transparent);\n            animation: neuralPulse 6s ease-in-out infinite;\n        }\n\n        .neural-line:nth-child(1) {\n            top: 30%;\n            left: 0;\n            width: 60%;\n            animation-delay: 0s;\n        }\n\n        .neural-line:nth-child(2) {\n            top: 50%;\n            right: 0;\n            width: 70%;\n            animation-delay: 2s;\n        }\n\n        .neural-line:nth-child(3) {\n            top: 70%;\n            left: 20%;\n            width: 50%;\n            animation-delay: 4s;\n        }\n\n        .content {\n            position: relative;\n            z-index: 10;\n            text-align: center;\n            color: white !important;\n            max-width: 800px;\n            padding: 30px;\n        }\n\n        .content * {\n            color: white !important;\n        }\n\n        .cta-text {\n            font-size: 1.9rem;\n            font-weight: 700;\n            margin-bottom: 15px;\n            color: white !important;\n            background: linear-gradient(90deg, rgba(255,255,255,0.6), rgba(255,255,255,1), rgba(230,230,230,1), rgba(255,255,255,1), rgba(240,240,240,0.8), rgba(255,255,255,0.6));\n            background-size: 200% 100%;\n            -webkit-background-clip: text;\n            -webkit-text-fill-color: transparent;\n            background-clip: text;\n            animation: shineEffect 10s ease-in-out infinite;\n            line-height: 1.3;\n        }\n\n        .cta-subheading {\n            font-size: 1rem;\n            font-weight: 400;\n            margin-bottom: 25px;\n            color: white !important;\n            line-height: 1.6;\n            opacity: 0.95;\n        }\n\n        .cta-button {\n            background: linear-gradient(135deg, #8a6b0f, #bd9013, #d4a519);\n            border: 2px solid #8a6b0f;\n            color: white !important;\n            padding: 18px 40px;\n            font-size: 1.2rem;\n            font-weight: 600;\n            border-radius: 50px;\n            cursor: pointer;\n            transition: all 0.3s ease;\n            text-decoration: none;\n            display: inline-block;\n            position: relative;\n            overflow: hidden;\n        }\n\n        .cta-button::before {\n            content: '';\n            position: absolute;\n            top: 0;\n            left: -100%;\n            width: 100%;\n            height: 100%;\n            background: linear-gradient(90deg, \n                transparent 0%, \n                rgba(255, 255, 255, 0.3) 25%,\n                rgba(255, 255, 255, 0.6) 50%,\n                rgba(255, 255, 255, 0.3) 75%,\n                transparent 100%);\n            animation: shine 3s ease-in-out infinite;\n        }\n\n        .cta-button:hover {\n            transform: translateY(-3px);\n            box-shadow: 0 10px 25px rgba(0,0,0,0.2);\n            border-color: #bd9013;\n            background: linear-gradient(135deg, #bd9013, #d4a519, #e6b61f);\n        }\n\n        .floating-elements {\n            position: absolute;\n            top: 0;\n            left: 0;\n            width: 100%;\n            height: 100%;\n            pointer-events: none;\n        }\n\n        .floating-circle {\n            position: absolute;\n            border-radius: 50%;\n            background: rgba(255,255,255,0.1);\n            animation: float 8s ease-in-out infinite;\n        }\n\n        .floating-circle:nth-child(1) {\n            width: 80px;\n            height: 80px;\n            top: 20%;\n            left: 10%;\n            animation-delay: 0s;\n        }\n\n        .floating-circle:nth-child(2) {\n            width: 60px;\n            height: 60px;\n            top: 60%;\n            right: 15%;\n            animation-delay: 3s;\n        }\n\n        .floating-circle:nth-child(3) {\n            width: 40px;\n            height: 40px;\n            top: 80%;\n            left: 80%;\n            animation-delay: 6s;\n        }\n\n        .floating-circle:nth-child(4) {\n            width: 70px;\n            height: 70px;\n            top: 10%;\n            right: 20%;\n            animation-delay: 1.5s;\n        }\n\n        .floating-circle:nth-child(5) {\n            width: 50px;\n            height: 50px;\n            top: 75%;\n            left: 30%;\n            animation-delay: 4.5s;\n        }\n\n        @keyframes gradientMove {\n            0% { background-position: 0% 50%; }\n            25% { background-position: 100% 50%; }\n            50% { background-position: 100% 100%; }\n            75% { background-position: 0% 100%; }\n            100% { background-position: 0% 50%; }\n        }\n\n        @keyframes patternFloat {\n            0% { transform: translateX(0) translateY(0); }\n            33% { transform: translateX(30px) translateY(-20px); }\n            66% { transform: translateX(-20px) translateY(10px); }\n            100% { transform: translateX(0) translateY(0); }\n        }\n\n        @keyframes neuralPulse {\n            0%, 100% { opacity: 0.08; }\n            50% { opacity: 0.2; }\n        }\n\n        @keyframes shineEffect {\n            0% { background-position: 200% 0; }\n            100% { background-position: -200% 0; }\n        }\n\n        @keyframes shine {\n            0% {\n                left: -100%;\n            }\n            20%, 100% {\n                left: 100%;\n            }\n        }\n\n        @keyframes float {\n            0%, 100% { transform: translateY(0px) rotate(0deg); }\n            33% { transform: translateY(-30px) rotate(120deg); }\n            66% { transform: translateY(15px) rotate(240deg); }\n        }\n\n        @media (max-width: 768px) {\n            .banner {\n                height: 320px;\n                padding: 30px 0;\n            }\n            \n            .content {\n                padding: 40px 20px;\n            }\n            \n            .cta-text {\n                font-size: 1.3rem;\n                margin-bottom: 12px;\n            }\n            \n            .cta-subheading {\n                font-size: 0.85rem;\n                margin-bottom: 20px;\n            }\n            \n            .cta-button {\n                padding: 14px 28px;\n                font-size: 0.95rem;\n            }\n        }\n    <\/style>\n<\/head>\n<body>\n    <div class=\"banner\">\n        <div class=\"animated-background\"><\/div>\n        \n        <div class=\"ai-pattern\"><\/div>\n        \n        <div class=\"neural-network\">\n            <div class=\"neural-line\"><\/div>\n            <div class=\"neural-line\"><\/div>\n            <div class=\"neural-line\"><\/div>\n        <\/div>\n        \n        <div class=\"floating-elements\">\n            <div class=\"floating-circle\"><\/div>\n            <div class=\"floating-circle\"><\/div>\n            <div class=\"floating-circle\"><\/div>\n            <div class=\"floating-circle\"><\/div>\n            <div class=\"floating-circle\"><\/div>\n        <\/div>\n        \n        <div class=\"content\">\n            <div class=\"cta-text\">Ready to explore the insights that drive smarter decisions?<\/div>\n            <div class=\"cta-subheading\">Contact our Research experts today.<\/div>\n            <a href=\"mailto:Research@sisinternational.com\" class=\"cta-button\">Contact us now!<\/a>\n        <\/div>\n    <\/div>\n<\/body>\n<\/html>\n\n\n\n<p><\/p>\n\n\n\n<h2 class=\"wp-block-heading\" id=\"j-beauty-opportunities\">Oportunidades de J-Beauty<\/h2>\n\n\n\n<figure class=\"gb-block-image gb-block-image-cde3ac8f\"><img loading=\"lazy\" decoding=\"async\" width=\"1456\" height=\"816\" class=\"gb-image gb-image-cde3ac8f\" src=\"https:\/\/www.sisinternational.com\/wp-content\/uploads\/2025\/08\/K-beauty-korean-5.jpg\" alt=\"Investigaci\u00f3n y estrategia de mercado internacional de SIS\" title=\"K beauty korean (5)\" srcset=\"https:\/\/www.sisinternational.com\/wp-content\/uploads\/2025\/08\/K-beauty-korean-5.jpg 1456w, https:\/\/www.sisinternational.com\/wp-content\/uploads\/2025\/08\/K-beauty-korean-5-300x168.jpg 300w, https:\/\/www.sisinternational.com\/wp-content\/uploads\/2025\/08\/K-beauty-korean-5-1024x574.jpg 1024w, https:\/\/www.sisinternational.com\/wp-content\/uploads\/2025\/08\/K-beauty-korean-5-768x430.jpg 768w, https:\/\/www.sisinternational.com\/wp-content\/uploads\/2025\/08\/K-beauty-korean-5-18x10.jpg 18w\" sizes=\"auto, (max-width: 1456px) 100vw, 1456px\"><\/figure>\n\n\n\n<p><\/p>\n\n\n\n<p>\u201cJ-beauty,\u201d the sleeping giant of the cosmetic industry, has woken up. Its key competitor is \u201cK-beauty\u201d or Korean beauty. The latter has the advantages of efficiency and manufacturing speed. However, K-beauty can\u2019t contend with Japan\u2019s far more elaborate and delicate beauty routines. It also cannot compete with its long-term technology investment. Japan&#8217;s obsession with beauty also makes it difficult for K-beauty to compete.<\/p>\n\n\n\n<p>La industria de la belleza japonesa se remonta al siglo VI. Elementos como el labio rojo original (las geishas usaban p\u00e9talos de c\u00e1rtamo triturados) son japoneses. Otro factor japon\u00e9s son las brochas de maquillaje estilo caligraf\u00eda. El uso de polvo de arroz como matificante y fijador del maquillaje tambi\u00e9n es de origen japon\u00e9s. Gran parte de lo interesante de la K-beauty provino de Jap\u00f3n. La belleza japonesa logra unir lo viejo y lo nuevo con facilidad.<\/p>\n\n\n\n<p>Jap\u00f3n ha tenido un punto de apoyo en el mercado estadounidense durante d\u00e9cadas. El hambre por sus productos persiste. Marcas como Shiseido han invertido en innovaci\u00f3n y se estima que la I+D de Jap\u00f3n est\u00e1 dos a\u00f1os por delante de la de Estados Unidos. Una de las innovaciones en desarrollo es la tecnolog\u00eda de piel artificial. Esta segunda piel, hecha de un pol\u00edmero el\u00e1stico duradero, se asienta bajo el maquillaje o los rayos UV. Los usuarios lo aplican como una loci\u00f3n y hace que las arrugas desaparezcan.<\/p>\n\n\n\n<p>So what sets J-brands apart from their Western competitors? Japanese science and technology enable the efficacy of their products. Their textures are also of a higher quality. This is especially true of creams, SPF products, and foundation. Japanese products can also be used alongside those of the West. Beauty addicts in the West can, therefore, add a product or two from Japan to their existing skincare regimens if they\u2019re not ready to go full J-beauty.<\/p>\n\n\n<h2>Nuestra ubicaci\u00f3n de instalaciones en Nueva York<\/h2>\n<p><!-- \/wp:post-content --> <!-- wp:html --> <iframe loading=\"lazy\" src=\"https:\/\/www.google.com\/maps\/embed?pb=!1m18!1m12!1m3!1d3022.976188376966!2d-73.99130312499956!3d40.740549471389315!2m3!1f0!2f0!3f0!3m2!1i1024!2i768!4f13.1!3m3!1m2!1s0x89c259a15798c731%3A0xd695d09bdd495f25!2s11%20E%2022nd%20St%20FL%202%2C%20New%20York%2C%20NY%2010010%2C%20USA!5e0!3m2!1sen!2spe!4v1726171763526!5m2!1sen!2spe\" width=\"600\" height=\"450\" allowfullscreen=\"allowfullscreen\" data-mce-fragment=\"1\"><\/iframe> <!-- \/wp:html --> <!-- wp:paragraph --><\/p>\n<h3 class=\"wp-block-heading\">11 E 22nd Street, Piso 2, Nueva York, NY 10010 T: +1(212) 505-6805<\/h3>\n<hr \/>\n<h2><span style=\"font-weight: 400;\">Acerca de SIS Internacional<\/span><\/h2>\n<p><a href=\"https:\/\/www.sisinternational.com\/es\/\"><span style=\"font-weight: 400;\">SIS Internacional<\/span><\/a><span style=\"font-weight: 400;\"> ofrece investigaci\u00f3n cuantitativa, cualitativa y estrat\u00e9gica. Proporcionamos datos, herramientas, estrategias, informes y conocimientos para la toma de decisiones. Tambi\u00e9n realizamos entrevistas, encuestas, grupos focales y otros m\u00e9todos y enfoques de investigaci\u00f3n de mercado.<\/span><a href=\"https:\/\/www.sisinternational.com\/es\/sobre-la-investigacion-internacional-de-sis\/contact-sis-international-market-research\/\"><span style=\"font-weight: 400;\"> P\u00f3ngase en contacto con nosotros<\/span><\/a><span style=\"font-weight: 400;\"> para su pr\u00f3ximo proyecto de Investigaci\u00f3n de Mercado.<\/span><\/p>\n<p>\u00a0<\/p>\n<p><!-- wp:heading --><\/p>\n<p><!-- wp:paragraph --><\/p>\n<p><!-- \/wp:paragraph --><!-- \/wp:heading --><\/p>","protected":false},"excerpt":{"rendered":"<p>La investigaci\u00f3n de mercado de Belleza japonesa (J-Beauty) proporciona datos, herramientas, estrategias e informes para ofrecer oportunidades de crecimiento global.<\/p>","protected":false},"author":1,"featured_media":65779,"parent":14514,"menu_order":139,"comment_status":"closed","ping_status":"closed","template":"","meta":{"footnotes":""},"class_list":["post-40731","page","type-page","status-publish","has-post-thumbnail"],"_links":{"self":[{"href":"https:\/\/www.sisinternational.com\/es\/wp-json\/wp\/v2\/pages\/40731","targetHints":{"allow":["GET"]}}],"collection":[{"href":"https:\/\/www.sisinternational.com\/es\/wp-json\/wp\/v2\/pages"}],"about":[{"href":"https:\/\/www.sisinternational.com\/es\/wp-json\/wp\/v2\/types\/page"}],"author":[{"embeddable":true,"href":"https:\/\/www.sisinternational.com\/es\/wp-json\/wp\/v2\/users\/1"}],"replies":[{"embeddable":true,"href":"https:\/\/www.sisinternational.com\/es\/wp-json\/wp\/v2\/comments?post=40731"}],"version-history":[{"count":12,"href":"https:\/\/www.sisinternational.com\/es\/wp-json\/wp\/v2\/pages\/40731\/revisions"}],"predecessor-version":[{"id":78448,"href":"https:\/\/www.sisinternational.com\/es\/wp-json\/wp\/v2\/pages\/40731\/revisions\/78448"}],"up":[{"embeddable":true,"href":"https:\/\/www.sisinternational.com\/es\/wp-json\/wp\/v2\/pages\/14514"}],"wp:featuredmedia":[{"embeddable":true,"href":"https:\/\/www.sisinternational.com\/es\/wp-json\/wp\/v2\/media\/65779"}],"wp:attachment":[{"href":"https:\/\/www.sisinternational.com\/es\/wp-json\/wp\/v2\/media?parent=40731"}],"curies":[{"name":"wp","href":"https:\/\/api.w.org\/{rel}","templated":true}]}}