{"id":40725,"date":"2022-06-27T03:41:22","date_gmt":"2022-06-27T03:41:22","guid":{"rendered":"https:\/\/www.sisinternational.com\/?page_id=40725"},"modified":"2025-10-01T21:32:23","modified_gmt":"2025-10-02T01:32:23","slug":"mujeres-de-entre-70-y-80-anos-ascendieron-a-la-alta-direccion","status":"publish","type":"page","link":"https:\/\/www.sisinternational.com\/es\/publicaciones\/mujeres-de-entre-70-y-80-anos-ascendieron-a-la-alta-direccion\/","title":{"rendered":"C\u00f3mo las mujeres de los a\u00f1os 70 y 80 ascendieron a la alta direcci\u00f3n"},"content":{"rendered":"<h1 class=\"wp-block-heading\"><span lang=\"en-US\">C\u00f3mo las mujeres de los a\u00f1os 70 y 80 ascendieron a la alta direcci\u00f3n<\/span><\/h1>\n\n\n\n<figure class=\"gb-block-image gb-block-image-0edef3af\"><img loading=\"lazy\" decoding=\"async\" width=\"1024\" height=\"574\" class=\"gb-image gb-image-0edef3af\" src=\"https:\/\/www.sisinternational.com\/wp-content\/uploads\/2025\/08\/CEO-woman-business-woman-5-1024x574.jpg\" alt=\"Investigaci\u00f3n y estrategia de mercado internacional de SIS\" title=\"CEO woman business woman (5)\" srcset=\"https:\/\/www.sisinternational.com\/wp-content\/uploads\/2025\/08\/CEO-woman-business-woman-5-1024x574.jpg 1024w, https:\/\/www.sisinternational.com\/wp-content\/uploads\/2025\/08\/CEO-woman-business-woman-5-300x168.jpg 300w, https:\/\/www.sisinternational.com\/wp-content\/uploads\/2025\/08\/CEO-woman-business-woman-5-768x430.jpg 768w, https:\/\/www.sisinternational.com\/wp-content\/uploads\/2025\/08\/CEO-woman-business-woman-5-18x10.jpg 18w, https:\/\/www.sisinternational.com\/wp-content\/uploads\/2025\/08\/CEO-woman-business-woman-5.jpg 1456w\" sizes=\"auto, (max-width: 1024px) 100vw, 1024px\"><\/figure>\n\n\n\n<p><\/p>\n\n\n\n<hr class=\"wp-block-separator has-alpha-channel-opacity is-style-dots\"\/>\n\n\n\n<p><span lang=\"en-US\">Desde finales de la d\u00e9cada de 1970 hasta principios del siglo XXI, la participaci\u00f3n de las mujeres en la fuerza laboral comenz\u00f3 a aumentar constantemente. \u00bfQu\u00e9 fue notable en esta \u00e9poca? El n\u00famero de mujeres en la fuerza laboral con un hijo menor de 1 a\u00f1o aument\u00f3 del 20 al 62 por ciento.<\/span><\/p>\n\n\n\n<p><span lang=\"en-US\">Al mismo tiempo, las mujeres j\u00f3venes en su adolescencia comenzaron a alterar sus expectativas profesionales. La mentalidad cambi\u00f3 y las mujeres empezaron a esperar carreras largas e ininterrumpidas. El matrimonio y los hijos ya no interrumpir\u00edan sus profesiones. A su vez, este desarrollo los motiv\u00f3 a invertir m\u00e1s en su educaci\u00f3n. Un n\u00famero cada vez mayor fue a la universidad y m\u00e1s all\u00e1. Las prepar\u00f3 para carreras que les daban un prestigio m\u00e1s cercano al de los hombres en el lugar de trabajo.<\/span><\/p>\n\n\n\n<p><span lang=\"en-US\">Luego, las mujeres comenzaron a posponer el matrimonio y la maternidad. Parte de la raz\u00f3n fue la creciente popularidad de la p\u00edldora anticonceptiva. Este anticonceptivo confiable dio a las mujeres control sobre el momento de tener hijos. Las mujeres comenzaron a ver sus identidades y sus vidas de manera diferente. Su yo profesional se volvi\u00f3 tan crucial como sus familias.<\/span><\/p>\n\n\n\n<p><span lang=\"en-US\">Los expertos han observado una tendencia interesante en la participaci\u00f3n de las mujeres en la fuerza laboral. En la d\u00e9cada de 1970, un solo ingreso ya no pod\u00eda sustentar un estilo de vida c\u00f3modo. Fue una necesidad econ\u00f3mica, y no una oportunidad, lo que impuls\u00f3 a las mujeres a trabajar. El aumento de la Acci\u00f3n Afirmativa oblig\u00f3 a las empresas a colocar a mujeres en puestos no tradicionales. Esa experiencia forzada tambi\u00e9n ayud\u00f3 a cambiar la mentalidad cultural.<\/span><\/p>\n\n\n\n<h2 class=\"wp-block-heading\"><span lang=\"en-US\">Mujeres en puestos directivos<\/span><\/h2>\n\n\n\n<figure class=\"gb-block-image gb-block-image-7bb9fe7b\"><img loading=\"lazy\" decoding=\"async\" width=\"1456\" height=\"816\" class=\"gb-image gb-image-7bb9fe7b\" src=\"https:\/\/www.sisinternational.com\/wp-content\/uploads\/2025\/08\/CEO-woman-business-woman-7.jpg\" alt=\"Investigaci\u00f3n y estrategia de mercado internacional de SIS\" title=\"CEO woman business woman (7)\" srcset=\"https:\/\/www.sisinternational.com\/wp-content\/uploads\/2025\/08\/CEO-woman-business-woman-7.jpg 1456w, https:\/\/www.sisinternational.com\/wp-content\/uploads\/2025\/08\/CEO-woman-business-woman-7-300x168.jpg 300w, https:\/\/www.sisinternational.com\/wp-content\/uploads\/2025\/08\/CEO-woman-business-woman-7-1024x574.jpg 1024w, https:\/\/www.sisinternational.com\/wp-content\/uploads\/2025\/08\/CEO-woman-business-woman-7-768x430.jpg 768w, https:\/\/www.sisinternational.com\/wp-content\/uploads\/2025\/08\/CEO-woman-business-woman-7-18x10.jpg 18w\" sizes=\"auto, (max-width: 1456px) 100vw, 1456px\"><\/figure>\n\n\n\n<p><\/p>\n\n\n\n<p><span lang=\"en-US\">La primera mujer directora ejecutiva de una empresa Fortune 500 fue Katharine Graham. Se convirti\u00f3 en directora ejecutiva de la empresa matriz del Washington Post en 1972, rompiendo una nueva barrera y, a menudo, era la \u00fanica mujer en la sala de redacci\u00f3n. Otras mujeres saltaron a la fama en los a\u00f1os 70 y 80. Cabe destacar a Marion Sandler de Golden West Financial y Linda Wachner de Warnaco Group Inc. <\/span><\/p>\n\n\n\n<p><span lang=\"en-US\">En 1980, ninguna mujer hab\u00eda alcanzado los puestos ejecutivos m\u00e1s altos de Fortune 100. En 2001, el once por ciento de esos l\u00edderes corporativos eran mujeres. El n\u00famero de empresas con directoras ejecutivas femeninas se ha multiplicado por m\u00e1s de seis. <\/span><\/p>\n\n\n\n<p><span lang=\"en-US\">Since 1980, American <a href=\"https:\/\/www.sisinternational.com\/es\/soluciones\/consultoria-estrategica\/empresas-de-consultoria-de-gestion\/\" title=\"Firma de consultor\u00eda de gesti\u00f3n global\"  data-wpil-monitor-id=\"10060\">firms have created almost 4.5 million management<\/a> positions. Women occupy 2.6 million of these positions. Unfortunately, the gender wage gap has kept step with these statistics. Women\u2019s increasing representation in management is in \u201cfeminized\u201d fields. The gender wage gaps are the most extreme in those fields. But the lowest gaps are in occupations with the lowest proportions of women. For example, engineering and architecture have small wage gaps. <\/span><\/p>\n\n\n\n<h2 class=\"wp-block-heading\"><span lang=\"en-US\">Barreras de g\u00e9nero para la alta direcci\u00f3n<\/span><\/h2>\n\n\n\n<p><span lang=\"en-US\">La mayor\u00eda de los estadounidenses consideran que las mujeres son tan innovadoras e inteligentes como los hombres. Sin embargo, muy pocas mujeres alcanzan el nivel ejecutivo m\u00e1s alto. \u00bfPor qu\u00e9 son tan pocas las mujeres que llegan a la alta direcci\u00f3n? Las mujeres que quieren ascender a los niveles m\u00e1s altos en los negocios tambi\u00e9n enfrentan un doble rasero. Tienen que eclipsar a los machos si quieren demostrar su val\u00eda.<\/span><\/p>\n\n\n\n<p><span lang=\"en-US\">Introduzca el concepto de &quot;techo de cristal&quot;. El Departamento de Trabajo de Estados Unidos describi\u00f3 el techo de cristal en 1991 como un conjunto de obst\u00e1culos artificiales basados en la arbitrariedad. Obstruyen el ascenso de personas calificadas a puestos directivos en su organizaci\u00f3n. El camino que deben recorrer las mujeres para llegar al nivel ejecutivo es complejo y con diversas barreras. <\/span><\/p>\n\n\n\n<p><span lang=\"en-US\">Sin embargo, la diversidad en el lugar de trabajo es buena para los negocios. La nueva econom\u00eda de servicios depende de habilidades que las mujeres adquieren f\u00e1cilmente. Por ejemplo, esta econom\u00eda exige atenci\u00f3n al detalle, determinaci\u00f3n y pensamiento mesurado. Los problemas con los obst\u00e1culos que enfrentan las mujeres son creados por el hombre. Las organizaciones y la sociedad deben hacer m\u00e1s para brindar a todas las mujeres la oportunidad de llegar a la cima.<\/span><\/p>\n\n\n\n<p><span lang=\"en-US\">La percepci\u00f3n inexacta de la igualdad de g\u00e9nero limita las oportunidades de las mujeres como grupo. \u00bfPor qu\u00e9? Porque crea un falso optimismo. Tambi\u00e9n elimina la necesidad percibida de mejorar las cosas. Los art\u00edculos de noticias a veces promocionan ejemplos de mujeres exitosas. Los exhiben como prueba de que el techo de cristal ya no existe. Unas pocas mujeres han logrado llegar a puestos de poder. Sin embargo, todav\u00eda existen muchas desigualdades en la representaci\u00f3n de las mujeres en puestos superiores.<\/span><\/p>\n\n\n\n<p><span lang=\"en-US\">La mayor\u00eda de los directores ejecutivos y miembros de juntas directivas en ejercicio son hombres. Ellos marcan el tono y la cultura para determinar qui\u00e9n es apto para tener \u00e9xito. Adem\u00e1s, la situaci\u00f3n del cuidado de los hijos de una mujer es un determinante importante para que alcance el rango de directora ejecutiva. Encontrar servicios de cuidado infantil asequibles y de alta calidad sigue siendo un desaf\u00edo. Para llegar a ser directora ejecutiva, una mujer habr\u00eda tenido que soportar muchas cosas. <\/span><\/p>\n\n\n\n<p><span lang=\"en-US\">Tambi\u00e9n han aumentado las exigencias de la vida familiar. Ser madre se ha vuelto m\u00e1s intenso. Las madres trabajadoras de hoy pasan tanto tiempo con sus hijos como lo hac\u00edan las amas de casa en los a\u00f1os 1970.<\/span><\/p>\n\n\n\n<h2 class=\"wp-block-heading\"><span lang=\"en-US\">Cerrar la brecha de g\u00e9nero<\/span><\/h2>\n\n\n\n<p><span lang=\"en-US\">Las empresas han logrado avances en el avance de las carreras de las mujeres. Todav\u00eda les queda un largo camino por recorrer para lograr una verdadera igualdad de g\u00e9nero en el lugar de trabajo. Sin embargo, todos se benefician al cerrar la brecha de g\u00e9nero. Los clientes se benefician, al igual que los equipos e incluso los resultados de las empresas. Las mujeres lograron grandes avances en las d\u00e9cadas de 1970 y 1980 cuando ingresaron a la fuerza laboral. Es hora de aprovechar esos logros y hacer que la alta direcci\u00f3n sea m\u00e1s acogedora para las mujeres.<\/span><\/p>\n\n\n<h2>Nuestra ubicaci\u00f3n de instalaciones en Nueva York<\/h2>\n<p><!-- \/wp:post-content --> <!-- wp:html --> <iframe loading=\"lazy\" src=\"https:\/\/www.google.com\/maps\/embed?pb=!1m18!1m12!1m3!1d3022.976188376966!2d-73.99130312499956!3d40.740549471389315!2m3!1f0!2f0!3f0!3m2!1i1024!2i768!4f13.1!3m3!1m2!1s0x89c259a15798c731%3A0xd695d09bdd495f25!2s11%20E%2022nd%20St%20FL%202%2C%20New%20York%2C%20NY%2010010%2C%20USA!5e0!3m2!1sen!2spe!4v1726171763526!5m2!1sen!2spe\" width=\"600\" height=\"450\" allowfullscreen=\"allowfullscreen\" data-mce-fragment=\"1\"><\/iframe> <!-- \/wp:html --> <!-- wp:paragraph --><\/p>\n<h3 class=\"wp-block-heading\">11 E 22nd Street, Piso 2, Nueva York, NY 10010 T: +1(212) 505-6805<\/h3>\n<hr \/>\n<h2><span style=\"font-weight: 400;\">Acerca de SIS Internacional<\/span><\/h2>\n<p><a href=\"https:\/\/www.sisinternational.com\/es\/\"><span style=\"font-weight: 400;\">SIS Internacional<\/span><\/a><span style=\"font-weight: 400;\"> offers Quantitative, Qualitative, and Strategy Research. We provide data, tools, strategies, reports, and insights for decision-making. We also conduct interviews, surveys, focus groups, and other <a href=\"https:\/\/www.sisinternational.com\/es\/quantitative-market-research-methods-and-techniques\/\" title=\"Quantitative Market Research Methods and Techniques\"  data-wpil-monitor-id=\"10056\">Market Research methods<\/a> and approaches.<\/span><a href=\"https:\/\/www.sisinternational.com\/es\/sobre-la-investigacion-internacional-de-sis\/contact-sis-international-market-research\/\"><span style=\"font-weight: 400;\"> P\u00f3ngase en contacto con nosotros<\/span><\/a><span style=\"font-weight: 400;\"> para su pr\u00f3ximo proyecto de Investigaci\u00f3n de Mercado.<\/span><\/p>\n<p><!-- wp:heading --><\/p>\n<h2 id=\"about-sis-international\" class=\"wp-block-heading\">\u00a0<\/h2>\n<p><!-- \/wp:heading --><\/p>","protected":false},"excerpt":{"rendered":"<p>Las empresas han logrado avances en el avance de las carreras de las mujeres. La igualdad de g\u00e9nero en el lugar de trabajo todav\u00eda tiene un largo camino por recorrer.<\/p>","protected":false},"author":1,"featured_media":64875,"parent":20148,"menu_order":13,"comment_status":"closed","ping_status":"closed","template":"","meta":{"footnotes":""},"class_list":["post-40725","page","type-page","status-publish","has-post-thumbnail"],"_links":{"self":[{"href":"https:\/\/www.sisinternational.com\/es\/wp-json\/wp\/v2\/pages\/40725","targetHints":{"allow":["GET"]}}],"collection":[{"href":"https:\/\/www.sisinternational.com\/es\/wp-json\/wp\/v2\/pages"}],"about":[{"href":"https:\/\/www.sisinternational.com\/es\/wp-json\/wp\/v2\/types\/page"}],"author":[{"embeddable":true,"href":"https:\/\/www.sisinternational.com\/es\/wp-json\/wp\/v2\/users\/1"}],"replies":[{"embeddable":true,"href":"https:\/\/www.sisinternational.com\/es\/wp-json\/wp\/v2\/comments?post=40725"}],"version-history":[{"count":6,"href":"https:\/\/www.sisinternational.com\/es\/wp-json\/wp\/v2\/pages\/40725\/revisions"}],"predecessor-version":[{"id":70468,"href":"https:\/\/www.sisinternational.com\/es\/wp-json\/wp\/v2\/pages\/40725\/revisions\/70468"}],"up":[{"embeddable":true,"href":"https:\/\/www.sisinternational.com\/es\/wp-json\/wp\/v2\/pages\/20148"}],"wp:featuredmedia":[{"embeddable":true,"href":"https:\/\/www.sisinternational.com\/es\/wp-json\/wp\/v2\/media\/64875"}],"wp:attachment":[{"href":"https:\/\/www.sisinternational.com\/es\/wp-json\/wp\/v2\/media?parent=40725"}],"curies":[{"name":"wp","href":"https:\/\/api.w.org\/{rel}","templated":true}]}}