{"id":40713,"date":"2022-06-26T04:02:35","date_gmt":"2022-06-26T04:02:35","guid":{"rendered":"https:\/\/www.sisinternational.com\/?page_id=40713"},"modified":"2025-10-01T19:42:22","modified_gmt":"2025-10-01T23:42:22","slug":"investigacion-de-mercado-de-fabricacion-pesada","status":"publish","type":"page","link":"https:\/\/www.sisinternational.com\/es\/pericia\/investigacion-de-mercado-de-fabricacion-pesada\/","title":{"rendered":"Investigaci\u00f3n de mercado de fabricaci\u00f3n pesada"},"content":{"rendered":"<h1 class=\"wp-block-heading\">Investigaci\u00f3n de mercado de fabricaci\u00f3n pesada<\/h1>\n\n\n\n<figure class=\"gb-block-image gb-block-image-6da48f19\"><img loading=\"lazy\" decoding=\"async\" width=\"1456\" height=\"816\" class=\"gb-image gb-image-6da48f19\" src=\"https:\/\/www.sisinternational.com\/wp-content\/uploads\/2025\/08\/Manufacturing-4.jpg\" alt=\"Investigaci\u00f3n y estrategia de mercado internacional de SIS\" title=\"Manufacturing (4)\" srcset=\"https:\/\/www.sisinternational.com\/wp-content\/uploads\/2025\/08\/Manufacturing-4.jpg 1456w, https:\/\/www.sisinternational.com\/wp-content\/uploads\/2025\/08\/Manufacturing-4-300x168.jpg 300w, https:\/\/www.sisinternational.com\/wp-content\/uploads\/2025\/08\/Manufacturing-4-1024x574.jpg 1024w, https:\/\/www.sisinternational.com\/wp-content\/uploads\/2025\/08\/Manufacturing-4-768x430.jpg 768w, https:\/\/www.sisinternational.com\/wp-content\/uploads\/2025\/08\/Manufacturing-4-18x10.jpg 18w\" sizes=\"auto, (max-width: 1456px) 100vw, 1456px\"><\/figure>\n\n\n\n<p><\/p>\n\n\n\n<h2 class=\"wp-block-heading\">\u00bfQu\u00e9 es la investigaci\u00f3n de mercado de HM?<\/h2>\n\n\n\n<p>You may know <a href=\"https:\/\/sisaisolutions.com\/application-of-ai-in-manufacturing\/\" target=\"_blank\" rel=\"noopener\">Manufactura Pesada<\/a> by another name: Heavy Industry. HM focuses less on the consumer than the light industry sector. But, it uses much more capital. Further, it often involves extracting and using raw materials to produce goods. Thus HM has quite an impact on several industries.<\/p>\n\n\n\n<h3 class=\"wp-block-heading\">Ejemplos de HM son<span lang=\"en-US\">:<\/span><\/h3>\n\n\n\n<p><strong><span style=\"color: #cda349;\">1. Construcci\u00f3n naval<\/span><\/strong><\/p>\n\n\n\n<p><strong><span style=\"color: #cda349;\">2. Construcci\u00f3n de m\u00e1quinas herramienta<\/span><\/strong><\/p>\n\n\n\n<p><strong><span style=\"color: #cda349;\">3. Producci\u00f3n de acero<\/span><\/strong><\/p>\n\n\n\n<p><strong><span style=\"color: #cda349;\">4. Miner\u00eda<\/span><\/strong><\/p>\n\n\n\n<p><strong><span style=\"color: #cda349;\">5. Productos qu\u00edmicos<\/span><\/strong><\/p>\n\n\n\n<h3 class=\"wp-block-heading\">HM tambi\u00e9n incluye la fabricaci\u00f3n de equipos utilizados para la agricultura y la construcci\u00f3n.<\/h3>\n\n\n\n<p>Uno de los principales impulsores del mercado en este sector es el aumento del gasto en construcci\u00f3n en todo el mundo. Pero crear nuevos productos en el sector HM requiere enormes desembolsos de capital. As\u00ed, las peque\u00f1as empresas de este sector s\u00f3lo pueden producir maquinaria especializada.<\/p>\n\n\n\n<h2 class=\"wp-block-heading\">\u00bfPor qu\u00e9 es importante la investigaci\u00f3n de mercado de HM?<\/h2>\n\n\n\n<p>In all industries and sectors, <a href=\"https:\/\/www.sisinternational.com\/es\/pericia\/industrias\/investigacion-de-mercado-de-productos-basicos-de-cocina\/\" title=\"Investigaci\u00f3n de mercado de elementos esenciales de cocina\" data-wpil-monitor-id=\"7752\">Market Research is essential<\/a>. It is vital in the HM industry, where the effects of making misinformed decisions can be severe. At times, such decisions can be nothing short of disastrous. Market Research is vital for entering new markets as well as acquiring other businesses. It\u2019s also needed for major new product launches. Here are four reasons why <a href=\"https:\/\/www.sisinternational.com\/es\/pericia\/industrias\/administrador-de-beneficios-de-farmacia-pbm-investigacion-de-mercado\/\" title=\"Investigaci\u00f3n de mercado del administrador de beneficios de farmacia (PBM)\" data-wpil-monitor-id=\"7750\">Market Research benefits<\/a> the HM industry:<\/p>\n\n\n\n<p><strong><span style=\"color: #0b5d95;\">1. Ayuda a los actores de la industria a obtener informaci\u00f3n primaria. De hecho, es raro obtener informaci\u00f3n de este tipo de fuentes secundarias.<\/span><\/strong><\/p>\n\n\n\n<p><strong><span style=\"color: #0b5d95;\">2. Ayuda a los fabricantes de productos HM a identificar personas compradoras.<\/span><\/strong><\/p>\n\n\n\n<p><strong><span style=\"color: #0b5d95;\">3. Les ayuda a identificar contenidos y m\u00e9todos que los mantendr\u00e1n relevantes.<\/span><\/strong><\/p>\n\n\n\n<p><strong><span style=\"color: #0b5d95;\">4. Les ayuda a reducir el riesgo.<\/span><\/strong><\/p>\n\n\n\n<h2 class=\"wp-block-heading\">T\u00edtulos de trabajo clave<\/h2>\n\n\n\n<h3 class=\"wp-block-heading\">Los t\u00edtulos de trabajo cr\u00edticos en HM son los siguientes:<\/h3>\n\n\n\n<ul class=\"wp-block-list\">\n<li>Ensamblador. Un ensamblador ensambla equipos HM. <span lang=\"en-US\">\u00c9l o ella<\/span> armar<span lang=\"en-US\">s<\/span> las diferentes partes de un producto para hacerlo funcional.<\/li>\n\n\n\n<li>Operador\/Maquinista. Los operadores y maquinistas son expertos en el uso de m\u00e1quinas. Los operadores\/maquinistas tambi\u00e9n deben ser buenos para resolver fallos de funcionamiento de las m\u00e1quinas. La mayor\u00eda de los operadores saben utilizar casi todo tipo de m\u00e1quinas. Por tanto, la mayor\u00eda de ellos son expertos en el manejo de m\u00e1quinas.<\/li>\n\n\n\n<li>Quality Inspector: a specialist in checking out how well the machinery works. That person can also identify a machine\u2019s <a href=\"https:\/\/www.sisinternational.com\/es\/soluciones\/investigacion-de-mercado-del-valor-de-vida-del-cliente\/\" title=\"Estudio de mercado sobre el valor del ciclo de vida del cliente\" data-wpil-monitor-id=\"7757\">value in the market<\/a>. Quality inspectors tend to know every kind of material used in any heavy equipment.<\/li>\n<\/ul>\n\n\n\n<h2 class=\"wp-block-heading\">Por qu\u00e9 las empresas necesitan la investigaci\u00f3n de mercado de HM<\/h2>\n\n\n\n<p><a href=\"https:\/\/www.sisinternational.com\/es\/cobertura\/las-americas\/cobertura-de-estados-unidos\/\" title=\"Investigaci\u00f3n de mercado en Estados Unidos\" data-wpil-monitor-id=\"7754\">Estudios de mercado<\/a> provides knowledge of the current market state. Companies can also use it to predict future consumer needs. Sales cycles in this sector are often long. Market Research can help determine the best ways to keep prospects engaged throughout the process.<\/p>\n\n\n\n<p>Las empresas con alcance global deben ajustarse a los est\u00e1ndares locales. Deben mantenerse informados durante todas las etapas de los procesos de producci\u00f3n y ventas. La investigaci\u00f3n de mercado puede ayudarle a identificar y seguir las tendencias emergentes. Por lo tanto, gastar\u00e1 menos dinero en sorpresas de cumplimiento.<\/p>\n\n\n\n<h2 class=\"wp-block-heading\">Factores claves del \u00e9xito<\/h2>\n\n\n\n<h3 class=\"wp-block-heading\">Los expertos han se\u00f1alado varios factores que pueden ayudar a los actores de esta industria. Estos factores pueden ayudarles a competir en sus respectivos mercados. Incluyen:<\/h3>\n\n\n\n<p>1. <strong>Productividad.<\/strong> La expansi\u00f3n a menudo significa aumentar la producci\u00f3n sin aumentar el tama\u00f1o de la planta. Por tanto, los actores de la industria deben centrarse en ser m\u00e1s eficientes en sus operaciones.<\/p>\n\n\n\n<p>2. <strong>Conectividad.<\/strong> Miles de millones de m\u00e1quinas y equipos ahora se conectan a Internet gracias al poder de la IA. Para que los fabricantes de equipos HM puedan competir, deben ver sus sistemas como parte de un mundo conectado.<\/p>\n\n\n\n<p>3. <strong>Estandarizaci\u00f3n.<\/strong> The process of making machines that conform to a standard makes HM operations more efficient. For one thing, it\u2019s quicker to get the <a href=\"https:\/\/www.sisinternational.com\/es\/pericia\/curriculums-de-experiencia\/estudio-de-mercado-de-productos-de-cuidado-personal\/\" title=\"Investigaci\u00f3n de mercado de productos de cuidado personal\" data-wpil-monitor-id=\"7756\">product to market<\/a>. It also enables industry players to improve continuously.<\/p>\n\n\n\n<h2 class=\"wp-block-heading\">Acerca de la investigaci\u00f3n de mercado de HM<\/h2>\n\n\n\n<p>Through the years, HM <a href=\"https:\/\/www.sisinternational.com\/es\/soluciones\/soluciones-de-investigacion-cualitativa-cuantitativa\/investigacion-de-mercado-de-servicios-de-campo\/\" title=\"Investigaci\u00f3n de mercado de servicios de campo\" data-wpil-monitor-id=\"7753\">Market Research has helped the field<\/a> of science. It has made room for avant-garde players in tech and machinery, and it enables them to at least survive future risks.<\/p>\n\n\n\n<p>We do Qualitative, Quantitative, and Strategy Research through interviews and surveys. We also organize <a href=\"https:\/\/www.sisinternational.com\/es\/soluciones\/investigacion-de-mercado-de-grupo-focal\/\" title=\"Investigaci\u00f3n de mercado con grupos focales\" data-wpil-monitor-id=\"7751\">Focus Groups to help gauge market<\/a> response to products.<\/p>\n\n\n\n<p>Companies need to see the importance of HM <a href=\"https:\/\/www.sisinternational.com\/es\/pericia\/curriculums-de-experiencia\/curriculum-de-experiencia-en-industrias-quimicas-y-energeticas\/\" title=\"Empresa de Investigaci\u00f3n de Mercados Qu\u00edmicos y Energ\u00e9ticos\" data-wpil-monitor-id=\"7755\">investigaci\u00f3n de mercado<\/a>. It takes time, money, and effort, but it builds endless potential. It also enables the makers of heavy equipment to improve their bottom line.<\/p>\n\n\n\n<p><\/p>","protected":false},"excerpt":{"rendered":"<p>Heavy Manufacturing Market Research predice necesidades, atrae clientes potenciales, detecta tendencias y garantiza el cumplimiento de las empresas globales.<\/p>","protected":false},"author":1,"featured_media":63589,"parent":14514,"menu_order":137,"comment_status":"closed","ping_status":"closed","template":"","meta":{"footnotes":""},"class_list":["post-40713","page","type-page","status-publish","has-post-thumbnail"],"_links":{"self":[{"href":"https:\/\/www.sisinternational.com\/es\/wp-json\/wp\/v2\/pages\/40713","targetHints":{"allow":["GET"]}}],"collection":[{"href":"https:\/\/www.sisinternational.com\/es\/wp-json\/wp\/v2\/pages"}],"about":[{"href":"https:\/\/www.sisinternational.com\/es\/wp-json\/wp\/v2\/types\/page"}],"author":[{"embeddable":true,"href":"https:\/\/www.sisinternational.com\/es\/wp-json\/wp\/v2\/users\/1"}],"replies":[{"embeddable":true,"href":"https:\/\/www.sisinternational.com\/es\/wp-json\/wp\/v2\/comments?post=40713"}],"version-history":[{"count":5,"href":"https:\/\/www.sisinternational.com\/es\/wp-json\/wp\/v2\/pages\/40713\/revisions"}],"predecessor-version":[{"id":70427,"href":"https:\/\/www.sisinternational.com\/es\/wp-json\/wp\/v2\/pages\/40713\/revisions\/70427"}],"up":[{"embeddable":true,"href":"https:\/\/www.sisinternational.com\/es\/wp-json\/wp\/v2\/pages\/14514"}],"wp:featuredmedia":[{"embeddable":true,"href":"https:\/\/www.sisinternational.com\/es\/wp-json\/wp\/v2\/media\/63589"}],"wp:attachment":[{"href":"https:\/\/www.sisinternational.com\/es\/wp-json\/wp\/v2\/media?parent=40713"}],"curies":[{"name":"wp","href":"https:\/\/api.w.org\/{rel}","templated":true}]}}