{"id":40688,"date":"2022-06-25T00:49:55","date_gmt":"2022-06-25T00:49:55","guid":{"rendered":"https:\/\/www.sisinternational.com\/?page_id=40688"},"modified":"2025-10-01T19:33:11","modified_gmt":"2025-10-01T23:33:11","slug":"consultoria-de-visualizacion-de-datos","status":"publish","type":"page","link":"https:\/\/www.sisinternational.com\/es\/pericia\/consultoria-de-visualizacion-de-datos\/","title":{"rendered":"Consultor\u00eda de visualizaci\u00f3n de datos"},"content":{"rendered":"<h1 class=\"wp-block-heading\">Consultor\u00eda de visualizaci\u00f3n de datos<\/h1>\n\n\n\n<figure class=\"gb-block-image gb-block-image-c677d547\"><img loading=\"lazy\" decoding=\"async\" width=\"1456\" height=\"816\" class=\"gb-image gb-image-c677d547\" src=\"https:\/\/www.sisinternational.com\/wp-content\/uploads\/2025\/09\/Predictive-analytics-44.jpg\" alt=\"Investigaci\u00f3n y estrategia de mercado internacional de SIS\" title=\"Predictive analytics (44)\" srcset=\"https:\/\/www.sisinternational.com\/wp-content\/uploads\/2025\/09\/Predictive-analytics-44.jpg 1456w, https:\/\/www.sisinternational.com\/wp-content\/uploads\/2025\/09\/Predictive-analytics-44-300x168.jpg 300w, https:\/\/www.sisinternational.com\/wp-content\/uploads\/2025\/09\/Predictive-analytics-44-1024x574.jpg 1024w, https:\/\/www.sisinternational.com\/wp-content\/uploads\/2025\/09\/Predictive-analytics-44-768x430.jpg 768w, https:\/\/www.sisinternational.com\/wp-content\/uploads\/2025\/09\/Predictive-analytics-44-18x10.jpg 18w\" sizes=\"auto, (max-width: 1456px) 100vw, 1456px\"><\/figure>\n\n\n\n<p><\/p>\n\n\n\n<p>Obtener informaci\u00f3n o datos ya no es un proceso lento y tedioso. Los datos ya no se encuentran \u00fanicamente en enciclopedias o libros en la biblioteca comunitaria. Ahora estamos en una era en la que hay una gran cantidad de datos o informaci\u00f3n disponibles al alcance de nuestra mano. Corremos el riesgo de sobrecarga de informaci\u00f3n. Tenemos que encontrar formas de ordenar, comprimir y utilizar este nuevo volumen de informaci\u00f3n. Existen varios m\u00e9todos para transformar estos datos. Podemos convertirla en informaci\u00f3n procesable, memorable y utilizable. Uno de estos m\u00e9todos es la visualizaci\u00f3n de datos.<\/p>\n\n\n\n<h2 class=\"wp-block-heading\">\u00bfQu\u00e9 es la visualizaci\u00f3n de datos?<\/h2>\n\n\n\n<p>Los expertos describen la visualizaci\u00f3n de datos como la representaci\u00f3n de datos de forma gr\u00e1fica o visual. Es un medio para permitir que el cerebro capte informaci\u00f3n de una manera m\u00e1s r\u00e1pida. La visualizaci\u00f3n de datos muestra relaciones. Muestra c\u00f3mo la informaci\u00f3n presentada se relaciona con el resultado de un objetivo u objetivo espec\u00edfico. A su vez, permite que el an\u00e1lisis de datos se realice m\u00e1s r\u00e1pidamente.<\/p>\n\n\n\n<h2 class=\"wp-block-heading\">Categor\u00edas de visualizaci\u00f3n de datos<\/h2>\n\n\n\n<h3 class=\"wp-block-heading\">Las cinco categor\u00edas principales de visualizaci\u00f3n de datos son las siguientes:<\/h3>\n\n\n\n<ul class=\"wp-block-list\">\n<li><strong>Jer\u00e1rquico: <\/strong>Se utiliza para mostrar grupos de informaci\u00f3n que provienen de una sola fuente. Los ejemplos m\u00e1s comunes utilizados son los diagramas de anillos, los de \u00e1rbol y los de rayos solares.<\/li>\n\n\n\n<li><strong>Temporal: <\/strong>Este tipo de visualizaci\u00f3n es unidimensional y lineal. Esta categor\u00eda presenta l\u00edneas que se superponen entre s\u00ed o que son independientes. Los diagramas de dispersi\u00f3n, los gr\u00e1ficos de l\u00edneas y las l\u00edneas de tiempo entran en esta categor\u00eda.<\/li>\n\n\n\n<li><strong>Multidimensional: <\/strong>Estas visualizaciones tienden a mostrar datos que tienen dos o m\u00e1s variables. Estos tienden a ser los m\u00e9todos m\u00e1s atractivos o llamativos. Los ejemplos incluyen diagramas de Venn, histogramas y gr\u00e1ficos de barras apiladas.<\/li>\n\n\n\n<li><strong>Red: <\/strong>Mostrar c\u00f3mo un conjunto de datos se conecta o se relaciona con otros bits de informaci\u00f3n. Este tipo utiliza pocas o ninguna palabra para mostrar relaciones. Los gr\u00e1ficos matriciales, las nubes de palabras y los diagramas de enlaces de nodos muestran la conexi\u00f3n entre las redes.<\/li>\n\n\n\n<li><strong>Geoespacial: <\/strong>This category shows changes in sales over a specific period. It can show other changes, such as demographics or even acquisitions. <a href=\"https:\/\/www.sisinternational.com\/es\/cobertura\/europa\/investigacion-de-mercado-liverpool-reino-unido\/\" title=\"Investigaci\u00f3n de mercado en Liverpool | Grupos focales y recopilaci\u00f3n de datos del Reino Unido\"  data-wpil-monitor-id=\"7731\">Researchers drape familiar maps with different data<\/a> points. These points represent real-time physical locations. Examples include Flow maps, Density maps, and heat maps.<\/li>\n<\/ul>\n\n\n\n<h2 class=\"wp-block-heading\">Por qu\u00e9 los gerentes necesitan visualizaci\u00f3n en el acelerado mundo actual<\/h2>\n\n\n\n<p>To be effective, managers <a href=\"https:\/\/www.sisinternational.com\/es\/analysis-b2b\/\" title=\"What Business Leaders Need to Know Right Now\"  data-wpil-monitor-id=\"7735\">need<\/a> to understand information about their specific business. They also need the ability to manipulate this data into actionable information. One of these ways is mastering Data Visualization techniques. Placing complex data into a visual presentation has many advantages. It allows managers and their teams to comprehend the current state of the <a href=\"https:\/\/www.sisinternational.com\/es\/cobertura\/las-americas\/investigacion-de-mercado-en-el-caribe\/empresa-de-consultoria-de-gestion-del-caribe\/\" title=\"Empresa Caribe\u00f1a de Consultor\u00eda de Gesti\u00f3n\"  data-wpil-monitor-id=\"7732\">company<\/a>. It assists in pinpointing patterns that are detrimental to the business. Data Visualization can also help executives in making informed decisions. They can come up with better strategies geared towards the success of the <a href=\"https:\/\/www.sisinternational.com\/es\/cobertura\/las-americas\/investigacion-de-mercado-en-el-caribe\/empresa-de-consultoria-estrategica-del-caribe\/\" title=\"Empresa de consultor\u00eda estrat\u00e9gica caribe\u00f1a\"  data-wpil-monitor-id=\"7733\">company<\/a>.<\/p>\n\n\n\n<h2 class=\"wp-block-heading\">Can Data Visualization Consulting make businesses more productive?<\/h2>\n\n\n\n<p>Information is power. What good is a power that you can&#8217;t use? Data <a href=\"https:\/\/www.sisinternational.com\/es\/soluciones\/investigacion-de-mercado-de-transformacion-empresarial\/\" title=\"Estudio de mercado de la transformaci\u00f3n empresarial\"  data-wpil-monitor-id=\"7734\">transformed<\/a> into actionable information can take a business to new, effective heights. Data Visualization lets you know where your <a href=\"https:\/\/www.sisinternational.com\/es\/soluciones\/consultoria-de-hosteleria-y-turismo-en-viajes\/investigacion-de-mercado-de-la-empresa-de-guias-turisticos\/\" title=\"Investigaci\u00f3n de mercado de la empresa de gu\u00edas tur\u00edsticos\"  data-wpil-monitor-id=\"7730\">company stands in the market<\/a> world. It allows you to paint a picture of your future goals. It will assist not only management but also staff to work together to achieve the shared goals.<\/p>\n\n\n\n<p><a name=\"_GoBack\"><\/a>La visualizaci\u00f3n de datos se basa en la habitual voz mon\u00f3tona y l\u00fagubre en una reuni\u00f3n. Conduce al compromiso, aportes y acciones de los compa\u00f1eros de equipo. Permite que las personas participen m\u00e1s en el resultado en lugar de permanecer distantes y desinteresadas. Destaca informaci\u00f3n que no es f\u00e1cil de procesar. Se deshace de la gran pila de documentos y cifras y atrae a un grupo demogr\u00e1fico m\u00e1s amplio.<\/p>\n\n\n\n<p>La visualizaci\u00f3n de datos es el siguiente paso l\u00f3gico si necesita absorber informaci\u00f3n r\u00e1pidamente. Le permite trazar su pr\u00f3ximo paso hacia la eficiencia ayud\u00e1ndole a conectar los puntos. Tambi\u00e9n le permite actuar sobre la informaci\u00f3n presentada. \u00bfPor qu\u00e9? Porque reduce el tiempo utilizado para comprender los datos presentados.<\/p>\n\n\n\n<h2 class=\"wp-block-heading\">Consultor\u00eda SIS y Visualizaci\u00f3n de Datos<\/h2>\n\n\n\n<p>We at <a href=\"https:\/\/www.sisinternational.com\/es\/sis-presenta-una-plataforma-de-analisis-cuantitativo-y-ciencia-de-datos\/\" title=\"SIS presenta plataforma de an\u00e1lisis cuantitativo y ciencia de datos\"  data-wpil-monitor-id=\"7729\">SIS<\/a> will ensure that you present your data well. We want you to be effective when giving complex data to your target groups. We will use the best type of visualization to encourage engagement: our methods aid fast decision-making and prompt responses from your target audiences.<\/p>\n\n\n\n<p><\/p>","protected":false},"excerpt":{"rendered":"<p>Existen varios m\u00e9todos para transformar datos en informaci\u00f3n procesable, memorable y utilizable. Uno de estos m\u00e9todos es la visualizaci\u00f3n de datos.<\/p>","protected":false},"author":1,"featured_media":70260,"parent":14514,"menu_order":132,"comment_status":"closed","ping_status":"closed","template":"","meta":{"footnotes":""},"class_list":["post-40688","page","type-page","status-publish","has-post-thumbnail"],"_links":{"self":[{"href":"https:\/\/www.sisinternational.com\/es\/wp-json\/wp\/v2\/pages\/40688","targetHints":{"allow":["GET"]}}],"collection":[{"href":"https:\/\/www.sisinternational.com\/es\/wp-json\/wp\/v2\/pages"}],"about":[{"href":"https:\/\/www.sisinternational.com\/es\/wp-json\/wp\/v2\/types\/page"}],"author":[{"embeddable":true,"href":"https:\/\/www.sisinternational.com\/es\/wp-json\/wp\/v2\/users\/1"}],"replies":[{"embeddable":true,"href":"https:\/\/www.sisinternational.com\/es\/wp-json\/wp\/v2\/comments?post=40688"}],"version-history":[{"count":4,"href":"https:\/\/www.sisinternational.com\/es\/wp-json\/wp\/v2\/pages\/40688\/revisions"}],"predecessor-version":[{"id":81302,"href":"https:\/\/www.sisinternational.com\/es\/wp-json\/wp\/v2\/pages\/40688\/revisions\/81302"}],"up":[{"embeddable":true,"href":"https:\/\/www.sisinternational.com\/es\/wp-json\/wp\/v2\/pages\/14514"}],"wp:featuredmedia":[{"embeddable":true,"href":"https:\/\/www.sisinternational.com\/es\/wp-json\/wp\/v2\/media\/70260"}],"wp:attachment":[{"href":"https:\/\/www.sisinternational.com\/es\/wp-json\/wp\/v2\/media?parent=40688"}],"curies":[{"name":"wp","href":"https:\/\/api.w.org\/{rel}","templated":true}]}}