{"id":40680,"date":"2022-06-24T23:31:25","date_gmt":"2022-06-24T23:31:25","guid":{"rendered":"https:\/\/www.sisinternational.com\/?page_id=40680"},"modified":"2026-01-25T16:41:17","modified_gmt":"2026-01-25T21:41:17","slug":"subcontratacion-de-analisis-de-datos","status":"publish","type":"page","link":"https:\/\/www.sisinternational.com\/es\/pericia\/subcontratacion-de-analisis-de-datos\/","title":{"rendered":"Subcontrataci\u00f3n de investigaci\u00f3n de mercado de datos y an\u00e1lisis"},"content":{"rendered":"<h1 class=\"wp-block-heading\">Subcontrataci\u00f3n de investigaci\u00f3n de mercado de datos y an\u00e1lisis<\/h1>\n\n\n\n<figure class=\"gb-block-image gb-block-image-061f912c\"><img loading=\"lazy\" decoding=\"async\" width=\"1456\" height=\"816\" class=\"gb-image gb-image-061f912c\" src=\"https:\/\/www.sisinternational.com\/wp-content\/uploads\/2025\/09\/Predictive-analytics-80.jpg\" alt=\"Investigaci\u00f3n y estrategia de mercado internacional de SIS\" title=\"Predictive analytics (80)\" srcset=\"https:\/\/www.sisinternational.com\/wp-content\/uploads\/2025\/09\/Predictive-analytics-80.jpg 1456w, https:\/\/www.sisinternational.com\/wp-content\/uploads\/2025\/09\/Predictive-analytics-80-300x168.jpg 300w, https:\/\/www.sisinternational.com\/wp-content\/uploads\/2025\/09\/Predictive-analytics-80-1024x574.jpg 1024w, https:\/\/www.sisinternational.com\/wp-content\/uploads\/2025\/09\/Predictive-analytics-80-768x430.jpg 768w, https:\/\/www.sisinternational.com\/wp-content\/uploads\/2025\/09\/Predictive-analytics-80-18x10.jpg 18w\" sizes=\"auto, (max-width: 1456px) 100vw, 1456px\"><\/figure>\n\n\n\n<hr class=\"wp-block-separator has-alpha-channel-opacity is-style-dots\"\/>\n\n\n\n<h2 class=\"wp-block-heading\">\u00bfSu empresa necesita <span lang=\"en-US\">D<\/span>ata <span lang=\"en-US\">A<\/span>anal\u00edtica?<\/h2>\n\n\n\n<p>\u00bfSientes que a tu negocio le falta efectividad, pero no sabes d\u00f3nde est\u00e1 el problema? Contar con el apoyo de un profesional <span lang=\"en-US\">D<\/span>ata y <span lang=\"en-US\">A<\/span>El equipo de an\u00e1lisis es su mejor opci\u00f3n. Puede mejorar la eficacia y rentabilidad de su negocio.<\/p>\n\n\n\n<p><span lang=\"en-US\">However, setting up an internal <a href=\"https:\/\/www.sisinternational.com\/es\/pericia\/industrias\/consultoria-de-analisis-de-ciencia-de-datos\/\" title=\"Consultor\u00eda en ciencia de datos y an\u00e1lisis\"  data-wpil-monitor-id=\"3687\">Data &amp; Analytics<\/a> team is an expensive and challenging task. Furthermore, it will take time for the new team to become productive. Until then, it will not add value to the organization.<\/p>\n\n\n\n<p><span lang=\"en-US\">Have you considered outsourcing your <a href=\"https:\/\/www.sisinternational.com\/es\/soluciones\/consultoria-estrategica\/analisis-de-datos\/\" title=\"Empresa de an\u00e1lisis de datos\"  data-wpil-monitor-id=\"10051\">Data &amp; Analytics<\/a> department? A professional consultancy office can provide you with the necessary analysis and reports. They can do so in a cost-effective manner. By outsourcing <span lang=\"en-US\">D<\/span>ata <span lang=\"en-US\">A<\/span>an\u00e1lisis, tambi\u00e9n recibir\u00e1 r\u00e1pidamente los informes necesarios.<\/p>\n\n\n\n<p>En SIS Research, nuestro <span lang=\"en-US\">informes<\/span> son claros y f\u00e1ciles de digerir. Contamos con agentes experimentados. Pueden recopilar y analizar sus datos mucho m\u00e1s r\u00e1pido que un equipo interno.<\/p>\n\n\n\n<p>Nuestro <a href=\"https:\/\/www.sisinternational.com\/es\/soluciones\/investigacion-de-consultoria-estrategica-fintech\/investigacion-de-mercado-de-analisis-de-datos-bancarios\/\" title=\"Investigaci\u00f3n de mercado de an\u00e1lisis de datos bancarios\"  data-wpil-monitor-id=\"10053\">Data &amp; Analytics<\/a> outsourcing teams know many analytical techniques. We can create insight into all your business processes. With more awareness, decision-making becomes more natural and more effective. You will lead your department or company in the right direction.<\/p>\n\n\n\n<h2 class=\"wp-block-heading\"><span lang=\"en-US\">En SIS Research, ofrecemos t<\/span>el siguiendo <span lang=\"en-US\">servicios:<\/span><\/h2>\n\n\n\n<ul class=\"wp-block-list\">\n<li>Creando un <span lang=\"en-US\">D<\/span>ata <span lang=\"en-US\">V<\/span>isualizaci\u00f3n y <span lang=\"en-US\">t<\/span>capaz. Esta herramienta muestra sus resultados de forma gr\u00e1fica, que es f\u00e1cil de digerir y comprender. Podemos hacerlo seg\u00fan sus requerimientos y deseos.<\/li>\n\n\n\n<li>Regresi\u00f3n <span lang=\"en-US\">A<\/span>El an\u00e1lisis muestra la relaci\u00f3n entre dos o m\u00e1s variables. Esta herramienta le ayuda a comprender c\u00f3mo se relacionan entre s\u00ed los componentes del sistema. Muestra los elementos que necesitan mejorar para crear un impacto positivo en la organizaci\u00f3n.<\/li>\n\n\n\n<li>With the Conjoint Analysis, you check how your <a href=\"https:\/\/www.sisinternational.com\/es\/soluciones\/prueba-de-sabor\/servicios-de-prueba-de-productos-en-nueva-york\/\" title=\"Servicios de prueba de productos en Nueva York\"  data-wpil-monitor-id=\"10062\">products and services<\/a> perform. You also see how your customers perceive them. It breaks down the different components and features of your products and services. Customers can thus rate separate parts. This rating will provide valuable <a href=\"https:\/\/www.sisinternational.com\/es\/pericia\/industrias\/director-de-informacion-cio-investigacion-de-mercado\/\" title=\"Director de Informaci\u00f3n (CIO) Investigaci\u00f3n de Mercado\"  data-wpil-monitor-id=\"10061\">information to marketing<\/a> teams.<\/li>\n\n\n\n<li>Predictive Analytics predict <a href=\"https:\/\/www.sisinternational.com\/es\/future-trends-in-qualitative-market-research\/\" title=\"Future Trends in Qualitative Market Research\"  data-wpil-monitor-id=\"10055\">future patterns and trends<\/a>. By analyzing historical data, we can predict future outcomes.<\/li>\n\n\n\n<li>El an\u00e1lisis de varianza (ANOVA) compara la diferencia entre m\u00e1s de dos variables. Para ser m\u00e1s espec\u00edfico, examina la variaci\u00f3n dentro de los grupos. Tambi\u00e9n analiza el cambio entre grupos. ANOVA es una herramienta \u00fatil para comprender conjuntos de datos m\u00e1s complicados.<\/li>\n\n\n\n<li>Montecarlo <a href=\"https:\/\/www.sisinternational.com\/es\/soluciones\/investigacion-de-mercado-de-ia-y-consultoria-estrategica\/analisis-de-investigacion-de-mercado-de-sentimiento-de-ai\/\" title=\"An\u00e1lisis de investigaci\u00f3n de mercado de sentimiento de IA\"  data-wpil-monitor-id=\"10050\">Analysis allows researchers<\/a> to run several trials. Thus, we can define all possible outcomes of an event or investment.<\/li>\n\n\n\n<li>Datos <span lang=\"en-US\">METRO<\/span>La modelaci\u00f3n analiza los conceptos para los que desea realizar un seguimiento de los datos y se convierten en tablas en una base de datos.<\/li>\n\n\n\n<li>SQL y Python es otra herramienta de an\u00e1lisis que ofrece a los cient\u00edficos de datos muchas opciones. Esta herramienta facilita el procesamiento, consulta y uso de los datos recopilados.<\/li>\n\n\n\n<li>Ofrecemos an\u00e1lisis de ROA y ROE. ROA <span lang=\"en-US\">representa<\/span> Rendimiento sobre los activos y ROE es el rendimiento sobre el capital.<\/li>\n\n\n\n<li>A <span lang=\"en-US\">D<\/span>estacionalizado <span lang=\"en-US\">R<\/span>eport es donde eliminamos sus datos de sus patrones estacionales.<\/li>\n<\/ul>\n\n\n\n<h3 class=\"wp-block-heading\">Tambi\u00e9n ofrecemos un <span lang=\"en-US\">C<\/span>integral <span lang=\"en-US\">A<\/span>an\u00e1lisis <span lang=\"en-US\">PAG<\/span>paquete. Incluye lo siguiente:<\/h3>\n\n\n\n<ul class=\"wp-block-list\">\n<li><span style=\"color: #0b5d95;\">An\u00e1lisis de caja<\/span><\/li>\n\n\n\n<li><span style=\"color: #0b5d95;\">Intervalos de confianza<\/span><\/li>\n\n\n\n<li><span style=\"color: #0b5d95;\">An\u00e1lisis de valores at\u00edpicos<\/span><\/li>\n\n\n\n<li><span style=\"color: #0b5d95;\">Distribuci\u00f3n, asimetr\u00eda y curtosis <span lang=\"en-US\">A<\/span>an\u00e1lisis<\/span><\/li>\n\n\n\n<li><span style=\"color: #0b5d95;\">Alfa, estad\u00edstica F, valor p, etc.<\/span><\/li>\n<\/ul>\n\n\n\n<p><a name=\"_GoBack\"><\/a>Una empresa de investigaci\u00f3n de mercado puede proporcionarle a su empresa los tipos de an\u00e1lisis anteriores, lo que crear\u00e1 una comprensi\u00f3n m\u00e1s profunda de su empresa, sus productos y servicios. Tambi\u00e9n puede ayudarle con sus finanzas, eficiencia y m\u00e1s. Datos &amp; <span lang=\"en-US\">A<\/span>nalytics outsourcing is low-cost, efficient, and reliable, and it&#8217;s the way to a better understanding of your operation. Of course, these <a href=\"https:\/\/www.sisinternational.com\/es\/sampling-techniques-in-qualitative-research-the-complete-guide-to-choosing-the-right-method\/\" title=\"Sampling Techniques in Qualitative Research: The Complete Guide to Choosing the Right Method\"  data-wpil-monitor-id=\"10059\">techniques are only a small sample<\/a>. You can expect much more from a professional <a href=\"https:\/\/www.sisinternational.com\/es\/pericia\/curriculums-de-experiencia\/curriculum-de-experiencia-en-la-industria-automotriz\/\" title=\"Empresa de investigaci\u00f3n de mercado de la industria automotriz\"  data-wpil-monitor-id=\"10048\">market research company<\/a>.<\/p>\n\n\n\n<p>A <a href=\"https:\/\/www.sisinternational.com\/es\/soluciones\/investigacion-de-mercado-de-cheques-de-tienda\/\" title=\"Estudio de mercado de Store Check\"  data-wpil-monitor-id=\"2157\">market research company will check<\/a> the efficiency of your business processes. It will also look at the products\/services you offer. It examine<span lang=\"en-US\">s<\/span> las relaciones de los diferentes componentes dentro del negocio, facilita el proceso de toma de decisiones y lo hace m\u00e1s efectivo. Los an\u00e1lisis e informes de alta calidad guiar\u00e1n sus decisiones.<\/p>\n\n\n\n<p><\/p>","protected":false},"excerpt":{"rendered":"<p>La subcontrataci\u00f3n de investigaci\u00f3n de mercado de datos y an\u00e1lisis proporciona herramientas, estrategias e informes para la toma de decisiones.<\/p>","protected":false},"author":1,"featured_media":70296,"parent":14514,"menu_order":130,"comment_status":"closed","ping_status":"closed","template":"","meta":{"footnotes":""},"class_list":["post-40680","page","type-page","status-publish","has-post-thumbnail"],"_links":{"self":[{"href":"https:\/\/www.sisinternational.com\/es\/wp-json\/wp\/v2\/pages\/40680","targetHints":{"allow":["GET"]}}],"collection":[{"href":"https:\/\/www.sisinternational.com\/es\/wp-json\/wp\/v2\/pages"}],"about":[{"href":"https:\/\/www.sisinternational.com\/es\/wp-json\/wp\/v2\/types\/page"}],"author":[{"embeddable":true,"href":"https:\/\/www.sisinternational.com\/es\/wp-json\/wp\/v2\/users\/1"}],"replies":[{"embeddable":true,"href":"https:\/\/www.sisinternational.com\/es\/wp-json\/wp\/v2\/comments?post=40680"}],"version-history":[{"count":6,"href":"https:\/\/www.sisinternational.com\/es\/wp-json\/wp\/v2\/pages\/40680\/revisions"}],"predecessor-version":[{"id":81663,"href":"https:\/\/www.sisinternational.com\/es\/wp-json\/wp\/v2\/pages\/40680\/revisions\/81663"}],"up":[{"embeddable":true,"href":"https:\/\/www.sisinternational.com\/es\/wp-json\/wp\/v2\/pages\/14514"}],"wp:featuredmedia":[{"embeddable":true,"href":"https:\/\/www.sisinternational.com\/es\/wp-json\/wp\/v2\/media\/70296"}],"wp:attachment":[{"href":"https:\/\/www.sisinternational.com\/es\/wp-json\/wp\/v2\/media?parent=40680"}],"curies":[{"name":"wp","href":"https:\/\/api.w.org\/{rel}","templated":true}]}}