{"id":40657,"date":"2022-06-24T20:55:03","date_gmt":"2022-06-24T20:55:03","guid":{"rendered":"https:\/\/www.sisinternational.com\/?page_id=40657"},"modified":"2026-01-26T14:24:02","modified_gmt":"2026-01-26T19:24:02","slug":"investigacion-de-mercado-de-computacion-en-la-nube","status":"publish","type":"page","link":"https:\/\/www.sisinternational.com\/es\/pericia\/investigacion-de-mercado-de-computacion-en-la-nube\/","title":{"rendered":"Investigaci\u00f3n de mercado de computaci\u00f3n en la nube"},"content":{"rendered":"<h1 class=\"wp-block-heading\">Investigaci\u00f3n de mercado de computaci\u00f3n en la nube<\/h1>\n\n\n\n<figure class=\"gb-block-image gb-block-image-4b310d80\"><img loading=\"lazy\" decoding=\"async\" width=\"1456\" height=\"816\" class=\"gb-image gb-image-4b310d80\" src=\"https:\/\/www.sisinternational.com\/wp-content\/uploads\/2025\/08\/Cloud-5-3.jpg\" alt=\"Investigaci\u00f3n y estrategia de mercado internacional de SIS\" title=\"Cloud 5 (3)\" srcset=\"https:\/\/www.sisinternational.com\/wp-content\/uploads\/2025\/08\/Cloud-5-3.jpg 1456w, https:\/\/www.sisinternational.com\/wp-content\/uploads\/2025\/08\/Cloud-5-3-300x168.jpg 300w, https:\/\/www.sisinternational.com\/wp-content\/uploads\/2025\/08\/Cloud-5-3-1024x574.jpg 1024w, https:\/\/www.sisinternational.com\/wp-content\/uploads\/2025\/08\/Cloud-5-3-768x430.jpg 768w, https:\/\/www.sisinternational.com\/wp-content\/uploads\/2025\/08\/Cloud-5-3-18x10.jpg 18w\" sizes=\"auto, (max-width: 1456px) 100vw, 1456px\"><\/figure>\n\n\n\n<hr class=\"wp-block-separator has-alpha-channel-opacity is-style-dots\"\/>\n\n\n\n<h2 class=\"wp-block-heading\">\u00bfQu\u00e9 es la computaci\u00f3n en la nube?<\/h2>\n\n\n\n<p>In simple words, cloud computing refers to on-demand services that provide software and storage, as well as servers. As a matter of fact, the \u201ccloud\u201d gives faster, more flexible, and state-of-the-art resources through the internet and offers economies of scale. Another feature is that companies only pay for the cloud services that they use. This structure further allows them to lower their business costs. They can also <a href=\"https:\/\/www.sisinternational.com\/es\/soluciones\/innovacion\/como-escalar-un-negocio\/\" title=\"C\u00f3mo escalar un negocio | Lograr un crecimiento exponencial\"  data-wpil-monitor-id=\"10083\">scale when their business<\/a> needs to.<\/p>\n\n\n\n<p>What\u2019s another great thing about Cloud Computing? It allows efficient use of hardware. For example, companies no longer have to own a computing setup or even data centers. Instead, they rent access to a cloud. Furthermore, the cloud storage providers offer many options, from storage to applications.<\/p>\n\n\n\n<h2 class=\"wp-block-heading\">\u00bfPor qu\u00e9 es importante la computaci\u00f3n en la nube?<\/h2>\n\n\n\n<p>Cloud Computing is advanced tech when compared to the usual <a href=\"https:\/\/www.sisinternational.com\/es\/publicaciones\/investigacion-de-mercado-empresarial-escalable-7-formas-de-construir-un-negocio-escalable\/\" title=\"Investigaci\u00f3n de mercado empresarial escalable: 7 formas de construir un negocio escalable\"  data-wpil-monitor-id=\"10086\">way of doing business<\/a>. It is important in this era, first because of costs. Firms no longer have to bear the cost of owning hardware and software. Nor do they have to pay for setting up and running on-demand data centers.<\/p>\n\n\n\n<h3 class=\"wp-block-heading\">Velocidad<\/h3>\n\n\n\n<p>Providers offer several cloud computing services on demand. They also provide self-service. Thus, companies have access to loads of computing data within a short time \u2013 often with only a few mouse clicks.\u00a0It also opens them to a global stage, because Cloud computing has the potential for elastic scaling.<\/p>\n\n\n\n<p>La computaci\u00f3n en la nube elimina la necesidad de centros de datos en el sitio. Otro punto clave es que el equipo de TI puede dedicar la mayor parte de su tiempo a lograr los objetivos comerciales.<\/p>\n\n\n\n<p>La nube abarata la copia de seguridad, la recuperaci\u00f3n y la continuidad del negocio de los datos. Adem\u00e1s, puede replicar sus datos en varios sitios.<\/p>\n\n\n\n<h3 class=\"wp-block-heading\">Seguridad<\/h3>\n\n\n\n<p>La mayor\u00eda de los proveedores de servicios en la nube ofrecen un conjunto completo de tecnolog\u00eda y pol\u00edticas. Adem\u00e1s, ofrecen controles que aumentan tu seguridad. Por lo tanto, protegen su infraestructura, aplicaciones y datos contra posibles amenazas.<\/p>\n\n\n\n<h2 class=\"wp-block-heading\">T\u00edtulos de trabajo clave<\/h2>\n\n\n\n<h3 class=\"wp-block-heading\">Algunos t\u00edtulos de trabajo relacionados con la computaci\u00f3n en la nube incluyen:<\/h3>\n\n\n\n<ul class=\"wp-block-list\">\n<li><a href=\"https:\/\/www.sisinternational.com\/es\/pericia\/industrias\/director-de-informacion-cio-investigacion-de-mercado\/\" title=\"Director de Informaci\u00f3n (CIO) Investigaci\u00f3n de Mercado\"  data-wpil-monitor-id=\"10087\">Director de la nube<\/a><\/li>\n\n\n\n<li>Oficial de habilidades digitales<\/li>\n\n\n\n<li>Profesional de seguridad en la nube<\/li>\n\n\n\n<li>arquitecto de la nube<\/li>\n\n\n\n<li>ingeniero de nube<\/li>\n\n\n\n<li>desarrollador de la nube<\/li>\n\n\n\n<li>Administrador de la nube<\/li>\n<\/ul>\n\n\n\n<h2 class=\"wp-block-heading\">\u00bfPor qu\u00e9 las empresas necesitan la computaci\u00f3n en la nube?<\/h2>\n\n\n\n<h3 class=\"wp-block-heading\">Las empresas necesitan adoptar la nube por estas razones clave:<\/h3>\n\n\n\n<p><strong>It lowers cost<\/strong><\/p>\n\n\n\n<p>La computaci\u00f3n en la nube no es como configurar y administrar un centro de datos. En cambio, las empresas s\u00f3lo necesitan pagar por los servicios que utilizan. Por tanto, la computaci\u00f3n en la nube es barata.<\/p>\n\n\n\n<p>La nube tambi\u00e9n es flexible, lo que es otra raz\u00f3n para que las empresas adopten la computaci\u00f3n en la nube. Y al menos sus empleados pueden trabajar juntos, incluso cuando se encuentran en diferentes ubicaciones.<\/p>\n\n\n\n<p><strong>Una amplia gama de opciones<\/strong><\/p>\n\n\n\n<p>Es <span lang=\"en-US\">arriba <\/span>to you to choose the best cloud services. But, it offers users a wide range of options.&nbsp;The use of cloud computing also brings teamwork to life. Staff members can share data with ease, so it\u2019s not difficult to work together.<\/p>\n\n\n\n<h2 class=\"wp-block-heading\">Factores cr\u00edticos de \u00e9xito de la computaci\u00f3n en la nube<\/h2>\n\n\n\n<h3 class=\"wp-block-heading\">Con la nube, puedes esperar:<\/h3>\n\n\n\n<ul class=\"wp-block-list\">\n<li>Costos reducidos<\/li>\n\n\n\n<li>Fiabilidad<\/li>\n\n\n\n<li>Escalabilidad<\/li>\n\n\n\n<li>Eficiencia<\/li>\n<\/ul>\n\n\n\n<h2 class=\"wp-block-heading\">Acerca de la computaci\u00f3n en la nube<\/h2>\n\n\n\n<p>Cuantitativo <a href=\"https:\/\/www.sisinternational.com\/es\/soluciones\/investigacion-de-mercado-de-ia-y-consultoria-estrategica\/investigacion-de-mercado-de-vision-por-computadora-ai\/\" title=\"Investigaci\u00f3n de mercado de IA de visi\u00f3n por computadora\"  data-wpil-monitor-id=\"2764\">research has revealed interesting data on cloud<\/a> computing services. Focus groups, coupled with interviews, surveys, and strategy <a href=\"https:\/\/www.sisinternational.com\/es\/soluciones\/soluciones-de-branding-e-investigacion-de-clientes\/narracion-de-historias-investigacion-de-mercado\/\" title=\"Investigaci\u00f3n de mercado de narraci\u00f3n de historias\"  data-wpil-monitor-id=\"5959\">research tell the same story<\/a>. They have shown that this service is on an upward trend. In fact, many <a href=\"https:\/\/www.sisinternational.com\/es\/soluciones\/consultoria-estrategica\/analisis-de-datos\/\" title=\"Empresa de an\u00e1lisis de datos\"  data-wpil-monitor-id=\"10084\">companies are outsourcing their data<\/a> services. Yet, qualitative <a href=\"https:\/\/www.sisinternational.com\/es\/soluciones\/soluciones-de-investigacion-cualitativa-cuantitativa\/investigacion-de-mercado-de-factores-humanos\/\" title=\"Investigaci\u00f3n de mercado de factores humanos\"  data-wpil-monitor-id=\"10089\">research has pointed out a high-risk factor<\/a>. Cloud computing can lead to security threats.&nbsp;Still, the benefits of the cloud outweigh the risks, and it is an excellent way for companies to save money while having access to first-class data storage services.<\/p>\n\n\n\n<p><\/p>","protected":false},"excerpt":{"rendered":"<p>La computaci\u00f3n en la nube es una opci\u00f3n rentable para los m\u00e9todos comerciales formales, ya que elimina la necesidad de poseer hardware, software y centros de datos.<\/p>","protected":false},"author":1,"featured_media":64202,"parent":14514,"menu_order":129,"comment_status":"closed","ping_status":"closed","template":"","meta":{"footnotes":""},"class_list":["post-40657","page","type-page","status-publish","has-post-thumbnail"],"_links":{"self":[{"href":"https:\/\/www.sisinternational.com\/es\/wp-json\/wp\/v2\/pages\/40657","targetHints":{"allow":["GET"]}}],"collection":[{"href":"https:\/\/www.sisinternational.com\/es\/wp-json\/wp\/v2\/pages"}],"about":[{"href":"https:\/\/www.sisinternational.com\/es\/wp-json\/wp\/v2\/types\/page"}],"author":[{"embeddable":true,"href":"https:\/\/www.sisinternational.com\/es\/wp-json\/wp\/v2\/users\/1"}],"replies":[{"embeddable":true,"href":"https:\/\/www.sisinternational.com\/es\/wp-json\/wp\/v2\/comments?post=40657"}],"version-history":[{"count":6,"href":"https:\/\/www.sisinternational.com\/es\/wp-json\/wp\/v2\/pages\/40657\/revisions"}],"predecessor-version":[{"id":81668,"href":"https:\/\/www.sisinternational.com\/es\/wp-json\/wp\/v2\/pages\/40657\/revisions\/81668"}],"up":[{"embeddable":true,"href":"https:\/\/www.sisinternational.com\/es\/wp-json\/wp\/v2\/pages\/14514"}],"wp:featuredmedia":[{"embeddable":true,"href":"https:\/\/www.sisinternational.com\/es\/wp-json\/wp\/v2\/media\/64202"}],"wp:attachment":[{"href":"https:\/\/www.sisinternational.com\/es\/wp-json\/wp\/v2\/media?parent=40657"}],"curies":[{"name":"wp","href":"https:\/\/api.w.org\/{rel}","templated":true}]}}